{"id":57952,"date":"2022-09-26T12:02:57","date_gmt":"2022-09-26T12:02:57","guid":{"rendered":"https:\/\/sales-ai-agents.com\/templates\/fitness-goals\/"},"modified":"2023-12-26T15:26:35","modified_gmt":"2023-12-26T15:26:35","slug":"fitness-goals","status":"publish","type":"product","link":"https:\/\/sales-ai-agents.com\/de\/templates\/fitness-goals\/","title":{"rendered":"Fitness-Ziele"},"content":{"rendered":"<p>&nbsp;<\/p>\n<h2>Fitness-Ziele Vorlage<\/h2>\n<p class=\"desc-text\">Das Setzen von Fitnesszielen ist eines der lohnendsten Ziele, die man erreichen kann &#8211; weil man den Unterschied sehen und sp\u00fcren kann. Fit zu sein, er\u00f6ffnet einen neuen Horizont an M\u00f6glichkeiten. Verwenden Sie diese Vorlage, um Fitnessziele, Meilensteine und die Belohnungen zu planen, die Sie erhalten, wenn Sie diese erreicht haben.<\/p>\n<h5>Wie zu verwenden:<\/h5>\n<ul class=\"desc-item_list\">\n<li class=\"desc-item_list__point\">Geben Sie den Starttag, die Dauer und das Enddatum an<\/li>\n<li class=\"desc-item_list__point\">Geben Sie Ihr Ausgangsgewicht und Ihren BMI sowie Ihr Zielgewicht und Ihren BMI ein.<\/li>\n<li class=\"desc-item_list__point\">F\u00fcgen Sie die Messungen hinzu<\/li>\n<li class=\"desc-item_list__point\">\u00dcberlegen Sie sich Ihre Motivation, Ihren Aktionsplan, gute und schlechte Gewohnheiten, an denen Sie arbeiten wollen<\/li>\n<li class=\"desc-item_list__point\">Definieren Sie die Meilensteine und die Belohnungen, die Sie nach Erreichen der Ziele erhalten<\/li>\n<li class=\"desc-item_list__point\">F\u00fcgen Sie am Enddatum abschlie\u00dfende Messungen hinzu und analysieren Sie das Ergebnis<\/li>\n<\/ul>\n","protected":false},"excerpt":{"rendered":"<p>Verwenden Sie diese kostenlose anpassbare Vorlage, um Ihre Fitnessziele und Meilensteine richtig zu planen. Vergessen Sie \u00fcbrigens nicht die Belohnungen, die Sie erhalten, wenn Sie die Ziele erreicht haben.<\/p>\n","protected":false},"featured_media":20732,"template":"","meta":{"_acf_changed":false,"inline_featured_image":false},"product_brand":[],"product_cat":[179,180,183],"product_tag":[],"class_list":{"0":"post-57952","1":"product","2":"type-product","3":"status-publish","4":"has-post-thumbnail","6":"product_cat-organizers-planners","7":"product_cat-personal","8":"product_cat-personal-health","10":"first","11":"instock","12":"virtual","13":"sold-individually","14":"product-type-simple"},"acf":[],"yoast_head":"<!-- This site is optimized with the Yoast SEO plugin v25.3.1 - https:\/\/yoast.com\/wordpress\/plugins\/seo\/ -->\n<title>Fitness-Ziele Vorlage - Sales AI Agents<\/title>\n<meta name=\"description\" content=\"Verwenden Sie diese kostenlose anpassbare Vorlage, um Ihre Fitnessziele und Meilensteine richtig zu planen. Vergessen Sie \u00fcbrigens nicht die Belohnungen, die Sie erhalten, wenn Sie die Ziele erreicht haben.\" \/>\n<meta name=\"robots\" content=\"index, follow, max-snippet:-1, max-image-preview:large, max-video-preview:-1\" \/>\n<link rel=\"canonical\" href=\"https:\/\/sales-ai-agents.com\/de\/templates\/fitness-goals\/\" \/>\n<meta property=\"og:locale\" content=\"de_DE\" \/>\n<meta property=\"og:type\" content=\"article\" \/>\n<meta property=\"og:title\" content=\"Fitness-Ziele Vorlage - Sales AI Agents\" \/>\n<meta property=\"og:description\" content=\"Verwenden Sie diese kostenlose anpassbare Vorlage, um Ihre Fitnessziele und Meilensteine richtig zu planen. Vergessen Sie \u00fcbrigens nicht die Belohnungen, die Sie erhalten, wenn Sie die Ziele erreicht haben.\" \/>\n<meta property=\"og:url\" content=\"https:\/\/sales-ai-agents.com\/de\/templates\/fitness-goals\/\" \/>\n<meta property=\"og:site_name\" content=\"Sales AI Agents\" \/>\n<meta property=\"article:modified_time\" content=\"2023-12-26T15:26:35+00:00\" \/>\n<meta property=\"og:image\" content=\"https:\/\/sales-ai-agents.com\/wp-content\/uploads\/2023\/01\/image-preview122532.png\" \/>\n\t<meta property=\"og:image:width\" content=\"1078\" \/>\n\t<meta property=\"og:image:height\" content=\"1365\" \/>\n\t<meta property=\"og:image:type\" content=\"image\/png\" \/>\n<meta name=\"twitter:card\" content=\"summary_large_image\" \/>\n<script type=\"application\/ld+json\" class=\"yoast-schema-graph\">{\"@context\":\"https:\/\/schema.org\",\"@graph\":[{\"@type\":\"WebPage\",\"@id\":\"https:\/\/sales-ai-agents.com\/de\/templates\/fitness-goals\/\",\"url\":\"https:\/\/sales-ai-agents.com\/de\/templates\/fitness-goals\/\",\"name\":\"Fitness-Ziele Vorlage - Sales AI Agents\",\"isPartOf\":{\"@id\":\"https:\/\/sales-ai-agents.com\/#website\"},\"primaryImageOfPage\":{\"@id\":\"https:\/\/sales-ai-agents.com\/de\/templates\/fitness-goals\/#primaryimage\"},\"image\":{\"@id\":\"https:\/\/sales-ai-agents.com\/de\/templates\/fitness-goals\/#primaryimage\"},\"thumbnailUrl\":\"https:\/\/sales-ai-agents.com\/wp-content\/uploads\/2023\/01\/image-preview122532.png\",\"datePublished\":\"2022-09-26T12:02:57+00:00\",\"dateModified\":\"2023-12-26T15:26:35+00:00\",\"description\":\"Verwenden Sie diese kostenlose anpassbare Vorlage, um Ihre Fitnessziele und Meilensteine richtig zu planen. Vergessen Sie \u00fcbrigens nicht die Belohnungen, die Sie erhalten, wenn Sie die Ziele erreicht haben.\",\"inLanguage\":\"de-DE\",\"potentialAction\":[{\"@type\":\"ReadAction\",\"target\":[\"https:\/\/sales-ai-agents.com\/de\/templates\/fitness-goals\/\"]}]},{\"@type\":\"ImageObject\",\"inLanguage\":\"de-DE\",\"@id\":\"https:\/\/sales-ai-agents.com\/de\/templates\/fitness-goals\/#primaryimage\",\"url\":\"https:\/\/sales-ai-agents.com\/wp-content\/uploads\/2023\/01\/image-preview122532.png\",\"contentUrl\":\"https:\/\/sales-ai-agents.com\/wp-content\/uploads\/2023\/01\/image-preview122532.png\",\"width\":1078,\"height\":1365,\"caption\":\"Fitness Goals Template - Nimbus Platform\"},{\"@type\":\"WebSite\",\"@id\":\"https:\/\/sales-ai-agents.com\/#website\",\"url\":\"https:\/\/sales-ai-agents.com\/\",\"name\":\"FuseBase\",\"description\":\"Nimbus Platform - Free Online Collaboration Software for Remote Teams. Build your wikis, client portals and more with the Nimbus Platform collaboration tool ? A perfect space for online work\",\"publisher\":{\"@id\":\"https:\/\/sales-ai-agents.com\/#organization\"},\"potentialAction\":[{\"@type\":\"SearchAction\",\"target\":{\"@type\":\"EntryPoint\",\"urlTemplate\":\"https:\/\/sales-ai-agents.com\/?s={search_term_string}\"},\"query-input\":{\"@type\":\"PropertyValueSpecification\",\"valueRequired\":true,\"valueName\":\"search_term_string\"}}],\"inLanguage\":\"de-DE\"},{\"@type\":\"Organization\",\"@id\":\"https:\/\/sales-ai-agents.com\/#organization\",\"name\":\"FuseBase\",\"url\":\"https:\/\/sales-ai-agents.com\/\",\"logo\":{\"@type\":\"ImageObject\",\"inLanguage\":\"de-DE\",\"@id\":\"https:\/\/sales-ai-agents.com\/#\/schema\/logo\/image\/\",\"url\":\"https:\/\/sales-ai-agents.com\/wp-content\/uploads\/2023\/11\/icon-7.svg\",\"contentUrl\":\"https:\/\/sales-ai-agents.com\/wp-content\/uploads\/2023\/11\/icon-7.svg\",\"width\":128,\"height\":128,\"caption\":\"FuseBase\"},\"image\":{\"@id\":\"https:\/\/sales-ai-agents.com\/#\/schema\/logo\/image\/\"}}]}<\/script>\n<!-- \/ Yoast SEO plugin. -->","yoast_head_json":{"title":"Fitness-Ziele Vorlage - Sales AI Agents","description":"Verwenden Sie diese kostenlose anpassbare Vorlage, um Ihre Fitnessziele und Meilensteine richtig zu planen. Vergessen Sie \u00fcbrigens nicht die Belohnungen, die Sie erhalten, wenn Sie die Ziele erreicht haben.","robots":{"index":"index","follow":"follow","max-snippet":"max-snippet:-1","max-image-preview":"max-image-preview:large","max-video-preview":"max-video-preview:-1"},"canonical":"https:\/\/sales-ai-agents.com\/de\/templates\/fitness-goals\/","og_locale":"de_DE","og_type":"article","og_title":"Fitness-Ziele Vorlage - Sales AI Agents","og_description":"Verwenden Sie diese kostenlose anpassbare Vorlage, um Ihre Fitnessziele und Meilensteine richtig zu planen. Vergessen Sie \u00fcbrigens nicht die Belohnungen, die Sie erhalten, wenn Sie die Ziele erreicht haben.","og_url":"https:\/\/sales-ai-agents.com\/de\/templates\/fitness-goals\/","og_site_name":"Sales AI Agents","article_modified_time":"2023-12-26T15:26:35+00:00","og_image":[{"width":1078,"height":1365,"url":"https:\/\/sales-ai-agents.com\/wp-content\/uploads\/2023\/01\/image-preview122532.png","type":"image\/png"}],"twitter_card":"summary_large_image","schema":{"@context":"https:\/\/schema.org","@graph":[{"@type":"WebPage","@id":"https:\/\/sales-ai-agents.com\/de\/templates\/fitness-goals\/","url":"https:\/\/sales-ai-agents.com\/de\/templates\/fitness-goals\/","name":"Fitness-Ziele Vorlage - Sales AI Agents","isPartOf":{"@id":"https:\/\/sales-ai-agents.com\/#website"},"primaryImageOfPage":{"@id":"https:\/\/sales-ai-agents.com\/de\/templates\/fitness-goals\/#primaryimage"},"image":{"@id":"https:\/\/sales-ai-agents.com\/de\/templates\/fitness-goals\/#primaryimage"},"thumbnailUrl":"https:\/\/sales-ai-agents.com\/wp-content\/uploads\/2023\/01\/image-preview122532.png","datePublished":"2022-09-26T12:02:57+00:00","dateModified":"2023-12-26T15:26:35+00:00","description":"Verwenden Sie diese kostenlose anpassbare Vorlage, um Ihre Fitnessziele und Meilensteine richtig zu planen. Vergessen Sie \u00fcbrigens nicht die Belohnungen, die Sie erhalten, wenn Sie die Ziele erreicht haben.","inLanguage":"de-DE","potentialAction":[{"@type":"ReadAction","target":["https:\/\/sales-ai-agents.com\/de\/templates\/fitness-goals\/"]}]},{"@type":"ImageObject","inLanguage":"de-DE","@id":"https:\/\/sales-ai-agents.com\/de\/templates\/fitness-goals\/#primaryimage","url":"https:\/\/sales-ai-agents.com\/wp-content\/uploads\/2023\/01\/image-preview122532.png","contentUrl":"https:\/\/sales-ai-agents.com\/wp-content\/uploads\/2023\/01\/image-preview122532.png","width":1078,"height":1365,"caption":"Fitness Goals Template - Nimbus Platform"},{"@type":"WebSite","@id":"https:\/\/sales-ai-agents.com\/#website","url":"https:\/\/sales-ai-agents.com\/","name":"FuseBase","description":"Nimbus Platform - Free Online Collaboration Software for Remote Teams. Build your wikis, client portals and more with the Nimbus Platform collaboration tool ? A perfect space for online work","publisher":{"@id":"https:\/\/sales-ai-agents.com\/#organization"},"potentialAction":[{"@type":"SearchAction","target":{"@type":"EntryPoint","urlTemplate":"https:\/\/sales-ai-agents.com\/?s={search_term_string}"},"query-input":{"@type":"PropertyValueSpecification","valueRequired":true,"valueName":"search_term_string"}}],"inLanguage":"de-DE"},{"@type":"Organization","@id":"https:\/\/sales-ai-agents.com\/#organization","name":"FuseBase","url":"https:\/\/sales-ai-agents.com\/","logo":{"@type":"ImageObject","inLanguage":"de-DE","@id":"https:\/\/sales-ai-agents.com\/#\/schema\/logo\/image\/","url":"https:\/\/sales-ai-agents.com\/wp-content\/uploads\/2023\/11\/icon-7.svg","contentUrl":"https:\/\/sales-ai-agents.com\/wp-content\/uploads\/2023\/11\/icon-7.svg","width":128,"height":128,"caption":"FuseBase"},"image":{"@id":"https:\/\/sales-ai-agents.com\/#\/schema\/logo\/image\/"}}]}},"_links":{"self":[{"href":"https:\/\/sales-ai-agents.com\/de\/wp-json\/wp\/v2\/product\/57952","targetHints":{"allow":["GET"]}}],"collection":[{"href":"https:\/\/sales-ai-agents.com\/de\/wp-json\/wp\/v2\/product"}],"about":[{"href":"https:\/\/sales-ai-agents.com\/de\/wp-json\/wp\/v2\/types\/product"}],"wp:featuredmedia":[{"embeddable":true,"href":"https:\/\/sales-ai-agents.com\/de\/wp-json\/wp\/v2\/media\/20732"}],"wp:attachment":[{"href":"https:\/\/sales-ai-agents.com\/de\/wp-json\/wp\/v2\/media?parent=57952"}],"wp:term":[{"taxonomy":"product_brand","embeddable":true,"href":"https:\/\/sales-ai-agents.com\/de\/wp-json\/wp\/v2\/product_brand?post=57952"},{"taxonomy":"product_cat","embeddable":true,"href":"https:\/\/sales-ai-agents.com\/de\/wp-json\/wp\/v2\/product_cat?post=57952"},{"taxonomy":"product_tag","embeddable":true,"href":"https:\/\/sales-ai-agents.com\/de\/wp-json\/wp\/v2\/product_tag?post=57952"}],"curies":[{"name":"wp","href":"https:\/\/api.w.org\/{rel}","templated":true}]}}