{"id":57955,"date":"2022-09-26T12:02:53","date_gmt":"2022-09-26T12:02:53","guid":{"rendered":"https:\/\/sales-ai-agents.com\/templates\/daily-rituals\/"},"modified":"2023-12-26T14:44:17","modified_gmt":"2023-12-26T14:44:17","slug":"daily-rituals","status":"publish","type":"product","link":"https:\/\/sales-ai-agents.com\/de\/templates\/daily-rituals\/","title":{"rendered":"T\u00e4gliche Rituale"},"content":{"rendered":"<p>&nbsp;<\/p>\n<h2>T\u00e4gliche Rituale Vorlage<\/h2>\n<p class=\"desc-text\">Das Wichtigste, was zur Erreichung der Ziele beitr\u00e4gt, ist Konsequenz. Verwenden Sie diese Vorlage f\u00fcr t\u00e4gliche Rituale, um jeden Tag einfache Rituale einzuhalten.<\/p>\n<h5>Wie zu verwenden:<\/h5>\n<ul class=\"desc-item_list\">\n<li class=\"desc-item_list__point\">Schreiben Sie die Aktivit\u00e4ten f\u00fcr das Morgenritual, die Rituale zu Beginn und am Ende des Arbeitstages und das Abendritual auf<\/li>\n<li class=\"desc-item_list__point\">Addieren Sie die f\u00fcr jedes Ritual vorgesehene Zeit<\/li>\n<li class=\"desc-item_list__point\">\u00dcberpr\u00fcfen Sie die Gesamtzeit, die f\u00fcr jede Art von Ritual ben\u00f6tigt wird<\/li>\n<\/ul>\n","protected":false},"excerpt":{"rendered":"<p>Das Wichtigste, was zur Erreichung der Ziele beitr\u00e4gt, ist Konsequenz. Verwenden Sie diese anpassbare Vorlage f\u00fcr t\u00e4gliche Rituale, um jeden Tag einfache Rituale einzuhalten.<\/p>\n","protected":false},"featured_media":26592,"template":"","meta":{"_acf_changed":false,"inline_featured_image":false},"product_brand":[],"product_cat":[179,180],"product_tag":[],"class_list":{"0":"post-57955","1":"product","2":"type-product","3":"status-publish","4":"has-post-thumbnail","6":"product_cat-organizers-planners","7":"product_cat-personal","9":"first","10":"instock","11":"virtual","12":"sold-individually","13":"product-type-simple"},"acf":[],"yoast_head":"<!-- This site is optimized with the Yoast SEO plugin v25.3.1 - https:\/\/yoast.com\/wordpress\/plugins\/seo\/ -->\n<title>T\u00e4gliche Rituale Vorlage - Sales AI Agents<\/title>\n<meta name=\"description\" content=\"Das Wichtigste, was zur Erreichung der Ziele beitr\u00e4gt, ist Konsequenz. Verwenden Sie diese anpassbare Vorlage f\u00fcr t\u00e4gliche Rituale, um jeden Tag einfache Rituale einzuhalten\" \/>\n<meta name=\"robots\" content=\"index, follow, max-snippet:-1, max-image-preview:large, max-video-preview:-1\" \/>\n<link rel=\"canonical\" href=\"https:\/\/sales-ai-agents.com\/de\/templates\/daily-rituals\/\" \/>\n<meta property=\"og:locale\" content=\"de_DE\" \/>\n<meta property=\"og:type\" content=\"article\" \/>\n<meta property=\"og:title\" content=\"T\u00e4gliche Rituale Vorlage - Sales AI Agents\" \/>\n<meta property=\"og:description\" content=\"Das Wichtigste, was zur Erreichung der Ziele beitr\u00e4gt, ist Konsequenz. Verwenden Sie diese anpassbare Vorlage f\u00fcr t\u00e4gliche Rituale, um jeden Tag einfache Rituale einzuhalten\" \/>\n<meta property=\"og:url\" content=\"https:\/\/sales-ai-agents.com\/de\/templates\/daily-rituals\/\" \/>\n<meta property=\"og:site_name\" content=\"Sales AI Agents\" \/>\n<meta property=\"article:modified_time\" content=\"2023-12-26T14:44:17+00:00\" \/>\n<meta property=\"og:image\" content=\"https:\/\/sales-ai-agents.com\/wp-content\/uploads\/2022\/09\/Daily-Rituals-Template.png\" \/>\n\t<meta property=\"og:image:width\" content=\"1700\" \/>\n\t<meta property=\"og:image:height\" content=\"1100\" \/>\n\t<meta property=\"og:image:type\" content=\"image\/png\" \/>\n<meta name=\"twitter:card\" content=\"summary_large_image\" \/>\n<script type=\"application\/ld+json\" class=\"yoast-schema-graph\">{\"@context\":\"https:\/\/schema.org\",\"@graph\":[{\"@type\":\"WebPage\",\"@id\":\"https:\/\/sales-ai-agents.com\/de\/templates\/daily-rituals\/\",\"url\":\"https:\/\/sales-ai-agents.com\/de\/templates\/daily-rituals\/\",\"name\":\"T\u00e4gliche Rituale Vorlage - Sales AI Agents\",\"isPartOf\":{\"@id\":\"https:\/\/sales-ai-agents.com\/#website\"},\"primaryImageOfPage\":{\"@id\":\"https:\/\/sales-ai-agents.com\/de\/templates\/daily-rituals\/#primaryimage\"},\"image\":{\"@id\":\"https:\/\/sales-ai-agents.com\/de\/templates\/daily-rituals\/#primaryimage\"},\"thumbnailUrl\":\"https:\/\/sales-ai-agents.com\/wp-content\/uploads\/2022\/09\/Daily-Rituals-Template.png\",\"datePublished\":\"2022-09-26T12:02:53+00:00\",\"dateModified\":\"2023-12-26T14:44:17+00:00\",\"description\":\"Das Wichtigste, was zur Erreichung der Ziele beitr\u00e4gt, ist Konsequenz. Verwenden Sie diese anpassbare Vorlage f\u00fcr t\u00e4gliche Rituale, um jeden Tag einfache Rituale einzuhalten\",\"inLanguage\":\"de-DE\",\"potentialAction\":[{\"@type\":\"ReadAction\",\"target\":[\"https:\/\/sales-ai-agents.com\/de\/templates\/daily-rituals\/\"]}]},{\"@type\":\"ImageObject\",\"inLanguage\":\"de-DE\",\"@id\":\"https:\/\/sales-ai-agents.com\/de\/templates\/daily-rituals\/#primaryimage\",\"url\":\"https:\/\/sales-ai-agents.com\/wp-content\/uploads\/2022\/09\/Daily-Rituals-Template.png\",\"contentUrl\":\"https:\/\/sales-ai-agents.com\/wp-content\/uploads\/2022\/09\/Daily-Rituals-Template.png\",\"width\":1700,\"height\":1100,\"caption\":\"Use this customizable Daily Rituals Template to keep up with simple rituals every day.\"},{\"@type\":\"WebSite\",\"@id\":\"https:\/\/sales-ai-agents.com\/#website\",\"url\":\"https:\/\/sales-ai-agents.com\/\",\"name\":\"FuseBase\",\"description\":\"Nimbus Platform - Free Online Collaboration Software for Remote Teams. Build your wikis, client portals and more with the Nimbus Platform collaboration tool ? A perfect space for online work\",\"publisher\":{\"@id\":\"https:\/\/sales-ai-agents.com\/#organization\"},\"potentialAction\":[{\"@type\":\"SearchAction\",\"target\":{\"@type\":\"EntryPoint\",\"urlTemplate\":\"https:\/\/sales-ai-agents.com\/?s={search_term_string}\"},\"query-input\":{\"@type\":\"PropertyValueSpecification\",\"valueRequired\":true,\"valueName\":\"search_term_string\"}}],\"inLanguage\":\"de-DE\"},{\"@type\":\"Organization\",\"@id\":\"https:\/\/sales-ai-agents.com\/#organization\",\"name\":\"FuseBase\",\"url\":\"https:\/\/sales-ai-agents.com\/\",\"logo\":{\"@type\":\"ImageObject\",\"inLanguage\":\"de-DE\",\"@id\":\"https:\/\/sales-ai-agents.com\/#\/schema\/logo\/image\/\",\"url\":\"https:\/\/sales-ai-agents.com\/wp-content\/uploads\/2023\/11\/icon-7.svg\",\"contentUrl\":\"https:\/\/sales-ai-agents.com\/wp-content\/uploads\/2023\/11\/icon-7.svg\",\"width\":128,\"height\":128,\"caption\":\"FuseBase\"},\"image\":{\"@id\":\"https:\/\/sales-ai-agents.com\/#\/schema\/logo\/image\/\"}}]}<\/script>\n<!-- \/ Yoast SEO plugin. -->","yoast_head_json":{"title":"T\u00e4gliche Rituale Vorlage - Sales AI Agents","description":"Das Wichtigste, was zur Erreichung der Ziele beitr\u00e4gt, ist Konsequenz. Verwenden Sie diese anpassbare Vorlage f\u00fcr t\u00e4gliche Rituale, um jeden Tag einfache Rituale einzuhalten","robots":{"index":"index","follow":"follow","max-snippet":"max-snippet:-1","max-image-preview":"max-image-preview:large","max-video-preview":"max-video-preview:-1"},"canonical":"https:\/\/sales-ai-agents.com\/de\/templates\/daily-rituals\/","og_locale":"de_DE","og_type":"article","og_title":"T\u00e4gliche Rituale Vorlage - Sales AI Agents","og_description":"Das Wichtigste, was zur Erreichung der Ziele beitr\u00e4gt, ist Konsequenz. Verwenden Sie diese anpassbare Vorlage f\u00fcr t\u00e4gliche Rituale, um jeden Tag einfache Rituale einzuhalten","og_url":"https:\/\/sales-ai-agents.com\/de\/templates\/daily-rituals\/","og_site_name":"Sales AI Agents","article_modified_time":"2023-12-26T14:44:17+00:00","og_image":[{"width":1700,"height":1100,"url":"https:\/\/sales-ai-agents.com\/wp-content\/uploads\/2022\/09\/Daily-Rituals-Template.png","type":"image\/png"}],"twitter_card":"summary_large_image","schema":{"@context":"https:\/\/schema.org","@graph":[{"@type":"WebPage","@id":"https:\/\/sales-ai-agents.com\/de\/templates\/daily-rituals\/","url":"https:\/\/sales-ai-agents.com\/de\/templates\/daily-rituals\/","name":"T\u00e4gliche Rituale Vorlage - Sales AI Agents","isPartOf":{"@id":"https:\/\/sales-ai-agents.com\/#website"},"primaryImageOfPage":{"@id":"https:\/\/sales-ai-agents.com\/de\/templates\/daily-rituals\/#primaryimage"},"image":{"@id":"https:\/\/sales-ai-agents.com\/de\/templates\/daily-rituals\/#primaryimage"},"thumbnailUrl":"https:\/\/sales-ai-agents.com\/wp-content\/uploads\/2022\/09\/Daily-Rituals-Template.png","datePublished":"2022-09-26T12:02:53+00:00","dateModified":"2023-12-26T14:44:17+00:00","description":"Das Wichtigste, was zur Erreichung der Ziele beitr\u00e4gt, ist Konsequenz. Verwenden Sie diese anpassbare Vorlage f\u00fcr t\u00e4gliche Rituale, um jeden Tag einfache Rituale einzuhalten","inLanguage":"de-DE","potentialAction":[{"@type":"ReadAction","target":["https:\/\/sales-ai-agents.com\/de\/templates\/daily-rituals\/"]}]},{"@type":"ImageObject","inLanguage":"de-DE","@id":"https:\/\/sales-ai-agents.com\/de\/templates\/daily-rituals\/#primaryimage","url":"https:\/\/sales-ai-agents.com\/wp-content\/uploads\/2022\/09\/Daily-Rituals-Template.png","contentUrl":"https:\/\/sales-ai-agents.com\/wp-content\/uploads\/2022\/09\/Daily-Rituals-Template.png","width":1700,"height":1100,"caption":"Use this customizable Daily Rituals Template to keep up with simple rituals every day."},{"@type":"WebSite","@id":"https:\/\/sales-ai-agents.com\/#website","url":"https:\/\/sales-ai-agents.com\/","name":"FuseBase","description":"Nimbus Platform - Free Online Collaboration Software for Remote Teams. Build your wikis, client portals and more with the Nimbus Platform collaboration tool ? A perfect space for online work","publisher":{"@id":"https:\/\/sales-ai-agents.com\/#organization"},"potentialAction":[{"@type":"SearchAction","target":{"@type":"EntryPoint","urlTemplate":"https:\/\/sales-ai-agents.com\/?s={search_term_string}"},"query-input":{"@type":"PropertyValueSpecification","valueRequired":true,"valueName":"search_term_string"}}],"inLanguage":"de-DE"},{"@type":"Organization","@id":"https:\/\/sales-ai-agents.com\/#organization","name":"FuseBase","url":"https:\/\/sales-ai-agents.com\/","logo":{"@type":"ImageObject","inLanguage":"de-DE","@id":"https:\/\/sales-ai-agents.com\/#\/schema\/logo\/image\/","url":"https:\/\/sales-ai-agents.com\/wp-content\/uploads\/2023\/11\/icon-7.svg","contentUrl":"https:\/\/sales-ai-agents.com\/wp-content\/uploads\/2023\/11\/icon-7.svg","width":128,"height":128,"caption":"FuseBase"},"image":{"@id":"https:\/\/sales-ai-agents.com\/#\/schema\/logo\/image\/"}}]}},"_links":{"self":[{"href":"https:\/\/sales-ai-agents.com\/de\/wp-json\/wp\/v2\/product\/57955","targetHints":{"allow":["GET"]}}],"collection":[{"href":"https:\/\/sales-ai-agents.com\/de\/wp-json\/wp\/v2\/product"}],"about":[{"href":"https:\/\/sales-ai-agents.com\/de\/wp-json\/wp\/v2\/types\/product"}],"wp:featuredmedia":[{"embeddable":true,"href":"https:\/\/sales-ai-agents.com\/de\/wp-json\/wp\/v2\/media\/26592"}],"wp:attachment":[{"href":"https:\/\/sales-ai-agents.com\/de\/wp-json\/wp\/v2\/media?parent=57955"}],"wp:term":[{"taxonomy":"product_brand","embeddable":true,"href":"https:\/\/sales-ai-agents.com\/de\/wp-json\/wp\/v2\/product_brand?post=57955"},{"taxonomy":"product_cat","embeddable":true,"href":"https:\/\/sales-ai-agents.com\/de\/wp-json\/wp\/v2\/product_cat?post=57955"},{"taxonomy":"product_tag","embeddable":true,"href":"https:\/\/sales-ai-agents.com\/de\/wp-json\/wp\/v2\/product_tag?post=57955"}],"curies":[{"name":"wp","href":"https:\/\/api.w.org\/{rel}","templated":true}]}}