{"id":57959,"date":"2022-09-26T12:02:50","date_gmt":"2022-09-26T12:02:50","guid":{"rendered":"https:\/\/sales-ai-agents.com\/templates\/general-persona-profile\/"},"modified":"2023-12-26T14:27:03","modified_gmt":"2023-12-26T14:27:03","slug":"general-persona-profile","status":"publish","type":"product","link":"https:\/\/sales-ai-agents.com\/de\/templates\/general-persona-profile\/","title":{"rendered":"Allgemeines Persona-Profil"},"content":{"rendered":"<p>&nbsp;<\/p>\n<h2>Warum sind Persona Templates so wichtig f\u00fcr Ihr Wachstum?<\/h2>\n<p class=\"desc-text\">Es handelt sich um eine Beschreibung eines Kunden oder der Herausforderungen, denen sich die Zielperson bei der Aus\u00fcbung ihrer T\u00e4tigkeit gegen\u00fcbersieht.<br \/>\nDie Kundentabelle enth\u00e4lt ein grundlegendes Persona-Verst\u00e4ndnis und ist dar\u00fcber hinaus ein Kern, den Sie leicht verbessern k\u00f6nnen. Dies ist die fertige Form und die Grundlage, auf der Sie auf der Grundlage der Bed\u00fcrfnisse und Merkmale Ihrer Kunden Details \u00fcber die Person anbringen k\u00f6nnen, damit Sie den Grad der Relevanz f\u00fcr das Unternehmen herausfinden k\u00f6nnen.<\/p>\n<h5>Was sind die Optionen?<\/h5>\n<p class=\"desc-text\">Sie k\u00f6nnen den Grundsatz &#8222;eine Person &#8211; eine Notiz&#8220; beibehalten und sie in Ordnern, Unterordnern und Verzeichnissen sammeln. Wenn Sie aber mehrere Kunden vergleichen wollen, haben wir ein anderes Formular f\u00fcr Sie vorbereitet. Die Tabelle enth\u00e4lt dieselbe Inspektion nur f\u00fcr mehrere Personen mit der M\u00f6glichkeit, anschlie\u00dfend nach Indikatoren zu sortieren, z. B. nach dem Niveau der Soft Skills.<br \/>\nWir hoffen, dass Sie auf Ihrem Weg nur die besten Menschen treffen werden: sowohl Mitarbeiter als auch Kunden.<\/p>\n<h5>Wir haben die beste Persona-Vorlage f\u00fcr Sie vorbereitet!<\/h5>\n<p class=\"desc-text\">Die Vorlage besteht aus zwei Teilen:<br \/>\nBeginnen wir mit dem ersten Teil &#8211; dem Visuellen. Hier k\u00f6nnen Sie:<\/p>\n<ul class=\"desc-item_list\">\n<li class=\"desc-item_list__point\">Sehen Sie, wer die Persona ist (f\u00fcgen Sie den Namen, das Alter und das Foto hinzu);<\/li>\n<li class=\"desc-item_list__point\">Bestimmen Sie seine Realit\u00e4t, sowohl in der Vergangenheit als auch in der Zukunft (f\u00fcgen Sie den fr\u00fcheren Beruf hinzu oder den Ort, den die Person anstrebt;<\/li>\n<li class=\"desc-item_list__point\">Verstehen Sie, was sie denken und f\u00fchlen; es sind echte Menschen, echte Kunden, unabh\u00e4ngig vom T\u00e4tigkeitsbereich: technisch oder kreativ.<\/li>\n<\/ul>\n<p class=\"desc-text\">Zweiter Teil &#8211; eine Tabelle mit den Angaben. Hier k\u00f6nnen Sie:<\/p>\n<ul class=\"desc-item_list\">\n<li class=\"desc-item_list__point\">\u00c4ndern Sie den Spaltentyp und geben Sie Ihren Eindruck mit Noten ein;<\/li>\n<li class=\"desc-item_list__point\">Geben Sie einen \u00dcberblick \u00fcber die Eigenschaften, die Ihnen wichtig sind;<\/li>\n<li class=\"desc-item_list__point\">Teilen Sie diese Notiz mit anderen Mitarbeitern als Ihre Schlussfolgerungen \u00fcber die Persona;<\/li>\n<li class=\"desc-item_list__point\">Angleichung der Kundenwahrnehmung innerhalb einer ganzen Gruppe von Personen;<\/li>\n<\/ul>\n<h5>Wie zu verwenden:<\/h5>\n<ul class=\"desc-item_list\">\n<li class=\"desc-item_list__point\"><a class=\"corporate-blue\" href=\"https:\/\/sales-ai-agents.com\/de\/guides\/basics\/links-in-nimbus-note\/\" target=\"_blank\" rel=\"noopener\">F\u00fcgen Sie Links<\/a> zu sozialen Netzwerken und Profilen <a class=\"corporate-blue\" href=\"https:\/\/sales-ai-agents.com\/de\/guides\/basics\/links-in-nimbus-note\/\" target=\"_blank\" rel=\"noopener\">hinzu<\/a> und machen Sie sie zu einer <a class=\"corporate-blue\" href=\"https:\/\/sales-ai-agents.com\/de\/guides\/basics\/button-object\/\" target=\"_blank\" rel=\"noopener\">Schaltfl\u00e4che<\/a>, richten Sie sogar eine Liste derjenigen ein, die Sie einbeziehen m\u00f6chten.<\/li>\n<li class=\"desc-item_list__point\"><a class=\"corporate-blue\" href=\"https:\/\/sales-ai-agents.com\/de\/guides\/basics\/time-reminders-in-nimbus-note\/\" target=\"_blank\" rel=\"noopener\">F\u00fcgen Sie ein Datum<\/a> wie einen Geburtstag oder den Tag des Treffens <a class=\"corporate-blue\" href=\"https:\/\/sales-ai-agents.com\/de\/guides\/basics\/time-reminders-in-nimbus-note\/\" target=\"_blank\" rel=\"noopener\">hinzu<\/a>. Sie k\u00f6nnen auch eine Erinnerung einstellen, um einen Termin mit Kunden in dieser aufstrebenden Realit\u00e4t nicht zu verpassen.<\/li>\n<li class=\"desc-item_list__point\"><a class=\"corporate-blue\" href=\"https:\/\/sales-ai-agents.com\/de\/guides\/basics\/files-and-attachments\/\" target=\"_blank\" rel=\"noopener\">F\u00fcgen Sie eine Datei hinzu<\/a>, z. B. einen Lebenslauf, der von einer Person verschickt wurde &#8211; so haben Sie ihn immer zur Hand.<\/li>\n<li class=\"desc-item_list__point\"><a class=\"corporate-blue\" href=\"https:\/\/sales-ai-agents.com\/de\/guides\/table-database\/tables\/\" target=\"_blank\" rel=\"noopener\">F\u00fcgen Sie<\/a> der Tabelle <a class=\"corporate-blue\" href=\"https:\/\/sales-ai-agents.com\/de\/guides\/table-database\/tables\/\" target=\"_blank\" rel=\"noopener\">Spalten hinzu<\/a>, die wichtige Eigenschaften eines Kunden zur Pers\u00f6nlichkeitsbildung definieren, sogar eine Liste seiner Lieblingsb\u00fccher &#8211; seien Sie kreativ!<\/li>\n<li class=\"desc-item_list__point\">Oder streichen Sie diejenigen, die nicht zu Ihnen passen, denn jedes Unternehmen hat wie ein Mensch seine eigenen Merkmale, also f\u00fcgen Sie Details hinzu, die auf Ihre Herausforderungen abgestimmt sind!<\/li>\n<li class=\"desc-item_list__point\">Manchmal senden Ihnen echte Kunden Details, die schwer vorhersehbar sind &#8211; Sie k\u00f6nnen sie gerne anh\u00e4ngen und uns Ihre Ideen zur <a class=\"corporate-blue\" href=\"https:\/\/support.nimbusweb.co\/portal\/en\/newticket\" target=\"_blank\" rel=\"noopener\">Unterst\u00fctzung<\/a> schicken.<\/li>\n<\/ul>\n","protected":false},"excerpt":{"rendered":"<p>Holen Sie sich ein Persona-Profil als einfache und \u00fcbersichtliche kostenlose Vorlage f\u00fcr allgemeine Bed\u00fcrfnisse und entscheiden Sie, wie wertvoll diese Person f\u00fcr die aktuelle Rolle in Ihrem Unternehmen ist.<\/p>\n","protected":false},"featured_media":34246,"template":"","meta":{"_acf_changed":false,"inline_featured_image":false},"product_brand":[],"product_cat":[164,171,172,174,194],"product_tag":[167],"class_list":{"0":"post-57959","1":"product","2":"type-product","3":"status-publish","4":"has-post-thumbnail","6":"product_cat-customer-support","7":"product_cat-marketing","8":"product_cat-marketing-analysis","9":"product_cat-marketing-clients","10":"product_cat-sales-account","11":"product_tag-new","12":"collections-client","14":"first","15":"instock","16":"virtual","17":"sold-individually","18":"product-type-simple"},"acf":[],"yoast_head":"<!-- This site is optimized with the Yoast SEO plugin v25.3.1 - https:\/\/yoast.com\/wordpress\/plugins\/seo\/ -->\n<title>Allgemeine Persona-Profil-Vorlage - Sales AI Agents<\/title>\n<meta name=\"description\" content=\"Holen Sie sich ein Persona-Profil als einfache und \u00fcbersichtliche kostenlose Vorlage f\u00fcr allgemeine Bed\u00fcrfnisse und entscheiden Sie, wie wertvoll diese Person f\u00fcr die aktuelle Rolle in Ihrem Unternehmen ist.\" \/>\n<meta name=\"robots\" content=\"index, follow, max-snippet:-1, max-image-preview:large, max-video-preview:-1\" \/>\n<link rel=\"canonical\" href=\"https:\/\/sales-ai-agents.com\/de\/templates\/general-persona-profile\/\" \/>\n<meta property=\"og:locale\" content=\"de_DE\" \/>\n<meta property=\"og:type\" content=\"article\" \/>\n<meta property=\"og:title\" content=\"Allgemeine Persona-Profil-Vorlage - Sales AI Agents\" \/>\n<meta property=\"og:description\" content=\"Holen Sie sich ein Persona-Profil als einfache und \u00fcbersichtliche kostenlose Vorlage f\u00fcr allgemeine Bed\u00fcrfnisse und entscheiden Sie, wie wertvoll diese Person f\u00fcr die aktuelle Rolle in Ihrem Unternehmen ist.\" \/>\n<meta property=\"og:url\" content=\"https:\/\/sales-ai-agents.com\/de\/templates\/general-persona-profile\/\" \/>\n<meta property=\"og:site_name\" content=\"Sales AI Agents\" \/>\n<meta property=\"article:modified_time\" content=\"2023-12-26T14:27:03+00:00\" \/>\n<meta property=\"og:image\" content=\"https:\/\/sales-ai-agents.com\/wp-content\/uploads\/2022\/09\/General-Persona-Profile-Template.png\" \/>\n\t<meta property=\"og:image:width\" content=\"1700\" \/>\n\t<meta property=\"og:image:height\" content=\"1100\" \/>\n\t<meta property=\"og:image:type\" content=\"image\/png\" \/>\n<meta name=\"twitter:card\" content=\"summary_large_image\" \/>\n<script type=\"application\/ld+json\" class=\"yoast-schema-graph\">{\"@context\":\"https:\/\/schema.org\",\"@graph\":[{\"@type\":\"WebPage\",\"@id\":\"https:\/\/sales-ai-agents.com\/de\/templates\/general-persona-profile\/\",\"url\":\"https:\/\/sales-ai-agents.com\/de\/templates\/general-persona-profile\/\",\"name\":\"Allgemeine Persona-Profil-Vorlage - Sales AI Agents\",\"isPartOf\":{\"@id\":\"https:\/\/sales-ai-agents.com\/#website\"},\"primaryImageOfPage\":{\"@id\":\"https:\/\/sales-ai-agents.com\/de\/templates\/general-persona-profile\/#primaryimage\"},\"image\":{\"@id\":\"https:\/\/sales-ai-agents.com\/de\/templates\/general-persona-profile\/#primaryimage\"},\"thumbnailUrl\":\"https:\/\/sales-ai-agents.com\/wp-content\/uploads\/2022\/09\/General-Persona-Profile-Template.png\",\"datePublished\":\"2022-09-26T12:02:50+00:00\",\"dateModified\":\"2023-12-26T14:27:03+00:00\",\"description\":\"Holen Sie sich ein Persona-Profil als einfache und \u00fcbersichtliche kostenlose Vorlage f\u00fcr allgemeine Bed\u00fcrfnisse und entscheiden Sie, wie wertvoll diese Person f\u00fcr die aktuelle Rolle in Ihrem Unternehmen ist.\",\"inLanguage\":\"de-DE\",\"potentialAction\":[{\"@type\":\"ReadAction\",\"target\":[\"https:\/\/sales-ai-agents.com\/de\/templates\/general-persona-profile\/\"]}]},{\"@type\":\"ImageObject\",\"inLanguage\":\"de-DE\",\"@id\":\"https:\/\/sales-ai-agents.com\/de\/templates\/general-persona-profile\/#primaryimage\",\"url\":\"https:\/\/sales-ai-agents.com\/wp-content\/uploads\/2022\/09\/General-Persona-Profile-Template.png\",\"contentUrl\":\"https:\/\/sales-ai-agents.com\/wp-content\/uploads\/2022\/09\/General-Persona-Profile-Template.png\",\"width\":1700,\"height\":1100,\"caption\":\"Get a Persona Profile as a simple and clear free template for general needs.\"},{\"@type\":\"WebSite\",\"@id\":\"https:\/\/sales-ai-agents.com\/#website\",\"url\":\"https:\/\/sales-ai-agents.com\/\",\"name\":\"FuseBase\",\"description\":\"Nimbus Platform - Free Online Collaboration Software for Remote Teams. Build your wikis, client portals and more with the Nimbus Platform collaboration tool ? A perfect space for online work\",\"publisher\":{\"@id\":\"https:\/\/sales-ai-agents.com\/#organization\"},\"potentialAction\":[{\"@type\":\"SearchAction\",\"target\":{\"@type\":\"EntryPoint\",\"urlTemplate\":\"https:\/\/sales-ai-agents.com\/?s={search_term_string}\"},\"query-input\":{\"@type\":\"PropertyValueSpecification\",\"valueRequired\":true,\"valueName\":\"search_term_string\"}}],\"inLanguage\":\"de-DE\"},{\"@type\":\"Organization\",\"@id\":\"https:\/\/sales-ai-agents.com\/#organization\",\"name\":\"FuseBase\",\"url\":\"https:\/\/sales-ai-agents.com\/\",\"logo\":{\"@type\":\"ImageObject\",\"inLanguage\":\"de-DE\",\"@id\":\"https:\/\/sales-ai-agents.com\/#\/schema\/logo\/image\/\",\"url\":\"https:\/\/sales-ai-agents.com\/wp-content\/uploads\/2023\/11\/icon-7.svg\",\"contentUrl\":\"https:\/\/sales-ai-agents.com\/wp-content\/uploads\/2023\/11\/icon-7.svg\",\"width\":128,\"height\":128,\"caption\":\"FuseBase\"},\"image\":{\"@id\":\"https:\/\/sales-ai-agents.com\/#\/schema\/logo\/image\/\"}}]}<\/script>\n<!-- \/ Yoast SEO plugin. -->","yoast_head_json":{"title":"Allgemeine Persona-Profil-Vorlage - Sales AI Agents","description":"Holen Sie sich ein Persona-Profil als einfache und \u00fcbersichtliche kostenlose Vorlage f\u00fcr allgemeine Bed\u00fcrfnisse und entscheiden Sie, wie wertvoll diese Person f\u00fcr die aktuelle Rolle in Ihrem Unternehmen ist.","robots":{"index":"index","follow":"follow","max-snippet":"max-snippet:-1","max-image-preview":"max-image-preview:large","max-video-preview":"max-video-preview:-1"},"canonical":"https:\/\/sales-ai-agents.com\/de\/templates\/general-persona-profile\/","og_locale":"de_DE","og_type":"article","og_title":"Allgemeine Persona-Profil-Vorlage - Sales AI Agents","og_description":"Holen Sie sich ein Persona-Profil als einfache und \u00fcbersichtliche kostenlose Vorlage f\u00fcr allgemeine Bed\u00fcrfnisse und entscheiden Sie, wie wertvoll diese Person f\u00fcr die aktuelle Rolle in Ihrem Unternehmen ist.","og_url":"https:\/\/sales-ai-agents.com\/de\/templates\/general-persona-profile\/","og_site_name":"Sales AI Agents","article_modified_time":"2023-12-26T14:27:03+00:00","og_image":[{"width":1700,"height":1100,"url":"https:\/\/sales-ai-agents.com\/wp-content\/uploads\/2022\/09\/General-Persona-Profile-Template.png","type":"image\/png"}],"twitter_card":"summary_large_image","schema":{"@context":"https:\/\/schema.org","@graph":[{"@type":"WebPage","@id":"https:\/\/sales-ai-agents.com\/de\/templates\/general-persona-profile\/","url":"https:\/\/sales-ai-agents.com\/de\/templates\/general-persona-profile\/","name":"Allgemeine Persona-Profil-Vorlage - Sales AI Agents","isPartOf":{"@id":"https:\/\/sales-ai-agents.com\/#website"},"primaryImageOfPage":{"@id":"https:\/\/sales-ai-agents.com\/de\/templates\/general-persona-profile\/#primaryimage"},"image":{"@id":"https:\/\/sales-ai-agents.com\/de\/templates\/general-persona-profile\/#primaryimage"},"thumbnailUrl":"https:\/\/sales-ai-agents.com\/wp-content\/uploads\/2022\/09\/General-Persona-Profile-Template.png","datePublished":"2022-09-26T12:02:50+00:00","dateModified":"2023-12-26T14:27:03+00:00","description":"Holen Sie sich ein Persona-Profil als einfache und \u00fcbersichtliche kostenlose Vorlage f\u00fcr allgemeine Bed\u00fcrfnisse und entscheiden Sie, wie wertvoll diese Person f\u00fcr die aktuelle Rolle in Ihrem Unternehmen ist.","inLanguage":"de-DE","potentialAction":[{"@type":"ReadAction","target":["https:\/\/sales-ai-agents.com\/de\/templates\/general-persona-profile\/"]}]},{"@type":"ImageObject","inLanguage":"de-DE","@id":"https:\/\/sales-ai-agents.com\/de\/templates\/general-persona-profile\/#primaryimage","url":"https:\/\/sales-ai-agents.com\/wp-content\/uploads\/2022\/09\/General-Persona-Profile-Template.png","contentUrl":"https:\/\/sales-ai-agents.com\/wp-content\/uploads\/2022\/09\/General-Persona-Profile-Template.png","width":1700,"height":1100,"caption":"Get a Persona Profile as a simple and clear free template for general needs."},{"@type":"WebSite","@id":"https:\/\/sales-ai-agents.com\/#website","url":"https:\/\/sales-ai-agents.com\/","name":"FuseBase","description":"Nimbus Platform - Free Online Collaboration Software for Remote Teams. Build your wikis, client portals and more with the Nimbus Platform collaboration tool ? A perfect space for online work","publisher":{"@id":"https:\/\/sales-ai-agents.com\/#organization"},"potentialAction":[{"@type":"SearchAction","target":{"@type":"EntryPoint","urlTemplate":"https:\/\/sales-ai-agents.com\/?s={search_term_string}"},"query-input":{"@type":"PropertyValueSpecification","valueRequired":true,"valueName":"search_term_string"}}],"inLanguage":"de-DE"},{"@type":"Organization","@id":"https:\/\/sales-ai-agents.com\/#organization","name":"FuseBase","url":"https:\/\/sales-ai-agents.com\/","logo":{"@type":"ImageObject","inLanguage":"de-DE","@id":"https:\/\/sales-ai-agents.com\/#\/schema\/logo\/image\/","url":"https:\/\/sales-ai-agents.com\/wp-content\/uploads\/2023\/11\/icon-7.svg","contentUrl":"https:\/\/sales-ai-agents.com\/wp-content\/uploads\/2023\/11\/icon-7.svg","width":128,"height":128,"caption":"FuseBase"},"image":{"@id":"https:\/\/sales-ai-agents.com\/#\/schema\/logo\/image\/"}}]}},"_links":{"self":[{"href":"https:\/\/sales-ai-agents.com\/de\/wp-json\/wp\/v2\/product\/57959","targetHints":{"allow":["GET"]}}],"collection":[{"href":"https:\/\/sales-ai-agents.com\/de\/wp-json\/wp\/v2\/product"}],"about":[{"href":"https:\/\/sales-ai-agents.com\/de\/wp-json\/wp\/v2\/types\/product"}],"wp:featuredmedia":[{"embeddable":true,"href":"https:\/\/sales-ai-agents.com\/de\/wp-json\/wp\/v2\/media\/34246"}],"wp:attachment":[{"href":"https:\/\/sales-ai-agents.com\/de\/wp-json\/wp\/v2\/media?parent=57959"}],"wp:term":[{"taxonomy":"product_brand","embeddable":true,"href":"https:\/\/sales-ai-agents.com\/de\/wp-json\/wp\/v2\/product_brand?post=57959"},{"taxonomy":"product_cat","embeddable":true,"href":"https:\/\/sales-ai-agents.com\/de\/wp-json\/wp\/v2\/product_cat?post=57959"},{"taxonomy":"product_tag","embeddable":true,"href":"https:\/\/sales-ai-agents.com\/de\/wp-json\/wp\/v2\/product_tag?post=57959"}],"curies":[{"name":"wp","href":"https:\/\/api.w.org\/{rel}","templated":true}]}}