{"id":58035,"date":"2022-09-26T12:02:46","date_gmt":"2022-09-26T12:02:46","guid":{"rendered":"https:\/\/sales-ai-agents.com\/templates\/release-checklist\/"},"modified":"2023-12-26T14:59:16","modified_gmt":"2023-12-26T14:59:16","slug":"release-checklist","status":"publish","type":"product","link":"https:\/\/sales-ai-agents.com\/de\/templates\/release-checklist\/","title":{"rendered":"Checkliste zur Freigabe"},"content":{"rendered":"<p>&nbsp;<\/p>\n<h2>Vorlage f\u00fcr eine Freigabe-Checkliste<\/h2>\n<p class=\"desc-text\">Eine Produktfreigabe kann eine aufregende Zeit f\u00fcr Ihr gesamtes Team sein. Bevor Sie Ihr fertiges Werk vorstellen, sollten Sie sich vergewissern, dass Sie mit dieser Vorlage f\u00fcr eine Freigabe-Checkliste alle wichtigen Punkte ber\u00fccksichtigt haben. Je n\u00e4her das Ver\u00f6ffentlichungsdatum r\u00fcckt, desto mehr sollten Sie Ihre Liste \u00fcberpr\u00fcfen, um sicherzustellen, dass keine losen Enden vorhanden sind. Mit einer gr\u00fcndlichen Planung k\u00f6nnen Sie sicherstellen, dass Ihre Ver\u00f6ffentlichung erfolgreich ist und Sie keine wichtigen Schritte verpassen.<\/p>\n<h5>Wie zu verwenden:<\/h5>\n<ul class=\"desc-item_list\">\n<li class=\"desc-item_list__point\">Erstellen Sie eine Checkliste der wichtigsten Dinge und Aufgaben<\/li>\n<li class=\"desc-item_list__point\">F\u00fchren Sie die zu pr\u00fcfenden Merkmale in der Tabelle auf<\/li>\n<li class=\"desc-item_list__point\">F\u00fcgen Sie f\u00fcr jedes Merkmal eine Beschreibung ein<\/li>\n<li class=\"desc-item_list__point\">Erstellen Sie eine Aufz\u00e4hlung der zu ber\u00fccksichtigenden Punkte<\/li>\n<li class=\"desc-item_list__point\">Weitergabe an Teammitglieder oder Interessengruppen<\/li>\n<\/ul>\n","protected":false},"excerpt":{"rendered":"<p>Eine Produktfreigabe kann eine aufregende Zeit f\u00fcr Ihr Team sein. Bevor Sie Ihre fertige Arbeit vorstellen, sollten Sie sich mit dieser Checklistenvorlage f\u00fcr die Freigabe von Dokumenten absichern.<\/p>\n","protected":false},"featured_media":25671,"template":"","meta":{"_acf_changed":false,"inline_featured_image":false},"product_brand":[],"product_cat":[186,189],"product_tag":[],"class_list":{"0":"post-58035","1":"product","2":"type-product","3":"status-publish","4":"has-post-thumbnail","6":"product_cat-product","7":"product_cat-product-management","9":"first","10":"instock","11":"virtual","12":"sold-individually","13":"product-type-simple"},"acf":[],"yoast_head":"<!-- This site is optimized with the Yoast SEO plugin v25.3.1 - https:\/\/yoast.com\/wordpress\/plugins\/seo\/ -->\n<title>Freigabe-Checkliste Vorlage - Sales AI Agents<\/title>\n<meta name=\"description\" content=\"Eine Produktfreigabe kann eine aufregende Zeit f\u00fcr Ihr Team sein. Stellen Sie sicher, dass Sie mit dieser Vorlage f\u00fcr eine Freigabe-Checkliste alles abgedeckt haben.\" \/>\n<meta name=\"robots\" content=\"index, follow, max-snippet:-1, max-image-preview:large, max-video-preview:-1\" \/>\n<link rel=\"canonical\" href=\"https:\/\/sales-ai-agents.com\/de\/templates\/release-checklist\/\" \/>\n<meta property=\"og:locale\" content=\"de_DE\" \/>\n<meta property=\"og:type\" content=\"article\" \/>\n<meta property=\"og:title\" content=\"Freigabe-Checkliste Vorlage - Sales AI Agents\" \/>\n<meta property=\"og:description\" content=\"Eine Produktfreigabe kann eine aufregende Zeit f\u00fcr Ihr Team sein. Stellen Sie sicher, dass Sie mit dieser Vorlage f\u00fcr eine Freigabe-Checkliste alles abgedeckt haben.\" \/>\n<meta property=\"og:url\" content=\"https:\/\/sales-ai-agents.com\/de\/templates\/release-checklist\/\" \/>\n<meta property=\"og:site_name\" content=\"Sales AI Agents\" \/>\n<meta property=\"article:modified_time\" content=\"2023-12-26T14:59:16+00:00\" \/>\n<meta property=\"og:image\" content=\"https:\/\/sales-ai-agents.com\/wp-content\/uploads\/2022\/09\/Release-Checklist-Template.png\" \/>\n\t<meta property=\"og:image:width\" content=\"1700\" \/>\n\t<meta property=\"og:image:height\" content=\"1100\" \/>\n\t<meta property=\"og:image:type\" content=\"image\/png\" \/>\n<meta name=\"twitter:card\" content=\"summary_large_image\" \/>\n<script type=\"application\/ld+json\" class=\"yoast-schema-graph\">{\"@context\":\"https:\/\/schema.org\",\"@graph\":[{\"@type\":\"WebPage\",\"@id\":\"https:\/\/sales-ai-agents.com\/de\/templates\/release-checklist\/\",\"url\":\"https:\/\/sales-ai-agents.com\/de\/templates\/release-checklist\/\",\"name\":\"Freigabe-Checkliste Vorlage - Sales AI Agents\",\"isPartOf\":{\"@id\":\"https:\/\/sales-ai-agents.com\/#website\"},\"primaryImageOfPage\":{\"@id\":\"https:\/\/sales-ai-agents.com\/de\/templates\/release-checklist\/#primaryimage\"},\"image\":{\"@id\":\"https:\/\/sales-ai-agents.com\/de\/templates\/release-checklist\/#primaryimage\"},\"thumbnailUrl\":\"https:\/\/sales-ai-agents.com\/wp-content\/uploads\/2022\/09\/Release-Checklist-Template.png\",\"datePublished\":\"2022-09-26T12:02:46+00:00\",\"dateModified\":\"2023-12-26T14:59:16+00:00\",\"description\":\"Eine Produktfreigabe kann eine aufregende Zeit f\u00fcr Ihr Team sein. Stellen Sie sicher, dass Sie mit dieser Vorlage f\u00fcr eine Freigabe-Checkliste alles abgedeckt haben.\",\"inLanguage\":\"de-DE\",\"potentialAction\":[{\"@type\":\"ReadAction\",\"target\":[\"https:\/\/sales-ai-agents.com\/de\/templates\/release-checklist\/\"]}]},{\"@type\":\"ImageObject\",\"inLanguage\":\"de-DE\",\"@id\":\"https:\/\/sales-ai-agents.com\/de\/templates\/release-checklist\/#primaryimage\",\"url\":\"https:\/\/sales-ai-agents.com\/wp-content\/uploads\/2022\/09\/Release-Checklist-Template.png\",\"contentUrl\":\"https:\/\/sales-ai-agents.com\/wp-content\/uploads\/2022\/09\/Release-Checklist-Template.png\",\"width\":1700,\"height\":1100,\"caption\":\"Before you unveil your completed work, make sure you covered all with this release checklist template.\"},{\"@type\":\"WebSite\",\"@id\":\"https:\/\/sales-ai-agents.com\/#website\",\"url\":\"https:\/\/sales-ai-agents.com\/\",\"name\":\"FuseBase\",\"description\":\"Nimbus Platform - Free Online Collaboration Software for Remote Teams. Build your wikis, client portals and more with the Nimbus Platform collaboration tool ? A perfect space for online work\",\"publisher\":{\"@id\":\"https:\/\/sales-ai-agents.com\/#organization\"},\"potentialAction\":[{\"@type\":\"SearchAction\",\"target\":{\"@type\":\"EntryPoint\",\"urlTemplate\":\"https:\/\/sales-ai-agents.com\/?s={search_term_string}\"},\"query-input\":{\"@type\":\"PropertyValueSpecification\",\"valueRequired\":true,\"valueName\":\"search_term_string\"}}],\"inLanguage\":\"de-DE\"},{\"@type\":\"Organization\",\"@id\":\"https:\/\/sales-ai-agents.com\/#organization\",\"name\":\"FuseBase\",\"url\":\"https:\/\/sales-ai-agents.com\/\",\"logo\":{\"@type\":\"ImageObject\",\"inLanguage\":\"de-DE\",\"@id\":\"https:\/\/sales-ai-agents.com\/#\/schema\/logo\/image\/\",\"url\":\"https:\/\/sales-ai-agents.com\/wp-content\/uploads\/2023\/11\/icon-7.svg\",\"contentUrl\":\"https:\/\/sales-ai-agents.com\/wp-content\/uploads\/2023\/11\/icon-7.svg\",\"width\":128,\"height\":128,\"caption\":\"FuseBase\"},\"image\":{\"@id\":\"https:\/\/sales-ai-agents.com\/#\/schema\/logo\/image\/\"}}]}<\/script>\n<!-- \/ Yoast SEO plugin. -->","yoast_head_json":{"title":"Freigabe-Checkliste Vorlage - Sales AI Agents","description":"Eine Produktfreigabe kann eine aufregende Zeit f\u00fcr Ihr Team sein. Stellen Sie sicher, dass Sie mit dieser Vorlage f\u00fcr eine Freigabe-Checkliste alles abgedeckt haben.","robots":{"index":"index","follow":"follow","max-snippet":"max-snippet:-1","max-image-preview":"max-image-preview:large","max-video-preview":"max-video-preview:-1"},"canonical":"https:\/\/sales-ai-agents.com\/de\/templates\/release-checklist\/","og_locale":"de_DE","og_type":"article","og_title":"Freigabe-Checkliste Vorlage - Sales AI Agents","og_description":"Eine Produktfreigabe kann eine aufregende Zeit f\u00fcr Ihr Team sein. Stellen Sie sicher, dass Sie mit dieser Vorlage f\u00fcr eine Freigabe-Checkliste alles abgedeckt haben.","og_url":"https:\/\/sales-ai-agents.com\/de\/templates\/release-checklist\/","og_site_name":"Sales AI Agents","article_modified_time":"2023-12-26T14:59:16+00:00","og_image":[{"width":1700,"height":1100,"url":"https:\/\/sales-ai-agents.com\/wp-content\/uploads\/2022\/09\/Release-Checklist-Template.png","type":"image\/png"}],"twitter_card":"summary_large_image","schema":{"@context":"https:\/\/schema.org","@graph":[{"@type":"WebPage","@id":"https:\/\/sales-ai-agents.com\/de\/templates\/release-checklist\/","url":"https:\/\/sales-ai-agents.com\/de\/templates\/release-checklist\/","name":"Freigabe-Checkliste Vorlage - Sales AI Agents","isPartOf":{"@id":"https:\/\/sales-ai-agents.com\/#website"},"primaryImageOfPage":{"@id":"https:\/\/sales-ai-agents.com\/de\/templates\/release-checklist\/#primaryimage"},"image":{"@id":"https:\/\/sales-ai-agents.com\/de\/templates\/release-checklist\/#primaryimage"},"thumbnailUrl":"https:\/\/sales-ai-agents.com\/wp-content\/uploads\/2022\/09\/Release-Checklist-Template.png","datePublished":"2022-09-26T12:02:46+00:00","dateModified":"2023-12-26T14:59:16+00:00","description":"Eine Produktfreigabe kann eine aufregende Zeit f\u00fcr Ihr Team sein. Stellen Sie sicher, dass Sie mit dieser Vorlage f\u00fcr eine Freigabe-Checkliste alles abgedeckt haben.","inLanguage":"de-DE","potentialAction":[{"@type":"ReadAction","target":["https:\/\/sales-ai-agents.com\/de\/templates\/release-checklist\/"]}]},{"@type":"ImageObject","inLanguage":"de-DE","@id":"https:\/\/sales-ai-agents.com\/de\/templates\/release-checklist\/#primaryimage","url":"https:\/\/sales-ai-agents.com\/wp-content\/uploads\/2022\/09\/Release-Checklist-Template.png","contentUrl":"https:\/\/sales-ai-agents.com\/wp-content\/uploads\/2022\/09\/Release-Checklist-Template.png","width":1700,"height":1100,"caption":"Before you unveil your completed work, make sure you covered all with this release checklist template."},{"@type":"WebSite","@id":"https:\/\/sales-ai-agents.com\/#website","url":"https:\/\/sales-ai-agents.com\/","name":"FuseBase","description":"Nimbus Platform - Free Online Collaboration Software for Remote Teams. Build your wikis, client portals and more with the Nimbus Platform collaboration tool ? A perfect space for online work","publisher":{"@id":"https:\/\/sales-ai-agents.com\/#organization"},"potentialAction":[{"@type":"SearchAction","target":{"@type":"EntryPoint","urlTemplate":"https:\/\/sales-ai-agents.com\/?s={search_term_string}"},"query-input":{"@type":"PropertyValueSpecification","valueRequired":true,"valueName":"search_term_string"}}],"inLanguage":"de-DE"},{"@type":"Organization","@id":"https:\/\/sales-ai-agents.com\/#organization","name":"FuseBase","url":"https:\/\/sales-ai-agents.com\/","logo":{"@type":"ImageObject","inLanguage":"de-DE","@id":"https:\/\/sales-ai-agents.com\/#\/schema\/logo\/image\/","url":"https:\/\/sales-ai-agents.com\/wp-content\/uploads\/2023\/11\/icon-7.svg","contentUrl":"https:\/\/sales-ai-agents.com\/wp-content\/uploads\/2023\/11\/icon-7.svg","width":128,"height":128,"caption":"FuseBase"},"image":{"@id":"https:\/\/sales-ai-agents.com\/#\/schema\/logo\/image\/"}}]}},"_links":{"self":[{"href":"https:\/\/sales-ai-agents.com\/de\/wp-json\/wp\/v2\/product\/58035","targetHints":{"allow":["GET"]}}],"collection":[{"href":"https:\/\/sales-ai-agents.com\/de\/wp-json\/wp\/v2\/product"}],"about":[{"href":"https:\/\/sales-ai-agents.com\/de\/wp-json\/wp\/v2\/types\/product"}],"wp:featuredmedia":[{"embeddable":true,"href":"https:\/\/sales-ai-agents.com\/de\/wp-json\/wp\/v2\/media\/25671"}],"wp:attachment":[{"href":"https:\/\/sales-ai-agents.com\/de\/wp-json\/wp\/v2\/media?parent=58035"}],"wp:term":[{"taxonomy":"product_brand","embeddable":true,"href":"https:\/\/sales-ai-agents.com\/de\/wp-json\/wp\/v2\/product_brand?post=58035"},{"taxonomy":"product_cat","embeddable":true,"href":"https:\/\/sales-ai-agents.com\/de\/wp-json\/wp\/v2\/product_cat?post=58035"},{"taxonomy":"product_tag","embeddable":true,"href":"https:\/\/sales-ai-agents.com\/de\/wp-json\/wp\/v2\/product_tag?post=58035"}],"curies":[{"name":"wp","href":"https:\/\/api.w.org\/{rel}","templated":true}]}}