{"id":58038,"date":"2022-09-26T12:02:43","date_gmt":"2022-09-26T12:02:43","guid":{"rendered":"https:\/\/sales-ai-agents.com\/templates\/reading-list\/"},"modified":"2023-12-26T20:58:13","modified_gmt":"2023-12-26T20:58:13","slug":"reading-list","status":"publish","type":"product","link":"https:\/\/sales-ai-agents.com\/de\/templates\/reading-list\/","title":{"rendered":"Leseliste"},"content":{"rendered":"<p>&nbsp;<\/p>\n<h2>Vorlage Leseliste<\/h2>\n<p class=\"desc-text\">Bereiten Sie sich auf die Lesezeit vor! Machen Sie eine Liste mit allen B\u00fcchern, die Sie lesen m\u00f6chten. F\u00fcgen Sie f\u00fcr jeden Titel Daten und Bewertungen hinzu. Aktualisieren Sie Ihre Fortschritte und beobachten Sie, wie Ihre Liste w\u00e4chst!<\/p>\n<h5>Wie zu verwenden:<\/h5>\n<ul class=\"desc-item_list\">\n<li class=\"desc-item_list__point\">F\u00fcgen Sie den Namen und den Autor des Buches hinzu, das Sie lesen m\u00f6chten<\/li>\n<li class=\"desc-item_list__point\">Geben Sie den voraussichtlichen Starttermin an<\/li>\n<li class=\"desc-item_list__point\">Bewertungen nach Beendigung jedes Buches hinzuf\u00fcgen<\/li>\n<\/ul>\n","protected":false},"excerpt":{"rendered":"<p>Bereiten Sie sich auf die Lesezeit vor! Machen Sie eine Liste mit allen B\u00fcchern, die Sie lesen m\u00f6chten. F\u00fcgen Sie f\u00fcr jeden Titel Daten und Bewertungen hinzu. Aktualisieren Sie Ihre Fortschritte und beobachten Sie, wie Ihre Liste w\u00e4chst.<\/p>\n","protected":false},"featured_media":20728,"template":"","meta":{"_acf_changed":false,"inline_featured_image":false},"product_brand":[],"product_cat":[198,180,182,197],"product_tag":[],"class_list":{"0":"post-58038","1":"product","2":"type-product","3":"status-publish","4":"has-post-thumbnail","6":"product_cat-teacher","7":"product_cat-personal","8":"product_cat-personal-fun","9":"product_cat-student","11":"first","12":"instock","13":"virtual","14":"sold-individually","15":"product-type-simple"},"acf":[],"yoast_head":"<!-- This site is optimized with the Yoast SEO plugin v25.3.1 - https:\/\/yoast.com\/wordpress\/plugins\/seo\/ -->\n<title>Leseliste Vorlage - Sales AI Agents<\/title>\n<meta name=\"description\" content=\"Bereiten Sie sich auf die Lesezeit vor! Machen Sie eine Liste mit allen B\u00fcchern, die Sie lesen m\u00f6chten. F\u00fcgen Sie f\u00fcr jeden Titel Daten und Bewertungen hinzu. Aktualisieren Sie Ihre Fortschritte mit Nimbus!\" \/>\n<meta name=\"robots\" content=\"index, follow, max-snippet:-1, max-image-preview:large, max-video-preview:-1\" \/>\n<link rel=\"canonical\" href=\"https:\/\/sales-ai-agents.com\/de\/templates\/reading-list\/\" \/>\n<meta property=\"og:locale\" content=\"de_DE\" \/>\n<meta property=\"og:type\" content=\"article\" \/>\n<meta property=\"og:title\" content=\"Leseliste Vorlage - Sales AI Agents\" \/>\n<meta property=\"og:description\" content=\"Bereiten Sie sich auf die Lesezeit vor! Machen Sie eine Liste mit allen B\u00fcchern, die Sie lesen m\u00f6chten. F\u00fcgen Sie f\u00fcr jeden Titel Daten und Bewertungen hinzu. Aktualisieren Sie Ihre Fortschritte mit Nimbus!\" \/>\n<meta property=\"og:url\" content=\"https:\/\/sales-ai-agents.com\/de\/templates\/reading-list\/\" \/>\n<meta property=\"og:site_name\" content=\"Sales AI Agents\" \/>\n<meta property=\"article:modified_time\" content=\"2023-12-26T20:58:13+00:00\" \/>\n<meta property=\"og:image\" content=\"https:\/\/sales-ai-agents.com\/wp-content\/uploads\/2023\/01\/image-preview122527.png\" \/>\n\t<meta property=\"og:image:width\" content=\"1078\" \/>\n\t<meta property=\"og:image:height\" content=\"1028\" \/>\n\t<meta property=\"og:image:type\" content=\"image\/png\" \/>\n<meta name=\"twitter:card\" content=\"summary_large_image\" \/>\n<script type=\"application\/ld+json\" class=\"yoast-schema-graph\">{\"@context\":\"https:\/\/schema.org\",\"@graph\":[{\"@type\":\"WebPage\",\"@id\":\"https:\/\/sales-ai-agents.com\/de\/templates\/reading-list\/\",\"url\":\"https:\/\/sales-ai-agents.com\/de\/templates\/reading-list\/\",\"name\":\"Leseliste Vorlage - Sales AI Agents\",\"isPartOf\":{\"@id\":\"https:\/\/sales-ai-agents.com\/#website\"},\"primaryImageOfPage\":{\"@id\":\"https:\/\/sales-ai-agents.com\/de\/templates\/reading-list\/#primaryimage\"},\"image\":{\"@id\":\"https:\/\/sales-ai-agents.com\/de\/templates\/reading-list\/#primaryimage\"},\"thumbnailUrl\":\"https:\/\/sales-ai-agents.com\/wp-content\/uploads\/2023\/01\/image-preview122527.png\",\"datePublished\":\"2022-09-26T12:02:43+00:00\",\"dateModified\":\"2023-12-26T20:58:13+00:00\",\"description\":\"Bereiten Sie sich auf die Lesezeit vor! Machen Sie eine Liste mit allen B\u00fcchern, die Sie lesen m\u00f6chten. F\u00fcgen Sie f\u00fcr jeden Titel Daten und Bewertungen hinzu. Aktualisieren Sie Ihre Fortschritte mit Nimbus!\",\"inLanguage\":\"de-DE\",\"potentialAction\":[{\"@type\":\"ReadAction\",\"target\":[\"https:\/\/sales-ai-agents.com\/de\/templates\/reading-list\/\"]}]},{\"@type\":\"ImageObject\",\"inLanguage\":\"de-DE\",\"@id\":\"https:\/\/sales-ai-agents.com\/de\/templates\/reading-list\/#primaryimage\",\"url\":\"https:\/\/sales-ai-agents.com\/wp-content\/uploads\/2023\/01\/image-preview122527.png\",\"contentUrl\":\"https:\/\/sales-ai-agents.com\/wp-content\/uploads\/2023\/01\/image-preview122527.png\",\"width\":1078,\"height\":1028,\"caption\":\"Reading List Template - Nimbus Platform\"},{\"@type\":\"WebSite\",\"@id\":\"https:\/\/sales-ai-agents.com\/#website\",\"url\":\"https:\/\/sales-ai-agents.com\/\",\"name\":\"FuseBase\",\"description\":\"Nimbus Platform - Free Online Collaboration Software for Remote Teams. Build your wikis, client portals and more with the Nimbus Platform collaboration tool ? A perfect space for online work\",\"publisher\":{\"@id\":\"https:\/\/sales-ai-agents.com\/#organization\"},\"potentialAction\":[{\"@type\":\"SearchAction\",\"target\":{\"@type\":\"EntryPoint\",\"urlTemplate\":\"https:\/\/sales-ai-agents.com\/?s={search_term_string}\"},\"query-input\":{\"@type\":\"PropertyValueSpecification\",\"valueRequired\":true,\"valueName\":\"search_term_string\"}}],\"inLanguage\":\"de-DE\"},{\"@type\":\"Organization\",\"@id\":\"https:\/\/sales-ai-agents.com\/#organization\",\"name\":\"FuseBase\",\"url\":\"https:\/\/sales-ai-agents.com\/\",\"logo\":{\"@type\":\"ImageObject\",\"inLanguage\":\"de-DE\",\"@id\":\"https:\/\/sales-ai-agents.com\/#\/schema\/logo\/image\/\",\"url\":\"https:\/\/sales-ai-agents.com\/wp-content\/uploads\/2023\/11\/icon-7.svg\",\"contentUrl\":\"https:\/\/sales-ai-agents.com\/wp-content\/uploads\/2023\/11\/icon-7.svg\",\"width\":128,\"height\":128,\"caption\":\"FuseBase\"},\"image\":{\"@id\":\"https:\/\/sales-ai-agents.com\/#\/schema\/logo\/image\/\"}}]}<\/script>\n<!-- \/ Yoast SEO plugin. -->","yoast_head_json":{"title":"Leseliste Vorlage - Sales AI Agents","description":"Bereiten Sie sich auf die Lesezeit vor! Machen Sie eine Liste mit allen B\u00fcchern, die Sie lesen m\u00f6chten. F\u00fcgen Sie f\u00fcr jeden Titel Daten und Bewertungen hinzu. Aktualisieren Sie Ihre Fortschritte mit Nimbus!","robots":{"index":"index","follow":"follow","max-snippet":"max-snippet:-1","max-image-preview":"max-image-preview:large","max-video-preview":"max-video-preview:-1"},"canonical":"https:\/\/sales-ai-agents.com\/de\/templates\/reading-list\/","og_locale":"de_DE","og_type":"article","og_title":"Leseliste Vorlage - Sales AI Agents","og_description":"Bereiten Sie sich auf die Lesezeit vor! Machen Sie eine Liste mit allen B\u00fcchern, die Sie lesen m\u00f6chten. F\u00fcgen Sie f\u00fcr jeden Titel Daten und Bewertungen hinzu. Aktualisieren Sie Ihre Fortschritte mit Nimbus!","og_url":"https:\/\/sales-ai-agents.com\/de\/templates\/reading-list\/","og_site_name":"Sales AI Agents","article_modified_time":"2023-12-26T20:58:13+00:00","og_image":[{"width":1078,"height":1028,"url":"https:\/\/sales-ai-agents.com\/wp-content\/uploads\/2023\/01\/image-preview122527.png","type":"image\/png"}],"twitter_card":"summary_large_image","schema":{"@context":"https:\/\/schema.org","@graph":[{"@type":"WebPage","@id":"https:\/\/sales-ai-agents.com\/de\/templates\/reading-list\/","url":"https:\/\/sales-ai-agents.com\/de\/templates\/reading-list\/","name":"Leseliste Vorlage - Sales AI Agents","isPartOf":{"@id":"https:\/\/sales-ai-agents.com\/#website"},"primaryImageOfPage":{"@id":"https:\/\/sales-ai-agents.com\/de\/templates\/reading-list\/#primaryimage"},"image":{"@id":"https:\/\/sales-ai-agents.com\/de\/templates\/reading-list\/#primaryimage"},"thumbnailUrl":"https:\/\/sales-ai-agents.com\/wp-content\/uploads\/2023\/01\/image-preview122527.png","datePublished":"2022-09-26T12:02:43+00:00","dateModified":"2023-12-26T20:58:13+00:00","description":"Bereiten Sie sich auf die Lesezeit vor! Machen Sie eine Liste mit allen B\u00fcchern, die Sie lesen m\u00f6chten. F\u00fcgen Sie f\u00fcr jeden Titel Daten und Bewertungen hinzu. Aktualisieren Sie Ihre Fortschritte mit Nimbus!","inLanguage":"de-DE","potentialAction":[{"@type":"ReadAction","target":["https:\/\/sales-ai-agents.com\/de\/templates\/reading-list\/"]}]},{"@type":"ImageObject","inLanguage":"de-DE","@id":"https:\/\/sales-ai-agents.com\/de\/templates\/reading-list\/#primaryimage","url":"https:\/\/sales-ai-agents.com\/wp-content\/uploads\/2023\/01\/image-preview122527.png","contentUrl":"https:\/\/sales-ai-agents.com\/wp-content\/uploads\/2023\/01\/image-preview122527.png","width":1078,"height":1028,"caption":"Reading List Template - Nimbus Platform"},{"@type":"WebSite","@id":"https:\/\/sales-ai-agents.com\/#website","url":"https:\/\/sales-ai-agents.com\/","name":"FuseBase","description":"Nimbus Platform - Free Online Collaboration Software for Remote Teams. Build your wikis, client portals and more with the Nimbus Platform collaboration tool ? A perfect space for online work","publisher":{"@id":"https:\/\/sales-ai-agents.com\/#organization"},"potentialAction":[{"@type":"SearchAction","target":{"@type":"EntryPoint","urlTemplate":"https:\/\/sales-ai-agents.com\/?s={search_term_string}"},"query-input":{"@type":"PropertyValueSpecification","valueRequired":true,"valueName":"search_term_string"}}],"inLanguage":"de-DE"},{"@type":"Organization","@id":"https:\/\/sales-ai-agents.com\/#organization","name":"FuseBase","url":"https:\/\/sales-ai-agents.com\/","logo":{"@type":"ImageObject","inLanguage":"de-DE","@id":"https:\/\/sales-ai-agents.com\/#\/schema\/logo\/image\/","url":"https:\/\/sales-ai-agents.com\/wp-content\/uploads\/2023\/11\/icon-7.svg","contentUrl":"https:\/\/sales-ai-agents.com\/wp-content\/uploads\/2023\/11\/icon-7.svg","width":128,"height":128,"caption":"FuseBase"},"image":{"@id":"https:\/\/sales-ai-agents.com\/#\/schema\/logo\/image\/"}}]}},"_links":{"self":[{"href":"https:\/\/sales-ai-agents.com\/de\/wp-json\/wp\/v2\/product\/58038","targetHints":{"allow":["GET"]}}],"collection":[{"href":"https:\/\/sales-ai-agents.com\/de\/wp-json\/wp\/v2\/product"}],"about":[{"href":"https:\/\/sales-ai-agents.com\/de\/wp-json\/wp\/v2\/types\/product"}],"wp:featuredmedia":[{"embeddable":true,"href":"https:\/\/sales-ai-agents.com\/de\/wp-json\/wp\/v2\/media\/20728"}],"wp:attachment":[{"href":"https:\/\/sales-ai-agents.com\/de\/wp-json\/wp\/v2\/media?parent=58038"}],"wp:term":[{"taxonomy":"product_brand","embeddable":true,"href":"https:\/\/sales-ai-agents.com\/de\/wp-json\/wp\/v2\/product_brand?post=58038"},{"taxonomy":"product_cat","embeddable":true,"href":"https:\/\/sales-ai-agents.com\/de\/wp-json\/wp\/v2\/product_cat?post=58038"},{"taxonomy":"product_tag","embeddable":true,"href":"https:\/\/sales-ai-agents.com\/de\/wp-json\/wp\/v2\/product_tag?post=58038"}],"curies":[{"name":"wp","href":"https:\/\/api.w.org\/{rel}","templated":true}]}}