{"id":58046,"date":"2022-09-26T12:02:37","date_gmt":"2022-09-26T12:02:37","guid":{"rendered":"https:\/\/sales-ai-agents.com\/templates\/performance-reports\/"},"modified":"2023-12-27T14:31:09","modified_gmt":"2023-12-27T14:31:09","slug":"performance-reports","status":"publish","type":"product","link":"https:\/\/sales-ai-agents.com\/de\/templates\/performance-reports\/","title":{"rendered":"Leistungsberichte"},"content":{"rendered":"<p>&nbsp;<\/p>\n<h2>Vorlage f\u00fcr Leistungsberichte<\/h2>\n<p class=\"desc-text\">Leistungsberichte helfen den Mitarbeitern zu verstehen, was sie gut machen und was sie verbessern m\u00fcssen. Diese Vorlage f\u00fcr Leistungsberichte kann Ihnen und Ihrem Team helfen, Ihre Bewertungen zu standardisieren. Mit dieser Vorlage k\u00f6nnen Sie Bereiche wie Qualit\u00e4t, Quantit\u00e4t und Wissen bewerten. Schaffen Sie ein strukturiertes Verfahren zur Beurteilung Ihrer Mitarbeiter, damit sich jeder auf Verbesserungen und Produktivit\u00e4t konzentrieren kann.<\/p>\n<h5>Wie zu verwenden:<\/h5>\n<ul class=\"desc-item_list\">\n<li class=\"desc-item_list__point\">Informationen \u00fcber den Mitarbeiter hinzuf\u00fcgen<\/li>\n<li class=\"desc-item_list__point\">Rate f\u00fcr jede Kategorie<\/li>\n<li class=\"desc-item_list__point\">K\u00e4stchen zur Angabe der Leistung<\/li>\n<li class=\"desc-item_list__point\">Kommentare in das Textfeld eingeben<\/li>\n<li class=\"desc-item_list__point\">Austausch und Diskussion mit Mitgliedern<\/li>\n<\/ul>\n","protected":false},"excerpt":{"rendered":"<p>Diese Vorlage f\u00fcr Leistungsberichte kann Ihnen und Ihrem Team helfen, Bewertungen zu standardisieren. Damit k\u00f6nnen Sie Bereiche wie Qualit\u00e4t, Quantit\u00e4t und Wissen bewerten.<\/p>\n","protected":false},"featured_media":20736,"template":"","meta":{"_acf_changed":false,"inline_featured_image":false},"product_brand":[],"product_cat":[178],"product_tag":[],"class_list":{"0":"post-58046","1":"product","2":"type-product","3":"status-publish","4":"has-post-thumbnail","6":"product_cat-operations-hr","8":"first","9":"instock","10":"virtual","11":"sold-individually","12":"product-type-simple"},"acf":[],"yoast_head":"<!-- This site is optimized with the Yoast SEO plugin v25.3.1 - https:\/\/yoast.com\/wordpress\/plugins\/seo\/ -->\n<title>Vorlage f\u00fcr Leistungsberichte - Sales AI Agents<\/title>\n<meta name=\"description\" content=\"Diese Vorlage f\u00fcr Leistungsberichte kann Ihnen und Ihrem Team helfen, Bewertungen zu standardisieren. Damit k\u00f6nnen Sie Bereiche wie Qualit\u00e4t, Quantit\u00e4t und Wissen bewerten.\" \/>\n<meta name=\"robots\" content=\"index, follow, max-snippet:-1, max-image-preview:large, max-video-preview:-1\" \/>\n<link rel=\"canonical\" href=\"https:\/\/sales-ai-agents.com\/de\/templates\/performance-reports\/\" \/>\n<meta property=\"og:locale\" content=\"de_DE\" \/>\n<meta property=\"og:type\" content=\"article\" \/>\n<meta property=\"og:title\" content=\"Vorlage f\u00fcr Leistungsberichte - Sales AI Agents\" \/>\n<meta property=\"og:description\" content=\"Diese Vorlage f\u00fcr Leistungsberichte kann Ihnen und Ihrem Team helfen, Bewertungen zu standardisieren. Damit k\u00f6nnen Sie Bereiche wie Qualit\u00e4t, Quantit\u00e4t und Wissen bewerten.\" \/>\n<meta property=\"og:url\" content=\"https:\/\/sales-ai-agents.com\/de\/templates\/performance-reports\/\" \/>\n<meta property=\"og:site_name\" content=\"Sales AI Agents\" \/>\n<meta property=\"article:modified_time\" content=\"2023-12-27T14:31:09+00:00\" \/>\n<meta property=\"og:image\" content=\"https:\/\/sales-ai-agents.com\/wp-content\/uploads\/2023\/01\/image-preview122614.png\" \/>\n\t<meta property=\"og:image:width\" content=\"1078\" \/>\n\t<meta property=\"og:image:height\" content=\"2085\" \/>\n\t<meta property=\"og:image:type\" content=\"image\/png\" \/>\n<meta name=\"twitter:card\" content=\"summary_large_image\" \/>\n<script type=\"application\/ld+json\" class=\"yoast-schema-graph\">{\"@context\":\"https:\/\/schema.org\",\"@graph\":[{\"@type\":\"WebPage\",\"@id\":\"https:\/\/sales-ai-agents.com\/de\/templates\/performance-reports\/\",\"url\":\"https:\/\/sales-ai-agents.com\/de\/templates\/performance-reports\/\",\"name\":\"Vorlage f\u00fcr Leistungsberichte - Sales AI Agents\",\"isPartOf\":{\"@id\":\"https:\/\/sales-ai-agents.com\/#website\"},\"primaryImageOfPage\":{\"@id\":\"https:\/\/sales-ai-agents.com\/de\/templates\/performance-reports\/#primaryimage\"},\"image\":{\"@id\":\"https:\/\/sales-ai-agents.com\/de\/templates\/performance-reports\/#primaryimage\"},\"thumbnailUrl\":\"https:\/\/sales-ai-agents.com\/wp-content\/uploads\/2023\/01\/image-preview122614.png\",\"datePublished\":\"2022-09-26T12:02:37+00:00\",\"dateModified\":\"2023-12-27T14:31:09+00:00\",\"description\":\"Diese Vorlage f\u00fcr Leistungsberichte kann Ihnen und Ihrem Team helfen, Bewertungen zu standardisieren. Damit k\u00f6nnen Sie Bereiche wie Qualit\u00e4t, Quantit\u00e4t und Wissen bewerten.\",\"inLanguage\":\"de-DE\",\"potentialAction\":[{\"@type\":\"ReadAction\",\"target\":[\"https:\/\/sales-ai-agents.com\/de\/templates\/performance-reports\/\"]}]},{\"@type\":\"ImageObject\",\"inLanguage\":\"de-DE\",\"@id\":\"https:\/\/sales-ai-agents.com\/de\/templates\/performance-reports\/#primaryimage\",\"url\":\"https:\/\/sales-ai-agents.com\/wp-content\/uploads\/2023\/01\/image-preview122614.png\",\"contentUrl\":\"https:\/\/sales-ai-agents.com\/wp-content\/uploads\/2023\/01\/image-preview122614.png\",\"width\":1078,\"height\":2085,\"caption\":\"Performance Reports Template - Nimbus Platform\"},{\"@type\":\"WebSite\",\"@id\":\"https:\/\/sales-ai-agents.com\/#website\",\"url\":\"https:\/\/sales-ai-agents.com\/\",\"name\":\"FuseBase\",\"description\":\"Nimbus Platform - Free Online Collaboration Software for Remote Teams. Build your wikis, client portals and more with the Nimbus Platform collaboration tool ? A perfect space for online work\",\"publisher\":{\"@id\":\"https:\/\/sales-ai-agents.com\/#organization\"},\"potentialAction\":[{\"@type\":\"SearchAction\",\"target\":{\"@type\":\"EntryPoint\",\"urlTemplate\":\"https:\/\/sales-ai-agents.com\/?s={search_term_string}\"},\"query-input\":{\"@type\":\"PropertyValueSpecification\",\"valueRequired\":true,\"valueName\":\"search_term_string\"}}],\"inLanguage\":\"de-DE\"},{\"@type\":\"Organization\",\"@id\":\"https:\/\/sales-ai-agents.com\/#organization\",\"name\":\"FuseBase\",\"url\":\"https:\/\/sales-ai-agents.com\/\",\"logo\":{\"@type\":\"ImageObject\",\"inLanguage\":\"de-DE\",\"@id\":\"https:\/\/sales-ai-agents.com\/#\/schema\/logo\/image\/\",\"url\":\"https:\/\/sales-ai-agents.com\/wp-content\/uploads\/2023\/11\/icon-7.svg\",\"contentUrl\":\"https:\/\/sales-ai-agents.com\/wp-content\/uploads\/2023\/11\/icon-7.svg\",\"width\":128,\"height\":128,\"caption\":\"FuseBase\"},\"image\":{\"@id\":\"https:\/\/sales-ai-agents.com\/#\/schema\/logo\/image\/\"}}]}<\/script>\n<!-- \/ Yoast SEO plugin. -->","yoast_head_json":{"title":"Vorlage f\u00fcr Leistungsberichte - Sales AI Agents","description":"Diese Vorlage f\u00fcr Leistungsberichte kann Ihnen und Ihrem Team helfen, Bewertungen zu standardisieren. Damit k\u00f6nnen Sie Bereiche wie Qualit\u00e4t, Quantit\u00e4t und Wissen bewerten.","robots":{"index":"index","follow":"follow","max-snippet":"max-snippet:-1","max-image-preview":"max-image-preview:large","max-video-preview":"max-video-preview:-1"},"canonical":"https:\/\/sales-ai-agents.com\/de\/templates\/performance-reports\/","og_locale":"de_DE","og_type":"article","og_title":"Vorlage f\u00fcr Leistungsberichte - Sales AI Agents","og_description":"Diese Vorlage f\u00fcr Leistungsberichte kann Ihnen und Ihrem Team helfen, Bewertungen zu standardisieren. Damit k\u00f6nnen Sie Bereiche wie Qualit\u00e4t, Quantit\u00e4t und Wissen bewerten.","og_url":"https:\/\/sales-ai-agents.com\/de\/templates\/performance-reports\/","og_site_name":"Sales AI Agents","article_modified_time":"2023-12-27T14:31:09+00:00","og_image":[{"width":1078,"height":2085,"url":"https:\/\/sales-ai-agents.com\/wp-content\/uploads\/2023\/01\/image-preview122614.png","type":"image\/png"}],"twitter_card":"summary_large_image","schema":{"@context":"https:\/\/schema.org","@graph":[{"@type":"WebPage","@id":"https:\/\/sales-ai-agents.com\/de\/templates\/performance-reports\/","url":"https:\/\/sales-ai-agents.com\/de\/templates\/performance-reports\/","name":"Vorlage f\u00fcr Leistungsberichte - Sales AI Agents","isPartOf":{"@id":"https:\/\/sales-ai-agents.com\/#website"},"primaryImageOfPage":{"@id":"https:\/\/sales-ai-agents.com\/de\/templates\/performance-reports\/#primaryimage"},"image":{"@id":"https:\/\/sales-ai-agents.com\/de\/templates\/performance-reports\/#primaryimage"},"thumbnailUrl":"https:\/\/sales-ai-agents.com\/wp-content\/uploads\/2023\/01\/image-preview122614.png","datePublished":"2022-09-26T12:02:37+00:00","dateModified":"2023-12-27T14:31:09+00:00","description":"Diese Vorlage f\u00fcr Leistungsberichte kann Ihnen und Ihrem Team helfen, Bewertungen zu standardisieren. Damit k\u00f6nnen Sie Bereiche wie Qualit\u00e4t, Quantit\u00e4t und Wissen bewerten.","inLanguage":"de-DE","potentialAction":[{"@type":"ReadAction","target":["https:\/\/sales-ai-agents.com\/de\/templates\/performance-reports\/"]}]},{"@type":"ImageObject","inLanguage":"de-DE","@id":"https:\/\/sales-ai-agents.com\/de\/templates\/performance-reports\/#primaryimage","url":"https:\/\/sales-ai-agents.com\/wp-content\/uploads\/2023\/01\/image-preview122614.png","contentUrl":"https:\/\/sales-ai-agents.com\/wp-content\/uploads\/2023\/01\/image-preview122614.png","width":1078,"height":2085,"caption":"Performance Reports Template - Nimbus Platform"},{"@type":"WebSite","@id":"https:\/\/sales-ai-agents.com\/#website","url":"https:\/\/sales-ai-agents.com\/","name":"FuseBase","description":"Nimbus Platform - Free Online Collaboration Software for Remote Teams. Build your wikis, client portals and more with the Nimbus Platform collaboration tool ? A perfect space for online work","publisher":{"@id":"https:\/\/sales-ai-agents.com\/#organization"},"potentialAction":[{"@type":"SearchAction","target":{"@type":"EntryPoint","urlTemplate":"https:\/\/sales-ai-agents.com\/?s={search_term_string}"},"query-input":{"@type":"PropertyValueSpecification","valueRequired":true,"valueName":"search_term_string"}}],"inLanguage":"de-DE"},{"@type":"Organization","@id":"https:\/\/sales-ai-agents.com\/#organization","name":"FuseBase","url":"https:\/\/sales-ai-agents.com\/","logo":{"@type":"ImageObject","inLanguage":"de-DE","@id":"https:\/\/sales-ai-agents.com\/#\/schema\/logo\/image\/","url":"https:\/\/sales-ai-agents.com\/wp-content\/uploads\/2023\/11\/icon-7.svg","contentUrl":"https:\/\/sales-ai-agents.com\/wp-content\/uploads\/2023\/11\/icon-7.svg","width":128,"height":128,"caption":"FuseBase"},"image":{"@id":"https:\/\/sales-ai-agents.com\/#\/schema\/logo\/image\/"}}]}},"_links":{"self":[{"href":"https:\/\/sales-ai-agents.com\/de\/wp-json\/wp\/v2\/product\/58046","targetHints":{"allow":["GET"]}}],"collection":[{"href":"https:\/\/sales-ai-agents.com\/de\/wp-json\/wp\/v2\/product"}],"about":[{"href":"https:\/\/sales-ai-agents.com\/de\/wp-json\/wp\/v2\/types\/product"}],"wp:featuredmedia":[{"embeddable":true,"href":"https:\/\/sales-ai-agents.com\/de\/wp-json\/wp\/v2\/media\/20736"}],"wp:attachment":[{"href":"https:\/\/sales-ai-agents.com\/de\/wp-json\/wp\/v2\/media?parent=58046"}],"wp:term":[{"taxonomy":"product_brand","embeddable":true,"href":"https:\/\/sales-ai-agents.com\/de\/wp-json\/wp\/v2\/product_brand?post=58046"},{"taxonomy":"product_cat","embeddable":true,"href":"https:\/\/sales-ai-agents.com\/de\/wp-json\/wp\/v2\/product_cat?post=58046"},{"taxonomy":"product_tag","embeddable":true,"href":"https:\/\/sales-ai-agents.com\/de\/wp-json\/wp\/v2\/product_tag?post=58046"}],"curies":[{"name":"wp","href":"https:\/\/api.w.org\/{rel}","templated":true}]}}