{"id":58049,"date":"2022-09-26T11:58:53","date_gmt":"2022-09-26T11:58:53","guid":{"rendered":"https:\/\/sales-ai-agents.com\/templates\/social-media-calendar\/"},"modified":"2023-12-27T15:54:45","modified_gmt":"2023-12-27T15:54:45","slug":"social-media-calendar","status":"publish","type":"product","link":"https:\/\/sales-ai-agents.com\/de\/templates\/social-media-calendar\/","title":{"rendered":"Kalender f\u00fcr soziale Medien"},"content":{"rendered":"<p>&nbsp;<\/p>\n<h2>Social Media Kalender Vorlage<\/h2>\n<p class=\"desc-text\">Die Verwaltung sozialer Medien erfordert gute organisatorische F\u00e4higkeiten. Anstatt sich auf verschiedene Tabellenkalkulationen zu verlassen, k\u00f6nnen Sie mit unserem Kalender f\u00fcr soziale Medien Ihre Arbeit an einem Ort verfolgen. Nutzen Sie unseren Kalender, um alle Ihre Beitr\u00e4ge zu planen. Visualisieren Sie Ihre Content-Strategie \u00fcber mehrere Wochen hinweg und planen Sie effektiv Ihre zuk\u00fcnftigen Beitr\u00e4ge. Diese anpassbare Vorlage enth\u00e4lt Tabellen f\u00fcr jede Woche und Zeilen f\u00fcr soziale Medienkan\u00e4le. Sie k\u00f6nnen die Vorlage auch beliebig oft wiederverwenden.<\/p>\n<h5>Was ist eine Social Media Kalender Vorlage?<\/h5>\n<p>Die Inhalts\u00fcbersicht des Kalenders ist ein Planer, in den Sie t\u00e4glich, w\u00f6chentlich, monatlich und j\u00e4hrlich Eingaben f\u00fcr anstehende Ereignisse eingeben und die Aufgabe gem\u00e4\u00df dem Zeitplan ausf\u00fchren k\u00f6nnen. Der Kalender f\u00fcr Inhaltsformate ist ideal f\u00fcr Ausf\u00fchrungsmanager, um den Ablauf des Auftrags und das Datum der Ver\u00f6ffentlichung oder Ausf\u00fchrung zu \u00fcberwachen.<\/p>\n<p>Die Inhaltsvorlage f\u00fcr den Redaktionskalender ist ein ideales Instrument f\u00fcr Marketingexperten, Verantwortliche f\u00fcr politische Ma\u00dfnahmen, Veranstaltungsplaner und alle anderen T\u00e4tigkeitsbereiche, in denen der Output regelm\u00e4\u00dfig \u00fcberwacht werden muss. Der Inhaltsvorlagenkalender hilft Menschen, Managern, Verwaltern und sogar Hausfrauen bei der Planung und Vorbereitung von Ereignissen.<\/p>\n<p>Im Publikationsbereich hat der Kalender f\u00fcr Inhaltsvorlagen eine Vielzahl von Anwendungen. Wenn die zu ver\u00f6ffentlichenden Inhalte zu einem bestimmten Termin ver\u00f6ffentlicht werden m\u00fcssen, hilft ein Inhaltsdiagramm bei der \u00dcberwachung der geplanten Ver\u00f6ffentlichung. Die Inhaltsstrategie kann auch dabei helfen, den Arbeitsfortschritt im Voraus zu \u00fcberwachen und Ihr Team mit den Inhalten zu versorgen, die zum geplanten Termin ver\u00f6ffentlicht werden sollen.<\/p>\n<p>Eine Inhaltsagenda kann in digitalem Format, in Papierform oder als Cloud-Dokument vorliegen. Es kann den geplanten Plan t\u00e4glich, w\u00f6chentlich, monatlich, j\u00e4hrlich oder sogar st\u00fcndlich \u00fcberwachen, je nach Komplexit\u00e4t des Projekts.<\/p>\n<p>Wenn die Anwendung &#8222;Content Chart&#8220; bei der Einf\u00fchrung eines Literaturauftrags verwendet wird, k\u00f6nnen das Team und die Verleger mit Hilfe der Tabelle die Vorbereitung der Einf\u00fchrung t\u00e4glich, w\u00f6chentlich und monatlich planen. Die Inhalts\u00fcbersicht kann also je nach Art des Projekts auch auf Makroebene eingesetzt werden. Das Ergebnis wird eine wirksame \u00dcberwachung und rechtzeitige Durchf\u00fchrung des Projekts sein.<\/p>\n<h5>Wie funktioniert ein Social Media Kalender?<\/h5>\n<p>Wie eine Inhaltsstrategie funktioniert, h\u00e4ngt von der Komplexit\u00e4t des Projekts und der Art und Weise ab, wie Sie den Auftrag ausf\u00fchren wollen. Die Kopie des Inhaltsverzeichnisses kann Ihnen helfen, das Datum der Projektabgabe zu \u00fcberwachen, die Details der Projektausf\u00fchrung zu analysieren und die Mitarbeiter zu mobilisieren, um die Projektfrist einzuhalten. Die Kopiervorlage f\u00fcr die Inhaltsstrategie unterst\u00fctzt den Projektleiter bei der Planung des Liefer- bzw. Beauftragungstermins und sorgt f\u00fcr eine systematische Organisation der Dinge.<\/p>\n<p>Ein Kalender f\u00fcr die Produktion von Inhalten hilft bei der Ver\u00f6ffentlichung von Inhalten zum geplanten Termin, bei der \u00dcberwachung der Vorbereitung sowie bei der Frage, wann und wo das Dokument ver\u00f6ffentlicht werden muss. Der Inhaltsvorlagen-Kalender wirkt wie ein Planer und erm\u00f6glicht es Ihnen und Ihrem Team, die Veranstaltungen ordnungsgem\u00e4\u00df und systematisch zu organisieren und vorzubereiten.<\/p>\n<p>Der Inhaltsplaner wird \u00fcber Funktionen verf\u00fcgen, die anstehende Veranstaltungen, Werbeaktivit\u00e4ten, geplante Ver\u00f6ffentlichungstermine, regelm\u00e4\u00dfige Aktualisierungen usw. enthalten. All diese Informationen, wenn sie in einen Inhaltsplaner aufgenommen werden, helfen dem Organisator, die Dinge richtig zu planen.<\/p>\n<h5>Wer sollte eine Kalendervorlage f\u00fcr soziale Medien verwenden?<\/h5>\n<p>Jeder, der das Ver\u00f6ffentlichungsmaterial kontrolliert oder organisiert, sollte einen Redaktionsplan f\u00fcr die Produktion von Inhalten verwenden, um eine bessere Systematik zu erreichen, die f\u00fcr ein gew\u00f6hnliches kleines Unternehmen ideal ist. Der Kalender der Inhaltsagenda bezieht sich auf die Verleger. Bei dem Ver\u00f6ffentlichungsmaterial kann es sich um alles M\u00f6gliche handeln, wie Blogs, Pressemitteilungen, E-Mail-Newsletter, Medienver\u00f6ffentlichungen, Beitr\u00e4ge in sozialen Medien, Zeitschriftenver\u00f6ffentlichungen, Druckmaterialien usw.<\/p>\n<p>Die Web-Content-Produktionstabelle kann sich entwickeln, die den spezifischen Anforderungen entspricht und entsprechend strukturiert ist. Ihre Teams k\u00f6nnen einen Web-Content-Chart-Kalender in Datums- oder Tagesreihenfolge mit den f\u00fcr die reibungslose Ver\u00f6ffentlichung der Inhalte erforderlichen Informationen erstellen. Wenn es um Ver\u00f6ffentlichungen geht, sollten Datum und Uhrzeit der Ver\u00f6ffentlichung, die Art des Web-Content-Kalenders, der Titel und die f\u00fcr die Ver\u00f6ffentlichung ausgew\u00e4hlten Medien in der Inhalts\u00fcbersicht ver\u00f6ffentlicht werden.<\/p>\n<h5>Warum sind Social-Media-Kalender wichtig?<\/h5>\n<p>Ein Content-Kalender ist unverzichtbar, denn er hilft Ihnen und Ihren Teams, die Erstellung und Ver\u00f6ffentlichung von Inhalten rechtzeitig zu \u00fcberwachen, zu organisieren und umzusetzen, und eignet sich auch f\u00fcr kleine Unternehmen. Mit Hilfe des Gleisinhaltsplans k\u00f6nnen Sie Dinge f\u00fcr kommende Ereignisse planen. So vermeiden Sie Hektik in letzter Minute und haben gen\u00fcgend Zeit, den Inhalt vor der Ver\u00f6ffentlichung zu korrigieren, zu bearbeiten und abzustimmen.<\/p>\n<p>Mit Hilfe eines Kalenders f\u00fcr die Inhalts\u00fcbersicht k\u00f6nnen Sie und Ihre Teams den Ver\u00f6ffentlichungszeitpunkt und die Art und Weise, wie die Inhalte ver\u00f6ffentlicht werden sollen, besprechen. Da der Zeitpunkt der Ver\u00f6ffentlichung von entscheidender Bedeutung ist, k\u00f6nnen Sie mit Hilfe einer Tabelle zur Erstellung von Inhalten die Dinge f\u00fcr ein gew\u00f6hnliches Kleinunternehmen organisieren.<\/p>\n<p>Ein Redaktionskalender f\u00fcr die Inhaltsvorlage hilft Ihnen, die Fristen f\u00fcr die Anforderungen der Unternehmensf\u00f6rderung richtig zu planen und geeignete Vereinbarungen mit den Marketingkan\u00e4len zu treffen. Wenn Sie einen Kalender f\u00fcr Marketing- und Social-Media-Ver\u00f6ffentlichungen verwenden, legen Sie Priorit\u00e4ten f\u00fcr die zu erledigenden Termine fest und aktualisieren Sie ihn regelm\u00e4\u00dfig. Planen Sie au\u00dferdem die Beitr\u00e4ge in den sozialen Medien im Voraus und planen Sie die Ver\u00f6ffentlichung systematisch.<\/p>\n<h5>Vorteile einer Social Media Kalender Vorlage<\/h5>\n<p>Die Verwendung einer Tabelle zur Erstellung von Inhalten bietet viele Vorteile f\u00fcr das Marketing und die Verwaltung von Werbeaktionen. Der erste von vielen Vorteilen ist, dass Sie die Fristen einhalten und sich keine Sorgen mehr machen m\u00fcssen. Die Kalendervorlage f\u00fcr die Inhalts\u00fcbersicht hilft den Inhaltsmanagern und -eigent\u00fcmern dabei, die Aufgabe unter ihren Kollegen mit einem geplanten Liefertermin zu verteilen, wobei gen\u00fcgend Spielraum f\u00fcr die endg\u00fcltige Lieferung bleibt. Auf diese Weise haben Sie gen\u00fcgend Zeit, um den Inhalt der Ver\u00f6ffentlichung nach der \u00dcberarbeitung, dem Lektorat und dem Korrekturlesen fertigzustellen.<\/p>\n<p>Ein gut recherchierter Inhalt kann die Botschaft an das Zielpublikum weitergeben, was zu einem besseren ROI f\u00fchrt. Mit einem geeigneten Kalender f\u00fcr die Planung von Inhalten k\u00f6nnen die Eigent\u00fcmer die personellen Ressourcen kontrollieren, die f\u00fcr die Fertigstellung des Kalenders f\u00fcr das Inhaltsformat erforderlich sind, und dementsprechend k\u00f6nnen Sie Ihre Planung strategisch ausrichten.<\/p>\n<h5>Schlussfolgerung:<\/h5>\n<p>Am Ende des Tages f\u00fchlen Sie sich sehr sicher, weil Sie das Projekt mit Hilfe eines Inhaltsplaners vollst\u00e4ndig unter Kontrolle haben. Die Kalendervorlage hilft Ihnen, den Arbeitsfortschritt zusammenzufassen. Bis zum Ver\u00f6ffentlichungsdatum des Inhalts stehen den Eigent\u00fcmern alle Informationen \u00fcber den Kalender des Inhaltsformats t\u00e4glich, w\u00f6chentlich oder monatlich zur Verf\u00fcgung.<\/p>\n<p>Die Verwendung eines Kalenders f\u00fcr die Inhalts\u00fcbersicht erleichtert die Vorbereitung einer solchen. Sie k\u00f6nnen sich auch f\u00fcr einen bearbeitbaren Kalender f\u00fcr die Erstellung von Inhalten entscheiden, mit dem Sie \u00c4nderungen entsprechend den Projektanforderungen vornehmen k\u00f6nnen. Der Vorteil eines Inhaltsplaners ist, dass Sie mit der Inhaltsvorlage Kalender alle Informationen an einem Ort haben. Der Kalender funktioniert wie eine Zusammenfassung und hilft Ihnen, das Projekt effektiv zu \u00fcberwachen.<\/p>\n<p>&nbsp;<\/p>\n","protected":false},"excerpt":{"rendered":"<p>Die Social-Media-Kalendervorlage ist ein n\u00fctzlicher und effektiver digitaler Organizer f\u00fcr die systematische Planung, Ausf\u00fchrung und Durchf\u00fchrung von Aktivit\u00e4ten gem\u00e4\u00df dem Zeitplan von Ereignissen und Priorit\u00e4ten. Der Kalender f\u00fcr die Inhalts\u00fcbersicht hilft Ihnen bei der Planung im Voraus und sorgt f\u00fcr Ordnung.<\/p>\n","protected":false},"featured_media":26340,"template":"","meta":{"_acf_changed":false,"inline_featured_image":false},"product_brand":[],"product_cat":[171,175,179],"product_tag":[],"class_list":{"0":"post-58049","1":"product","2":"type-product","3":"status-publish","4":"has-post-thumbnail","6":"product_cat-marketing","7":"product_cat-marketing-content","8":"product_cat-organizers-planners","10":"first","11":"instock","12":"virtual","13":"sold-individually","14":"product-type-simple"},"acf":[],"yoast_head":"<!-- This site is optimized with the Yoast SEO plugin v25.3.1 - https:\/\/yoast.com\/wordpress\/plugins\/seo\/ -->\n<title>Social Media Kalender Vorlage - Sales AI Agents<\/title>\n<meta name=\"description\" content=\"Die Verwaltung sozialer Medien erfordert gute organisatorische F\u00e4higkeiten. Nutzen Sie unseren Kalender f\u00fcr soziale Medien, um Ihre Arbeit an einem Ort zu verfolgen und alle Ihre Beitr\u00e4ge zu planen.\" \/>\n<meta name=\"robots\" content=\"index, follow, max-snippet:-1, max-image-preview:large, max-video-preview:-1\" \/>\n<link rel=\"canonical\" href=\"https:\/\/sales-ai-agents.com\/de\/templates\/social-media-calendar\/\" \/>\n<meta property=\"og:locale\" content=\"de_DE\" \/>\n<meta property=\"og:type\" content=\"article\" \/>\n<meta property=\"og:title\" content=\"Social Media Kalender Vorlage - Sales AI Agents\" \/>\n<meta property=\"og:description\" content=\"Die Verwaltung sozialer Medien erfordert gute organisatorische F\u00e4higkeiten. Nutzen Sie unseren Kalender f\u00fcr soziale Medien, um Ihre Arbeit an einem Ort zu verfolgen und alle Ihre Beitr\u00e4ge zu planen.\" \/>\n<meta property=\"og:url\" content=\"https:\/\/sales-ai-agents.com\/de\/templates\/social-media-calendar\/\" \/>\n<meta property=\"og:site_name\" content=\"Sales AI Agents\" \/>\n<meta property=\"article:modified_time\" content=\"2023-12-27T15:54:45+00:00\" \/>\n<meta property=\"og:image\" content=\"https:\/\/sales-ai-agents.com\/wp-content\/uploads\/2022\/09\/Social-Media-Calendar-Template.png\" \/>\n\t<meta property=\"og:image:width\" content=\"1700\" \/>\n\t<meta property=\"og:image:height\" content=\"1100\" \/>\n\t<meta property=\"og:image:type\" content=\"image\/png\" \/>\n<meta name=\"twitter:card\" content=\"summary_large_image\" \/>\n<script type=\"application\/ld+json\" class=\"yoast-schema-graph\">{\"@context\":\"https:\/\/schema.org\",\"@graph\":[{\"@type\":\"WebPage\",\"@id\":\"https:\/\/sales-ai-agents.com\/de\/templates\/social-media-calendar\/\",\"url\":\"https:\/\/sales-ai-agents.com\/de\/templates\/social-media-calendar\/\",\"name\":\"Social Media Kalender Vorlage - Sales AI Agents\",\"isPartOf\":{\"@id\":\"https:\/\/sales-ai-agents.com\/#website\"},\"primaryImageOfPage\":{\"@id\":\"https:\/\/sales-ai-agents.com\/de\/templates\/social-media-calendar\/#primaryimage\"},\"image\":{\"@id\":\"https:\/\/sales-ai-agents.com\/de\/templates\/social-media-calendar\/#primaryimage\"},\"thumbnailUrl\":\"https:\/\/sales-ai-agents.com\/wp-content\/uploads\/2022\/09\/Social-Media-Calendar-Template.png\",\"datePublished\":\"2022-09-26T11:58:53+00:00\",\"dateModified\":\"2023-12-27T15:54:45+00:00\",\"description\":\"Die Verwaltung sozialer Medien erfordert gute organisatorische F\u00e4higkeiten. Nutzen Sie unseren Kalender f\u00fcr soziale Medien, um Ihre Arbeit an einem Ort zu verfolgen und alle Ihre Beitr\u00e4ge zu planen.\",\"inLanguage\":\"de-DE\",\"potentialAction\":[{\"@type\":\"ReadAction\",\"target\":[\"https:\/\/sales-ai-agents.com\/de\/templates\/social-media-calendar\/\"]}]},{\"@type\":\"ImageObject\",\"inLanguage\":\"de-DE\",\"@id\":\"https:\/\/sales-ai-agents.com\/de\/templates\/social-media-calendar\/#primaryimage\",\"url\":\"https:\/\/sales-ai-agents.com\/wp-content\/uploads\/2022\/09\/Social-Media-Calendar-Template.png\",\"contentUrl\":\"https:\/\/sales-ai-agents.com\/wp-content\/uploads\/2022\/09\/Social-Media-Calendar-Template.png\",\"width\":1700,\"height\":1100,\"caption\":\"Use our social media calendar to track your work in one place and schedule all of your posts.\"},{\"@type\":\"WebSite\",\"@id\":\"https:\/\/sales-ai-agents.com\/#website\",\"url\":\"https:\/\/sales-ai-agents.com\/\",\"name\":\"FuseBase\",\"description\":\"Nimbus Platform - Free Online Collaboration Software for Remote Teams. Build your wikis, client portals and more with the Nimbus Platform collaboration tool ? A perfect space for online work\",\"publisher\":{\"@id\":\"https:\/\/sales-ai-agents.com\/#organization\"},\"potentialAction\":[{\"@type\":\"SearchAction\",\"target\":{\"@type\":\"EntryPoint\",\"urlTemplate\":\"https:\/\/sales-ai-agents.com\/?s={search_term_string}\"},\"query-input\":{\"@type\":\"PropertyValueSpecification\",\"valueRequired\":true,\"valueName\":\"search_term_string\"}}],\"inLanguage\":\"de-DE\"},{\"@type\":\"Organization\",\"@id\":\"https:\/\/sales-ai-agents.com\/#organization\",\"name\":\"FuseBase\",\"url\":\"https:\/\/sales-ai-agents.com\/\",\"logo\":{\"@type\":\"ImageObject\",\"inLanguage\":\"de-DE\",\"@id\":\"https:\/\/sales-ai-agents.com\/#\/schema\/logo\/image\/\",\"url\":\"https:\/\/sales-ai-agents.com\/wp-content\/uploads\/2023\/11\/icon-7.svg\",\"contentUrl\":\"https:\/\/sales-ai-agents.com\/wp-content\/uploads\/2023\/11\/icon-7.svg\",\"width\":128,\"height\":128,\"caption\":\"FuseBase\"},\"image\":{\"@id\":\"https:\/\/sales-ai-agents.com\/#\/schema\/logo\/image\/\"}}]}<\/script>\n<!-- \/ Yoast SEO plugin. -->","yoast_head_json":{"title":"Social Media Kalender Vorlage - Sales AI Agents","description":"Die Verwaltung sozialer Medien erfordert gute organisatorische F\u00e4higkeiten. Nutzen Sie unseren Kalender f\u00fcr soziale Medien, um Ihre Arbeit an einem Ort zu verfolgen und alle Ihre Beitr\u00e4ge zu planen.","robots":{"index":"index","follow":"follow","max-snippet":"max-snippet:-1","max-image-preview":"max-image-preview:large","max-video-preview":"max-video-preview:-1"},"canonical":"https:\/\/sales-ai-agents.com\/de\/templates\/social-media-calendar\/","og_locale":"de_DE","og_type":"article","og_title":"Social Media Kalender Vorlage - Sales AI Agents","og_description":"Die Verwaltung sozialer Medien erfordert gute organisatorische F\u00e4higkeiten. Nutzen Sie unseren Kalender f\u00fcr soziale Medien, um Ihre Arbeit an einem Ort zu verfolgen und alle Ihre Beitr\u00e4ge zu planen.","og_url":"https:\/\/sales-ai-agents.com\/de\/templates\/social-media-calendar\/","og_site_name":"Sales AI Agents","article_modified_time":"2023-12-27T15:54:45+00:00","og_image":[{"width":1700,"height":1100,"url":"https:\/\/sales-ai-agents.com\/wp-content\/uploads\/2022\/09\/Social-Media-Calendar-Template.png","type":"image\/png"}],"twitter_card":"summary_large_image","schema":{"@context":"https:\/\/schema.org","@graph":[{"@type":"WebPage","@id":"https:\/\/sales-ai-agents.com\/de\/templates\/social-media-calendar\/","url":"https:\/\/sales-ai-agents.com\/de\/templates\/social-media-calendar\/","name":"Social Media Kalender Vorlage - Sales AI Agents","isPartOf":{"@id":"https:\/\/sales-ai-agents.com\/#website"},"primaryImageOfPage":{"@id":"https:\/\/sales-ai-agents.com\/de\/templates\/social-media-calendar\/#primaryimage"},"image":{"@id":"https:\/\/sales-ai-agents.com\/de\/templates\/social-media-calendar\/#primaryimage"},"thumbnailUrl":"https:\/\/sales-ai-agents.com\/wp-content\/uploads\/2022\/09\/Social-Media-Calendar-Template.png","datePublished":"2022-09-26T11:58:53+00:00","dateModified":"2023-12-27T15:54:45+00:00","description":"Die Verwaltung sozialer Medien erfordert gute organisatorische F\u00e4higkeiten. Nutzen Sie unseren Kalender f\u00fcr soziale Medien, um Ihre Arbeit an einem Ort zu verfolgen und alle Ihre Beitr\u00e4ge zu planen.","inLanguage":"de-DE","potentialAction":[{"@type":"ReadAction","target":["https:\/\/sales-ai-agents.com\/de\/templates\/social-media-calendar\/"]}]},{"@type":"ImageObject","inLanguage":"de-DE","@id":"https:\/\/sales-ai-agents.com\/de\/templates\/social-media-calendar\/#primaryimage","url":"https:\/\/sales-ai-agents.com\/wp-content\/uploads\/2022\/09\/Social-Media-Calendar-Template.png","contentUrl":"https:\/\/sales-ai-agents.com\/wp-content\/uploads\/2022\/09\/Social-Media-Calendar-Template.png","width":1700,"height":1100,"caption":"Use our social media calendar to track your work in one place and schedule all of your posts."},{"@type":"WebSite","@id":"https:\/\/sales-ai-agents.com\/#website","url":"https:\/\/sales-ai-agents.com\/","name":"FuseBase","description":"Nimbus Platform - Free Online Collaboration Software for Remote Teams. Build your wikis, client portals and more with the Nimbus Platform collaboration tool ? A perfect space for online work","publisher":{"@id":"https:\/\/sales-ai-agents.com\/#organization"},"potentialAction":[{"@type":"SearchAction","target":{"@type":"EntryPoint","urlTemplate":"https:\/\/sales-ai-agents.com\/?s={search_term_string}"},"query-input":{"@type":"PropertyValueSpecification","valueRequired":true,"valueName":"search_term_string"}}],"inLanguage":"de-DE"},{"@type":"Organization","@id":"https:\/\/sales-ai-agents.com\/#organization","name":"FuseBase","url":"https:\/\/sales-ai-agents.com\/","logo":{"@type":"ImageObject","inLanguage":"de-DE","@id":"https:\/\/sales-ai-agents.com\/#\/schema\/logo\/image\/","url":"https:\/\/sales-ai-agents.com\/wp-content\/uploads\/2023\/11\/icon-7.svg","contentUrl":"https:\/\/sales-ai-agents.com\/wp-content\/uploads\/2023\/11\/icon-7.svg","width":128,"height":128,"caption":"FuseBase"},"image":{"@id":"https:\/\/sales-ai-agents.com\/#\/schema\/logo\/image\/"}}]}},"_links":{"self":[{"href":"https:\/\/sales-ai-agents.com\/de\/wp-json\/wp\/v2\/product\/58049","targetHints":{"allow":["GET"]}}],"collection":[{"href":"https:\/\/sales-ai-agents.com\/de\/wp-json\/wp\/v2\/product"}],"about":[{"href":"https:\/\/sales-ai-agents.com\/de\/wp-json\/wp\/v2\/types\/product"}],"wp:featuredmedia":[{"embeddable":true,"href":"https:\/\/sales-ai-agents.com\/de\/wp-json\/wp\/v2\/media\/26340"}],"wp:attachment":[{"href":"https:\/\/sales-ai-agents.com\/de\/wp-json\/wp\/v2\/media?parent=58049"}],"wp:term":[{"taxonomy":"product_brand","embeddable":true,"href":"https:\/\/sales-ai-agents.com\/de\/wp-json\/wp\/v2\/product_brand?post=58049"},{"taxonomy":"product_cat","embeddable":true,"href":"https:\/\/sales-ai-agents.com\/de\/wp-json\/wp\/v2\/product_cat?post=58049"},{"taxonomy":"product_tag","embeddable":true,"href":"https:\/\/sales-ai-agents.com\/de\/wp-json\/wp\/v2\/product_tag?post=58049"}],"curies":[{"name":"wp","href":"https:\/\/api.w.org\/{rel}","templated":true}]}}