{"id":58055,"date":"2022-09-26T11:58:48","date_gmt":"2022-09-26T11:58:48","guid":{"rendered":"https:\/\/sales-ai-agents.com\/templates\/sales-call-preparation\/"},"modified":"2023-12-27T15:38:42","modified_gmt":"2023-12-27T15:38:42","slug":"sales-call-preparation","status":"publish","type":"product","link":"https:\/\/sales-ai-agents.com\/de\/templates\/sales-call-preparation\/","title":{"rendered":"Vorbereitung von Verkaufsgespr\u00e4chen"},"content":{"rendered":"<p>&nbsp;<\/p>\n<h2>Vorlage zur Vorbereitung von Verkaufsgespr\u00e4chen<\/h2>\n<h5>Wie zu verwenden:<\/h5>\n<p class=\"desc-text\">F\u00fcgen Sie die folgenden Angaben hinzu:<\/p>\n<h5 class=\"desc-subtitle\">Informationen aufrufen<\/h5>\n<p class=\"desc-subtitle\">Dies ist wichtig f\u00fcr die k\u00fcnftige Bezugnahme und Nachbereitung. Dies sollte Folgendes beinhalten:<\/p>\n<ul class=\"desc-item_list\">\n<li class=\"desc-item_list__point\">Datum des Anrufs.<\/li>\n<li class=\"desc-item_list__point\">Ihre Teammitglieder, falls zutreffend.<\/li>\n<li class=\"desc-item_list__point\">Grund des Anrufs. Zum Beispiel m\u00f6chten Sie vielleicht eine Beziehung aufbauen und eine Beziehung beginnen.<\/li>\n<li class=\"desc-item_list__point\">Name des Unternehmens, das Sie kontaktiert haben.<\/li>\n<\/ul>\n<h5 class=\"desc-subtitle\">Kl\u00e4ren Sie Ihre Ziele<\/h5>\n<p class=\"desc-subtitle\">Legen Sie fest, was Sie mit dem Anruf erreichen wollen. Dies kann Folgendes beinhalten:<\/p>\n<ul class=\"desc-item_list\">\n<li class=\"desc-item_list__point\">Vereinbaren Sie einen Termin mit Ihrem potenziellen Kunden.<\/li>\n<li class=\"desc-item_list__point\">Informieren Sie Ihre potenziellen Kunden \u00fcber Ihre Produkte und Dienstleistungen.<\/li>\n<li class=\"desc-item_list__point\">Lassen Sie sich ihre Kontaktdaten geben, damit Sie ihnen weitere Informationen \u00fcber Ihr Angebot schicken k\u00f6nnen.<\/li>\n<\/ul>\n<h5 class=\"desc-subtitle\">Informationen zur Forschung<\/h5>\n<p class=\"desc-subtitle\">Dies sind alle Hintergrundinformationen, die Sie \u00fcber das Unternehmen gefunden haben, bevor Sie den Anruf t\u00e4tigen. Dazu k\u00f6nnten geh\u00f6ren:<\/p>\n<ul class=\"desc-item_list\">\n<li class=\"desc-item_list__point\">Namen der Ansprechpartner, ihre Aufgaben, E-Mail und Telefonnummer.<\/li>\n<li class=\"desc-item_list__point\">Was das Unternehmen tut.<\/li>\n<li class=\"desc-item_list__point\">Die Gr\u00f6\u00dfe des Unternehmens, gemessen an der Zahl der Besch\u00e4ftigten und dem Jahresumsatz, sofern diese Angaben \u00f6ffentlich zug\u00e4nglich sind.<\/li>\n<li class=\"desc-item_list__point\">Wie lange ist das Unternehmen bereits t\u00e4tig.<\/li>\n<li class=\"desc-item_list__point\">Nennen Sie Gr\u00fcnde, warum das Unternehmen Ihr Angebot braucht.<\/li>\n<\/ul>\n<h5 class=\"desc-subtitle\">Ihre Checkliste<\/h5>\n<p class=\"desc-subtitle\">Dazu geh\u00f6ren auch Aufgaben, die Sie vor dem Anruf erledigen m\u00fcssen. Zum Beispiel:<\/p>\n<ul class=\"desc-item_list\">\n<li class=\"desc-item_list__point\">Ein Skript f\u00fcr Ihren Call-to-Action vorbereiten.<\/li>\n<li class=\"desc-item_list__point\">Vorbereitung von Marketingmaterial oder anderen Informationen, die Ihr Interessent anfordert.<\/li>\n<li class=\"desc-item_list__point\">Ihre Notizen von fr\u00fcheren Anrufen, wenn Sie ein Follow-up machen.<\/li>\n<\/ul>\n","protected":false},"excerpt":{"rendered":"<p>Holen Sie sich Ihre kostenlose Vorlage f\u00fcr die Planung von Vorgespr\u00e4chen, um Ihre Verkaufsergebnisse zu verbessern! Erfahren Sie, warum diese Vorlage so wichtig f\u00fcr Ihr Unternehmen ist und wie Sie sie verwenden k\u00f6nnen.<\/p>\n","protected":false},"featured_media":25739,"template":"","meta":{"_acf_changed":false,"inline_featured_image":false},"product_brand":[],"product_cat":[193,195],"product_tag":[],"class_list":{"0":"post-58055","1":"product","2":"type-product","3":"status-publish","4":"has-post-thumbnail","6":"product_cat-sales","7":"product_cat-sales-management","9":"first","10":"instock","11":"virtual","12":"sold-individually","13":"product-type-simple"},"acf":[],"yoast_head":"<!-- This site is optimized with the Yoast SEO plugin v25.3.1 - https:\/\/yoast.com\/wordpress\/plugins\/seo\/ -->\n<title>Vorlage f\u00fcr die Planung vor einem Anruf - Sales AI Agents<\/title>\n<meta name=\"description\" content=\"Holen Sie sich Ihre kostenlose Vorlage f\u00fcr die Planung von Vorgespr\u00e4chen, um Ihre Verkaufsergebnisse zu verbessern! Erfahren Sie, warum diese Vorlage so wichtig f\u00fcr Ihr Unternehmen ist und wie Sie sie verwenden k\u00f6nnen.\" \/>\n<meta name=\"robots\" content=\"index, follow, max-snippet:-1, max-image-preview:large, max-video-preview:-1\" \/>\n<link rel=\"canonical\" href=\"https:\/\/sales-ai-agents.com\/de\/templates\/sales-call-preparation\/\" \/>\n<meta property=\"og:locale\" content=\"de_DE\" \/>\n<meta property=\"og:type\" content=\"article\" \/>\n<meta property=\"og:title\" content=\"Vorlage f\u00fcr die Planung vor einem Anruf - Sales AI Agents\" \/>\n<meta property=\"og:description\" content=\"Holen Sie sich Ihre kostenlose Vorlage f\u00fcr die Planung von Vorgespr\u00e4chen, um Ihre Verkaufsergebnisse zu verbessern! Erfahren Sie, warum diese Vorlage so wichtig f\u00fcr Ihr Unternehmen ist und wie Sie sie verwenden k\u00f6nnen.\" \/>\n<meta property=\"og:url\" content=\"https:\/\/sales-ai-agents.com\/de\/templates\/sales-call-preparation\/\" \/>\n<meta property=\"og:site_name\" content=\"Sales AI Agents\" \/>\n<meta property=\"article:modified_time\" content=\"2023-12-27T15:38:42+00:00\" \/>\n<meta property=\"og:image\" content=\"https:\/\/sales-ai-agents.com\/wp-content\/uploads\/2022\/09\/Sales-Call-Preparation-Template.png\" \/>\n\t<meta property=\"og:image:width\" content=\"1700\" \/>\n\t<meta property=\"og:image:height\" content=\"1100\" \/>\n\t<meta property=\"og:image:type\" content=\"image\/png\" \/>\n<meta name=\"twitter:card\" content=\"summary_large_image\" \/>\n<script type=\"application\/ld+json\" class=\"yoast-schema-graph\">{\"@context\":\"https:\/\/schema.org\",\"@graph\":[{\"@type\":\"WebPage\",\"@id\":\"https:\/\/sales-ai-agents.com\/de\/templates\/sales-call-preparation\/\",\"url\":\"https:\/\/sales-ai-agents.com\/de\/templates\/sales-call-preparation\/\",\"name\":\"Vorlage f\u00fcr die Planung vor einem Anruf - Sales AI Agents\",\"isPartOf\":{\"@id\":\"https:\/\/sales-ai-agents.com\/#website\"},\"primaryImageOfPage\":{\"@id\":\"https:\/\/sales-ai-agents.com\/de\/templates\/sales-call-preparation\/#primaryimage\"},\"image\":{\"@id\":\"https:\/\/sales-ai-agents.com\/de\/templates\/sales-call-preparation\/#primaryimage\"},\"thumbnailUrl\":\"https:\/\/sales-ai-agents.com\/wp-content\/uploads\/2022\/09\/Sales-Call-Preparation-Template.png\",\"datePublished\":\"2022-09-26T11:58:48+00:00\",\"dateModified\":\"2023-12-27T15:38:42+00:00\",\"description\":\"Holen Sie sich Ihre kostenlose Vorlage f\u00fcr die Planung von Vorgespr\u00e4chen, um Ihre Verkaufsergebnisse zu verbessern! Erfahren Sie, warum diese Vorlage so wichtig f\u00fcr Ihr Unternehmen ist und wie Sie sie verwenden k\u00f6nnen.\",\"inLanguage\":\"de-DE\",\"potentialAction\":[{\"@type\":\"ReadAction\",\"target\":[\"https:\/\/sales-ai-agents.com\/de\/templates\/sales-call-preparation\/\"]}]},{\"@type\":\"ImageObject\",\"inLanguage\":\"de-DE\",\"@id\":\"https:\/\/sales-ai-agents.com\/de\/templates\/sales-call-preparation\/#primaryimage\",\"url\":\"https:\/\/sales-ai-agents.com\/wp-content\/uploads\/2022\/09\/Sales-Call-Preparation-Template.png\",\"contentUrl\":\"https:\/\/sales-ai-agents.com\/wp-content\/uploads\/2022\/09\/Sales-Call-Preparation-Template.png\",\"width\":1700,\"height\":1100,\"caption\":\"Get your free pre-call planning template to improve your sales results!\"},{\"@type\":\"WebSite\",\"@id\":\"https:\/\/sales-ai-agents.com\/#website\",\"url\":\"https:\/\/sales-ai-agents.com\/\",\"name\":\"FuseBase\",\"description\":\"Nimbus Platform - Free Online Collaboration Software for Remote Teams. Build your wikis, client portals and more with the Nimbus Platform collaboration tool ? A perfect space for online work\",\"publisher\":{\"@id\":\"https:\/\/sales-ai-agents.com\/#organization\"},\"potentialAction\":[{\"@type\":\"SearchAction\",\"target\":{\"@type\":\"EntryPoint\",\"urlTemplate\":\"https:\/\/sales-ai-agents.com\/?s={search_term_string}\"},\"query-input\":{\"@type\":\"PropertyValueSpecification\",\"valueRequired\":true,\"valueName\":\"search_term_string\"}}],\"inLanguage\":\"de-DE\"},{\"@type\":\"Organization\",\"@id\":\"https:\/\/sales-ai-agents.com\/#organization\",\"name\":\"FuseBase\",\"url\":\"https:\/\/sales-ai-agents.com\/\",\"logo\":{\"@type\":\"ImageObject\",\"inLanguage\":\"de-DE\",\"@id\":\"https:\/\/sales-ai-agents.com\/#\/schema\/logo\/image\/\",\"url\":\"https:\/\/sales-ai-agents.com\/wp-content\/uploads\/2023\/11\/icon-7.svg\",\"contentUrl\":\"https:\/\/sales-ai-agents.com\/wp-content\/uploads\/2023\/11\/icon-7.svg\",\"width\":128,\"height\":128,\"caption\":\"FuseBase\"},\"image\":{\"@id\":\"https:\/\/sales-ai-agents.com\/#\/schema\/logo\/image\/\"}}]}<\/script>\n<!-- \/ Yoast SEO plugin. -->","yoast_head_json":{"title":"Vorlage f\u00fcr die Planung vor einem Anruf - Sales AI Agents","description":"Holen Sie sich Ihre kostenlose Vorlage f\u00fcr die Planung von Vorgespr\u00e4chen, um Ihre Verkaufsergebnisse zu verbessern! Erfahren Sie, warum diese Vorlage so wichtig f\u00fcr Ihr Unternehmen ist und wie Sie sie verwenden k\u00f6nnen.","robots":{"index":"index","follow":"follow","max-snippet":"max-snippet:-1","max-image-preview":"max-image-preview:large","max-video-preview":"max-video-preview:-1"},"canonical":"https:\/\/sales-ai-agents.com\/de\/templates\/sales-call-preparation\/","og_locale":"de_DE","og_type":"article","og_title":"Vorlage f\u00fcr die Planung vor einem Anruf - Sales AI Agents","og_description":"Holen Sie sich Ihre kostenlose Vorlage f\u00fcr die Planung von Vorgespr\u00e4chen, um Ihre Verkaufsergebnisse zu verbessern! Erfahren Sie, warum diese Vorlage so wichtig f\u00fcr Ihr Unternehmen ist und wie Sie sie verwenden k\u00f6nnen.","og_url":"https:\/\/sales-ai-agents.com\/de\/templates\/sales-call-preparation\/","og_site_name":"Sales AI Agents","article_modified_time":"2023-12-27T15:38:42+00:00","og_image":[{"width":1700,"height":1100,"url":"https:\/\/sales-ai-agents.com\/wp-content\/uploads\/2022\/09\/Sales-Call-Preparation-Template.png","type":"image\/png"}],"twitter_card":"summary_large_image","schema":{"@context":"https:\/\/schema.org","@graph":[{"@type":"WebPage","@id":"https:\/\/sales-ai-agents.com\/de\/templates\/sales-call-preparation\/","url":"https:\/\/sales-ai-agents.com\/de\/templates\/sales-call-preparation\/","name":"Vorlage f\u00fcr die Planung vor einem Anruf - Sales AI Agents","isPartOf":{"@id":"https:\/\/sales-ai-agents.com\/#website"},"primaryImageOfPage":{"@id":"https:\/\/sales-ai-agents.com\/de\/templates\/sales-call-preparation\/#primaryimage"},"image":{"@id":"https:\/\/sales-ai-agents.com\/de\/templates\/sales-call-preparation\/#primaryimage"},"thumbnailUrl":"https:\/\/sales-ai-agents.com\/wp-content\/uploads\/2022\/09\/Sales-Call-Preparation-Template.png","datePublished":"2022-09-26T11:58:48+00:00","dateModified":"2023-12-27T15:38:42+00:00","description":"Holen Sie sich Ihre kostenlose Vorlage f\u00fcr die Planung von Vorgespr\u00e4chen, um Ihre Verkaufsergebnisse zu verbessern! Erfahren Sie, warum diese Vorlage so wichtig f\u00fcr Ihr Unternehmen ist und wie Sie sie verwenden k\u00f6nnen.","inLanguage":"de-DE","potentialAction":[{"@type":"ReadAction","target":["https:\/\/sales-ai-agents.com\/de\/templates\/sales-call-preparation\/"]}]},{"@type":"ImageObject","inLanguage":"de-DE","@id":"https:\/\/sales-ai-agents.com\/de\/templates\/sales-call-preparation\/#primaryimage","url":"https:\/\/sales-ai-agents.com\/wp-content\/uploads\/2022\/09\/Sales-Call-Preparation-Template.png","contentUrl":"https:\/\/sales-ai-agents.com\/wp-content\/uploads\/2022\/09\/Sales-Call-Preparation-Template.png","width":1700,"height":1100,"caption":"Get your free pre-call planning template to improve your sales results!"},{"@type":"WebSite","@id":"https:\/\/sales-ai-agents.com\/#website","url":"https:\/\/sales-ai-agents.com\/","name":"FuseBase","description":"Nimbus Platform - Free Online Collaboration Software for Remote Teams. Build your wikis, client portals and more with the Nimbus Platform collaboration tool ? A perfect space for online work","publisher":{"@id":"https:\/\/sales-ai-agents.com\/#organization"},"potentialAction":[{"@type":"SearchAction","target":{"@type":"EntryPoint","urlTemplate":"https:\/\/sales-ai-agents.com\/?s={search_term_string}"},"query-input":{"@type":"PropertyValueSpecification","valueRequired":true,"valueName":"search_term_string"}}],"inLanguage":"de-DE"},{"@type":"Organization","@id":"https:\/\/sales-ai-agents.com\/#organization","name":"FuseBase","url":"https:\/\/sales-ai-agents.com\/","logo":{"@type":"ImageObject","inLanguage":"de-DE","@id":"https:\/\/sales-ai-agents.com\/#\/schema\/logo\/image\/","url":"https:\/\/sales-ai-agents.com\/wp-content\/uploads\/2023\/11\/icon-7.svg","contentUrl":"https:\/\/sales-ai-agents.com\/wp-content\/uploads\/2023\/11\/icon-7.svg","width":128,"height":128,"caption":"FuseBase"},"image":{"@id":"https:\/\/sales-ai-agents.com\/#\/schema\/logo\/image\/"}}]}},"_links":{"self":[{"href":"https:\/\/sales-ai-agents.com\/de\/wp-json\/wp\/v2\/product\/58055","targetHints":{"allow":["GET"]}}],"collection":[{"href":"https:\/\/sales-ai-agents.com\/de\/wp-json\/wp\/v2\/product"}],"about":[{"href":"https:\/\/sales-ai-agents.com\/de\/wp-json\/wp\/v2\/types\/product"}],"wp:featuredmedia":[{"embeddable":true,"href":"https:\/\/sales-ai-agents.com\/de\/wp-json\/wp\/v2\/media\/25739"}],"wp:attachment":[{"href":"https:\/\/sales-ai-agents.com\/de\/wp-json\/wp\/v2\/media?parent=58055"}],"wp:term":[{"taxonomy":"product_brand","embeddable":true,"href":"https:\/\/sales-ai-agents.com\/de\/wp-json\/wp\/v2\/product_brand?post=58055"},{"taxonomy":"product_cat","embeddable":true,"href":"https:\/\/sales-ai-agents.com\/de\/wp-json\/wp\/v2\/product_cat?post=58055"},{"taxonomy":"product_tag","embeddable":true,"href":"https:\/\/sales-ai-agents.com\/de\/wp-json\/wp\/v2\/product_tag?post=58055"}],"curies":[{"name":"wp","href":"https:\/\/api.w.org\/{rel}","templated":true}]}}