{"id":58059,"date":"2022-09-26T11:58:19","date_gmt":"2022-09-26T11:58:19","guid":{"rendered":"https:\/\/sales-ai-agents.com\/templates\/daily-planning\/"},"modified":"2023-12-26T15:33:05","modified_gmt":"2023-12-26T15:33:05","slug":"daily-planning","status":"publish","type":"product","link":"https:\/\/sales-ai-agents.com\/de\/templates\/daily-planning\/","title":{"rendered":"T\u00e4gliche Planung"},"content":{"rendered":"<p>&nbsp;<\/p>\n<h2>Vorlage f\u00fcr die Tagesplanung<\/h2>\n<p class=\"desc-text\">Wenn Ihr Tag mit Aktivit\u00e4ten, Ereignissen und Verantwortlichkeiten ausgef\u00fcllt ist, kann es eine gro\u00dfe Aufgabe sein, alles zu verwalten. Es ist leicht, sich von Fristen \u00fcberw\u00e4ltigt zu f\u00fchlen oder sich zu verzetteln. Die Verwendung eines Tagesplaners kann Ihnen helfen, Ihren Tag zu organisieren und die Ziele zu setzen, die Sie erreichen wollen.<\/p>\n<h5>Wie zu verwenden:<\/h5>\n<ul class=\"desc-item_list\">\n<li class=\"desc-item_list__point\">Hinzuf\u00fcgen von Datum und Monat<\/li>\n<li class=\"desc-item_list__point\">Alle Termine f\u00fcr den Tag auflisten<\/li>\n<li class=\"desc-item_list__point\">Nennen Sie die Gewohnheit, die Sie sich aneignen m\u00f6chten<\/li>\n<li class=\"desc-item_list__point\">Behalten Sie Ihre wichtigsten Ziele auf der Seite<\/li>\n<li class=\"desc-item_list__point\">Liste der \u00dcbungen, die Sie jeden Tag machen sollten<\/li>\n<\/ul>\n","protected":false},"excerpt":{"rendered":"<p>Wenn Ihr Tag voller Aktivit\u00e4ten und Verantwortlichkeiten ist, kann es eine gewaltige Aufgabe sein, alles zu bew\u00e4ltigen. Verwenden Sie einen Tagesplaner, um Ihren Tag zu organisieren und sich Ziele zu setzen.<\/p>\n","protected":false},"featured_media":26602,"template":"","meta":{"_acf_changed":false,"inline_featured_image":false},"product_brand":[],"product_cat":[179,180],"product_tag":[],"class_list":{"0":"post-58059","1":"product","2":"type-product","3":"status-publish","4":"has-post-thumbnail","6":"product_cat-organizers-planners","7":"product_cat-personal","9":"first","10":"instock","11":"virtual","12":"sold-individually","13":"product-type-simple"},"acf":[],"yoast_head":"<!-- This site is optimized with the Yoast SEO plugin v25.3.1 - https:\/\/yoast.com\/wordpress\/plugins\/seo\/ -->\n<title>Vorlage f\u00fcr die Tagesplanung - Sales AI Agents<\/title>\n<meta name=\"description\" content=\"Wenn Ihr Tag voller Aktivit\u00e4ten und Verantwortlichkeiten ist, kann es eine gewaltige Aufgabe sein, alles zu bew\u00e4ltigen. Verwenden Sie einen Tagesplaner, um Ihren Tag zu organisieren und sich Ziele zu setzen\" \/>\n<meta name=\"robots\" content=\"index, follow, max-snippet:-1, max-image-preview:large, max-video-preview:-1\" \/>\n<link rel=\"canonical\" href=\"https:\/\/sales-ai-agents.com\/de\/templates\/daily-planning\/\" \/>\n<meta property=\"og:locale\" content=\"de_DE\" \/>\n<meta property=\"og:type\" content=\"article\" \/>\n<meta property=\"og:title\" content=\"Vorlage f\u00fcr die Tagesplanung - Sales AI Agents\" \/>\n<meta property=\"og:description\" content=\"Wenn Ihr Tag voller Aktivit\u00e4ten und Verantwortlichkeiten ist, kann es eine gewaltige Aufgabe sein, alles zu bew\u00e4ltigen. Verwenden Sie einen Tagesplaner, um Ihren Tag zu organisieren und sich Ziele zu setzen\" \/>\n<meta property=\"og:url\" content=\"https:\/\/sales-ai-agents.com\/de\/templates\/daily-planning\/\" \/>\n<meta property=\"og:site_name\" content=\"Sales AI Agents\" \/>\n<meta property=\"article:modified_time\" content=\"2023-12-26T15:33:05+00:00\" \/>\n<meta property=\"og:image\" content=\"https:\/\/sales-ai-agents.com\/wp-content\/uploads\/2022\/09\/Daily-Planning-Template-1.png\" \/>\n\t<meta property=\"og:image:width\" content=\"1700\" \/>\n\t<meta property=\"og:image:height\" content=\"1096\" \/>\n\t<meta property=\"og:image:type\" content=\"image\/png\" \/>\n<meta name=\"twitter:card\" content=\"summary_large_image\" \/>\n<script type=\"application\/ld+json\" class=\"yoast-schema-graph\">{\"@context\":\"https:\/\/schema.org\",\"@graph\":[{\"@type\":\"WebPage\",\"@id\":\"https:\/\/sales-ai-agents.com\/de\/templates\/daily-planning\/\",\"url\":\"https:\/\/sales-ai-agents.com\/de\/templates\/daily-planning\/\",\"name\":\"Vorlage f\u00fcr die Tagesplanung - Sales AI Agents\",\"isPartOf\":{\"@id\":\"https:\/\/sales-ai-agents.com\/#website\"},\"primaryImageOfPage\":{\"@id\":\"https:\/\/sales-ai-agents.com\/de\/templates\/daily-planning\/#primaryimage\"},\"image\":{\"@id\":\"https:\/\/sales-ai-agents.com\/de\/templates\/daily-planning\/#primaryimage\"},\"thumbnailUrl\":\"https:\/\/sales-ai-agents.com\/wp-content\/uploads\/2022\/09\/Daily-Planning-Template-1.png\",\"datePublished\":\"2022-09-26T11:58:19+00:00\",\"dateModified\":\"2023-12-26T15:33:05+00:00\",\"description\":\"Wenn Ihr Tag voller Aktivit\u00e4ten und Verantwortlichkeiten ist, kann es eine gewaltige Aufgabe sein, alles zu bew\u00e4ltigen. Verwenden Sie einen Tagesplaner, um Ihren Tag zu organisieren und sich Ziele zu setzen\",\"inLanguage\":\"de-DE\",\"potentialAction\":[{\"@type\":\"ReadAction\",\"target\":[\"https:\/\/sales-ai-agents.com\/de\/templates\/daily-planning\/\"]}]},{\"@type\":\"ImageObject\",\"inLanguage\":\"de-DE\",\"@id\":\"https:\/\/sales-ai-agents.com\/de\/templates\/daily-planning\/#primaryimage\",\"url\":\"https:\/\/sales-ai-agents.com\/wp-content\/uploads\/2022\/09\/Daily-Planning-Template-1.png\",\"contentUrl\":\"https:\/\/sales-ai-agents.com\/wp-content\/uploads\/2022\/09\/Daily-Planning-Template-1.png\",\"width\":1700,\"height\":1096,\"caption\":\"Use a daily planner to organize your day and set goals.\"},{\"@type\":\"WebSite\",\"@id\":\"https:\/\/sales-ai-agents.com\/#website\",\"url\":\"https:\/\/sales-ai-agents.com\/\",\"name\":\"FuseBase\",\"description\":\"Nimbus Platform - Free Online Collaboration Software for Remote Teams. Build your wikis, client portals and more with the Nimbus Platform collaboration tool ? A perfect space for online work\",\"publisher\":{\"@id\":\"https:\/\/sales-ai-agents.com\/#organization\"},\"potentialAction\":[{\"@type\":\"SearchAction\",\"target\":{\"@type\":\"EntryPoint\",\"urlTemplate\":\"https:\/\/sales-ai-agents.com\/?s={search_term_string}\"},\"query-input\":{\"@type\":\"PropertyValueSpecification\",\"valueRequired\":true,\"valueName\":\"search_term_string\"}}],\"inLanguage\":\"de-DE\"},{\"@type\":\"Organization\",\"@id\":\"https:\/\/sales-ai-agents.com\/#organization\",\"name\":\"FuseBase\",\"url\":\"https:\/\/sales-ai-agents.com\/\",\"logo\":{\"@type\":\"ImageObject\",\"inLanguage\":\"de-DE\",\"@id\":\"https:\/\/sales-ai-agents.com\/#\/schema\/logo\/image\/\",\"url\":\"https:\/\/sales-ai-agents.com\/wp-content\/uploads\/2023\/11\/icon-7.svg\",\"contentUrl\":\"https:\/\/sales-ai-agents.com\/wp-content\/uploads\/2023\/11\/icon-7.svg\",\"width\":128,\"height\":128,\"caption\":\"FuseBase\"},\"image\":{\"@id\":\"https:\/\/sales-ai-agents.com\/#\/schema\/logo\/image\/\"}}]}<\/script>\n<!-- \/ Yoast SEO plugin. -->","yoast_head_json":{"title":"Vorlage f\u00fcr die Tagesplanung - Sales AI Agents","description":"Wenn Ihr Tag voller Aktivit\u00e4ten und Verantwortlichkeiten ist, kann es eine gewaltige Aufgabe sein, alles zu bew\u00e4ltigen. Verwenden Sie einen Tagesplaner, um Ihren Tag zu organisieren und sich Ziele zu setzen","robots":{"index":"index","follow":"follow","max-snippet":"max-snippet:-1","max-image-preview":"max-image-preview:large","max-video-preview":"max-video-preview:-1"},"canonical":"https:\/\/sales-ai-agents.com\/de\/templates\/daily-planning\/","og_locale":"de_DE","og_type":"article","og_title":"Vorlage f\u00fcr die Tagesplanung - Sales AI Agents","og_description":"Wenn Ihr Tag voller Aktivit\u00e4ten und Verantwortlichkeiten ist, kann es eine gewaltige Aufgabe sein, alles zu bew\u00e4ltigen. Verwenden Sie einen Tagesplaner, um Ihren Tag zu organisieren und sich Ziele zu setzen","og_url":"https:\/\/sales-ai-agents.com\/de\/templates\/daily-planning\/","og_site_name":"Sales AI Agents","article_modified_time":"2023-12-26T15:33:05+00:00","og_image":[{"width":1700,"height":1096,"url":"https:\/\/sales-ai-agents.com\/wp-content\/uploads\/2022\/09\/Daily-Planning-Template-1.png","type":"image\/png"}],"twitter_card":"summary_large_image","schema":{"@context":"https:\/\/schema.org","@graph":[{"@type":"WebPage","@id":"https:\/\/sales-ai-agents.com\/de\/templates\/daily-planning\/","url":"https:\/\/sales-ai-agents.com\/de\/templates\/daily-planning\/","name":"Vorlage f\u00fcr die Tagesplanung - Sales AI Agents","isPartOf":{"@id":"https:\/\/sales-ai-agents.com\/#website"},"primaryImageOfPage":{"@id":"https:\/\/sales-ai-agents.com\/de\/templates\/daily-planning\/#primaryimage"},"image":{"@id":"https:\/\/sales-ai-agents.com\/de\/templates\/daily-planning\/#primaryimage"},"thumbnailUrl":"https:\/\/sales-ai-agents.com\/wp-content\/uploads\/2022\/09\/Daily-Planning-Template-1.png","datePublished":"2022-09-26T11:58:19+00:00","dateModified":"2023-12-26T15:33:05+00:00","description":"Wenn Ihr Tag voller Aktivit\u00e4ten und Verantwortlichkeiten ist, kann es eine gewaltige Aufgabe sein, alles zu bew\u00e4ltigen. Verwenden Sie einen Tagesplaner, um Ihren Tag zu organisieren und sich Ziele zu setzen","inLanguage":"de-DE","potentialAction":[{"@type":"ReadAction","target":["https:\/\/sales-ai-agents.com\/de\/templates\/daily-planning\/"]}]},{"@type":"ImageObject","inLanguage":"de-DE","@id":"https:\/\/sales-ai-agents.com\/de\/templates\/daily-planning\/#primaryimage","url":"https:\/\/sales-ai-agents.com\/wp-content\/uploads\/2022\/09\/Daily-Planning-Template-1.png","contentUrl":"https:\/\/sales-ai-agents.com\/wp-content\/uploads\/2022\/09\/Daily-Planning-Template-1.png","width":1700,"height":1096,"caption":"Use a daily planner to organize your day and set goals."},{"@type":"WebSite","@id":"https:\/\/sales-ai-agents.com\/#website","url":"https:\/\/sales-ai-agents.com\/","name":"FuseBase","description":"Nimbus Platform - Free Online Collaboration Software for Remote Teams. Build your wikis, client portals and more with the Nimbus Platform collaboration tool ? A perfect space for online work","publisher":{"@id":"https:\/\/sales-ai-agents.com\/#organization"},"potentialAction":[{"@type":"SearchAction","target":{"@type":"EntryPoint","urlTemplate":"https:\/\/sales-ai-agents.com\/?s={search_term_string}"},"query-input":{"@type":"PropertyValueSpecification","valueRequired":true,"valueName":"search_term_string"}}],"inLanguage":"de-DE"},{"@type":"Organization","@id":"https:\/\/sales-ai-agents.com\/#organization","name":"FuseBase","url":"https:\/\/sales-ai-agents.com\/","logo":{"@type":"ImageObject","inLanguage":"de-DE","@id":"https:\/\/sales-ai-agents.com\/#\/schema\/logo\/image\/","url":"https:\/\/sales-ai-agents.com\/wp-content\/uploads\/2023\/11\/icon-7.svg","contentUrl":"https:\/\/sales-ai-agents.com\/wp-content\/uploads\/2023\/11\/icon-7.svg","width":128,"height":128,"caption":"FuseBase"},"image":{"@id":"https:\/\/sales-ai-agents.com\/#\/schema\/logo\/image\/"}}]}},"_links":{"self":[{"href":"https:\/\/sales-ai-agents.com\/de\/wp-json\/wp\/v2\/product\/58059","targetHints":{"allow":["GET"]}}],"collection":[{"href":"https:\/\/sales-ai-agents.com\/de\/wp-json\/wp\/v2\/product"}],"about":[{"href":"https:\/\/sales-ai-agents.com\/de\/wp-json\/wp\/v2\/types\/product"}],"wp:featuredmedia":[{"embeddable":true,"href":"https:\/\/sales-ai-agents.com\/de\/wp-json\/wp\/v2\/media\/26602"}],"wp:attachment":[{"href":"https:\/\/sales-ai-agents.com\/de\/wp-json\/wp\/v2\/media?parent=58059"}],"wp:term":[{"taxonomy":"product_brand","embeddable":true,"href":"https:\/\/sales-ai-agents.com\/de\/wp-json\/wp\/v2\/product_brand?post=58059"},{"taxonomy":"product_cat","embeddable":true,"href":"https:\/\/sales-ai-agents.com\/de\/wp-json\/wp\/v2\/product_cat?post=58059"},{"taxonomy":"product_tag","embeddable":true,"href":"https:\/\/sales-ai-agents.com\/de\/wp-json\/wp\/v2\/product_tag?post=58059"}],"curies":[{"name":"wp","href":"https:\/\/api.w.org\/{rel}","templated":true}]}}