{"id":58063,"date":"2022-09-26T11:58:08","date_gmt":"2022-09-26T11:58:08","guid":{"rendered":"https:\/\/sales-ai-agents.com\/templates\/lean-canvas\/"},"modified":"2023-12-27T15:56:52","modified_gmt":"2023-12-27T15:56:52","slug":"lean-canvas","status":"publish","type":"product","link":"https:\/\/sales-ai-agents.com\/de\/templates\/lean-canvas\/","title":{"rendered":"Lean Canvas"},"content":{"rendered":"<p>&nbsp;<\/p>\n<h2>Lean Canvas Vorlage<\/h2>\n<p class=\"desc-text\">Konzentrieren Sie sich auf Ihren Gesch\u00e4ftsplan mit unserer Lean Canvas-Vorlage. Erstellen Sie ein umfassendes Konzept f\u00fcr Ihr Unternehmen, indem Sie \u00fcber Probleme, L\u00f6sungen, Vorteile und ein einzigartiges Wertversprechen nachdenken. Betrachten Sie viele Aspekte aus der Vogelperspektive und machen Sie Ihr Gesch\u00e4ftsmodell nur mit den entscheidenden Teilen konsistent. Konzentrieren Sie sich auf eine Sache zur Zeit und erkennen Sie Unstimmigkeiten schnell.<\/p>\n<h5>Wie zu verwenden:<\/h5>\n<ul class=\"desc-item_list\">\n<li class=\"desc-item_list__point\">Nennen Sie die wichtigsten Probleme, mit denen Ihr Unternehmen konfrontiert ist<\/li>\n<li class=\"desc-item_list__point\">Brainstorming \u00fcber potenzielle L\u00f6sungen und Messgr\u00f6\u00dfen<\/li>\n<li class=\"desc-item_list__point\">Einzigartiges Nutzenversprechen finden<\/li>\n<li class=\"desc-item_list__point\">Unlautere Vorteile einbeziehen und Verbraucher ansprechen<\/li>\n<li class=\"desc-item_list__point\">Gemeinsame Nutzung mit Ihrem Team f\u00fcr einfache Zusammenarbeit und Kommunikation<\/li>\n<\/ul>\n","protected":false},"excerpt":{"rendered":"<p>Konzentrieren Sie sich auf Ihren Gesch\u00e4ftsplan mit unserer kostenlosen Lean Canvas-Vorlage. Erstellen Sie einen umfassenden Plan f\u00fcr Ihr Unternehmen, indem Sie \u00fcber 12 Hauptoptionen nachdenken.<\/p>\n","protected":false},"featured_media":25512,"template":"","meta":{"_acf_changed":false,"inline_featured_image":false},"product_brand":[],"product_cat":[190,169],"product_tag":[],"class_list":{"0":"post-58063","1":"product","2":"type-product","3":"status-publish","4":"has-post-thumbnail","6":"product_cat-project-documents","7":"product_cat-entrepreneur","9":"first","10":"instock","11":"virtual","12":"sold-individually","13":"product-type-simple"},"acf":[],"yoast_head":"<!-- This site is optimized with the Yoast SEO plugin v25.3.1 - https:\/\/yoast.com\/wordpress\/plugins\/seo\/ -->\n<title>Lean Canvas Vorlage - Sales AI Agents<\/title>\n<meta name=\"description\" content=\"Konzentrieren Sie sich auf Ihren Gesch\u00e4ftsplan mit unserer kostenlosen Lean Canvas-Vorlage. Entwickeln Sie ein umfassendes Konzept f\u00fcr Ihr Unternehmen, indem Sie \u00fcber 12 Hauptoptionen nachdenken!\" \/>\n<meta name=\"robots\" content=\"index, follow, max-snippet:-1, max-image-preview:large, max-video-preview:-1\" \/>\n<link rel=\"canonical\" href=\"https:\/\/sales-ai-agents.com\/de\/templates\/lean-canvas\/\" \/>\n<meta property=\"og:locale\" content=\"de_DE\" \/>\n<meta property=\"og:type\" content=\"article\" \/>\n<meta property=\"og:title\" content=\"Lean Canvas Vorlage - Sales AI Agents\" \/>\n<meta property=\"og:description\" content=\"Konzentrieren Sie sich auf Ihren Gesch\u00e4ftsplan mit unserer kostenlosen Lean Canvas-Vorlage. Entwickeln Sie ein umfassendes Konzept f\u00fcr Ihr Unternehmen, indem Sie \u00fcber 12 Hauptoptionen nachdenken!\" \/>\n<meta property=\"og:url\" content=\"https:\/\/sales-ai-agents.com\/de\/templates\/lean-canvas\/\" \/>\n<meta property=\"og:site_name\" content=\"Sales AI Agents\" \/>\n<meta property=\"article:modified_time\" content=\"2023-12-27T15:56:52+00:00\" \/>\n<meta property=\"og:image\" content=\"https:\/\/sales-ai-agents.com\/wp-content\/uploads\/2022\/09\/Lean-Canvas-Template.png\" \/>\n\t<meta property=\"og:image:width\" content=\"1700\" \/>\n\t<meta property=\"og:image:height\" content=\"1100\" \/>\n\t<meta property=\"og:image:type\" content=\"image\/png\" \/>\n<meta name=\"twitter:card\" content=\"summary_large_image\" \/>\n<script type=\"application\/ld+json\" class=\"yoast-schema-graph\">{\"@context\":\"https:\/\/schema.org\",\"@graph\":[{\"@type\":\"WebPage\",\"@id\":\"https:\/\/sales-ai-agents.com\/de\/templates\/lean-canvas\/\",\"url\":\"https:\/\/sales-ai-agents.com\/de\/templates\/lean-canvas\/\",\"name\":\"Lean Canvas Vorlage - Sales AI Agents\",\"isPartOf\":{\"@id\":\"https:\/\/sales-ai-agents.com\/#website\"},\"primaryImageOfPage\":{\"@id\":\"https:\/\/sales-ai-agents.com\/de\/templates\/lean-canvas\/#primaryimage\"},\"image\":{\"@id\":\"https:\/\/sales-ai-agents.com\/de\/templates\/lean-canvas\/#primaryimage\"},\"thumbnailUrl\":\"https:\/\/sales-ai-agents.com\/wp-content\/uploads\/2022\/09\/Lean-Canvas-Template.png\",\"datePublished\":\"2022-09-26T11:58:08+00:00\",\"dateModified\":\"2023-12-27T15:56:52+00:00\",\"description\":\"Konzentrieren Sie sich auf Ihren Gesch\u00e4ftsplan mit unserer kostenlosen Lean Canvas-Vorlage. Entwickeln Sie ein umfassendes Konzept f\u00fcr Ihr Unternehmen, indem Sie \u00fcber 12 Hauptoptionen nachdenken!\",\"inLanguage\":\"de-DE\",\"potentialAction\":[{\"@type\":\"ReadAction\",\"target\":[\"https:\/\/sales-ai-agents.com\/de\/templates\/lean-canvas\/\"]}]},{\"@type\":\"ImageObject\",\"inLanguage\":\"de-DE\",\"@id\":\"https:\/\/sales-ai-agents.com\/de\/templates\/lean-canvas\/#primaryimage\",\"url\":\"https:\/\/sales-ai-agents.com\/wp-content\/uploads\/2022\/09\/Lean-Canvas-Template.png\",\"contentUrl\":\"https:\/\/sales-ai-agents.com\/wp-content\/uploads\/2022\/09\/Lean-Canvas-Template.png\",\"width\":1700,\"height\":1100,\"caption\":\"Focus on your business plan with our free Lean Canvas Template. Construct a comprehensive blueprint for your business by thinking about 12 main options.\"},{\"@type\":\"WebSite\",\"@id\":\"https:\/\/sales-ai-agents.com\/#website\",\"url\":\"https:\/\/sales-ai-agents.com\/\",\"name\":\"FuseBase\",\"description\":\"Nimbus Platform - Free Online Collaboration Software for Remote Teams. Build your wikis, client portals and more with the Nimbus Platform collaboration tool ? A perfect space for online work\",\"publisher\":{\"@id\":\"https:\/\/sales-ai-agents.com\/#organization\"},\"potentialAction\":[{\"@type\":\"SearchAction\",\"target\":{\"@type\":\"EntryPoint\",\"urlTemplate\":\"https:\/\/sales-ai-agents.com\/?s={search_term_string}\"},\"query-input\":{\"@type\":\"PropertyValueSpecification\",\"valueRequired\":true,\"valueName\":\"search_term_string\"}}],\"inLanguage\":\"de-DE\"},{\"@type\":\"Organization\",\"@id\":\"https:\/\/sales-ai-agents.com\/#organization\",\"name\":\"FuseBase\",\"url\":\"https:\/\/sales-ai-agents.com\/\",\"logo\":{\"@type\":\"ImageObject\",\"inLanguage\":\"de-DE\",\"@id\":\"https:\/\/sales-ai-agents.com\/#\/schema\/logo\/image\/\",\"url\":\"https:\/\/sales-ai-agents.com\/wp-content\/uploads\/2023\/11\/icon-7.svg\",\"contentUrl\":\"https:\/\/sales-ai-agents.com\/wp-content\/uploads\/2023\/11\/icon-7.svg\",\"width\":128,\"height\":128,\"caption\":\"FuseBase\"},\"image\":{\"@id\":\"https:\/\/sales-ai-agents.com\/#\/schema\/logo\/image\/\"}}]}<\/script>\n<!-- \/ Yoast SEO plugin. -->","yoast_head_json":{"title":"Lean Canvas Vorlage - Sales AI Agents","description":"Konzentrieren Sie sich auf Ihren Gesch\u00e4ftsplan mit unserer kostenlosen Lean Canvas-Vorlage. Entwickeln Sie ein umfassendes Konzept f\u00fcr Ihr Unternehmen, indem Sie \u00fcber 12 Hauptoptionen nachdenken!","robots":{"index":"index","follow":"follow","max-snippet":"max-snippet:-1","max-image-preview":"max-image-preview:large","max-video-preview":"max-video-preview:-1"},"canonical":"https:\/\/sales-ai-agents.com\/de\/templates\/lean-canvas\/","og_locale":"de_DE","og_type":"article","og_title":"Lean Canvas Vorlage - Sales AI Agents","og_description":"Konzentrieren Sie sich auf Ihren Gesch\u00e4ftsplan mit unserer kostenlosen Lean Canvas-Vorlage. Entwickeln Sie ein umfassendes Konzept f\u00fcr Ihr Unternehmen, indem Sie \u00fcber 12 Hauptoptionen nachdenken!","og_url":"https:\/\/sales-ai-agents.com\/de\/templates\/lean-canvas\/","og_site_name":"Sales AI Agents","article_modified_time":"2023-12-27T15:56:52+00:00","og_image":[{"width":1700,"height":1100,"url":"https:\/\/sales-ai-agents.com\/wp-content\/uploads\/2022\/09\/Lean-Canvas-Template.png","type":"image\/png"}],"twitter_card":"summary_large_image","schema":{"@context":"https:\/\/schema.org","@graph":[{"@type":"WebPage","@id":"https:\/\/sales-ai-agents.com\/de\/templates\/lean-canvas\/","url":"https:\/\/sales-ai-agents.com\/de\/templates\/lean-canvas\/","name":"Lean Canvas Vorlage - Sales AI Agents","isPartOf":{"@id":"https:\/\/sales-ai-agents.com\/#website"},"primaryImageOfPage":{"@id":"https:\/\/sales-ai-agents.com\/de\/templates\/lean-canvas\/#primaryimage"},"image":{"@id":"https:\/\/sales-ai-agents.com\/de\/templates\/lean-canvas\/#primaryimage"},"thumbnailUrl":"https:\/\/sales-ai-agents.com\/wp-content\/uploads\/2022\/09\/Lean-Canvas-Template.png","datePublished":"2022-09-26T11:58:08+00:00","dateModified":"2023-12-27T15:56:52+00:00","description":"Konzentrieren Sie sich auf Ihren Gesch\u00e4ftsplan mit unserer kostenlosen Lean Canvas-Vorlage. Entwickeln Sie ein umfassendes Konzept f\u00fcr Ihr Unternehmen, indem Sie \u00fcber 12 Hauptoptionen nachdenken!","inLanguage":"de-DE","potentialAction":[{"@type":"ReadAction","target":["https:\/\/sales-ai-agents.com\/de\/templates\/lean-canvas\/"]}]},{"@type":"ImageObject","inLanguage":"de-DE","@id":"https:\/\/sales-ai-agents.com\/de\/templates\/lean-canvas\/#primaryimage","url":"https:\/\/sales-ai-agents.com\/wp-content\/uploads\/2022\/09\/Lean-Canvas-Template.png","contentUrl":"https:\/\/sales-ai-agents.com\/wp-content\/uploads\/2022\/09\/Lean-Canvas-Template.png","width":1700,"height":1100,"caption":"Focus on your business plan with our free Lean Canvas Template. Construct a comprehensive blueprint for your business by thinking about 12 main options."},{"@type":"WebSite","@id":"https:\/\/sales-ai-agents.com\/#website","url":"https:\/\/sales-ai-agents.com\/","name":"FuseBase","description":"Nimbus Platform - Free Online Collaboration Software for Remote Teams. Build your wikis, client portals and more with the Nimbus Platform collaboration tool ? A perfect space for online work","publisher":{"@id":"https:\/\/sales-ai-agents.com\/#organization"},"potentialAction":[{"@type":"SearchAction","target":{"@type":"EntryPoint","urlTemplate":"https:\/\/sales-ai-agents.com\/?s={search_term_string}"},"query-input":{"@type":"PropertyValueSpecification","valueRequired":true,"valueName":"search_term_string"}}],"inLanguage":"de-DE"},{"@type":"Organization","@id":"https:\/\/sales-ai-agents.com\/#organization","name":"FuseBase","url":"https:\/\/sales-ai-agents.com\/","logo":{"@type":"ImageObject","inLanguage":"de-DE","@id":"https:\/\/sales-ai-agents.com\/#\/schema\/logo\/image\/","url":"https:\/\/sales-ai-agents.com\/wp-content\/uploads\/2023\/11\/icon-7.svg","contentUrl":"https:\/\/sales-ai-agents.com\/wp-content\/uploads\/2023\/11\/icon-7.svg","width":128,"height":128,"caption":"FuseBase"},"image":{"@id":"https:\/\/sales-ai-agents.com\/#\/schema\/logo\/image\/"}}]}},"_links":{"self":[{"href":"https:\/\/sales-ai-agents.com\/de\/wp-json\/wp\/v2\/product\/58063","targetHints":{"allow":["GET"]}}],"collection":[{"href":"https:\/\/sales-ai-agents.com\/de\/wp-json\/wp\/v2\/product"}],"about":[{"href":"https:\/\/sales-ai-agents.com\/de\/wp-json\/wp\/v2\/types\/product"}],"wp:featuredmedia":[{"embeddable":true,"href":"https:\/\/sales-ai-agents.com\/de\/wp-json\/wp\/v2\/media\/25512"}],"wp:attachment":[{"href":"https:\/\/sales-ai-agents.com\/de\/wp-json\/wp\/v2\/media?parent=58063"}],"wp:term":[{"taxonomy":"product_brand","embeddable":true,"href":"https:\/\/sales-ai-agents.com\/de\/wp-json\/wp\/v2\/product_brand?post=58063"},{"taxonomy":"product_cat","embeddable":true,"href":"https:\/\/sales-ai-agents.com\/de\/wp-json\/wp\/v2\/product_cat?post=58063"},{"taxonomy":"product_tag","embeddable":true,"href":"https:\/\/sales-ai-agents.com\/de\/wp-json\/wp\/v2\/product_tag?post=58063"}],"curies":[{"name":"wp","href":"https:\/\/api.w.org\/{rel}","templated":true}]}}