{"id":58066,"date":"2022-09-26T11:58:01","date_gmt":"2022-09-26T11:58:01","guid":{"rendered":"https:\/\/sales-ai-agents.com\/templates\/content-drafts\/"},"modified":"2023-12-26T20:42:41","modified_gmt":"2023-12-26T20:42:41","slug":"content-drafts","status":"publish","type":"product","link":"https:\/\/sales-ai-agents.com\/de\/templates\/content-drafts\/","title":{"rendered":"Inhaltliche Entw\u00fcrfe"},"content":{"rendered":"<p>&nbsp;<\/p>\n<h2>Vorlage f\u00fcr Inhaltsentw\u00fcrfe<\/h2>\n<p class=\"desc-text\">Die Erstellung neuer Inhalte f\u00fcr einen Beitrag, einen Artikel oder ein Blog erfordert mehrere Schritte. Damit Sie sich dabei nicht verirren, haben wir diese Vorlage erstellt, die Ihnen bei der Planung der Inhaltserstellung helfen soll. In dieser Vorlage haben wir Platz f\u00fcr die Formulierung Ihrer Arbeit vorgesehen. Kennzeichnen Sie Genehmiger, damit Teammitglieder gemeinsam an einem fertigen Werk arbeiten k\u00f6nnen. Verwenden Sie diese Vorlage, um effizient zu planen und Zeit zu sparen, damit Sie sich auf das Wesentliche konzentrieren k\u00f6nnen: die Erstellung hervorragender Inhalte.<\/p>\n<h5>Wie zu verwenden:<\/h5>\n<ul class=\"desc-item_list\">\n<li class=\"desc-item_list__point\">Geben Sie Details \u00fcber die Stelle an<\/li>\n<li class=\"desc-item_list__point\">Schreiben Sie einen ersten Entwurf in das daf\u00fcr vorgesehene Feld<\/li>\n<li class=\"desc-item_list__point\">Genehmigende in der Tabelle markieren<\/li>\n<li class=\"desc-item_list__point\">Gemeinsame Arbeit an einem fertigen Werk<\/li>\n<li class=\"desc-item_list__point\">Verwenden Sie Kontrollk\u00e4stchen, um die Zustimmung anzuzeigen<\/li>\n<li class=\"desc-item_list__point\">Erstellen von Texten f\u00fcr soziale Medienkan\u00e4le<\/li>\n<\/ul>\n","protected":false},"excerpt":{"rendered":"<p>Die Erstellung neuer Inhalte f\u00fcr einen Beitrag, einen Artikel oder ein Blog erfordert mehrere Schritte. Damit Sie sich dabei nicht verirren, k\u00f6nnen Sie diese kostenlose Vorlage verwenden.<\/p>\n","protected":false},"featured_media":26344,"template":"","meta":{"_acf_changed":false,"inline_featured_image":false},"product_brand":[],"product_cat":[171,175],"product_tag":[],"class_list":{"0":"post-58066","1":"product","2":"type-product","3":"status-publish","4":"has-post-thumbnail","6":"product_cat-marketing","7":"product_cat-marketing-content","9":"first","10":"instock","11":"virtual","12":"sold-individually","13":"product-type-simple"},"acf":[],"yoast_head":"<!-- This site is optimized with the Yoast SEO plugin v25.3.1 - https:\/\/yoast.com\/wordpress\/plugins\/seo\/ -->\n<title>Vorlage f\u00fcr Inhaltsentw\u00fcrfe - Sales AI Agents<\/title>\n<meta name=\"description\" content=\"Die Erstellung neuer Inhalte f\u00fcr einen Beitrag, einen Artikel oder ein Blog erfordert mehrere Schritte. Damit Sie sich dabei nicht verirren, k\u00f6nnen Sie diese kostenlose Vorlage verwenden.\" \/>\n<meta name=\"robots\" content=\"index, follow, max-snippet:-1, max-image-preview:large, max-video-preview:-1\" \/>\n<link rel=\"canonical\" href=\"https:\/\/sales-ai-agents.com\/de\/templates\/content-drafts\/\" \/>\n<meta property=\"og:locale\" content=\"de_DE\" \/>\n<meta property=\"og:type\" content=\"article\" \/>\n<meta property=\"og:title\" content=\"Vorlage f\u00fcr Inhaltsentw\u00fcrfe - Sales AI Agents\" \/>\n<meta property=\"og:description\" content=\"Die Erstellung neuer Inhalte f\u00fcr einen Beitrag, einen Artikel oder ein Blog erfordert mehrere Schritte. Damit Sie sich dabei nicht verirren, k\u00f6nnen Sie diese kostenlose Vorlage verwenden.\" \/>\n<meta property=\"og:url\" content=\"https:\/\/sales-ai-agents.com\/de\/templates\/content-drafts\/\" \/>\n<meta property=\"og:site_name\" content=\"Sales AI Agents\" \/>\n<meta property=\"article:modified_time\" content=\"2023-12-26T20:42:41+00:00\" \/>\n<meta property=\"og:image\" content=\"https:\/\/sales-ai-agents.com\/wp-content\/uploads\/2022\/09\/Content-Drafts-Template.png\" \/>\n\t<meta property=\"og:image:width\" content=\"1700\" \/>\n\t<meta property=\"og:image:height\" content=\"1100\" \/>\n\t<meta property=\"og:image:type\" content=\"image\/png\" \/>\n<meta name=\"twitter:card\" content=\"summary_large_image\" \/>\n<script type=\"application\/ld+json\" class=\"yoast-schema-graph\">{\"@context\":\"https:\/\/schema.org\",\"@graph\":[{\"@type\":\"WebPage\",\"@id\":\"https:\/\/sales-ai-agents.com\/de\/templates\/content-drafts\/\",\"url\":\"https:\/\/sales-ai-agents.com\/de\/templates\/content-drafts\/\",\"name\":\"Vorlage f\u00fcr Inhaltsentw\u00fcrfe - Sales AI Agents\",\"isPartOf\":{\"@id\":\"https:\/\/sales-ai-agents.com\/#website\"},\"primaryImageOfPage\":{\"@id\":\"https:\/\/sales-ai-agents.com\/de\/templates\/content-drafts\/#primaryimage\"},\"image\":{\"@id\":\"https:\/\/sales-ai-agents.com\/de\/templates\/content-drafts\/#primaryimage\"},\"thumbnailUrl\":\"https:\/\/sales-ai-agents.com\/wp-content\/uploads\/2022\/09\/Content-Drafts-Template.png\",\"datePublished\":\"2022-09-26T11:58:01+00:00\",\"dateModified\":\"2023-12-26T20:42:41+00:00\",\"description\":\"Die Erstellung neuer Inhalte f\u00fcr einen Beitrag, einen Artikel oder ein Blog erfordert mehrere Schritte. Damit Sie sich dabei nicht verirren, k\u00f6nnen Sie diese kostenlose Vorlage verwenden.\",\"inLanguage\":\"de-DE\",\"potentialAction\":[{\"@type\":\"ReadAction\",\"target\":[\"https:\/\/sales-ai-agents.com\/de\/templates\/content-drafts\/\"]}]},{\"@type\":\"ImageObject\",\"inLanguage\":\"de-DE\",\"@id\":\"https:\/\/sales-ai-agents.com\/de\/templates\/content-drafts\/#primaryimage\",\"url\":\"https:\/\/sales-ai-agents.com\/wp-content\/uploads\/2022\/09\/Content-Drafts-Template.png\",\"contentUrl\":\"https:\/\/sales-ai-agents.com\/wp-content\/uploads\/2022\/09\/Content-Drafts-Template.png\",\"width\":1700,\"height\":1100,\"caption\":\"Creating new content for a post, article, or blog requires several different steps. To make sure you don\u2019t get lost along the way, use this free template.\"},{\"@type\":\"WebSite\",\"@id\":\"https:\/\/sales-ai-agents.com\/#website\",\"url\":\"https:\/\/sales-ai-agents.com\/\",\"name\":\"FuseBase\",\"description\":\"Nimbus Platform - Free Online Collaboration Software for Remote Teams. Build your wikis, client portals and more with the Nimbus Platform collaboration tool ? A perfect space for online work\",\"publisher\":{\"@id\":\"https:\/\/sales-ai-agents.com\/#organization\"},\"potentialAction\":[{\"@type\":\"SearchAction\",\"target\":{\"@type\":\"EntryPoint\",\"urlTemplate\":\"https:\/\/sales-ai-agents.com\/?s={search_term_string}\"},\"query-input\":{\"@type\":\"PropertyValueSpecification\",\"valueRequired\":true,\"valueName\":\"search_term_string\"}}],\"inLanguage\":\"de-DE\"},{\"@type\":\"Organization\",\"@id\":\"https:\/\/sales-ai-agents.com\/#organization\",\"name\":\"FuseBase\",\"url\":\"https:\/\/sales-ai-agents.com\/\",\"logo\":{\"@type\":\"ImageObject\",\"inLanguage\":\"de-DE\",\"@id\":\"https:\/\/sales-ai-agents.com\/#\/schema\/logo\/image\/\",\"url\":\"https:\/\/sales-ai-agents.com\/wp-content\/uploads\/2023\/11\/icon-7.svg\",\"contentUrl\":\"https:\/\/sales-ai-agents.com\/wp-content\/uploads\/2023\/11\/icon-7.svg\",\"width\":128,\"height\":128,\"caption\":\"FuseBase\"},\"image\":{\"@id\":\"https:\/\/sales-ai-agents.com\/#\/schema\/logo\/image\/\"}}]}<\/script>\n<!-- \/ Yoast SEO plugin. -->","yoast_head_json":{"title":"Vorlage f\u00fcr Inhaltsentw\u00fcrfe - Sales AI Agents","description":"Die Erstellung neuer Inhalte f\u00fcr einen Beitrag, einen Artikel oder ein Blog erfordert mehrere Schritte. Damit Sie sich dabei nicht verirren, k\u00f6nnen Sie diese kostenlose Vorlage verwenden.","robots":{"index":"index","follow":"follow","max-snippet":"max-snippet:-1","max-image-preview":"max-image-preview:large","max-video-preview":"max-video-preview:-1"},"canonical":"https:\/\/sales-ai-agents.com\/de\/templates\/content-drafts\/","og_locale":"de_DE","og_type":"article","og_title":"Vorlage f\u00fcr Inhaltsentw\u00fcrfe - Sales AI Agents","og_description":"Die Erstellung neuer Inhalte f\u00fcr einen Beitrag, einen Artikel oder ein Blog erfordert mehrere Schritte. Damit Sie sich dabei nicht verirren, k\u00f6nnen Sie diese kostenlose Vorlage verwenden.","og_url":"https:\/\/sales-ai-agents.com\/de\/templates\/content-drafts\/","og_site_name":"Sales AI Agents","article_modified_time":"2023-12-26T20:42:41+00:00","og_image":[{"width":1700,"height":1100,"url":"https:\/\/sales-ai-agents.com\/wp-content\/uploads\/2022\/09\/Content-Drafts-Template.png","type":"image\/png"}],"twitter_card":"summary_large_image","schema":{"@context":"https:\/\/schema.org","@graph":[{"@type":"WebPage","@id":"https:\/\/sales-ai-agents.com\/de\/templates\/content-drafts\/","url":"https:\/\/sales-ai-agents.com\/de\/templates\/content-drafts\/","name":"Vorlage f\u00fcr Inhaltsentw\u00fcrfe - Sales AI Agents","isPartOf":{"@id":"https:\/\/sales-ai-agents.com\/#website"},"primaryImageOfPage":{"@id":"https:\/\/sales-ai-agents.com\/de\/templates\/content-drafts\/#primaryimage"},"image":{"@id":"https:\/\/sales-ai-agents.com\/de\/templates\/content-drafts\/#primaryimage"},"thumbnailUrl":"https:\/\/sales-ai-agents.com\/wp-content\/uploads\/2022\/09\/Content-Drafts-Template.png","datePublished":"2022-09-26T11:58:01+00:00","dateModified":"2023-12-26T20:42:41+00:00","description":"Die Erstellung neuer Inhalte f\u00fcr einen Beitrag, einen Artikel oder ein Blog erfordert mehrere Schritte. Damit Sie sich dabei nicht verirren, k\u00f6nnen Sie diese kostenlose Vorlage verwenden.","inLanguage":"de-DE","potentialAction":[{"@type":"ReadAction","target":["https:\/\/sales-ai-agents.com\/de\/templates\/content-drafts\/"]}]},{"@type":"ImageObject","inLanguage":"de-DE","@id":"https:\/\/sales-ai-agents.com\/de\/templates\/content-drafts\/#primaryimage","url":"https:\/\/sales-ai-agents.com\/wp-content\/uploads\/2022\/09\/Content-Drafts-Template.png","contentUrl":"https:\/\/sales-ai-agents.com\/wp-content\/uploads\/2022\/09\/Content-Drafts-Template.png","width":1700,"height":1100,"caption":"Creating new content for a post, article, or blog requires several different steps. To make sure you don\u2019t get lost along the way, use this free template."},{"@type":"WebSite","@id":"https:\/\/sales-ai-agents.com\/#website","url":"https:\/\/sales-ai-agents.com\/","name":"FuseBase","description":"Nimbus Platform - Free Online Collaboration Software for Remote Teams. Build your wikis, client portals and more with the Nimbus Platform collaboration tool ? A perfect space for online work","publisher":{"@id":"https:\/\/sales-ai-agents.com\/#organization"},"potentialAction":[{"@type":"SearchAction","target":{"@type":"EntryPoint","urlTemplate":"https:\/\/sales-ai-agents.com\/?s={search_term_string}"},"query-input":{"@type":"PropertyValueSpecification","valueRequired":true,"valueName":"search_term_string"}}],"inLanguage":"de-DE"},{"@type":"Organization","@id":"https:\/\/sales-ai-agents.com\/#organization","name":"FuseBase","url":"https:\/\/sales-ai-agents.com\/","logo":{"@type":"ImageObject","inLanguage":"de-DE","@id":"https:\/\/sales-ai-agents.com\/#\/schema\/logo\/image\/","url":"https:\/\/sales-ai-agents.com\/wp-content\/uploads\/2023\/11\/icon-7.svg","contentUrl":"https:\/\/sales-ai-agents.com\/wp-content\/uploads\/2023\/11\/icon-7.svg","width":128,"height":128,"caption":"FuseBase"},"image":{"@id":"https:\/\/sales-ai-agents.com\/#\/schema\/logo\/image\/"}}]}},"_links":{"self":[{"href":"https:\/\/sales-ai-agents.com\/de\/wp-json\/wp\/v2\/product\/58066","targetHints":{"allow":["GET"]}}],"collection":[{"href":"https:\/\/sales-ai-agents.com\/de\/wp-json\/wp\/v2\/product"}],"about":[{"href":"https:\/\/sales-ai-agents.com\/de\/wp-json\/wp\/v2\/types\/product"}],"wp:featuredmedia":[{"embeddable":true,"href":"https:\/\/sales-ai-agents.com\/de\/wp-json\/wp\/v2\/media\/26344"}],"wp:attachment":[{"href":"https:\/\/sales-ai-agents.com\/de\/wp-json\/wp\/v2\/media?parent=58066"}],"wp:term":[{"taxonomy":"product_brand","embeddable":true,"href":"https:\/\/sales-ai-agents.com\/de\/wp-json\/wp\/v2\/product_brand?post=58066"},{"taxonomy":"product_cat","embeddable":true,"href":"https:\/\/sales-ai-agents.com\/de\/wp-json\/wp\/v2\/product_cat?post=58066"},{"taxonomy":"product_tag","embeddable":true,"href":"https:\/\/sales-ai-agents.com\/de\/wp-json\/wp\/v2\/product_tag?post=58066"}],"curies":[{"name":"wp","href":"https:\/\/api.w.org\/{rel}","templated":true}]}}