{"id":58071,"date":"2022-09-26T11:57:56","date_gmt":"2022-09-26T11:57:56","guid":{"rendered":"https:\/\/sales-ai-agents.com\/templates\/calendar-2023-all-months\/"},"modified":"2023-12-27T14:23:05","modified_gmt":"2023-12-27T14:23:05","slug":"calendar-2023-all-months","status":"publish","type":"product","link":"https:\/\/sales-ai-agents.com\/de\/templates\/calendar-2023-all-months\/","title":{"rendered":"Kalender 2023 &#8211; Alle Monate"},"content":{"rendered":"<p>&nbsp;<\/p>\n<h2>Kalender 2023 &#8211; Alle Monate Vorlage<\/h2>\n<p class=\"desc-text\">Planen Sie Ihr ganzes Jahr mit dieser Kalendervorlage. Erinnern Sie sich damit an Feiertage, Geburtstage, Ereignisse, Termine und vieles mehr. Sie k\u00f6nnen jedem Feld Text hinzuf\u00fcgen und sogar Felder mit Farbe f\u00fcllen. Verwenden Sie verschiedene Farben, um bestimmte Daten hervorzuheben. F\u00fcgen Sie f\u00fcr jeden Monat Notizen hinzu, und organisieren Sie Ihre Termine f\u00fcr das ganze Jahr mit Leichtigkeit.<br \/>\nDer Kalender basiert auf den nationalen Feiertagen in den USA. Die Feiertage k\u00f6nnen von Land zu Land unterschiedlich sein.<\/p>\n<h5>Wie zu verwenden:<\/h5>\n<ul class=\"desc-item_list\">\n<li class=\"desc-item_list__point\">Ereignisse, Erinnerungen, Geburtstage, Hochzeiten und mehr hinzuf\u00fcgen<\/li>\n<li class=\"desc-item_list__point\">F\u00fcllen Sie Felder mit Farbe, um sie hervorzuheben<\/li>\n<li class=\"desc-item_list__point\">Notizen f\u00fcr jeden Monat schreiben<\/li>\n<li class=\"desc-item_list__point\">Markieren Sie alles, was Sie sich merken m\u00f6chten<\/li>\n<\/ul>\n","protected":false},"excerpt":{"rendered":"<p>Planen Sie Ihr ganzes Jahr mit dieser Kalendervorlage. Erinnern Sie sich damit an Feiertage, Geburtstage und vieles mehr. F\u00fcgen Sie f\u00fcr jeden Monat Notizen hinzu, und organisieren Sie alles.<\/p>\n","protected":false},"featured_media":68627,"template":"","meta":{"_acf_changed":false,"inline_featured_image":false},"product_brand":[],"product_cat":[179,180,181],"product_tag":[],"class_list":{"0":"post-58071","1":"product","2":"type-product","3":"status-publish","4":"has-post-thumbnail","6":"product_cat-organizers-planners","7":"product_cat-personal","8":"product_cat-holidays-planning","10":"first","11":"instock","12":"virtual","13":"sold-individually","14":"product-type-simple"},"acf":[],"yoast_head":"<!-- This site is optimized with the Yoast SEO plugin v25.3.1 - https:\/\/yoast.com\/wordpress\/plugins\/seo\/ -->\n<title>Kalender 2023 - alle Monate Vorlage - Sales AI Agents<\/title>\n<meta name=\"description\" content=\"Planen Sie Ihr ganzes Jahr mit dieser Kalendervorlage. Erinnern Sie sich damit an Feiertage, Geburtstage und vieles mehr. F\u00fcgen Sie f\u00fcr jeden Monat Notizen hinzu, und organisieren Sie alles\" \/>\n<meta name=\"robots\" content=\"index, follow, max-snippet:-1, max-image-preview:large, max-video-preview:-1\" \/>\n<link rel=\"canonical\" href=\"https:\/\/sales-ai-agents.com\/de\/templates\/calendar-2023-all-months\/\" \/>\n<meta property=\"og:locale\" content=\"de_DE\" \/>\n<meta property=\"og:type\" content=\"article\" \/>\n<meta property=\"og:title\" content=\"Kalender 2023 - alle Monate Vorlage - Sales AI Agents\" \/>\n<meta property=\"og:description\" content=\"Planen Sie Ihr ganzes Jahr mit dieser Kalendervorlage. Erinnern Sie sich damit an Feiertage, Geburtstage und vieles mehr. F\u00fcgen Sie f\u00fcr jeden Monat Notizen hinzu, und organisieren Sie alles\" \/>\n<meta property=\"og:url\" content=\"https:\/\/sales-ai-agents.com\/de\/templates\/calendar-2023-all-months\/\" \/>\n<meta property=\"og:site_name\" content=\"Sales AI Agents\" \/>\n<meta property=\"article:modified_time\" content=\"2023-12-27T14:23:05+00:00\" \/>\n<meta property=\"og:image\" content=\"https:\/\/sales-ai-agents.com\/wp-content\/uploads\/2022\/09\/calendar-2024-template.png\" \/>\n\t<meta property=\"og:image:width\" content=\"1700\" \/>\n\t<meta property=\"og:image:height\" content=\"1100\" \/>\n\t<meta property=\"og:image:type\" content=\"image\/png\" \/>\n<meta name=\"twitter:card\" content=\"summary_large_image\" \/>\n<script type=\"application\/ld+json\" class=\"yoast-schema-graph\">{\"@context\":\"https:\/\/schema.org\",\"@graph\":[{\"@type\":\"WebPage\",\"@id\":\"https:\/\/sales-ai-agents.com\/de\/templates\/calendar-2023-all-months\/\",\"url\":\"https:\/\/sales-ai-agents.com\/de\/templates\/calendar-2023-all-months\/\",\"name\":\"Kalender 2023 - alle Monate Vorlage - Sales AI Agents\",\"isPartOf\":{\"@id\":\"https:\/\/sales-ai-agents.com\/#website\"},\"primaryImageOfPage\":{\"@id\":\"https:\/\/sales-ai-agents.com\/de\/templates\/calendar-2023-all-months\/#primaryimage\"},\"image\":{\"@id\":\"https:\/\/sales-ai-agents.com\/de\/templates\/calendar-2023-all-months\/#primaryimage\"},\"thumbnailUrl\":\"https:\/\/sales-ai-agents.com\/wp-content\/uploads\/2022\/09\/calendar-2024-template.png\",\"datePublished\":\"2022-09-26T11:57:56+00:00\",\"dateModified\":\"2023-12-27T14:23:05+00:00\",\"description\":\"Planen Sie Ihr ganzes Jahr mit dieser Kalendervorlage. Erinnern Sie sich damit an Feiertage, Geburtstage und vieles mehr. F\u00fcgen Sie f\u00fcr jeden Monat Notizen hinzu, und organisieren Sie alles\",\"inLanguage\":\"de-DE\",\"potentialAction\":[{\"@type\":\"ReadAction\",\"target\":[\"https:\/\/sales-ai-agents.com\/de\/templates\/calendar-2023-all-months\/\"]}]},{\"@type\":\"ImageObject\",\"inLanguage\":\"de-DE\",\"@id\":\"https:\/\/sales-ai-agents.com\/de\/templates\/calendar-2023-all-months\/#primaryimage\",\"url\":\"https:\/\/sales-ai-agents.com\/wp-content\/uploads\/2022\/09\/calendar-2024-template.png\",\"contentUrl\":\"https:\/\/sales-ai-agents.com\/wp-content\/uploads\/2022\/09\/calendar-2024-template.png\",\"width\":1700,\"height\":1100,\"caption\":\"Calendar 2023 All Months Template - Nimbus Platform\"},{\"@type\":\"WebSite\",\"@id\":\"https:\/\/sales-ai-agents.com\/#website\",\"url\":\"https:\/\/sales-ai-agents.com\/\",\"name\":\"FuseBase\",\"description\":\"Nimbus Platform - Free Online Collaboration Software for Remote Teams. Build your wikis, client portals and more with the Nimbus Platform collaboration tool ? A perfect space for online work\",\"publisher\":{\"@id\":\"https:\/\/sales-ai-agents.com\/#organization\"},\"potentialAction\":[{\"@type\":\"SearchAction\",\"target\":{\"@type\":\"EntryPoint\",\"urlTemplate\":\"https:\/\/sales-ai-agents.com\/?s={search_term_string}\"},\"query-input\":{\"@type\":\"PropertyValueSpecification\",\"valueRequired\":true,\"valueName\":\"search_term_string\"}}],\"inLanguage\":\"de-DE\"},{\"@type\":\"Organization\",\"@id\":\"https:\/\/sales-ai-agents.com\/#organization\",\"name\":\"FuseBase\",\"url\":\"https:\/\/sales-ai-agents.com\/\",\"logo\":{\"@type\":\"ImageObject\",\"inLanguage\":\"de-DE\",\"@id\":\"https:\/\/sales-ai-agents.com\/#\/schema\/logo\/image\/\",\"url\":\"https:\/\/sales-ai-agents.com\/wp-content\/uploads\/2023\/11\/icon-7.svg\",\"contentUrl\":\"https:\/\/sales-ai-agents.com\/wp-content\/uploads\/2023\/11\/icon-7.svg\",\"width\":128,\"height\":128,\"caption\":\"FuseBase\"},\"image\":{\"@id\":\"https:\/\/sales-ai-agents.com\/#\/schema\/logo\/image\/\"}}]}<\/script>\n<!-- \/ Yoast SEO plugin. -->","yoast_head_json":{"title":"Kalender 2023 - alle Monate Vorlage - Sales AI Agents","description":"Planen Sie Ihr ganzes Jahr mit dieser Kalendervorlage. Erinnern Sie sich damit an Feiertage, Geburtstage und vieles mehr. F\u00fcgen Sie f\u00fcr jeden Monat Notizen hinzu, und organisieren Sie alles","robots":{"index":"index","follow":"follow","max-snippet":"max-snippet:-1","max-image-preview":"max-image-preview:large","max-video-preview":"max-video-preview:-1"},"canonical":"https:\/\/sales-ai-agents.com\/de\/templates\/calendar-2023-all-months\/","og_locale":"de_DE","og_type":"article","og_title":"Kalender 2023 - alle Monate Vorlage - Sales AI Agents","og_description":"Planen Sie Ihr ganzes Jahr mit dieser Kalendervorlage. Erinnern Sie sich damit an Feiertage, Geburtstage und vieles mehr. F\u00fcgen Sie f\u00fcr jeden Monat Notizen hinzu, und organisieren Sie alles","og_url":"https:\/\/sales-ai-agents.com\/de\/templates\/calendar-2023-all-months\/","og_site_name":"Sales AI Agents","article_modified_time":"2023-12-27T14:23:05+00:00","og_image":[{"width":1700,"height":1100,"url":"https:\/\/sales-ai-agents.com\/wp-content\/uploads\/2022\/09\/calendar-2024-template.png","type":"image\/png"}],"twitter_card":"summary_large_image","schema":{"@context":"https:\/\/schema.org","@graph":[{"@type":"WebPage","@id":"https:\/\/sales-ai-agents.com\/de\/templates\/calendar-2023-all-months\/","url":"https:\/\/sales-ai-agents.com\/de\/templates\/calendar-2023-all-months\/","name":"Kalender 2023 - alle Monate Vorlage - Sales AI Agents","isPartOf":{"@id":"https:\/\/sales-ai-agents.com\/#website"},"primaryImageOfPage":{"@id":"https:\/\/sales-ai-agents.com\/de\/templates\/calendar-2023-all-months\/#primaryimage"},"image":{"@id":"https:\/\/sales-ai-agents.com\/de\/templates\/calendar-2023-all-months\/#primaryimage"},"thumbnailUrl":"https:\/\/sales-ai-agents.com\/wp-content\/uploads\/2022\/09\/calendar-2024-template.png","datePublished":"2022-09-26T11:57:56+00:00","dateModified":"2023-12-27T14:23:05+00:00","description":"Planen Sie Ihr ganzes Jahr mit dieser Kalendervorlage. Erinnern Sie sich damit an Feiertage, Geburtstage und vieles mehr. F\u00fcgen Sie f\u00fcr jeden Monat Notizen hinzu, und organisieren Sie alles","inLanguage":"de-DE","potentialAction":[{"@type":"ReadAction","target":["https:\/\/sales-ai-agents.com\/de\/templates\/calendar-2023-all-months\/"]}]},{"@type":"ImageObject","inLanguage":"de-DE","@id":"https:\/\/sales-ai-agents.com\/de\/templates\/calendar-2023-all-months\/#primaryimage","url":"https:\/\/sales-ai-agents.com\/wp-content\/uploads\/2022\/09\/calendar-2024-template.png","contentUrl":"https:\/\/sales-ai-agents.com\/wp-content\/uploads\/2022\/09\/calendar-2024-template.png","width":1700,"height":1100,"caption":"Calendar 2023 All Months Template - Nimbus Platform"},{"@type":"WebSite","@id":"https:\/\/sales-ai-agents.com\/#website","url":"https:\/\/sales-ai-agents.com\/","name":"FuseBase","description":"Nimbus Platform - Free Online Collaboration Software for Remote Teams. Build your wikis, client portals and more with the Nimbus Platform collaboration tool ? A perfect space for online work","publisher":{"@id":"https:\/\/sales-ai-agents.com\/#organization"},"potentialAction":[{"@type":"SearchAction","target":{"@type":"EntryPoint","urlTemplate":"https:\/\/sales-ai-agents.com\/?s={search_term_string}"},"query-input":{"@type":"PropertyValueSpecification","valueRequired":true,"valueName":"search_term_string"}}],"inLanguage":"de-DE"},{"@type":"Organization","@id":"https:\/\/sales-ai-agents.com\/#organization","name":"FuseBase","url":"https:\/\/sales-ai-agents.com\/","logo":{"@type":"ImageObject","inLanguage":"de-DE","@id":"https:\/\/sales-ai-agents.com\/#\/schema\/logo\/image\/","url":"https:\/\/sales-ai-agents.com\/wp-content\/uploads\/2023\/11\/icon-7.svg","contentUrl":"https:\/\/sales-ai-agents.com\/wp-content\/uploads\/2023\/11\/icon-7.svg","width":128,"height":128,"caption":"FuseBase"},"image":{"@id":"https:\/\/sales-ai-agents.com\/#\/schema\/logo\/image\/"}}]}},"_links":{"self":[{"href":"https:\/\/sales-ai-agents.com\/de\/wp-json\/wp\/v2\/product\/58071","targetHints":{"allow":["GET"]}}],"collection":[{"href":"https:\/\/sales-ai-agents.com\/de\/wp-json\/wp\/v2\/product"}],"about":[{"href":"https:\/\/sales-ai-agents.com\/de\/wp-json\/wp\/v2\/types\/product"}],"wp:featuredmedia":[{"embeddable":true,"href":"https:\/\/sales-ai-agents.com\/de\/wp-json\/wp\/v2\/media\/68627"}],"wp:attachment":[{"href":"https:\/\/sales-ai-agents.com\/de\/wp-json\/wp\/v2\/media?parent=58071"}],"wp:term":[{"taxonomy":"product_brand","embeddable":true,"href":"https:\/\/sales-ai-agents.com\/de\/wp-json\/wp\/v2\/product_brand?post=58071"},{"taxonomy":"product_cat","embeddable":true,"href":"https:\/\/sales-ai-agents.com\/de\/wp-json\/wp\/v2\/product_cat?post=58071"},{"taxonomy":"product_tag","embeddable":true,"href":"https:\/\/sales-ai-agents.com\/de\/wp-json\/wp\/v2\/product_tag?post=58071"}],"curies":[{"name":"wp","href":"https:\/\/api.w.org\/{rel}","templated":true}]}}