{"id":58075,"date":"2022-09-26T11:57:18","date_gmt":"2022-09-26T11:57:18","guid":{"rendered":"https:\/\/sales-ai-agents.com\/templates\/daily-intention-tracker\/"},"modified":"2023-12-27T19:11:47","modified_gmt":"2023-12-27T19:11:47","slug":"daily-intention-tracker","status":"publish","type":"product","link":"https:\/\/sales-ai-agents.com\/de\/templates\/daily-intention-tracker\/","title":{"rendered":"T\u00e4glicher Intentionen-Tracker"},"content":{"rendered":"<p>&nbsp;<\/p>\n<h2>T\u00e4gliche Intention Tracker Vorlage<\/h2>\n<p class=\"desc-text\">Dieser Tracker kann Ihnen helfen, Ihren Tag mit dem richtigen Vorsatz zu beginnen. Bevor Sie Ihren Tag beginnen, f\u00fcllen Sie diese Vorlage aus und listen Sie Ihre Ziele auf. Konzentrieren Sie sich darauf, Ihre Gef\u00fchle, Absichten und Ziele zu steuern. Die Vorlage ist einfach zu verwenden und kann sogar ausgef\u00fcllt werden, w\u00e4hrend Sie Ihren Morgenkaffee trinken.<\/p>\n<h5>Wie zu verwenden:<\/h5>\n<ul class=\"desc-item_list\">\n<li class=\"desc-item_list__point\">Denken Sie \u00fcber Ihre Ziele f\u00fcr den Tag nach<\/li>\n<li class=\"desc-item_list__point\">F\u00fcllen Sie Ihre Absichten aus und schreiben Sie sie auf<\/li>\n<li class=\"desc-item_list__point\">Behalten Sie diese Punkte im Hinterkopf, w\u00e4hrend Sie durch den Tag gehen<\/li>\n<li class=\"desc-item_list__point\">Kreuzen Sie am Ende des Tages an, welche Ziele Sie erreicht haben<\/li>\n<\/ul>\n","protected":false},"excerpt":{"rendered":"<p>Dieser kostenlose Tracker kann Ihnen helfen, Ihren Tag mit dem richtigen Vorsatz zu beginnen. Bevor Sie Ihren Tag beginnen, f\u00fcllen Sie diese Vorlage aus und listen Sie Ihre Ziele auf.<\/p>\n","protected":false},"featured_media":26576,"template":"","meta":{"_acf_changed":false,"inline_featured_image":false},"product_brand":[],"product_cat":[179,180],"product_tag":[],"class_list":{"0":"post-58075","1":"product","2":"type-product","3":"status-publish","4":"has-post-thumbnail","6":"product_cat-organizers-planners","7":"product_cat-personal","9":"first","10":"instock","11":"virtual","12":"sold-individually","13":"product-type-simple"},"acf":[],"yoast_head":"<!-- This site is optimized with the Yoast SEO plugin v25.3.1 - https:\/\/yoast.com\/wordpress\/plugins\/seo\/ -->\n<title>T\u00e4gliche Intention Tracker Vorlage - Sales AI Agents<\/title>\n<meta name=\"description\" content=\"Dieser kostenlose Tracker kann Ihnen helfen, Ihren Tag mit dem richtigen Vorsatz zu beginnen. Bevor Sie Ihren Tag beginnen, f\u00fcllen Sie diese Vorlage aus und listen Sie Ihre Ziele auf\" \/>\n<meta name=\"robots\" content=\"index, follow, max-snippet:-1, max-image-preview:large, max-video-preview:-1\" \/>\n<link rel=\"canonical\" href=\"https:\/\/sales-ai-agents.com\/de\/templates\/daily-intention-tracker\/\" \/>\n<meta property=\"og:locale\" content=\"de_DE\" \/>\n<meta property=\"og:type\" content=\"article\" \/>\n<meta property=\"og:title\" content=\"T\u00e4gliche Intention Tracker Vorlage - Sales AI Agents\" \/>\n<meta property=\"og:description\" content=\"Dieser kostenlose Tracker kann Ihnen helfen, Ihren Tag mit dem richtigen Vorsatz zu beginnen. Bevor Sie Ihren Tag beginnen, f\u00fcllen Sie diese Vorlage aus und listen Sie Ihre Ziele auf\" \/>\n<meta property=\"og:url\" content=\"https:\/\/sales-ai-agents.com\/de\/templates\/daily-intention-tracker\/\" \/>\n<meta property=\"og:site_name\" content=\"Sales AI Agents\" \/>\n<meta property=\"article:modified_time\" content=\"2023-12-27T19:11:47+00:00\" \/>\n<meta property=\"og:image\" content=\"https:\/\/sales-ai-agents.com\/wp-content\/uploads\/2022\/09\/Daily-Intention-Tracker-Template.png\" \/>\n\t<meta property=\"og:image:width\" content=\"1700\" \/>\n\t<meta property=\"og:image:height\" content=\"1100\" \/>\n\t<meta property=\"og:image:type\" content=\"image\/png\" \/>\n<meta name=\"twitter:card\" content=\"summary_large_image\" \/>\n<script type=\"application\/ld+json\" class=\"yoast-schema-graph\">{\"@context\":\"https:\/\/schema.org\",\"@graph\":[{\"@type\":\"WebPage\",\"@id\":\"https:\/\/sales-ai-agents.com\/de\/templates\/daily-intention-tracker\/\",\"url\":\"https:\/\/sales-ai-agents.com\/de\/templates\/daily-intention-tracker\/\",\"name\":\"T\u00e4gliche Intention Tracker Vorlage - Sales AI Agents\",\"isPartOf\":{\"@id\":\"https:\/\/sales-ai-agents.com\/#website\"},\"primaryImageOfPage\":{\"@id\":\"https:\/\/sales-ai-agents.com\/de\/templates\/daily-intention-tracker\/#primaryimage\"},\"image\":{\"@id\":\"https:\/\/sales-ai-agents.com\/de\/templates\/daily-intention-tracker\/#primaryimage\"},\"thumbnailUrl\":\"https:\/\/sales-ai-agents.com\/wp-content\/uploads\/2022\/09\/Daily-Intention-Tracker-Template.png\",\"datePublished\":\"2022-09-26T11:57:18+00:00\",\"dateModified\":\"2023-12-27T19:11:47+00:00\",\"description\":\"Dieser kostenlose Tracker kann Ihnen helfen, Ihren Tag mit dem richtigen Vorsatz zu beginnen. Bevor Sie Ihren Tag beginnen, f\u00fcllen Sie diese Vorlage aus und listen Sie Ihre Ziele auf\",\"inLanguage\":\"de-DE\",\"potentialAction\":[{\"@type\":\"ReadAction\",\"target\":[\"https:\/\/sales-ai-agents.com\/de\/templates\/daily-intention-tracker\/\"]}]},{\"@type\":\"ImageObject\",\"inLanguage\":\"de-DE\",\"@id\":\"https:\/\/sales-ai-agents.com\/de\/templates\/daily-intention-tracker\/#primaryimage\",\"url\":\"https:\/\/sales-ai-agents.com\/wp-content\/uploads\/2022\/09\/Daily-Intention-Tracker-Template.png\",\"contentUrl\":\"https:\/\/sales-ai-agents.com\/wp-content\/uploads\/2022\/09\/Daily-Intention-Tracker-Template.png\",\"width\":1700,\"height\":1100,\"caption\":\"This free daily intention tracker can help you start your day on the right foot.\"},{\"@type\":\"WebSite\",\"@id\":\"https:\/\/sales-ai-agents.com\/#website\",\"url\":\"https:\/\/sales-ai-agents.com\/\",\"name\":\"FuseBase\",\"description\":\"Nimbus Platform - Free Online Collaboration Software for Remote Teams. Build your wikis, client portals and more with the Nimbus Platform collaboration tool ? A perfect space for online work\",\"publisher\":{\"@id\":\"https:\/\/sales-ai-agents.com\/#organization\"},\"potentialAction\":[{\"@type\":\"SearchAction\",\"target\":{\"@type\":\"EntryPoint\",\"urlTemplate\":\"https:\/\/sales-ai-agents.com\/?s={search_term_string}\"},\"query-input\":{\"@type\":\"PropertyValueSpecification\",\"valueRequired\":true,\"valueName\":\"search_term_string\"}}],\"inLanguage\":\"de-DE\"},{\"@type\":\"Organization\",\"@id\":\"https:\/\/sales-ai-agents.com\/#organization\",\"name\":\"FuseBase\",\"url\":\"https:\/\/sales-ai-agents.com\/\",\"logo\":{\"@type\":\"ImageObject\",\"inLanguage\":\"de-DE\",\"@id\":\"https:\/\/sales-ai-agents.com\/#\/schema\/logo\/image\/\",\"url\":\"https:\/\/sales-ai-agents.com\/wp-content\/uploads\/2023\/11\/icon-7.svg\",\"contentUrl\":\"https:\/\/sales-ai-agents.com\/wp-content\/uploads\/2023\/11\/icon-7.svg\",\"width\":128,\"height\":128,\"caption\":\"FuseBase\"},\"image\":{\"@id\":\"https:\/\/sales-ai-agents.com\/#\/schema\/logo\/image\/\"}}]}<\/script>\n<!-- \/ Yoast SEO plugin. -->","yoast_head_json":{"title":"T\u00e4gliche Intention Tracker Vorlage - Sales AI Agents","description":"Dieser kostenlose Tracker kann Ihnen helfen, Ihren Tag mit dem richtigen Vorsatz zu beginnen. Bevor Sie Ihren Tag beginnen, f\u00fcllen Sie diese Vorlage aus und listen Sie Ihre Ziele auf","robots":{"index":"index","follow":"follow","max-snippet":"max-snippet:-1","max-image-preview":"max-image-preview:large","max-video-preview":"max-video-preview:-1"},"canonical":"https:\/\/sales-ai-agents.com\/de\/templates\/daily-intention-tracker\/","og_locale":"de_DE","og_type":"article","og_title":"T\u00e4gliche Intention Tracker Vorlage - Sales AI Agents","og_description":"Dieser kostenlose Tracker kann Ihnen helfen, Ihren Tag mit dem richtigen Vorsatz zu beginnen. Bevor Sie Ihren Tag beginnen, f\u00fcllen Sie diese Vorlage aus und listen Sie Ihre Ziele auf","og_url":"https:\/\/sales-ai-agents.com\/de\/templates\/daily-intention-tracker\/","og_site_name":"Sales AI Agents","article_modified_time":"2023-12-27T19:11:47+00:00","og_image":[{"width":1700,"height":1100,"url":"https:\/\/sales-ai-agents.com\/wp-content\/uploads\/2022\/09\/Daily-Intention-Tracker-Template.png","type":"image\/png"}],"twitter_card":"summary_large_image","schema":{"@context":"https:\/\/schema.org","@graph":[{"@type":"WebPage","@id":"https:\/\/sales-ai-agents.com\/de\/templates\/daily-intention-tracker\/","url":"https:\/\/sales-ai-agents.com\/de\/templates\/daily-intention-tracker\/","name":"T\u00e4gliche Intention Tracker Vorlage - Sales AI Agents","isPartOf":{"@id":"https:\/\/sales-ai-agents.com\/#website"},"primaryImageOfPage":{"@id":"https:\/\/sales-ai-agents.com\/de\/templates\/daily-intention-tracker\/#primaryimage"},"image":{"@id":"https:\/\/sales-ai-agents.com\/de\/templates\/daily-intention-tracker\/#primaryimage"},"thumbnailUrl":"https:\/\/sales-ai-agents.com\/wp-content\/uploads\/2022\/09\/Daily-Intention-Tracker-Template.png","datePublished":"2022-09-26T11:57:18+00:00","dateModified":"2023-12-27T19:11:47+00:00","description":"Dieser kostenlose Tracker kann Ihnen helfen, Ihren Tag mit dem richtigen Vorsatz zu beginnen. Bevor Sie Ihren Tag beginnen, f\u00fcllen Sie diese Vorlage aus und listen Sie Ihre Ziele auf","inLanguage":"de-DE","potentialAction":[{"@type":"ReadAction","target":["https:\/\/sales-ai-agents.com\/de\/templates\/daily-intention-tracker\/"]}]},{"@type":"ImageObject","inLanguage":"de-DE","@id":"https:\/\/sales-ai-agents.com\/de\/templates\/daily-intention-tracker\/#primaryimage","url":"https:\/\/sales-ai-agents.com\/wp-content\/uploads\/2022\/09\/Daily-Intention-Tracker-Template.png","contentUrl":"https:\/\/sales-ai-agents.com\/wp-content\/uploads\/2022\/09\/Daily-Intention-Tracker-Template.png","width":1700,"height":1100,"caption":"This free daily intention tracker can help you start your day on the right foot."},{"@type":"WebSite","@id":"https:\/\/sales-ai-agents.com\/#website","url":"https:\/\/sales-ai-agents.com\/","name":"FuseBase","description":"Nimbus Platform - Free Online Collaboration Software for Remote Teams. Build your wikis, client portals and more with the Nimbus Platform collaboration tool ? A perfect space for online work","publisher":{"@id":"https:\/\/sales-ai-agents.com\/#organization"},"potentialAction":[{"@type":"SearchAction","target":{"@type":"EntryPoint","urlTemplate":"https:\/\/sales-ai-agents.com\/?s={search_term_string}"},"query-input":{"@type":"PropertyValueSpecification","valueRequired":true,"valueName":"search_term_string"}}],"inLanguage":"de-DE"},{"@type":"Organization","@id":"https:\/\/sales-ai-agents.com\/#organization","name":"FuseBase","url":"https:\/\/sales-ai-agents.com\/","logo":{"@type":"ImageObject","inLanguage":"de-DE","@id":"https:\/\/sales-ai-agents.com\/#\/schema\/logo\/image\/","url":"https:\/\/sales-ai-agents.com\/wp-content\/uploads\/2023\/11\/icon-7.svg","contentUrl":"https:\/\/sales-ai-agents.com\/wp-content\/uploads\/2023\/11\/icon-7.svg","width":128,"height":128,"caption":"FuseBase"},"image":{"@id":"https:\/\/sales-ai-agents.com\/#\/schema\/logo\/image\/"}}]}},"_links":{"self":[{"href":"https:\/\/sales-ai-agents.com\/de\/wp-json\/wp\/v2\/product\/58075","targetHints":{"allow":["GET"]}}],"collection":[{"href":"https:\/\/sales-ai-agents.com\/de\/wp-json\/wp\/v2\/product"}],"about":[{"href":"https:\/\/sales-ai-agents.com\/de\/wp-json\/wp\/v2\/types\/product"}],"wp:featuredmedia":[{"embeddable":true,"href":"https:\/\/sales-ai-agents.com\/de\/wp-json\/wp\/v2\/media\/26576"}],"wp:attachment":[{"href":"https:\/\/sales-ai-agents.com\/de\/wp-json\/wp\/v2\/media?parent=58075"}],"wp:term":[{"taxonomy":"product_brand","embeddable":true,"href":"https:\/\/sales-ai-agents.com\/de\/wp-json\/wp\/v2\/product_brand?post=58075"},{"taxonomy":"product_cat","embeddable":true,"href":"https:\/\/sales-ai-agents.com\/de\/wp-json\/wp\/v2\/product_cat?post=58075"},{"taxonomy":"product_tag","embeddable":true,"href":"https:\/\/sales-ai-agents.com\/de\/wp-json\/wp\/v2\/product_tag?post=58075"}],"curies":[{"name":"wp","href":"https:\/\/api.w.org\/{rel}","templated":true}]}}