{"id":58079,"date":"2022-09-26T11:57:14","date_gmt":"2022-09-26T11:57:14","guid":{"rendered":"https:\/\/sales-ai-agents.com\/templates\/event-brief\/"},"modified":"2023-12-27T15:59:25","modified_gmt":"2023-12-27T15:59:25","slug":"event-brief","status":"publish","type":"product","link":"https:\/\/sales-ai-agents.com\/de\/templates\/event-brief\/","title":{"rendered":"Veranstaltung kurz"},"content":{"rendered":"<p>&nbsp;<\/p>\n<h2>Briefvorlage Veranstaltung<\/h2>\n<p class=\"desc-text\">Mit Hilfe eines Briefings f\u00fcr die Veranstaltungsplanung k\u00f6nnen Sie die wichtigsten Elemente der Veranstaltung Ihres Kunden umrei\u00dfen &#8211; einschlie\u00dflich des Veranstaltungsortes, des Erscheinungsbildes und der Atmosph\u00e4re. Sie k\u00f6nnen diese Vorlage verwenden, um Ideen zu sammeln und die Ziele Ihres Kunden zu umrei\u00dfen. Eine Veranstaltung auszurichten kann eine Herausforderung sein, aber eine gr\u00fcndliche Planung kann Ihnen helfen, eine unvergessliche Feier zu gestalten.<\/p>\n<h5>Wie zu verwenden:<\/h5>\n<ul class=\"desc-item_list\">\n<li class=\"desc-item_list__point\">Laden Sie ein Foto Ihres Kunden hoch<\/li>\n<li class=\"desc-item_list__point\">Wichtige Kundeninformationen einbeziehen<\/li>\n<li class=\"desc-item_list__point\">Skizzieren Sie die Ziele Ihres Kunden<\/li>\n<li class=\"desc-item_list__point\">Informationen \u00fcber Teilnehmer hinzuf\u00fcgen<\/li>\n<li class=\"desc-item_list__point\">F\u00fcgen Sie Bilder von m\u00f6glichen Veranstaltungsorten bei<\/li>\n<li class=\"desc-item_list__point\">Erstellen Sie eine Liste von Aufgaben<\/li>\n<\/ul>\n","protected":false},"excerpt":{"rendered":"<p>Mit Hilfe eines kostenlosen Briefings f\u00fcr die Veranstaltungsplanung k\u00f6nnen Sie die wichtigsten Elemente der Veranstaltungen Ihrer Kunden skizzieren &#8211; einschlie\u00dflich des Veranstaltungsortes, des Erscheinungsbildes, der Atmosph\u00e4re und mehr.<\/p>\n","protected":false},"featured_media":20794,"template":"","meta":{"_acf_changed":false,"inline_featured_image":false},"product_brand":[],"product_cat":[170],"product_tag":[],"class_list":{"0":"post-58079","1":"product","2":"type-product","3":"status-publish","4":"has-post-thumbnail","6":"product_cat-events","8":"first","9":"instock","10":"virtual","11":"sold-individually","12":"product-type-simple"},"acf":[],"yoast_head":"<!-- This site is optimized with the Yoast SEO plugin v25.3.1 - https:\/\/yoast.com\/wordpress\/plugins\/seo\/ -->\n<title>Briefvorlage f\u00fcr Veranstaltungen - Sales AI Agents<\/title>\n<meta name=\"description\" content=\"Mit Hilfe eines kostenlosen Briefings f\u00fcr die Veranstaltungsplanung k\u00f6nnen Sie die wichtigsten Elemente der Veranstaltungen Ihrer Kunden skizzieren - einschlie\u00dflich des Veranstaltungsortes, des Erscheinungsbildes, der Atmosph\u00e4re und mehr.\" \/>\n<meta name=\"robots\" content=\"index, follow, max-snippet:-1, max-image-preview:large, max-video-preview:-1\" \/>\n<link rel=\"canonical\" href=\"https:\/\/sales-ai-agents.com\/de\/templates\/event-brief\/\" \/>\n<meta property=\"og:locale\" content=\"de_DE\" \/>\n<meta property=\"og:type\" content=\"article\" \/>\n<meta property=\"og:title\" content=\"Briefvorlage f\u00fcr Veranstaltungen - Sales AI Agents\" \/>\n<meta property=\"og:description\" content=\"Mit Hilfe eines kostenlosen Briefings f\u00fcr die Veranstaltungsplanung k\u00f6nnen Sie die wichtigsten Elemente der Veranstaltungen Ihrer Kunden skizzieren - einschlie\u00dflich des Veranstaltungsortes, des Erscheinungsbildes, der Atmosph\u00e4re und mehr.\" \/>\n<meta property=\"og:url\" content=\"https:\/\/sales-ai-agents.com\/de\/templates\/event-brief\/\" \/>\n<meta property=\"og:site_name\" content=\"Sales AI Agents\" \/>\n<meta property=\"article:modified_time\" content=\"2023-12-27T15:59:25+00:00\" \/>\n<meta property=\"og:image\" content=\"https:\/\/sales-ai-agents.com\/wp-content\/uploads\/2023\/01\/image-preview123010.png\" \/>\n\t<meta property=\"og:image:width\" content=\"1078\" \/>\n\t<meta property=\"og:image:height\" content=\"1567\" \/>\n\t<meta property=\"og:image:type\" content=\"image\/png\" \/>\n<meta name=\"twitter:card\" content=\"summary_large_image\" \/>\n<script type=\"application\/ld+json\" class=\"yoast-schema-graph\">{\"@context\":\"https:\/\/schema.org\",\"@graph\":[{\"@type\":\"WebPage\",\"@id\":\"https:\/\/sales-ai-agents.com\/de\/templates\/event-brief\/\",\"url\":\"https:\/\/sales-ai-agents.com\/de\/templates\/event-brief\/\",\"name\":\"Briefvorlage f\u00fcr Veranstaltungen - Sales AI Agents\",\"isPartOf\":{\"@id\":\"https:\/\/sales-ai-agents.com\/#website\"},\"primaryImageOfPage\":{\"@id\":\"https:\/\/sales-ai-agents.com\/de\/templates\/event-brief\/#primaryimage\"},\"image\":{\"@id\":\"https:\/\/sales-ai-agents.com\/de\/templates\/event-brief\/#primaryimage\"},\"thumbnailUrl\":\"https:\/\/sales-ai-agents.com\/wp-content\/uploads\/2023\/01\/image-preview123010.png\",\"datePublished\":\"2022-09-26T11:57:14+00:00\",\"dateModified\":\"2023-12-27T15:59:25+00:00\",\"description\":\"Mit Hilfe eines kostenlosen Briefings f\u00fcr die Veranstaltungsplanung k\u00f6nnen Sie die wichtigsten Elemente der Veranstaltungen Ihrer Kunden skizzieren - einschlie\u00dflich des Veranstaltungsortes, des Erscheinungsbildes, der Atmosph\u00e4re und mehr.\",\"inLanguage\":\"de-DE\",\"potentialAction\":[{\"@type\":\"ReadAction\",\"target\":[\"https:\/\/sales-ai-agents.com\/de\/templates\/event-brief\/\"]}]},{\"@type\":\"ImageObject\",\"inLanguage\":\"de-DE\",\"@id\":\"https:\/\/sales-ai-agents.com\/de\/templates\/event-brief\/#primaryimage\",\"url\":\"https:\/\/sales-ai-agents.com\/wp-content\/uploads\/2023\/01\/image-preview123010.png\",\"contentUrl\":\"https:\/\/sales-ai-agents.com\/wp-content\/uploads\/2023\/01\/image-preview123010.png\",\"width\":1078,\"height\":1567,\"caption\":\"Event Brief Template - Nimbus Platform\"},{\"@type\":\"WebSite\",\"@id\":\"https:\/\/sales-ai-agents.com\/#website\",\"url\":\"https:\/\/sales-ai-agents.com\/\",\"name\":\"FuseBase\",\"description\":\"Nimbus Platform - Free Online Collaboration Software for Remote Teams. Build your wikis, client portals and more with the Nimbus Platform collaboration tool ? A perfect space for online work\",\"publisher\":{\"@id\":\"https:\/\/sales-ai-agents.com\/#organization\"},\"potentialAction\":[{\"@type\":\"SearchAction\",\"target\":{\"@type\":\"EntryPoint\",\"urlTemplate\":\"https:\/\/sales-ai-agents.com\/?s={search_term_string}\"},\"query-input\":{\"@type\":\"PropertyValueSpecification\",\"valueRequired\":true,\"valueName\":\"search_term_string\"}}],\"inLanguage\":\"de-DE\"},{\"@type\":\"Organization\",\"@id\":\"https:\/\/sales-ai-agents.com\/#organization\",\"name\":\"FuseBase\",\"url\":\"https:\/\/sales-ai-agents.com\/\",\"logo\":{\"@type\":\"ImageObject\",\"inLanguage\":\"de-DE\",\"@id\":\"https:\/\/sales-ai-agents.com\/#\/schema\/logo\/image\/\",\"url\":\"https:\/\/sales-ai-agents.com\/wp-content\/uploads\/2023\/11\/icon-7.svg\",\"contentUrl\":\"https:\/\/sales-ai-agents.com\/wp-content\/uploads\/2023\/11\/icon-7.svg\",\"width\":128,\"height\":128,\"caption\":\"FuseBase\"},\"image\":{\"@id\":\"https:\/\/sales-ai-agents.com\/#\/schema\/logo\/image\/\"}}]}<\/script>\n<!-- \/ Yoast SEO plugin. -->","yoast_head_json":{"title":"Briefvorlage f\u00fcr Veranstaltungen - Sales AI Agents","description":"Mit Hilfe eines kostenlosen Briefings f\u00fcr die Veranstaltungsplanung k\u00f6nnen Sie die wichtigsten Elemente der Veranstaltungen Ihrer Kunden skizzieren - einschlie\u00dflich des Veranstaltungsortes, des Erscheinungsbildes, der Atmosph\u00e4re und mehr.","robots":{"index":"index","follow":"follow","max-snippet":"max-snippet:-1","max-image-preview":"max-image-preview:large","max-video-preview":"max-video-preview:-1"},"canonical":"https:\/\/sales-ai-agents.com\/de\/templates\/event-brief\/","og_locale":"de_DE","og_type":"article","og_title":"Briefvorlage f\u00fcr Veranstaltungen - Sales AI Agents","og_description":"Mit Hilfe eines kostenlosen Briefings f\u00fcr die Veranstaltungsplanung k\u00f6nnen Sie die wichtigsten Elemente der Veranstaltungen Ihrer Kunden skizzieren - einschlie\u00dflich des Veranstaltungsortes, des Erscheinungsbildes, der Atmosph\u00e4re und mehr.","og_url":"https:\/\/sales-ai-agents.com\/de\/templates\/event-brief\/","og_site_name":"Sales AI Agents","article_modified_time":"2023-12-27T15:59:25+00:00","og_image":[{"width":1078,"height":1567,"url":"https:\/\/sales-ai-agents.com\/wp-content\/uploads\/2023\/01\/image-preview123010.png","type":"image\/png"}],"twitter_card":"summary_large_image","schema":{"@context":"https:\/\/schema.org","@graph":[{"@type":"WebPage","@id":"https:\/\/sales-ai-agents.com\/de\/templates\/event-brief\/","url":"https:\/\/sales-ai-agents.com\/de\/templates\/event-brief\/","name":"Briefvorlage f\u00fcr Veranstaltungen - Sales AI Agents","isPartOf":{"@id":"https:\/\/sales-ai-agents.com\/#website"},"primaryImageOfPage":{"@id":"https:\/\/sales-ai-agents.com\/de\/templates\/event-brief\/#primaryimage"},"image":{"@id":"https:\/\/sales-ai-agents.com\/de\/templates\/event-brief\/#primaryimage"},"thumbnailUrl":"https:\/\/sales-ai-agents.com\/wp-content\/uploads\/2023\/01\/image-preview123010.png","datePublished":"2022-09-26T11:57:14+00:00","dateModified":"2023-12-27T15:59:25+00:00","description":"Mit Hilfe eines kostenlosen Briefings f\u00fcr die Veranstaltungsplanung k\u00f6nnen Sie die wichtigsten Elemente der Veranstaltungen Ihrer Kunden skizzieren - einschlie\u00dflich des Veranstaltungsortes, des Erscheinungsbildes, der Atmosph\u00e4re und mehr.","inLanguage":"de-DE","potentialAction":[{"@type":"ReadAction","target":["https:\/\/sales-ai-agents.com\/de\/templates\/event-brief\/"]}]},{"@type":"ImageObject","inLanguage":"de-DE","@id":"https:\/\/sales-ai-agents.com\/de\/templates\/event-brief\/#primaryimage","url":"https:\/\/sales-ai-agents.com\/wp-content\/uploads\/2023\/01\/image-preview123010.png","contentUrl":"https:\/\/sales-ai-agents.com\/wp-content\/uploads\/2023\/01\/image-preview123010.png","width":1078,"height":1567,"caption":"Event Brief Template - Nimbus Platform"},{"@type":"WebSite","@id":"https:\/\/sales-ai-agents.com\/#website","url":"https:\/\/sales-ai-agents.com\/","name":"FuseBase","description":"Nimbus Platform - Free Online Collaboration Software for Remote Teams. Build your wikis, client portals and more with the Nimbus Platform collaboration tool ? A perfect space for online work","publisher":{"@id":"https:\/\/sales-ai-agents.com\/#organization"},"potentialAction":[{"@type":"SearchAction","target":{"@type":"EntryPoint","urlTemplate":"https:\/\/sales-ai-agents.com\/?s={search_term_string}"},"query-input":{"@type":"PropertyValueSpecification","valueRequired":true,"valueName":"search_term_string"}}],"inLanguage":"de-DE"},{"@type":"Organization","@id":"https:\/\/sales-ai-agents.com\/#organization","name":"FuseBase","url":"https:\/\/sales-ai-agents.com\/","logo":{"@type":"ImageObject","inLanguage":"de-DE","@id":"https:\/\/sales-ai-agents.com\/#\/schema\/logo\/image\/","url":"https:\/\/sales-ai-agents.com\/wp-content\/uploads\/2023\/11\/icon-7.svg","contentUrl":"https:\/\/sales-ai-agents.com\/wp-content\/uploads\/2023\/11\/icon-7.svg","width":128,"height":128,"caption":"FuseBase"},"image":{"@id":"https:\/\/sales-ai-agents.com\/#\/schema\/logo\/image\/"}}]}},"_links":{"self":[{"href":"https:\/\/sales-ai-agents.com\/de\/wp-json\/wp\/v2\/product\/58079","targetHints":{"allow":["GET"]}}],"collection":[{"href":"https:\/\/sales-ai-agents.com\/de\/wp-json\/wp\/v2\/product"}],"about":[{"href":"https:\/\/sales-ai-agents.com\/de\/wp-json\/wp\/v2\/types\/product"}],"wp:featuredmedia":[{"embeddable":true,"href":"https:\/\/sales-ai-agents.com\/de\/wp-json\/wp\/v2\/media\/20794"}],"wp:attachment":[{"href":"https:\/\/sales-ai-agents.com\/de\/wp-json\/wp\/v2\/media?parent=58079"}],"wp:term":[{"taxonomy":"product_brand","embeddable":true,"href":"https:\/\/sales-ai-agents.com\/de\/wp-json\/wp\/v2\/product_brand?post=58079"},{"taxonomy":"product_cat","embeddable":true,"href":"https:\/\/sales-ai-agents.com\/de\/wp-json\/wp\/v2\/product_cat?post=58079"},{"taxonomy":"product_tag","embeddable":true,"href":"https:\/\/sales-ai-agents.com\/de\/wp-json\/wp\/v2\/product_tag?post=58079"}],"curies":[{"name":"wp","href":"https:\/\/api.w.org\/{rel}","templated":true}]}}