{"id":58089,"date":"2022-09-26T11:54:11","date_gmt":"2022-09-26T11:54:11","guid":{"rendered":"https:\/\/sales-ai-agents.com\/templates\/persona\/"},"modified":"2023-12-26T15:34:27","modified_gmt":"2023-12-26T15:34:27","slug":"persona","status":"publish","type":"product","link":"https:\/\/sales-ai-agents.com\/de\/templates\/persona\/","title":{"rendered":"Persona"},"content":{"rendered":"<p>&nbsp;<\/p>\n<h2>Persona-Vorlage<\/h2>\n<p class=\"desc-text\">Diese Vorlage erm\u00f6glicht es Ihnen, wichtige Informationen \u00fcber Ihre Zielpersonen festzulegen. Indem Sie die W\u00fcnsche und Probleme Ihrer Zielgruppe erfassen, kann Ihr Team deren Bed\u00fcrfnisse bei der Entwicklung ber\u00fccksichtigen. Dieses Dokument sollte anhand von Daten und Recherchen ausgef\u00fcllt werden. Arbeiten Sie gemeinsam mit Ihrem Team an der Erstellung von Kundenprofilen, damit Sie ein Produkt entwickeln k\u00f6nnen, das besser auf Ihre Nutzer abgestimmt ist.<\/p>\n<h5>Wie zu verwenden:<\/h5>\n<ul class=\"desc-item_list\">\n<li class=\"desc-item_list__point\">Laden Sie ein Bild Ihres Motivs hoch<\/li>\n<li class=\"desc-item_list__point\">F\u00fcgen Sie eine Biographie \u00fcber ihren Hintergrund ein<\/li>\n<li class=\"desc-item_list__point\">F\u00fcllen Sie die Tabelle mit wichtigen Fakten aus<\/li>\n<li class=\"desc-item_list__point\">Ziele, W\u00fcnsche und Probleme auflisten<\/li>\n<li class=\"desc-item_list__point\">Notieren Sie alle Ressourcen, die sie derzeit nutzen k\u00f6nnten<\/li>\n<\/ul>\n","protected":false},"excerpt":{"rendered":"<p>Erfassen Sie die W\u00fcnsche und Probleme Ihrer Zielgruppe und entwickeln Sie Ihre Produkte unter Ber\u00fccksichtigung der Bed\u00fcrfnisse dieser Zielgruppe. Verwenden Sie dazu die kostenlose Persona-Vorlage.<\/p>\n","protected":false},"featured_media":34250,"template":"","meta":{"_acf_changed":false,"inline_featured_image":false},"product_brand":[],"product_cat":[171,172],"product_tag":[],"class_list":{"0":"post-58089","1":"product","2":"type-product","3":"status-publish","4":"has-post-thumbnail","6":"product_cat-marketing","7":"product_cat-marketing-analysis","8":"collections-client","10":"first","11":"instock","12":"virtual","13":"sold-individually","14":"product-type-simple"},"acf":[],"yoast_head":"<!-- This site is optimized with the Yoast SEO plugin v25.3.1 - https:\/\/yoast.com\/wordpress\/plugins\/seo\/ -->\n<title>Persona Vorlage - Sales AI Agents<\/title>\n<meta name=\"description\" content=\"Erfassen Sie die W\u00fcnsche und Probleme Ihrer Zielgruppe und entwickeln Sie Ihre Produkte unter Ber\u00fccksichtigung der Bed\u00fcrfnisse dieser Zielgruppe. Verwenden Sie dazu die kostenlose Persona-Vorlage.\" \/>\n<meta name=\"robots\" content=\"index, follow, max-snippet:-1, max-image-preview:large, max-video-preview:-1\" \/>\n<link rel=\"canonical\" href=\"https:\/\/sales-ai-agents.com\/de\/templates\/persona\/\" \/>\n<meta property=\"og:locale\" content=\"de_DE\" \/>\n<meta property=\"og:type\" content=\"article\" \/>\n<meta property=\"og:title\" content=\"Persona Vorlage - Sales AI Agents\" \/>\n<meta property=\"og:description\" content=\"Erfassen Sie die W\u00fcnsche und Probleme Ihrer Zielgruppe und entwickeln Sie Ihre Produkte unter Ber\u00fccksichtigung der Bed\u00fcrfnisse dieser Zielgruppe. Verwenden Sie dazu die kostenlose Persona-Vorlage.\" \/>\n<meta property=\"og:url\" content=\"https:\/\/sales-ai-agents.com\/de\/templates\/persona\/\" \/>\n<meta property=\"og:site_name\" content=\"Sales AI Agents\" \/>\n<meta property=\"article:modified_time\" content=\"2023-12-26T15:34:27+00:00\" \/>\n<meta property=\"og:image\" content=\"https:\/\/sales-ai-agents.com\/wp-content\/uploads\/2022\/09\/Persona-Template-1.png\" \/>\n\t<meta property=\"og:image:width\" content=\"1700\" \/>\n\t<meta property=\"og:image:height\" content=\"1100\" \/>\n\t<meta property=\"og:image:type\" content=\"image\/png\" \/>\n<meta name=\"twitter:card\" content=\"summary_large_image\" \/>\n<script type=\"application\/ld+json\" class=\"yoast-schema-graph\">{\"@context\":\"https:\/\/schema.org\",\"@graph\":[{\"@type\":\"WebPage\",\"@id\":\"https:\/\/sales-ai-agents.com\/de\/templates\/persona\/\",\"url\":\"https:\/\/sales-ai-agents.com\/de\/templates\/persona\/\",\"name\":\"Persona Vorlage - Sales AI Agents\",\"isPartOf\":{\"@id\":\"https:\/\/sales-ai-agents.com\/#website\"},\"primaryImageOfPage\":{\"@id\":\"https:\/\/sales-ai-agents.com\/de\/templates\/persona\/#primaryimage\"},\"image\":{\"@id\":\"https:\/\/sales-ai-agents.com\/de\/templates\/persona\/#primaryimage\"},\"thumbnailUrl\":\"https:\/\/sales-ai-agents.com\/wp-content\/uploads\/2022\/09\/Persona-Template-1.png\",\"datePublished\":\"2022-09-26T11:54:11+00:00\",\"dateModified\":\"2023-12-26T15:34:27+00:00\",\"description\":\"Erfassen Sie die W\u00fcnsche und Probleme Ihrer Zielgruppe und entwickeln Sie Ihre Produkte unter Ber\u00fccksichtigung der Bed\u00fcrfnisse dieser Zielgruppe. Verwenden Sie dazu die kostenlose Persona-Vorlage.\",\"inLanguage\":\"de-DE\",\"potentialAction\":[{\"@type\":\"ReadAction\",\"target\":[\"https:\/\/sales-ai-agents.com\/de\/templates\/persona\/\"]}]},{\"@type\":\"ImageObject\",\"inLanguage\":\"de-DE\",\"@id\":\"https:\/\/sales-ai-agents.com\/de\/templates\/persona\/#primaryimage\",\"url\":\"https:\/\/sales-ai-agents.com\/wp-content\/uploads\/2022\/09\/Persona-Template-1.png\",\"contentUrl\":\"https:\/\/sales-ai-agents.com\/wp-content\/uploads\/2022\/09\/Persona-Template-1.png\",\"width\":1700,\"height\":1100,\"caption\":\"This template allows you to lay out vital information about your target personas.\"},{\"@type\":\"WebSite\",\"@id\":\"https:\/\/sales-ai-agents.com\/#website\",\"url\":\"https:\/\/sales-ai-agents.com\/\",\"name\":\"FuseBase\",\"description\":\"Nimbus Platform - Free Online Collaboration Software for Remote Teams. Build your wikis, client portals and more with the Nimbus Platform collaboration tool ? A perfect space for online work\",\"publisher\":{\"@id\":\"https:\/\/sales-ai-agents.com\/#organization\"},\"potentialAction\":[{\"@type\":\"SearchAction\",\"target\":{\"@type\":\"EntryPoint\",\"urlTemplate\":\"https:\/\/sales-ai-agents.com\/?s={search_term_string}\"},\"query-input\":{\"@type\":\"PropertyValueSpecification\",\"valueRequired\":true,\"valueName\":\"search_term_string\"}}],\"inLanguage\":\"de-DE\"},{\"@type\":\"Organization\",\"@id\":\"https:\/\/sales-ai-agents.com\/#organization\",\"name\":\"FuseBase\",\"url\":\"https:\/\/sales-ai-agents.com\/\",\"logo\":{\"@type\":\"ImageObject\",\"inLanguage\":\"de-DE\",\"@id\":\"https:\/\/sales-ai-agents.com\/#\/schema\/logo\/image\/\",\"url\":\"https:\/\/sales-ai-agents.com\/wp-content\/uploads\/2023\/11\/icon-7.svg\",\"contentUrl\":\"https:\/\/sales-ai-agents.com\/wp-content\/uploads\/2023\/11\/icon-7.svg\",\"width\":128,\"height\":128,\"caption\":\"FuseBase\"},\"image\":{\"@id\":\"https:\/\/sales-ai-agents.com\/#\/schema\/logo\/image\/\"}}]}<\/script>\n<!-- \/ Yoast SEO plugin. -->","yoast_head_json":{"title":"Persona Vorlage - Sales AI Agents","description":"Erfassen Sie die W\u00fcnsche und Probleme Ihrer Zielgruppe und entwickeln Sie Ihre Produkte unter Ber\u00fccksichtigung der Bed\u00fcrfnisse dieser Zielgruppe. Verwenden Sie dazu die kostenlose Persona-Vorlage.","robots":{"index":"index","follow":"follow","max-snippet":"max-snippet:-1","max-image-preview":"max-image-preview:large","max-video-preview":"max-video-preview:-1"},"canonical":"https:\/\/sales-ai-agents.com\/de\/templates\/persona\/","og_locale":"de_DE","og_type":"article","og_title":"Persona Vorlage - Sales AI Agents","og_description":"Erfassen Sie die W\u00fcnsche und Probleme Ihrer Zielgruppe und entwickeln Sie Ihre Produkte unter Ber\u00fccksichtigung der Bed\u00fcrfnisse dieser Zielgruppe. Verwenden Sie dazu die kostenlose Persona-Vorlage.","og_url":"https:\/\/sales-ai-agents.com\/de\/templates\/persona\/","og_site_name":"Sales AI Agents","article_modified_time":"2023-12-26T15:34:27+00:00","og_image":[{"width":1700,"height":1100,"url":"https:\/\/sales-ai-agents.com\/wp-content\/uploads\/2022\/09\/Persona-Template-1.png","type":"image\/png"}],"twitter_card":"summary_large_image","schema":{"@context":"https:\/\/schema.org","@graph":[{"@type":"WebPage","@id":"https:\/\/sales-ai-agents.com\/de\/templates\/persona\/","url":"https:\/\/sales-ai-agents.com\/de\/templates\/persona\/","name":"Persona Vorlage - Sales AI Agents","isPartOf":{"@id":"https:\/\/sales-ai-agents.com\/#website"},"primaryImageOfPage":{"@id":"https:\/\/sales-ai-agents.com\/de\/templates\/persona\/#primaryimage"},"image":{"@id":"https:\/\/sales-ai-agents.com\/de\/templates\/persona\/#primaryimage"},"thumbnailUrl":"https:\/\/sales-ai-agents.com\/wp-content\/uploads\/2022\/09\/Persona-Template-1.png","datePublished":"2022-09-26T11:54:11+00:00","dateModified":"2023-12-26T15:34:27+00:00","description":"Erfassen Sie die W\u00fcnsche und Probleme Ihrer Zielgruppe und entwickeln Sie Ihre Produkte unter Ber\u00fccksichtigung der Bed\u00fcrfnisse dieser Zielgruppe. Verwenden Sie dazu die kostenlose Persona-Vorlage.","inLanguage":"de-DE","potentialAction":[{"@type":"ReadAction","target":["https:\/\/sales-ai-agents.com\/de\/templates\/persona\/"]}]},{"@type":"ImageObject","inLanguage":"de-DE","@id":"https:\/\/sales-ai-agents.com\/de\/templates\/persona\/#primaryimage","url":"https:\/\/sales-ai-agents.com\/wp-content\/uploads\/2022\/09\/Persona-Template-1.png","contentUrl":"https:\/\/sales-ai-agents.com\/wp-content\/uploads\/2022\/09\/Persona-Template-1.png","width":1700,"height":1100,"caption":"This template allows you to lay out vital information about your target personas."},{"@type":"WebSite","@id":"https:\/\/sales-ai-agents.com\/#website","url":"https:\/\/sales-ai-agents.com\/","name":"FuseBase","description":"Nimbus Platform - Free Online Collaboration Software for Remote Teams. Build your wikis, client portals and more with the Nimbus Platform collaboration tool ? A perfect space for online work","publisher":{"@id":"https:\/\/sales-ai-agents.com\/#organization"},"potentialAction":[{"@type":"SearchAction","target":{"@type":"EntryPoint","urlTemplate":"https:\/\/sales-ai-agents.com\/?s={search_term_string}"},"query-input":{"@type":"PropertyValueSpecification","valueRequired":true,"valueName":"search_term_string"}}],"inLanguage":"de-DE"},{"@type":"Organization","@id":"https:\/\/sales-ai-agents.com\/#organization","name":"FuseBase","url":"https:\/\/sales-ai-agents.com\/","logo":{"@type":"ImageObject","inLanguage":"de-DE","@id":"https:\/\/sales-ai-agents.com\/#\/schema\/logo\/image\/","url":"https:\/\/sales-ai-agents.com\/wp-content\/uploads\/2023\/11\/icon-7.svg","contentUrl":"https:\/\/sales-ai-agents.com\/wp-content\/uploads\/2023\/11\/icon-7.svg","width":128,"height":128,"caption":"FuseBase"},"image":{"@id":"https:\/\/sales-ai-agents.com\/#\/schema\/logo\/image\/"}}]}},"_links":{"self":[{"href":"https:\/\/sales-ai-agents.com\/de\/wp-json\/wp\/v2\/product\/58089","targetHints":{"allow":["GET"]}}],"collection":[{"href":"https:\/\/sales-ai-agents.com\/de\/wp-json\/wp\/v2\/product"}],"about":[{"href":"https:\/\/sales-ai-agents.com\/de\/wp-json\/wp\/v2\/types\/product"}],"wp:featuredmedia":[{"embeddable":true,"href":"https:\/\/sales-ai-agents.com\/de\/wp-json\/wp\/v2\/media\/34250"}],"wp:attachment":[{"href":"https:\/\/sales-ai-agents.com\/de\/wp-json\/wp\/v2\/media?parent=58089"}],"wp:term":[{"taxonomy":"product_brand","embeddable":true,"href":"https:\/\/sales-ai-agents.com\/de\/wp-json\/wp\/v2\/product_brand?post=58089"},{"taxonomy":"product_cat","embeddable":true,"href":"https:\/\/sales-ai-agents.com\/de\/wp-json\/wp\/v2\/product_cat?post=58089"},{"taxonomy":"product_tag","embeddable":true,"href":"https:\/\/sales-ai-agents.com\/de\/wp-json\/wp\/v2\/product_tag?post=58089"}],"curies":[{"name":"wp","href":"https:\/\/api.w.org\/{rel}","templated":true}]}}