{"id":58099,"date":"2022-09-26T11:54:01","date_gmt":"2022-09-26T11:54:01","guid":{"rendered":"https:\/\/sales-ai-agents.com\/templates\/the-student-database\/"},"modified":"2023-12-27T14:38:22","modified_gmt":"2023-12-27T14:38:22","slug":"the-student-database","status":"publish","type":"product","link":"https:\/\/sales-ai-agents.com\/de\/templates\/the-student-database\/","title":{"rendered":"Die Sch\u00fclerdatenbank"},"content":{"rendered":"<p>&nbsp;<\/p>\n<h2>Die Datenbankvorlage f\u00fcr Studenten<\/h2>\n<p class=\"desc-text\">Verwenden Sie diese Vorlage, um eine Sch\u00fclerdatenbank zu erstellen und mit Ihrer Schule in Verbindung zu bleiben. F\u00fcgen Sie jeden Sch\u00fcler in Ihrer Klasse hinzu und \u00fcberwachen Sie die Daten an einem Ort. Spezielle Tools f\u00fcr das Klassenraummanagement helfen Ihnen, die Informationen auf separate Karten aufzuteilen, so dass Sie den Status jedes Sch\u00fclers einfach verfolgen k\u00f6nnen.<\/p>\n<h5>Wie zu verwenden:<\/h5>\n<ul class=\"desc-item_list\">\n<li class=\"desc-item_list__point\">Hinzuf\u00fcgen jedes Sch\u00fclers zur Datenbank<\/li>\n<li class=\"desc-item_list__point\">Verfolgen Sie die Anzahl der Fehltage, der versp\u00e4teten Tage und der Entlassungen<\/li>\n<li class=\"desc-item_list__point\">Einfaches Hinzuf\u00fcgen von Tags wie Klasse<\/li>\n<li class=\"desc-item_list__point\">Verwenden Sie das Kommentarfeld, um bei Bedarf Anmerkungen hinzuzuf\u00fcgen.<\/li>\n<li class=\"desc-item_list__point\">Erstellen Sie f\u00fcr jeden Sch\u00fcler eine eigene Karte, um den Status zu verfolgen<\/li>\n<\/ul>\n","protected":false},"excerpt":{"rendered":"<p>Verwenden Sie diese kostenlose, anpassbare Vorlage, um die Datenbank der Sch\u00fcler zu erstellen. F\u00fcgen Sie jeden Sch\u00fcler in Ihrer Klasse hinzu und \u00fcberwachen Sie alle Informationen an einem Ort.<\/p>\n","protected":false},"featured_media":20948,"template":"","meta":{"_acf_changed":false,"inline_featured_image":false},"product_brand":[],"product_cat":[198],"product_tag":[],"class_list":{"0":"post-58099","1":"product","2":"type-product","3":"status-publish","4":"has-post-thumbnail","6":"product_cat-teacher","8":"first","9":"instock","10":"virtual","11":"sold-individually","12":"product-type-simple"},"acf":[],"yoast_head":"<!-- This site is optimized with the Yoast SEO plugin v25.3.1 - https:\/\/yoast.com\/wordpress\/plugins\/seo\/ -->\n<title>Die Sch\u00fclerdatenbank-Vorlage - Sales AI Agents<\/title>\n<meta name=\"description\" content=\"Verwenden Sie diese kostenlose, anpassbare Vorlage, um die Datenbank der Sch\u00fcler zu erstellen. F\u00fcgen Sie jeden Sch\u00fcler in Ihrer Klasse hinzu und \u00fcberwachen Sie alle Informationen an einem Ort.\" \/>\n<meta name=\"robots\" content=\"index, follow, max-snippet:-1, max-image-preview:large, max-video-preview:-1\" \/>\n<link rel=\"canonical\" href=\"https:\/\/sales-ai-agents.com\/de\/templates\/the-student-database\/\" \/>\n<meta property=\"og:locale\" content=\"de_DE\" \/>\n<meta property=\"og:type\" content=\"article\" \/>\n<meta property=\"og:title\" content=\"Die Sch\u00fclerdatenbank-Vorlage - Sales AI Agents\" \/>\n<meta property=\"og:description\" content=\"Verwenden Sie diese kostenlose, anpassbare Vorlage, um die Datenbank der Sch\u00fcler zu erstellen. F\u00fcgen Sie jeden Sch\u00fcler in Ihrer Klasse hinzu und \u00fcberwachen Sie alle Informationen an einem Ort.\" \/>\n<meta property=\"og:url\" content=\"https:\/\/sales-ai-agents.com\/de\/templates\/the-student-database\/\" \/>\n<meta property=\"og:site_name\" content=\"Sales AI Agents\" \/>\n<meta property=\"article:modified_time\" content=\"2023-12-27T14:38:22+00:00\" \/>\n<meta property=\"og:image\" content=\"https:\/\/sales-ai-agents.com\/wp-content\/uploads\/2023\/01\/image-preview124110.png\" \/>\n\t<meta property=\"og:image:width\" content=\"1078\" \/>\n\t<meta property=\"og:image:height\" content=\"1125\" \/>\n\t<meta property=\"og:image:type\" content=\"image\/png\" \/>\n<meta name=\"twitter:card\" content=\"summary_large_image\" \/>\n<script type=\"application\/ld+json\" class=\"yoast-schema-graph\">{\"@context\":\"https:\/\/schema.org\",\"@graph\":[{\"@type\":\"WebPage\",\"@id\":\"https:\/\/sales-ai-agents.com\/de\/templates\/the-student-database\/\",\"url\":\"https:\/\/sales-ai-agents.com\/de\/templates\/the-student-database\/\",\"name\":\"Die Sch\u00fclerdatenbank-Vorlage - Sales AI Agents\",\"isPartOf\":{\"@id\":\"https:\/\/sales-ai-agents.com\/#website\"},\"primaryImageOfPage\":{\"@id\":\"https:\/\/sales-ai-agents.com\/de\/templates\/the-student-database\/#primaryimage\"},\"image\":{\"@id\":\"https:\/\/sales-ai-agents.com\/de\/templates\/the-student-database\/#primaryimage\"},\"thumbnailUrl\":\"https:\/\/sales-ai-agents.com\/wp-content\/uploads\/2023\/01\/image-preview124110.png\",\"datePublished\":\"2022-09-26T11:54:01+00:00\",\"dateModified\":\"2023-12-27T14:38:22+00:00\",\"description\":\"Verwenden Sie diese kostenlose, anpassbare Vorlage, um die Datenbank der Sch\u00fcler zu erstellen. F\u00fcgen Sie jeden Sch\u00fcler in Ihrer Klasse hinzu und \u00fcberwachen Sie alle Informationen an einem Ort.\",\"inLanguage\":\"de-DE\",\"potentialAction\":[{\"@type\":\"ReadAction\",\"target\":[\"https:\/\/sales-ai-agents.com\/de\/templates\/the-student-database\/\"]}]},{\"@type\":\"ImageObject\",\"inLanguage\":\"de-DE\",\"@id\":\"https:\/\/sales-ai-agents.com\/de\/templates\/the-student-database\/#primaryimage\",\"url\":\"https:\/\/sales-ai-agents.com\/wp-content\/uploads\/2023\/01\/image-preview124110.png\",\"contentUrl\":\"https:\/\/sales-ai-agents.com\/wp-content\/uploads\/2023\/01\/image-preview124110.png\",\"width\":1078,\"height\":1125,\"caption\":\"The Students Database Template - Nimbus Platform\"},{\"@type\":\"WebSite\",\"@id\":\"https:\/\/sales-ai-agents.com\/#website\",\"url\":\"https:\/\/sales-ai-agents.com\/\",\"name\":\"FuseBase\",\"description\":\"Nimbus Platform - Free Online Collaboration Software for Remote Teams. Build your wikis, client portals and more with the Nimbus Platform collaboration tool ? A perfect space for online work\",\"publisher\":{\"@id\":\"https:\/\/sales-ai-agents.com\/#organization\"},\"potentialAction\":[{\"@type\":\"SearchAction\",\"target\":{\"@type\":\"EntryPoint\",\"urlTemplate\":\"https:\/\/sales-ai-agents.com\/?s={search_term_string}\"},\"query-input\":{\"@type\":\"PropertyValueSpecification\",\"valueRequired\":true,\"valueName\":\"search_term_string\"}}],\"inLanguage\":\"de-DE\"},{\"@type\":\"Organization\",\"@id\":\"https:\/\/sales-ai-agents.com\/#organization\",\"name\":\"FuseBase\",\"url\":\"https:\/\/sales-ai-agents.com\/\",\"logo\":{\"@type\":\"ImageObject\",\"inLanguage\":\"de-DE\",\"@id\":\"https:\/\/sales-ai-agents.com\/#\/schema\/logo\/image\/\",\"url\":\"https:\/\/sales-ai-agents.com\/wp-content\/uploads\/2023\/11\/icon-7.svg\",\"contentUrl\":\"https:\/\/sales-ai-agents.com\/wp-content\/uploads\/2023\/11\/icon-7.svg\",\"width\":128,\"height\":128,\"caption\":\"FuseBase\"},\"image\":{\"@id\":\"https:\/\/sales-ai-agents.com\/#\/schema\/logo\/image\/\"}}]}<\/script>\n<!-- \/ Yoast SEO plugin. -->","yoast_head_json":{"title":"Die Sch\u00fclerdatenbank-Vorlage - Sales AI Agents","description":"Verwenden Sie diese kostenlose, anpassbare Vorlage, um die Datenbank der Sch\u00fcler zu erstellen. F\u00fcgen Sie jeden Sch\u00fcler in Ihrer Klasse hinzu und \u00fcberwachen Sie alle Informationen an einem Ort.","robots":{"index":"index","follow":"follow","max-snippet":"max-snippet:-1","max-image-preview":"max-image-preview:large","max-video-preview":"max-video-preview:-1"},"canonical":"https:\/\/sales-ai-agents.com\/de\/templates\/the-student-database\/","og_locale":"de_DE","og_type":"article","og_title":"Die Sch\u00fclerdatenbank-Vorlage - Sales AI Agents","og_description":"Verwenden Sie diese kostenlose, anpassbare Vorlage, um die Datenbank der Sch\u00fcler zu erstellen. F\u00fcgen Sie jeden Sch\u00fcler in Ihrer Klasse hinzu und \u00fcberwachen Sie alle Informationen an einem Ort.","og_url":"https:\/\/sales-ai-agents.com\/de\/templates\/the-student-database\/","og_site_name":"Sales AI Agents","article_modified_time":"2023-12-27T14:38:22+00:00","og_image":[{"width":1078,"height":1125,"url":"https:\/\/sales-ai-agents.com\/wp-content\/uploads\/2023\/01\/image-preview124110.png","type":"image\/png"}],"twitter_card":"summary_large_image","schema":{"@context":"https:\/\/schema.org","@graph":[{"@type":"WebPage","@id":"https:\/\/sales-ai-agents.com\/de\/templates\/the-student-database\/","url":"https:\/\/sales-ai-agents.com\/de\/templates\/the-student-database\/","name":"Die Sch\u00fclerdatenbank-Vorlage - Sales AI Agents","isPartOf":{"@id":"https:\/\/sales-ai-agents.com\/#website"},"primaryImageOfPage":{"@id":"https:\/\/sales-ai-agents.com\/de\/templates\/the-student-database\/#primaryimage"},"image":{"@id":"https:\/\/sales-ai-agents.com\/de\/templates\/the-student-database\/#primaryimage"},"thumbnailUrl":"https:\/\/sales-ai-agents.com\/wp-content\/uploads\/2023\/01\/image-preview124110.png","datePublished":"2022-09-26T11:54:01+00:00","dateModified":"2023-12-27T14:38:22+00:00","description":"Verwenden Sie diese kostenlose, anpassbare Vorlage, um die Datenbank der Sch\u00fcler zu erstellen. F\u00fcgen Sie jeden Sch\u00fcler in Ihrer Klasse hinzu und \u00fcberwachen Sie alle Informationen an einem Ort.","inLanguage":"de-DE","potentialAction":[{"@type":"ReadAction","target":["https:\/\/sales-ai-agents.com\/de\/templates\/the-student-database\/"]}]},{"@type":"ImageObject","inLanguage":"de-DE","@id":"https:\/\/sales-ai-agents.com\/de\/templates\/the-student-database\/#primaryimage","url":"https:\/\/sales-ai-agents.com\/wp-content\/uploads\/2023\/01\/image-preview124110.png","contentUrl":"https:\/\/sales-ai-agents.com\/wp-content\/uploads\/2023\/01\/image-preview124110.png","width":1078,"height":1125,"caption":"The Students Database Template - Nimbus Platform"},{"@type":"WebSite","@id":"https:\/\/sales-ai-agents.com\/#website","url":"https:\/\/sales-ai-agents.com\/","name":"FuseBase","description":"Nimbus Platform - Free Online Collaboration Software for Remote Teams. Build your wikis, client portals and more with the Nimbus Platform collaboration tool ? A perfect space for online work","publisher":{"@id":"https:\/\/sales-ai-agents.com\/#organization"},"potentialAction":[{"@type":"SearchAction","target":{"@type":"EntryPoint","urlTemplate":"https:\/\/sales-ai-agents.com\/?s={search_term_string}"},"query-input":{"@type":"PropertyValueSpecification","valueRequired":true,"valueName":"search_term_string"}}],"inLanguage":"de-DE"},{"@type":"Organization","@id":"https:\/\/sales-ai-agents.com\/#organization","name":"FuseBase","url":"https:\/\/sales-ai-agents.com\/","logo":{"@type":"ImageObject","inLanguage":"de-DE","@id":"https:\/\/sales-ai-agents.com\/#\/schema\/logo\/image\/","url":"https:\/\/sales-ai-agents.com\/wp-content\/uploads\/2023\/11\/icon-7.svg","contentUrl":"https:\/\/sales-ai-agents.com\/wp-content\/uploads\/2023\/11\/icon-7.svg","width":128,"height":128,"caption":"FuseBase"},"image":{"@id":"https:\/\/sales-ai-agents.com\/#\/schema\/logo\/image\/"}}]}},"_links":{"self":[{"href":"https:\/\/sales-ai-agents.com\/de\/wp-json\/wp\/v2\/product\/58099","targetHints":{"allow":["GET"]}}],"collection":[{"href":"https:\/\/sales-ai-agents.com\/de\/wp-json\/wp\/v2\/product"}],"about":[{"href":"https:\/\/sales-ai-agents.com\/de\/wp-json\/wp\/v2\/types\/product"}],"wp:featuredmedia":[{"embeddable":true,"href":"https:\/\/sales-ai-agents.com\/de\/wp-json\/wp\/v2\/media\/20948"}],"wp:attachment":[{"href":"https:\/\/sales-ai-agents.com\/de\/wp-json\/wp\/v2\/media?parent=58099"}],"wp:term":[{"taxonomy":"product_brand","embeddable":true,"href":"https:\/\/sales-ai-agents.com\/de\/wp-json\/wp\/v2\/product_brand?post=58099"},{"taxonomy":"product_cat","embeddable":true,"href":"https:\/\/sales-ai-agents.com\/de\/wp-json\/wp\/v2\/product_cat?post=58099"},{"taxonomy":"product_tag","embeddable":true,"href":"https:\/\/sales-ai-agents.com\/de\/wp-json\/wp\/v2\/product_tag?post=58099"}],"curies":[{"name":"wp","href":"https:\/\/api.w.org\/{rel}","templated":true}]}}