{"id":58283,"date":"2022-09-26T11:53:55","date_gmt":"2022-09-26T11:53:55","guid":{"rendered":"https:\/\/sales-ai-agents.com\/templates\/financial-tracking\/"},"modified":"2023-12-27T19:49:05","modified_gmt":"2023-12-27T19:49:05","slug":"financial-tracking","status":"publish","type":"product","link":"https:\/\/sales-ai-agents.com\/de\/templates\/financial-tracking\/","title":{"rendered":"Finanzielle Verfolgung"},"content":{"rendered":"<p>&nbsp;<\/p>\n<h2>Vorlage zur finanziellen Verfolgung<\/h2>\n<p class=\"desc-text\">Das Verwalten von Geld und das Einhalten eines Budgets kann mit dieser Vorlage zur Finanzverfolgung einfacher sein. Verfolgen Sie Ihre Einnahmen und Ausgaben t\u00e4glich und nutzen Sie die Daten dann, um die monatlichen Finanzen zu verfolgen und die Ziele f\u00fcr den n\u00e4chsten Monat festzulegen.<\/p>\n<h5>Wie zu verwenden:<\/h5>\n<ul class=\"desc-item_list\">\n<li class=\"desc-item_list__point\">Addieren Sie jeden Tag des Monats Ihre Einnahmen und Ausgaben<\/li>\n<li class=\"desc-item_list__point\">Bestimmen Sie am Ende des Monats Ihr monatliches Gesamteinkommen, die monatlichen Ausgaben, den gesparten Betrag, die Gesamtverschuldung und das Nettoverm\u00f6gen.<\/li>\n<li class=\"desc-item_list__point\">Monatliche Ver\u00e4nderung in % definieren<\/li>\n<li class=\"desc-item_list__point\">Setzen Sie sich finanzielle Ziele f\u00fcr den n\u00e4chsten Monat<\/li>\n<\/ul>\n","protected":false},"excerpt":{"rendered":"<p>Verwalten Sie Ihr Geld und halten Sie sich an ein Budget mit dieser Vorlage f\u00fcr die Finanzverfolgung. Verfolgen Sie Ihre Einnahmen und Ausgaben t\u00e4glich und monatlich, um sich Ziele f\u00fcr die n\u00e4chste Zeit zu setzen.<\/p>\n","protected":false},"featured_media":20932,"template":"","meta":{"_acf_changed":false,"inline_featured_image":false},"product_brand":[],"product_cat":[179,180,184],"product_tag":[],"class_list":{"0":"post-58283","1":"product","2":"type-product","3":"status-publish","4":"has-post-thumbnail","6":"product_cat-organizers-planners","7":"product_cat-personal","8":"product_cat-personal-money","10":"first","11":"instock","12":"virtual","13":"sold-individually","14":"product-type-simple"},"acf":[],"yoast_head":"<!-- This site is optimized with the Yoast SEO plugin v25.3.1 - https:\/\/yoast.com\/wordpress\/plugins\/seo\/ -->\n<title>Vorlage zur Finanzverfolgung - Sales AI Agents<\/title>\n<meta name=\"description\" content=\"Verwalten Sie Ihr Geld und halten Sie sich an ein Budget mit dieser Vorlage f\u00fcr die Finanzverfolgung. Verfolgen Sie Ihre Einnahmen und Ausgaben t\u00e4glich und monatlich, um die Ziele f\u00fcr die n\u00e4chste Zeit festzulegen\" \/>\n<meta name=\"robots\" content=\"index, follow, max-snippet:-1, max-image-preview:large, max-video-preview:-1\" \/>\n<link rel=\"canonical\" href=\"https:\/\/sales-ai-agents.com\/de\/templates\/financial-tracking\/\" \/>\n<meta property=\"og:locale\" content=\"de_DE\" \/>\n<meta property=\"og:type\" content=\"article\" \/>\n<meta property=\"og:title\" content=\"Vorlage zur Finanzverfolgung - Sales AI Agents\" \/>\n<meta property=\"og:description\" content=\"Verwalten Sie Ihr Geld und halten Sie sich an ein Budget mit dieser Vorlage f\u00fcr die Finanzverfolgung. Verfolgen Sie Ihre Einnahmen und Ausgaben t\u00e4glich und monatlich, um die Ziele f\u00fcr die n\u00e4chste Zeit festzulegen\" \/>\n<meta property=\"og:url\" content=\"https:\/\/sales-ai-agents.com\/de\/templates\/financial-tracking\/\" \/>\n<meta property=\"og:site_name\" content=\"Sales AI Agents\" \/>\n<meta property=\"article:modified_time\" content=\"2023-12-27T19:49:05+00:00\" \/>\n<meta property=\"og:image\" content=\"https:\/\/sales-ai-agents.com\/wp-content\/uploads\/2023\/01\/image-preview124011.png\" \/>\n\t<meta property=\"og:image:width\" content=\"1078\" \/>\n\t<meta property=\"og:image:height\" content=\"921\" \/>\n\t<meta property=\"og:image:type\" content=\"image\/png\" \/>\n<meta name=\"twitter:card\" content=\"summary_large_image\" \/>\n<script type=\"application\/ld+json\" class=\"yoast-schema-graph\">{\"@context\":\"https:\/\/schema.org\",\"@graph\":[{\"@type\":\"WebPage\",\"@id\":\"https:\/\/sales-ai-agents.com\/de\/templates\/financial-tracking\/\",\"url\":\"https:\/\/sales-ai-agents.com\/de\/templates\/financial-tracking\/\",\"name\":\"Vorlage zur Finanzverfolgung - Sales AI Agents\",\"isPartOf\":{\"@id\":\"https:\/\/sales-ai-agents.com\/#website\"},\"primaryImageOfPage\":{\"@id\":\"https:\/\/sales-ai-agents.com\/de\/templates\/financial-tracking\/#primaryimage\"},\"image\":{\"@id\":\"https:\/\/sales-ai-agents.com\/de\/templates\/financial-tracking\/#primaryimage\"},\"thumbnailUrl\":\"https:\/\/sales-ai-agents.com\/wp-content\/uploads\/2023\/01\/image-preview124011.png\",\"datePublished\":\"2022-09-26T11:53:55+00:00\",\"dateModified\":\"2023-12-27T19:49:05+00:00\",\"description\":\"Verwalten Sie Ihr Geld und halten Sie sich an ein Budget mit dieser Vorlage f\u00fcr die Finanzverfolgung. Verfolgen Sie Ihre Einnahmen und Ausgaben t\u00e4glich und monatlich, um die Ziele f\u00fcr die n\u00e4chste Zeit festzulegen\",\"inLanguage\":\"de-DE\",\"potentialAction\":[{\"@type\":\"ReadAction\",\"target\":[\"https:\/\/sales-ai-agents.com\/de\/templates\/financial-tracking\/\"]}]},{\"@type\":\"ImageObject\",\"inLanguage\":\"de-DE\",\"@id\":\"https:\/\/sales-ai-agents.com\/de\/templates\/financial-tracking\/#primaryimage\",\"url\":\"https:\/\/sales-ai-agents.com\/wp-content\/uploads\/2023\/01\/image-preview124011.png\",\"contentUrl\":\"https:\/\/sales-ai-agents.com\/wp-content\/uploads\/2023\/01\/image-preview124011.png\",\"width\":1078,\"height\":921,\"caption\":\"Financial Tracking Template - Nimbus Platform\"},{\"@type\":\"WebSite\",\"@id\":\"https:\/\/sales-ai-agents.com\/#website\",\"url\":\"https:\/\/sales-ai-agents.com\/\",\"name\":\"FuseBase\",\"description\":\"Nimbus Platform - Free Online Collaboration Software for Remote Teams. Build your wikis, client portals and more with the Nimbus Platform collaboration tool ? A perfect space for online work\",\"publisher\":{\"@id\":\"https:\/\/sales-ai-agents.com\/#organization\"},\"potentialAction\":[{\"@type\":\"SearchAction\",\"target\":{\"@type\":\"EntryPoint\",\"urlTemplate\":\"https:\/\/sales-ai-agents.com\/?s={search_term_string}\"},\"query-input\":{\"@type\":\"PropertyValueSpecification\",\"valueRequired\":true,\"valueName\":\"search_term_string\"}}],\"inLanguage\":\"de-DE\"},{\"@type\":\"Organization\",\"@id\":\"https:\/\/sales-ai-agents.com\/#organization\",\"name\":\"FuseBase\",\"url\":\"https:\/\/sales-ai-agents.com\/\",\"logo\":{\"@type\":\"ImageObject\",\"inLanguage\":\"de-DE\",\"@id\":\"https:\/\/sales-ai-agents.com\/#\/schema\/logo\/image\/\",\"url\":\"https:\/\/sales-ai-agents.com\/wp-content\/uploads\/2023\/11\/icon-7.svg\",\"contentUrl\":\"https:\/\/sales-ai-agents.com\/wp-content\/uploads\/2023\/11\/icon-7.svg\",\"width\":128,\"height\":128,\"caption\":\"FuseBase\"},\"image\":{\"@id\":\"https:\/\/sales-ai-agents.com\/#\/schema\/logo\/image\/\"}}]}<\/script>\n<!-- \/ Yoast SEO plugin. -->","yoast_head_json":{"title":"Vorlage zur Finanzverfolgung - Sales AI Agents","description":"Verwalten Sie Ihr Geld und halten Sie sich an ein Budget mit dieser Vorlage f\u00fcr die Finanzverfolgung. Verfolgen Sie Ihre Einnahmen und Ausgaben t\u00e4glich und monatlich, um die Ziele f\u00fcr die n\u00e4chste Zeit festzulegen","robots":{"index":"index","follow":"follow","max-snippet":"max-snippet:-1","max-image-preview":"max-image-preview:large","max-video-preview":"max-video-preview:-1"},"canonical":"https:\/\/sales-ai-agents.com\/de\/templates\/financial-tracking\/","og_locale":"de_DE","og_type":"article","og_title":"Vorlage zur Finanzverfolgung - Sales AI Agents","og_description":"Verwalten Sie Ihr Geld und halten Sie sich an ein Budget mit dieser Vorlage f\u00fcr die Finanzverfolgung. Verfolgen Sie Ihre Einnahmen und Ausgaben t\u00e4glich und monatlich, um die Ziele f\u00fcr die n\u00e4chste Zeit festzulegen","og_url":"https:\/\/sales-ai-agents.com\/de\/templates\/financial-tracking\/","og_site_name":"Sales AI Agents","article_modified_time":"2023-12-27T19:49:05+00:00","og_image":[{"width":1078,"height":921,"url":"https:\/\/sales-ai-agents.com\/wp-content\/uploads\/2023\/01\/image-preview124011.png","type":"image\/png"}],"twitter_card":"summary_large_image","schema":{"@context":"https:\/\/schema.org","@graph":[{"@type":"WebPage","@id":"https:\/\/sales-ai-agents.com\/de\/templates\/financial-tracking\/","url":"https:\/\/sales-ai-agents.com\/de\/templates\/financial-tracking\/","name":"Vorlage zur Finanzverfolgung - Sales AI Agents","isPartOf":{"@id":"https:\/\/sales-ai-agents.com\/#website"},"primaryImageOfPage":{"@id":"https:\/\/sales-ai-agents.com\/de\/templates\/financial-tracking\/#primaryimage"},"image":{"@id":"https:\/\/sales-ai-agents.com\/de\/templates\/financial-tracking\/#primaryimage"},"thumbnailUrl":"https:\/\/sales-ai-agents.com\/wp-content\/uploads\/2023\/01\/image-preview124011.png","datePublished":"2022-09-26T11:53:55+00:00","dateModified":"2023-12-27T19:49:05+00:00","description":"Verwalten Sie Ihr Geld und halten Sie sich an ein Budget mit dieser Vorlage f\u00fcr die Finanzverfolgung. Verfolgen Sie Ihre Einnahmen und Ausgaben t\u00e4glich und monatlich, um die Ziele f\u00fcr die n\u00e4chste Zeit festzulegen","inLanguage":"de-DE","potentialAction":[{"@type":"ReadAction","target":["https:\/\/sales-ai-agents.com\/de\/templates\/financial-tracking\/"]}]},{"@type":"ImageObject","inLanguage":"de-DE","@id":"https:\/\/sales-ai-agents.com\/de\/templates\/financial-tracking\/#primaryimage","url":"https:\/\/sales-ai-agents.com\/wp-content\/uploads\/2023\/01\/image-preview124011.png","contentUrl":"https:\/\/sales-ai-agents.com\/wp-content\/uploads\/2023\/01\/image-preview124011.png","width":1078,"height":921,"caption":"Financial Tracking Template - Nimbus Platform"},{"@type":"WebSite","@id":"https:\/\/sales-ai-agents.com\/#website","url":"https:\/\/sales-ai-agents.com\/","name":"FuseBase","description":"Nimbus Platform - Free Online Collaboration Software for Remote Teams. Build your wikis, client portals and more with the Nimbus Platform collaboration tool ? A perfect space for online work","publisher":{"@id":"https:\/\/sales-ai-agents.com\/#organization"},"potentialAction":[{"@type":"SearchAction","target":{"@type":"EntryPoint","urlTemplate":"https:\/\/sales-ai-agents.com\/?s={search_term_string}"},"query-input":{"@type":"PropertyValueSpecification","valueRequired":true,"valueName":"search_term_string"}}],"inLanguage":"de-DE"},{"@type":"Organization","@id":"https:\/\/sales-ai-agents.com\/#organization","name":"FuseBase","url":"https:\/\/sales-ai-agents.com\/","logo":{"@type":"ImageObject","inLanguage":"de-DE","@id":"https:\/\/sales-ai-agents.com\/#\/schema\/logo\/image\/","url":"https:\/\/sales-ai-agents.com\/wp-content\/uploads\/2023\/11\/icon-7.svg","contentUrl":"https:\/\/sales-ai-agents.com\/wp-content\/uploads\/2023\/11\/icon-7.svg","width":128,"height":128,"caption":"FuseBase"},"image":{"@id":"https:\/\/sales-ai-agents.com\/#\/schema\/logo\/image\/"}}]}},"_links":{"self":[{"href":"https:\/\/sales-ai-agents.com\/de\/wp-json\/wp\/v2\/product\/58283","targetHints":{"allow":["GET"]}}],"collection":[{"href":"https:\/\/sales-ai-agents.com\/de\/wp-json\/wp\/v2\/product"}],"about":[{"href":"https:\/\/sales-ai-agents.com\/de\/wp-json\/wp\/v2\/types\/product"}],"wp:featuredmedia":[{"embeddable":true,"href":"https:\/\/sales-ai-agents.com\/de\/wp-json\/wp\/v2\/media\/20932"}],"wp:attachment":[{"href":"https:\/\/sales-ai-agents.com\/de\/wp-json\/wp\/v2\/media?parent=58283"}],"wp:term":[{"taxonomy":"product_brand","embeddable":true,"href":"https:\/\/sales-ai-agents.com\/de\/wp-json\/wp\/v2\/product_brand?post=58283"},{"taxonomy":"product_cat","embeddable":true,"href":"https:\/\/sales-ai-agents.com\/de\/wp-json\/wp\/v2\/product_cat?post=58283"},{"taxonomy":"product_tag","embeddable":true,"href":"https:\/\/sales-ai-agents.com\/de\/wp-json\/wp\/v2\/product_tag?post=58283"}],"curies":[{"name":"wp","href":"https:\/\/api.w.org\/{rel}","templated":true}]}}