{"id":58287,"date":"2022-09-26T11:53:51","date_gmt":"2022-09-26T11:53:51","guid":{"rendered":"https:\/\/sales-ai-agents.com\/templates\/marketing-blog-post\/"},"modified":"2023-12-26T20:57:13","modified_gmt":"2023-12-26T20:57:13","slug":"marketing-blog-post","status":"publish","type":"product","link":"https:\/\/sales-ai-agents.com\/de\/templates\/marketing-blog-post\/","title":{"rendered":"Marketing-Blogbeitrag"},"content":{"rendered":"<p>&nbsp;<\/p>\n<h2>Marketing Blog Post Vorlage<\/h2>\n<p class=\"desc-text\">Verwenden Sie diese Vorlage, um eine Strategie f\u00fcr Ihren Marketing-Blogbeitrag zu erstellen. Entwerfen Sie Ideen, geben Sie wichtige Schl\u00fcsselw\u00f6rter an und vergeben Sie \u00dcberarbeitungen. Wenn Sie Ihre Arbeit planen, k\u00f6nnen Sie Beitr\u00e4ge erstellen, die Leser anziehen und die richtige Zielgruppe f\u00fcr Ihre Website ansprechen.<\/p>\n<h5>Wie zu verwenden:<\/h5>\n<ul class=\"desc-item_list\">\n<li class=\"desc-item_list__point\">Erstellen Sie einen Titel f\u00fcr Ihren Beitrag<\/li>\n<li class=\"desc-item_list__point\">Wichtige Schl\u00fcsselw\u00f6rter recherchieren und einbeziehen<\/li>\n<li class=\"desc-item_list__point\">Planen Sie verschiedene Kan\u00e4le f\u00fcr die Verbreitung der Post<\/li>\n<li class=\"desc-item_list__point\">Pr\u00fcfer f\u00fcr die Bearbeitung zuweisen<\/li>\n<li class=\"desc-item_list__point\">Brainstorming und Planung des Schreibens<\/li>\n<\/ul>\n","protected":false},"excerpt":{"rendered":"<p>Verwenden Sie diese kostenlose anpassbare Vorlage, um eine Strategie f\u00fcr Ihren Marketing-Blogbeitrag zu erstellen. Entwerfen Sie Ideen, geben Sie wichtige Schl\u00fcsselw\u00f6rter an und vergeben Sie einfach \u00dcberarbeitungen.<\/p>\n","protected":false},"featured_media":26443,"template":"","meta":{"_acf_changed":false,"inline_featured_image":false},"product_brand":[],"product_cat":[171,175],"product_tag":[],"class_list":{"0":"post-58287","1":"product","2":"type-product","3":"status-publish","4":"has-post-thumbnail","6":"product_cat-marketing","7":"product_cat-marketing-content","9":"first","10":"instock","11":"virtual","12":"sold-individually","13":"product-type-simple"},"acf":[],"yoast_head":"<!-- This site is optimized with the Yoast SEO plugin v25.3.1 - https:\/\/yoast.com\/wordpress\/plugins\/seo\/ -->\n<title>Marketing Blog Post Vorlage - Sales AI Agents<\/title>\n<meta name=\"description\" content=\"Verwenden Sie diese kostenlose anpassbare Vorlage, um eine Strategie f\u00fcr Ihren Marketing-Blogbeitrag zu erstellen. Entwerfen Sie Ideen, geben Sie wichtige Schl\u00fcsselw\u00f6rter an und vergeben Sie einfach \u00dcberarbeitungen.\" \/>\n<meta name=\"robots\" content=\"index, follow, max-snippet:-1, max-image-preview:large, max-video-preview:-1\" \/>\n<link rel=\"canonical\" href=\"https:\/\/sales-ai-agents.com\/de\/templates\/marketing-blog-post\/\" \/>\n<meta property=\"og:locale\" content=\"de_DE\" \/>\n<meta property=\"og:type\" content=\"article\" \/>\n<meta property=\"og:title\" content=\"Marketing Blog Post Vorlage - Sales AI Agents\" \/>\n<meta property=\"og:description\" content=\"Verwenden Sie diese kostenlose anpassbare Vorlage, um eine Strategie f\u00fcr Ihren Marketing-Blogbeitrag zu erstellen. Entwerfen Sie Ideen, geben Sie wichtige Schl\u00fcsselw\u00f6rter an und vergeben Sie einfach \u00dcberarbeitungen.\" \/>\n<meta property=\"og:url\" content=\"https:\/\/sales-ai-agents.com\/de\/templates\/marketing-blog-post\/\" \/>\n<meta property=\"og:site_name\" content=\"Sales AI Agents\" \/>\n<meta property=\"article:modified_time\" content=\"2023-12-26T20:57:13+00:00\" \/>\n<meta property=\"og:image\" content=\"https:\/\/sales-ai-agents.com\/wp-content\/uploads\/2022\/09\/Marketing-Blog-Post-Template.png\" \/>\n\t<meta property=\"og:image:width\" content=\"1700\" \/>\n\t<meta property=\"og:image:height\" content=\"1100\" \/>\n\t<meta property=\"og:image:type\" content=\"image\/png\" \/>\n<meta name=\"twitter:card\" content=\"summary_large_image\" \/>\n<script type=\"application\/ld+json\" class=\"yoast-schema-graph\">{\"@context\":\"https:\/\/schema.org\",\"@graph\":[{\"@type\":\"WebPage\",\"@id\":\"https:\/\/sales-ai-agents.com\/de\/templates\/marketing-blog-post\/\",\"url\":\"https:\/\/sales-ai-agents.com\/de\/templates\/marketing-blog-post\/\",\"name\":\"Marketing Blog Post Vorlage - Sales AI Agents\",\"isPartOf\":{\"@id\":\"https:\/\/sales-ai-agents.com\/#website\"},\"primaryImageOfPage\":{\"@id\":\"https:\/\/sales-ai-agents.com\/de\/templates\/marketing-blog-post\/#primaryimage\"},\"image\":{\"@id\":\"https:\/\/sales-ai-agents.com\/de\/templates\/marketing-blog-post\/#primaryimage\"},\"thumbnailUrl\":\"https:\/\/sales-ai-agents.com\/wp-content\/uploads\/2022\/09\/Marketing-Blog-Post-Template.png\",\"datePublished\":\"2022-09-26T11:53:51+00:00\",\"dateModified\":\"2023-12-26T20:57:13+00:00\",\"description\":\"Verwenden Sie diese kostenlose anpassbare Vorlage, um eine Strategie f\u00fcr Ihren Marketing-Blogbeitrag zu erstellen. Entwerfen Sie Ideen, geben Sie wichtige Schl\u00fcsselw\u00f6rter an und vergeben Sie einfach \u00dcberarbeitungen.\",\"inLanguage\":\"de-DE\",\"potentialAction\":[{\"@type\":\"ReadAction\",\"target\":[\"https:\/\/sales-ai-agents.com\/de\/templates\/marketing-blog-post\/\"]}]},{\"@type\":\"ImageObject\",\"inLanguage\":\"de-DE\",\"@id\":\"https:\/\/sales-ai-agents.com\/de\/templates\/marketing-blog-post\/#primaryimage\",\"url\":\"https:\/\/sales-ai-agents.com\/wp-content\/uploads\/2022\/09\/Marketing-Blog-Post-Template.png\",\"contentUrl\":\"https:\/\/sales-ai-agents.com\/wp-content\/uploads\/2022\/09\/Marketing-Blog-Post-Template.png\",\"width\":1700,\"height\":1100,\"caption\":\"Use this free customizable template to create a strategy for your marketing blog post.\"},{\"@type\":\"WebSite\",\"@id\":\"https:\/\/sales-ai-agents.com\/#website\",\"url\":\"https:\/\/sales-ai-agents.com\/\",\"name\":\"FuseBase\",\"description\":\"Nimbus Platform - Free Online Collaboration Software for Remote Teams. Build your wikis, client portals and more with the Nimbus Platform collaboration tool ? A perfect space for online work\",\"publisher\":{\"@id\":\"https:\/\/sales-ai-agents.com\/#organization\"},\"potentialAction\":[{\"@type\":\"SearchAction\",\"target\":{\"@type\":\"EntryPoint\",\"urlTemplate\":\"https:\/\/sales-ai-agents.com\/?s={search_term_string}\"},\"query-input\":{\"@type\":\"PropertyValueSpecification\",\"valueRequired\":true,\"valueName\":\"search_term_string\"}}],\"inLanguage\":\"de-DE\"},{\"@type\":\"Organization\",\"@id\":\"https:\/\/sales-ai-agents.com\/#organization\",\"name\":\"FuseBase\",\"url\":\"https:\/\/sales-ai-agents.com\/\",\"logo\":{\"@type\":\"ImageObject\",\"inLanguage\":\"de-DE\",\"@id\":\"https:\/\/sales-ai-agents.com\/#\/schema\/logo\/image\/\",\"url\":\"https:\/\/sales-ai-agents.com\/wp-content\/uploads\/2023\/11\/icon-7.svg\",\"contentUrl\":\"https:\/\/sales-ai-agents.com\/wp-content\/uploads\/2023\/11\/icon-7.svg\",\"width\":128,\"height\":128,\"caption\":\"FuseBase\"},\"image\":{\"@id\":\"https:\/\/sales-ai-agents.com\/#\/schema\/logo\/image\/\"}}]}<\/script>\n<!-- \/ Yoast SEO plugin. -->","yoast_head_json":{"title":"Marketing Blog Post Vorlage - Sales AI Agents","description":"Verwenden Sie diese kostenlose anpassbare Vorlage, um eine Strategie f\u00fcr Ihren Marketing-Blogbeitrag zu erstellen. Entwerfen Sie Ideen, geben Sie wichtige Schl\u00fcsselw\u00f6rter an und vergeben Sie einfach \u00dcberarbeitungen.","robots":{"index":"index","follow":"follow","max-snippet":"max-snippet:-1","max-image-preview":"max-image-preview:large","max-video-preview":"max-video-preview:-1"},"canonical":"https:\/\/sales-ai-agents.com\/de\/templates\/marketing-blog-post\/","og_locale":"de_DE","og_type":"article","og_title":"Marketing Blog Post Vorlage - Sales AI Agents","og_description":"Verwenden Sie diese kostenlose anpassbare Vorlage, um eine Strategie f\u00fcr Ihren Marketing-Blogbeitrag zu erstellen. Entwerfen Sie Ideen, geben Sie wichtige Schl\u00fcsselw\u00f6rter an und vergeben Sie einfach \u00dcberarbeitungen.","og_url":"https:\/\/sales-ai-agents.com\/de\/templates\/marketing-blog-post\/","og_site_name":"Sales AI Agents","article_modified_time":"2023-12-26T20:57:13+00:00","og_image":[{"width":1700,"height":1100,"url":"https:\/\/sales-ai-agents.com\/wp-content\/uploads\/2022\/09\/Marketing-Blog-Post-Template.png","type":"image\/png"}],"twitter_card":"summary_large_image","schema":{"@context":"https:\/\/schema.org","@graph":[{"@type":"WebPage","@id":"https:\/\/sales-ai-agents.com\/de\/templates\/marketing-blog-post\/","url":"https:\/\/sales-ai-agents.com\/de\/templates\/marketing-blog-post\/","name":"Marketing Blog Post Vorlage - Sales AI Agents","isPartOf":{"@id":"https:\/\/sales-ai-agents.com\/#website"},"primaryImageOfPage":{"@id":"https:\/\/sales-ai-agents.com\/de\/templates\/marketing-blog-post\/#primaryimage"},"image":{"@id":"https:\/\/sales-ai-agents.com\/de\/templates\/marketing-blog-post\/#primaryimage"},"thumbnailUrl":"https:\/\/sales-ai-agents.com\/wp-content\/uploads\/2022\/09\/Marketing-Blog-Post-Template.png","datePublished":"2022-09-26T11:53:51+00:00","dateModified":"2023-12-26T20:57:13+00:00","description":"Verwenden Sie diese kostenlose anpassbare Vorlage, um eine Strategie f\u00fcr Ihren Marketing-Blogbeitrag zu erstellen. Entwerfen Sie Ideen, geben Sie wichtige Schl\u00fcsselw\u00f6rter an und vergeben Sie einfach \u00dcberarbeitungen.","inLanguage":"de-DE","potentialAction":[{"@type":"ReadAction","target":["https:\/\/sales-ai-agents.com\/de\/templates\/marketing-blog-post\/"]}]},{"@type":"ImageObject","inLanguage":"de-DE","@id":"https:\/\/sales-ai-agents.com\/de\/templates\/marketing-blog-post\/#primaryimage","url":"https:\/\/sales-ai-agents.com\/wp-content\/uploads\/2022\/09\/Marketing-Blog-Post-Template.png","contentUrl":"https:\/\/sales-ai-agents.com\/wp-content\/uploads\/2022\/09\/Marketing-Blog-Post-Template.png","width":1700,"height":1100,"caption":"Use this free customizable template to create a strategy for your marketing blog post."},{"@type":"WebSite","@id":"https:\/\/sales-ai-agents.com\/#website","url":"https:\/\/sales-ai-agents.com\/","name":"FuseBase","description":"Nimbus Platform - Free Online Collaboration Software for Remote Teams. Build your wikis, client portals and more with the Nimbus Platform collaboration tool ? A perfect space for online work","publisher":{"@id":"https:\/\/sales-ai-agents.com\/#organization"},"potentialAction":[{"@type":"SearchAction","target":{"@type":"EntryPoint","urlTemplate":"https:\/\/sales-ai-agents.com\/?s={search_term_string}"},"query-input":{"@type":"PropertyValueSpecification","valueRequired":true,"valueName":"search_term_string"}}],"inLanguage":"de-DE"},{"@type":"Organization","@id":"https:\/\/sales-ai-agents.com\/#organization","name":"FuseBase","url":"https:\/\/sales-ai-agents.com\/","logo":{"@type":"ImageObject","inLanguage":"de-DE","@id":"https:\/\/sales-ai-agents.com\/#\/schema\/logo\/image\/","url":"https:\/\/sales-ai-agents.com\/wp-content\/uploads\/2023\/11\/icon-7.svg","contentUrl":"https:\/\/sales-ai-agents.com\/wp-content\/uploads\/2023\/11\/icon-7.svg","width":128,"height":128,"caption":"FuseBase"},"image":{"@id":"https:\/\/sales-ai-agents.com\/#\/schema\/logo\/image\/"}}]}},"_links":{"self":[{"href":"https:\/\/sales-ai-agents.com\/de\/wp-json\/wp\/v2\/product\/58287","targetHints":{"allow":["GET"]}}],"collection":[{"href":"https:\/\/sales-ai-agents.com\/de\/wp-json\/wp\/v2\/product"}],"about":[{"href":"https:\/\/sales-ai-agents.com\/de\/wp-json\/wp\/v2\/types\/product"}],"wp:featuredmedia":[{"embeddable":true,"href":"https:\/\/sales-ai-agents.com\/de\/wp-json\/wp\/v2\/media\/26443"}],"wp:attachment":[{"href":"https:\/\/sales-ai-agents.com\/de\/wp-json\/wp\/v2\/media?parent=58287"}],"wp:term":[{"taxonomy":"product_brand","embeddable":true,"href":"https:\/\/sales-ai-agents.com\/de\/wp-json\/wp\/v2\/product_brand?post=58287"},{"taxonomy":"product_cat","embeddable":true,"href":"https:\/\/sales-ai-agents.com\/de\/wp-json\/wp\/v2\/product_cat?post=58287"},{"taxonomy":"product_tag","embeddable":true,"href":"https:\/\/sales-ai-agents.com\/de\/wp-json\/wp\/v2\/product_tag?post=58287"}],"curies":[{"name":"wp","href":"https:\/\/api.w.org\/{rel}","templated":true}]}}