{"id":58290,"date":"2022-09-26T11:53:48","date_gmt":"2022-09-26T11:53:48","guid":{"rendered":"https:\/\/sales-ai-agents.com\/templates\/marketing-campaign-tracking\/"},"modified":"2023-12-26T21:05:00","modified_gmt":"2023-12-26T21:05:00","slug":"marketing-campaign-tracking","status":"publish","type":"product","link":"https:\/\/sales-ai-agents.com\/de\/templates\/marketing-campaign-tracking\/","title":{"rendered":"Verfolgung von Marketingkampagnen"},"content":{"rendered":"<p>&nbsp;<\/p>\n<h2>Vorlage f\u00fcr die Verfolgung von Marketingkampagnen<\/h2>\n<p class=\"desc-text\">Anstatt verschiedene Tabellenkalkulationen zur Organisation Ihrer Marketingkampagnen zu verwenden, nutzen Sie unsere Vorlage zur Kampagnenverfolgung, um Ihre Arbeit im Blick zu behalten. Egal, ob Ihr Unternehmen gro\u00df oder klein ist, diese Vorlage kann Ihnen helfen, Ihre Marketingziele zu erreichen. Verschaffen Sie sich einen umfassenden \u00dcberblick \u00fcber Ihre Marketingbem\u00fchungen, indem Sie Ihre Konversionen, Klicks, Ausgaben und Plattformen auflisten. Nutzen Sie unsere strukturierten Tabellen, um alles an einem Ort leicht zug\u00e4nglich zu machen.<\/p>\n<h5>Wie zu verwenden:<\/h5>\n<ul class=\"desc-item_list\">\n<li class=\"desc-item_list__point\">Auflistung der Kampagne und des Anzeigensatzes<\/li>\n<li class=\"desc-item_list__point\">Verwenden Sie farbige Etiketten zur Kennzeichnung von Status und Plattformen<\/li>\n<li class=\"desc-item_list__point\">Marketingtexte in die entsprechende Spalte einf\u00fcgen<\/li>\n<li class=\"desc-item_list__point\">Anh\u00e4nge hochladen<\/li>\n<li class=\"desc-item_list__point\">Angaben zu Ausgaben, Ums\u00e4tzen und CPAs<\/li>\n<li class=\"desc-item_list__point\">Einen vollst\u00e4ndigen UTM-Link hinzuf\u00fcgen<\/li>\n<\/ul>\n","protected":false},"excerpt":{"rendered":"<p>Nutzen Sie unsere Vorlage f\u00fcr die Kampagnenverfolgung, um Ihre Arbeit im Auge zu behalten. Ob Ihr Unternehmen gro\u00df oder klein ist, wir k\u00f6nnen Ihnen helfen, Ihre Marketingziele zu erreichen.<\/p>\n","protected":false},"featured_media":34253,"template":"","meta":{"_acf_changed":false,"inline_featured_image":false},"product_brand":[],"product_cat":[171,173],"product_tag":[],"class_list":{"0":"post-58290","1":"product","2":"type-product","3":"status-publish","4":"has-post-thumbnail","6":"product_cat-marketing","7":"product_cat-marketing-campaign","9":"first","10":"instock","11":"virtual","12":"sold-individually","13":"product-type-simple"},"acf":[],"yoast_head":"<!-- This site is optimized with the Yoast SEO plugin v25.3.1 - https:\/\/yoast.com\/wordpress\/plugins\/seo\/ -->\n<title>Vorlage f\u00fcr die Verfolgung von Marketingkampagnen - Sales AI Agents<\/title>\n<meta name=\"description\" content=\"Nutzen Sie unsere Vorlage f\u00fcr die Kampagnenverfolgung, um Ihre Arbeit im Auge zu behalten. Erreichen Sie Ihre Marketingziele mit Nimbus Platform!\" \/>\n<meta name=\"robots\" content=\"index, follow, max-snippet:-1, max-image-preview:large, max-video-preview:-1\" \/>\n<link rel=\"canonical\" href=\"https:\/\/sales-ai-agents.com\/de\/templates\/marketing-campaign-tracking\/\" \/>\n<meta property=\"og:locale\" content=\"de_DE\" \/>\n<meta property=\"og:type\" content=\"article\" \/>\n<meta property=\"og:title\" content=\"Vorlage f\u00fcr die Verfolgung von Marketingkampagnen - Sales AI Agents\" \/>\n<meta property=\"og:description\" content=\"Nutzen Sie unsere Vorlage f\u00fcr die Kampagnenverfolgung, um Ihre Arbeit im Auge zu behalten. Erreichen Sie Ihre Marketingziele mit Nimbus Platform!\" \/>\n<meta property=\"og:url\" content=\"https:\/\/sales-ai-agents.com\/de\/templates\/marketing-campaign-tracking\/\" \/>\n<meta property=\"og:site_name\" content=\"Sales AI Agents\" \/>\n<meta property=\"article:modified_time\" content=\"2023-12-26T21:05:00+00:00\" \/>\n<meta property=\"og:image\" content=\"https:\/\/sales-ai-agents.com\/wp-content\/uploads\/2022\/09\/Marketing-Campaign-Tracking-Template.png\" \/>\n\t<meta property=\"og:image:width\" content=\"1700\" \/>\n\t<meta property=\"og:image:height\" content=\"1100\" \/>\n\t<meta property=\"og:image:type\" content=\"image\/png\" \/>\n<meta name=\"twitter:card\" content=\"summary_large_image\" \/>\n<script type=\"application\/ld+json\" class=\"yoast-schema-graph\">{\"@context\":\"https:\/\/schema.org\",\"@graph\":[{\"@type\":\"WebPage\",\"@id\":\"https:\/\/sales-ai-agents.com\/de\/templates\/marketing-campaign-tracking\/\",\"url\":\"https:\/\/sales-ai-agents.com\/de\/templates\/marketing-campaign-tracking\/\",\"name\":\"Vorlage f\u00fcr die Verfolgung von Marketingkampagnen - Sales AI Agents\",\"isPartOf\":{\"@id\":\"https:\/\/sales-ai-agents.com\/#website\"},\"primaryImageOfPage\":{\"@id\":\"https:\/\/sales-ai-agents.com\/de\/templates\/marketing-campaign-tracking\/#primaryimage\"},\"image\":{\"@id\":\"https:\/\/sales-ai-agents.com\/de\/templates\/marketing-campaign-tracking\/#primaryimage\"},\"thumbnailUrl\":\"https:\/\/sales-ai-agents.com\/wp-content\/uploads\/2022\/09\/Marketing-Campaign-Tracking-Template.png\",\"datePublished\":\"2022-09-26T11:53:48+00:00\",\"dateModified\":\"2023-12-26T21:05:00+00:00\",\"description\":\"Nutzen Sie unsere Vorlage f\u00fcr die Kampagnenverfolgung, um Ihre Arbeit im Auge zu behalten. Erreichen Sie Ihre Marketingziele mit Nimbus Platform!\",\"inLanguage\":\"de-DE\",\"potentialAction\":[{\"@type\":\"ReadAction\",\"target\":[\"https:\/\/sales-ai-agents.com\/de\/templates\/marketing-campaign-tracking\/\"]}]},{\"@type\":\"ImageObject\",\"inLanguage\":\"de-DE\",\"@id\":\"https:\/\/sales-ai-agents.com\/de\/templates\/marketing-campaign-tracking\/#primaryimage\",\"url\":\"https:\/\/sales-ai-agents.com\/wp-content\/uploads\/2022\/09\/Marketing-Campaign-Tracking-Template.png\",\"contentUrl\":\"https:\/\/sales-ai-agents.com\/wp-content\/uploads\/2022\/09\/Marketing-Campaign-Tracking-Template.png\",\"width\":1700,\"height\":1100,\"caption\":\"Use our campaign tracking template to keep an eye on your work.\"},{\"@type\":\"WebSite\",\"@id\":\"https:\/\/sales-ai-agents.com\/#website\",\"url\":\"https:\/\/sales-ai-agents.com\/\",\"name\":\"FuseBase\",\"description\":\"Nimbus Platform - Free Online Collaboration Software for Remote Teams. Build your wikis, client portals and more with the Nimbus Platform collaboration tool ? A perfect space for online work\",\"publisher\":{\"@id\":\"https:\/\/sales-ai-agents.com\/#organization\"},\"potentialAction\":[{\"@type\":\"SearchAction\",\"target\":{\"@type\":\"EntryPoint\",\"urlTemplate\":\"https:\/\/sales-ai-agents.com\/?s={search_term_string}\"},\"query-input\":{\"@type\":\"PropertyValueSpecification\",\"valueRequired\":true,\"valueName\":\"search_term_string\"}}],\"inLanguage\":\"de-DE\"},{\"@type\":\"Organization\",\"@id\":\"https:\/\/sales-ai-agents.com\/#organization\",\"name\":\"FuseBase\",\"url\":\"https:\/\/sales-ai-agents.com\/\",\"logo\":{\"@type\":\"ImageObject\",\"inLanguage\":\"de-DE\",\"@id\":\"https:\/\/sales-ai-agents.com\/#\/schema\/logo\/image\/\",\"url\":\"https:\/\/sales-ai-agents.com\/wp-content\/uploads\/2023\/11\/icon-7.svg\",\"contentUrl\":\"https:\/\/sales-ai-agents.com\/wp-content\/uploads\/2023\/11\/icon-7.svg\",\"width\":128,\"height\":128,\"caption\":\"FuseBase\"},\"image\":{\"@id\":\"https:\/\/sales-ai-agents.com\/#\/schema\/logo\/image\/\"}}]}<\/script>\n<!-- \/ Yoast SEO plugin. -->","yoast_head_json":{"title":"Vorlage f\u00fcr die Verfolgung von Marketingkampagnen - Sales AI Agents","description":"Nutzen Sie unsere Vorlage f\u00fcr die Kampagnenverfolgung, um Ihre Arbeit im Auge zu behalten. Erreichen Sie Ihre Marketingziele mit Nimbus Platform!","robots":{"index":"index","follow":"follow","max-snippet":"max-snippet:-1","max-image-preview":"max-image-preview:large","max-video-preview":"max-video-preview:-1"},"canonical":"https:\/\/sales-ai-agents.com\/de\/templates\/marketing-campaign-tracking\/","og_locale":"de_DE","og_type":"article","og_title":"Vorlage f\u00fcr die Verfolgung von Marketingkampagnen - Sales AI Agents","og_description":"Nutzen Sie unsere Vorlage f\u00fcr die Kampagnenverfolgung, um Ihre Arbeit im Auge zu behalten. Erreichen Sie Ihre Marketingziele mit Nimbus Platform!","og_url":"https:\/\/sales-ai-agents.com\/de\/templates\/marketing-campaign-tracking\/","og_site_name":"Sales AI Agents","article_modified_time":"2023-12-26T21:05:00+00:00","og_image":[{"width":1700,"height":1100,"url":"https:\/\/sales-ai-agents.com\/wp-content\/uploads\/2022\/09\/Marketing-Campaign-Tracking-Template.png","type":"image\/png"}],"twitter_card":"summary_large_image","schema":{"@context":"https:\/\/schema.org","@graph":[{"@type":"WebPage","@id":"https:\/\/sales-ai-agents.com\/de\/templates\/marketing-campaign-tracking\/","url":"https:\/\/sales-ai-agents.com\/de\/templates\/marketing-campaign-tracking\/","name":"Vorlage f\u00fcr die Verfolgung von Marketingkampagnen - Sales AI Agents","isPartOf":{"@id":"https:\/\/sales-ai-agents.com\/#website"},"primaryImageOfPage":{"@id":"https:\/\/sales-ai-agents.com\/de\/templates\/marketing-campaign-tracking\/#primaryimage"},"image":{"@id":"https:\/\/sales-ai-agents.com\/de\/templates\/marketing-campaign-tracking\/#primaryimage"},"thumbnailUrl":"https:\/\/sales-ai-agents.com\/wp-content\/uploads\/2022\/09\/Marketing-Campaign-Tracking-Template.png","datePublished":"2022-09-26T11:53:48+00:00","dateModified":"2023-12-26T21:05:00+00:00","description":"Nutzen Sie unsere Vorlage f\u00fcr die Kampagnenverfolgung, um Ihre Arbeit im Auge zu behalten. Erreichen Sie Ihre Marketingziele mit Nimbus Platform!","inLanguage":"de-DE","potentialAction":[{"@type":"ReadAction","target":["https:\/\/sales-ai-agents.com\/de\/templates\/marketing-campaign-tracking\/"]}]},{"@type":"ImageObject","inLanguage":"de-DE","@id":"https:\/\/sales-ai-agents.com\/de\/templates\/marketing-campaign-tracking\/#primaryimage","url":"https:\/\/sales-ai-agents.com\/wp-content\/uploads\/2022\/09\/Marketing-Campaign-Tracking-Template.png","contentUrl":"https:\/\/sales-ai-agents.com\/wp-content\/uploads\/2022\/09\/Marketing-Campaign-Tracking-Template.png","width":1700,"height":1100,"caption":"Use our campaign tracking template to keep an eye on your work."},{"@type":"WebSite","@id":"https:\/\/sales-ai-agents.com\/#website","url":"https:\/\/sales-ai-agents.com\/","name":"FuseBase","description":"Nimbus Platform - Free Online Collaboration Software for Remote Teams. Build your wikis, client portals and more with the Nimbus Platform collaboration tool ? A perfect space for online work","publisher":{"@id":"https:\/\/sales-ai-agents.com\/#organization"},"potentialAction":[{"@type":"SearchAction","target":{"@type":"EntryPoint","urlTemplate":"https:\/\/sales-ai-agents.com\/?s={search_term_string}"},"query-input":{"@type":"PropertyValueSpecification","valueRequired":true,"valueName":"search_term_string"}}],"inLanguage":"de-DE"},{"@type":"Organization","@id":"https:\/\/sales-ai-agents.com\/#organization","name":"FuseBase","url":"https:\/\/sales-ai-agents.com\/","logo":{"@type":"ImageObject","inLanguage":"de-DE","@id":"https:\/\/sales-ai-agents.com\/#\/schema\/logo\/image\/","url":"https:\/\/sales-ai-agents.com\/wp-content\/uploads\/2023\/11\/icon-7.svg","contentUrl":"https:\/\/sales-ai-agents.com\/wp-content\/uploads\/2023\/11\/icon-7.svg","width":128,"height":128,"caption":"FuseBase"},"image":{"@id":"https:\/\/sales-ai-agents.com\/#\/schema\/logo\/image\/"}}]}},"_links":{"self":[{"href":"https:\/\/sales-ai-agents.com\/de\/wp-json\/wp\/v2\/product\/58290","targetHints":{"allow":["GET"]}}],"collection":[{"href":"https:\/\/sales-ai-agents.com\/de\/wp-json\/wp\/v2\/product"}],"about":[{"href":"https:\/\/sales-ai-agents.com\/de\/wp-json\/wp\/v2\/types\/product"}],"wp:featuredmedia":[{"embeddable":true,"href":"https:\/\/sales-ai-agents.com\/de\/wp-json\/wp\/v2\/media\/34253"}],"wp:attachment":[{"href":"https:\/\/sales-ai-agents.com\/de\/wp-json\/wp\/v2\/media?parent=58290"}],"wp:term":[{"taxonomy":"product_brand","embeddable":true,"href":"https:\/\/sales-ai-agents.com\/de\/wp-json\/wp\/v2\/product_brand?post=58290"},{"taxonomy":"product_cat","embeddable":true,"href":"https:\/\/sales-ai-agents.com\/de\/wp-json\/wp\/v2\/product_cat?post=58290"},{"taxonomy":"product_tag","embeddable":true,"href":"https:\/\/sales-ai-agents.com\/de\/wp-json\/wp\/v2\/product_tag?post=58290"}],"curies":[{"name":"wp","href":"https:\/\/api.w.org\/{rel}","templated":true}]}}