{"id":58300,"date":"2022-09-26T11:53:38","date_gmt":"2022-09-26T11:53:38","guid":{"rendered":"https:\/\/sales-ai-agents.com\/templates\/grocery-list\/"},"modified":"2023-12-31T17:12:56","modified_gmt":"2023-12-31T17:12:56","slug":"grocery-list","status":"publish","type":"product","link":"https:\/\/sales-ai-agents.com\/de\/templates\/grocery-list\/","title":{"rendered":"Lebensmittelliste"},"content":{"rendered":"<p>&nbsp;<\/p>\n<h2>Lebensmittelliste Vorlage<\/h2>\n<p class=\"desc-text\">Wenn man in den Supermarkt geht, vergisst man leicht, nach welchen Artikeln man sucht. Bei der Vielzahl an Produkten, die Sie durchst\u00f6bern m\u00fcssen, kann es auch passieren, dass Sie unn\u00f6tige Artikel kaufen. Verwenden Sie unsere Vorlage mit Kontrollk\u00e4stchen und Kategorien, um sich Ihre Einkaufsliste zu merken. Nehmen Sie diese Liste mit, wenn Sie einkaufen gehen. Sie k\u00f6nnen von jedem Ger\u00e4t aus darauf zugreifen &#8211; auch von Ihrem Mobiltelefon aus.<\/p>\n<h5>Wie zu verwenden:<\/h5>\n<ul class=\"desc-item_list\">\n<li class=\"desc-item_list__point\">Denken Sie an Lebensmittel, die Sie kaufen m\u00fcssen<\/li>\n<li class=\"desc-item_list__point\">Eine Liste mit Kontrollk\u00e4stchen erstellen<\/li>\n<li class=\"desc-item_list__point\">Ordnen Sie jeden Artikel der richtigen Kategorie zu<\/li>\n<li class=\"desc-item_list__point\">Kreuzen Sie die Artikel an, die Sie bereits haben<\/li>\n<\/ul>\n","protected":false},"excerpt":{"rendered":"<p>Wenn man in den Supermarkt geht, vergisst man leicht, nach welchen Artikeln man sucht. Verwenden Sie diese kostenlose anpassbare Vorlage, um nur unn\u00f6tige Artikel zu kaufen.<\/p>\n","protected":false},"featured_media":39010,"template":"","meta":{"_acf_changed":false,"inline_featured_image":false},"product_brand":[],"product_cat":[183,181,170],"product_tag":[],"class_list":{"0":"post-58300","1":"product","2":"type-product","3":"status-publish","4":"has-post-thumbnail","6":"product_cat-personal-health","7":"product_cat-holidays-planning","8":"product_cat-events","10":"first","11":"instock","12":"virtual","13":"sold-individually","14":"product-type-simple"},"acf":[],"yoast_head":"<!-- This site is optimized with the Yoast SEO plugin v25.3.1 - https:\/\/yoast.com\/wordpress\/plugins\/seo\/ -->\n<title>Lebensmittelliste Vorlage - Sales AI Agents<\/title>\n<meta name=\"description\" content=\"Wenn man in den Supermarkt geht, vergisst man leicht, nach welchen Artikeln man sucht. Verwenden Sie diese kostenlose anpassbare Vorlage, um nur unn\u00f6tige Artikel zu kaufen.\" \/>\n<meta name=\"robots\" content=\"index, follow, max-snippet:-1, max-image-preview:large, max-video-preview:-1\" \/>\n<link rel=\"canonical\" href=\"https:\/\/sales-ai-agents.com\/de\/templates\/grocery-list\/\" \/>\n<meta property=\"og:locale\" content=\"de_DE\" \/>\n<meta property=\"og:type\" content=\"article\" \/>\n<meta property=\"og:title\" content=\"Lebensmittelliste Vorlage - Sales AI Agents\" \/>\n<meta property=\"og:description\" content=\"Wenn man in den Supermarkt geht, vergisst man leicht, nach welchen Artikeln man sucht. Verwenden Sie diese kostenlose anpassbare Vorlage, um nur unn\u00f6tige Artikel zu kaufen.\" \/>\n<meta property=\"og:url\" content=\"https:\/\/sales-ai-agents.com\/de\/templates\/grocery-list\/\" \/>\n<meta property=\"og:site_name\" content=\"Sales AI Agents\" \/>\n<meta property=\"article:modified_time\" content=\"2023-12-31T17:12:56+00:00\" \/>\n<meta property=\"og:image\" content=\"https:\/\/sales-ai-agents.com\/wp-content\/uploads\/2022\/09\/Grocery-List-Template.png\" \/>\n\t<meta property=\"og:image:width\" content=\"1700\" \/>\n\t<meta property=\"og:image:height\" content=\"1100\" \/>\n\t<meta property=\"og:image:type\" content=\"image\/png\" \/>\n<meta name=\"twitter:card\" content=\"summary_large_image\" \/>\n<script type=\"application\/ld+json\" class=\"yoast-schema-graph\">{\"@context\":\"https:\/\/schema.org\",\"@graph\":[{\"@type\":\"WebPage\",\"@id\":\"https:\/\/sales-ai-agents.com\/de\/templates\/grocery-list\/\",\"url\":\"https:\/\/sales-ai-agents.com\/de\/templates\/grocery-list\/\",\"name\":\"Lebensmittelliste Vorlage - Sales AI Agents\",\"isPartOf\":{\"@id\":\"https:\/\/sales-ai-agents.com\/#website\"},\"primaryImageOfPage\":{\"@id\":\"https:\/\/sales-ai-agents.com\/de\/templates\/grocery-list\/#primaryimage\"},\"image\":{\"@id\":\"https:\/\/sales-ai-agents.com\/de\/templates\/grocery-list\/#primaryimage\"},\"thumbnailUrl\":\"https:\/\/sales-ai-agents.com\/wp-content\/uploads\/2022\/09\/Grocery-List-Template.png\",\"datePublished\":\"2022-09-26T11:53:38+00:00\",\"dateModified\":\"2023-12-31T17:12:56+00:00\",\"description\":\"Wenn man in den Supermarkt geht, vergisst man leicht, nach welchen Artikeln man sucht. Verwenden Sie diese kostenlose anpassbare Vorlage, um nur unn\u00f6tige Artikel zu kaufen.\",\"inLanguage\":\"de-DE\",\"potentialAction\":[{\"@type\":\"ReadAction\",\"target\":[\"https:\/\/sales-ai-agents.com\/de\/templates\/grocery-list\/\"]}]},{\"@type\":\"ImageObject\",\"inLanguage\":\"de-DE\",\"@id\":\"https:\/\/sales-ai-agents.com\/de\/templates\/grocery-list\/#primaryimage\",\"url\":\"https:\/\/sales-ai-agents.com\/wp-content\/uploads\/2022\/09\/Grocery-List-Template.png\",\"contentUrl\":\"https:\/\/sales-ai-agents.com\/wp-content\/uploads\/2022\/09\/Grocery-List-Template.png\",\"width\":1700,\"height\":1100,\"caption\":\"Use this free customizable template to buy only unnecessary items.\"},{\"@type\":\"WebSite\",\"@id\":\"https:\/\/sales-ai-agents.com\/#website\",\"url\":\"https:\/\/sales-ai-agents.com\/\",\"name\":\"FuseBase\",\"description\":\"Nimbus Platform - Free Online Collaboration Software for Remote Teams. Build your wikis, client portals and more with the Nimbus Platform collaboration tool ? A perfect space for online work\",\"publisher\":{\"@id\":\"https:\/\/sales-ai-agents.com\/#organization\"},\"potentialAction\":[{\"@type\":\"SearchAction\",\"target\":{\"@type\":\"EntryPoint\",\"urlTemplate\":\"https:\/\/sales-ai-agents.com\/?s={search_term_string}\"},\"query-input\":{\"@type\":\"PropertyValueSpecification\",\"valueRequired\":true,\"valueName\":\"search_term_string\"}}],\"inLanguage\":\"de-DE\"},{\"@type\":\"Organization\",\"@id\":\"https:\/\/sales-ai-agents.com\/#organization\",\"name\":\"FuseBase\",\"url\":\"https:\/\/sales-ai-agents.com\/\",\"logo\":{\"@type\":\"ImageObject\",\"inLanguage\":\"de-DE\",\"@id\":\"https:\/\/sales-ai-agents.com\/#\/schema\/logo\/image\/\",\"url\":\"https:\/\/sales-ai-agents.com\/wp-content\/uploads\/2023\/11\/icon-7.svg\",\"contentUrl\":\"https:\/\/sales-ai-agents.com\/wp-content\/uploads\/2023\/11\/icon-7.svg\",\"width\":128,\"height\":128,\"caption\":\"FuseBase\"},\"image\":{\"@id\":\"https:\/\/sales-ai-agents.com\/#\/schema\/logo\/image\/\"}}]}<\/script>\n<!-- \/ Yoast SEO plugin. -->","yoast_head_json":{"title":"Lebensmittelliste Vorlage - Sales AI Agents","description":"Wenn man in den Supermarkt geht, vergisst man leicht, nach welchen Artikeln man sucht. Verwenden Sie diese kostenlose anpassbare Vorlage, um nur unn\u00f6tige Artikel zu kaufen.","robots":{"index":"index","follow":"follow","max-snippet":"max-snippet:-1","max-image-preview":"max-image-preview:large","max-video-preview":"max-video-preview:-1"},"canonical":"https:\/\/sales-ai-agents.com\/de\/templates\/grocery-list\/","og_locale":"de_DE","og_type":"article","og_title":"Lebensmittelliste Vorlage - Sales AI Agents","og_description":"Wenn man in den Supermarkt geht, vergisst man leicht, nach welchen Artikeln man sucht. Verwenden Sie diese kostenlose anpassbare Vorlage, um nur unn\u00f6tige Artikel zu kaufen.","og_url":"https:\/\/sales-ai-agents.com\/de\/templates\/grocery-list\/","og_site_name":"Sales AI Agents","article_modified_time":"2023-12-31T17:12:56+00:00","og_image":[{"width":1700,"height":1100,"url":"https:\/\/sales-ai-agents.com\/wp-content\/uploads\/2022\/09\/Grocery-List-Template.png","type":"image\/png"}],"twitter_card":"summary_large_image","schema":{"@context":"https:\/\/schema.org","@graph":[{"@type":"WebPage","@id":"https:\/\/sales-ai-agents.com\/de\/templates\/grocery-list\/","url":"https:\/\/sales-ai-agents.com\/de\/templates\/grocery-list\/","name":"Lebensmittelliste Vorlage - Sales AI Agents","isPartOf":{"@id":"https:\/\/sales-ai-agents.com\/#website"},"primaryImageOfPage":{"@id":"https:\/\/sales-ai-agents.com\/de\/templates\/grocery-list\/#primaryimage"},"image":{"@id":"https:\/\/sales-ai-agents.com\/de\/templates\/grocery-list\/#primaryimage"},"thumbnailUrl":"https:\/\/sales-ai-agents.com\/wp-content\/uploads\/2022\/09\/Grocery-List-Template.png","datePublished":"2022-09-26T11:53:38+00:00","dateModified":"2023-12-31T17:12:56+00:00","description":"Wenn man in den Supermarkt geht, vergisst man leicht, nach welchen Artikeln man sucht. Verwenden Sie diese kostenlose anpassbare Vorlage, um nur unn\u00f6tige Artikel zu kaufen.","inLanguage":"de-DE","potentialAction":[{"@type":"ReadAction","target":["https:\/\/sales-ai-agents.com\/de\/templates\/grocery-list\/"]}]},{"@type":"ImageObject","inLanguage":"de-DE","@id":"https:\/\/sales-ai-agents.com\/de\/templates\/grocery-list\/#primaryimage","url":"https:\/\/sales-ai-agents.com\/wp-content\/uploads\/2022\/09\/Grocery-List-Template.png","contentUrl":"https:\/\/sales-ai-agents.com\/wp-content\/uploads\/2022\/09\/Grocery-List-Template.png","width":1700,"height":1100,"caption":"Use this free customizable template to buy only unnecessary items."},{"@type":"WebSite","@id":"https:\/\/sales-ai-agents.com\/#website","url":"https:\/\/sales-ai-agents.com\/","name":"FuseBase","description":"Nimbus Platform - Free Online Collaboration Software for Remote Teams. Build your wikis, client portals and more with the Nimbus Platform collaboration tool ? A perfect space for online work","publisher":{"@id":"https:\/\/sales-ai-agents.com\/#organization"},"potentialAction":[{"@type":"SearchAction","target":{"@type":"EntryPoint","urlTemplate":"https:\/\/sales-ai-agents.com\/?s={search_term_string}"},"query-input":{"@type":"PropertyValueSpecification","valueRequired":true,"valueName":"search_term_string"}}],"inLanguage":"de-DE"},{"@type":"Organization","@id":"https:\/\/sales-ai-agents.com\/#organization","name":"FuseBase","url":"https:\/\/sales-ai-agents.com\/","logo":{"@type":"ImageObject","inLanguage":"de-DE","@id":"https:\/\/sales-ai-agents.com\/#\/schema\/logo\/image\/","url":"https:\/\/sales-ai-agents.com\/wp-content\/uploads\/2023\/11\/icon-7.svg","contentUrl":"https:\/\/sales-ai-agents.com\/wp-content\/uploads\/2023\/11\/icon-7.svg","width":128,"height":128,"caption":"FuseBase"},"image":{"@id":"https:\/\/sales-ai-agents.com\/#\/schema\/logo\/image\/"}}]}},"_links":{"self":[{"href":"https:\/\/sales-ai-agents.com\/de\/wp-json\/wp\/v2\/product\/58300","targetHints":{"allow":["GET"]}}],"collection":[{"href":"https:\/\/sales-ai-agents.com\/de\/wp-json\/wp\/v2\/product"}],"about":[{"href":"https:\/\/sales-ai-agents.com\/de\/wp-json\/wp\/v2\/types\/product"}],"wp:featuredmedia":[{"embeddable":true,"href":"https:\/\/sales-ai-agents.com\/de\/wp-json\/wp\/v2\/media\/39010"}],"wp:attachment":[{"href":"https:\/\/sales-ai-agents.com\/de\/wp-json\/wp\/v2\/media?parent=58300"}],"wp:term":[{"taxonomy":"product_brand","embeddable":true,"href":"https:\/\/sales-ai-agents.com\/de\/wp-json\/wp\/v2\/product_brand?post=58300"},{"taxonomy":"product_cat","embeddable":true,"href":"https:\/\/sales-ai-agents.com\/de\/wp-json\/wp\/v2\/product_cat?post=58300"},{"taxonomy":"product_tag","embeddable":true,"href":"https:\/\/sales-ai-agents.com\/de\/wp-json\/wp\/v2\/product_tag?post=58300"}],"curies":[{"name":"wp","href":"https:\/\/api.w.org\/{rel}","templated":true}]}}