{"id":58303,"date":"2022-09-26T11:53:22","date_gmt":"2022-09-26T11:53:22","guid":{"rendered":"https:\/\/sales-ai-agents.com\/templates\/personal-mission-statement\/"},"modified":"2023-12-27T12:27:00","modified_gmt":"2023-12-27T12:27:00","slug":"personal-mission-statement","status":"publish","type":"product","link":"https:\/\/sales-ai-agents.com\/de\/templates\/personal-mission-statement\/","title":{"rendered":"Pers\u00f6nliches Leitbild"},"content":{"rendered":"<p>&nbsp;<\/p>\n<h2>Personal Mission Statement Vorlage<\/h2>\n<p class=\"desc-text\">Verwenden Sie diese Vorlage, um ein kurzes Motto zu formulieren, das Sie bei jeder Entscheidung begleitet. Sie sollte als &#8222;Grund zum Sein&#8220; betrachtet werden. Viele Experten sind der Meinung, dass ein pers\u00f6nliches Leitbild jemanden von einem &#8222;ruderlosen Schiff&#8220; in einen zielgerichteten Erfolg verwandeln kann. So k\u00f6nnen Sie sp\u00e4ter darauf zugreifen und sich in allt\u00e4glichen Krisensituationen leicht daran erinnern.<\/p>\n<h5>Wie zu verwenden:<\/h5>\n<ul class=\"desc-item_list\">\n<li class=\"desc-item_list__point\">Denken Sie \u00fcber Ihr pers\u00f6nliches Leitbild nach. Versuchen Sie, sich kurz zu fassen &#8211; 3 bis 5 S\u00e4tze sind ausreichend.<\/li>\n<li class=\"desc-item_list__point\">W\u00e4hlen Sie 5 Personen aus jeder Ebene Ihres Lebens (direkte Kontakte, entfernte Kontakte oder einfach Personen, die Sie inspirieren)<\/li>\n<li class=\"desc-item_list__point\">Speichern Sie es und greifen Sie darauf zu, wenn Sie zus\u00e4tzliche Kraft und Unterst\u00fctzung brauchen<\/li>\n<\/ul>\n","protected":false},"excerpt":{"rendered":"<p>Verwenden Sie diese kostenlos anpassbare Vorlage, um ein kurzes Motto zu formulieren, das Sie bei jeder Entscheidung begleitet. Sie sollte als Ihr wichtigster &#8222;Grund zum Leben&#8220; betrachtet werden.<\/p>\n","protected":false},"featured_media":27154,"template":"","meta":{"_acf_changed":false,"inline_featured_image":false},"product_brand":[],"product_cat":[179,180],"product_tag":[],"class_list":{"0":"post-58303","1":"product","2":"type-product","3":"status-publish","4":"has-post-thumbnail","6":"product_cat-organizers-planners","7":"product_cat-personal","9":"first","10":"instock","11":"virtual","12":"sold-individually","13":"product-type-simple"},"acf":[],"yoast_head":"<!-- This site is optimized with the Yoast SEO plugin v25.3.1 - https:\/\/yoast.com\/wordpress\/plugins\/seo\/ -->\n<title>Pers\u00f6nliches Leitbild Vorlage - Sales AI Agents<\/title>\n<meta name=\"description\" content=\"Verwenden Sie diese kostenlos anpassbare Vorlage, um ein kurzes Motto zu formulieren, das Sie bei jeder Entscheidung begleitet. Sie sollte als Ihr wichtigster &quot;Grund zum Leben&quot; betrachtet werden.\" \/>\n<meta name=\"robots\" content=\"index, follow, max-snippet:-1, max-image-preview:large, max-video-preview:-1\" \/>\n<link rel=\"canonical\" href=\"https:\/\/sales-ai-agents.com\/de\/templates\/personal-mission-statement\/\" \/>\n<meta property=\"og:locale\" content=\"de_DE\" \/>\n<meta property=\"og:type\" content=\"article\" \/>\n<meta property=\"og:title\" content=\"Pers\u00f6nliches Leitbild Vorlage - Sales AI Agents\" \/>\n<meta property=\"og:description\" content=\"Verwenden Sie diese kostenlos anpassbare Vorlage, um ein kurzes Motto zu formulieren, das Sie bei jeder Entscheidung begleitet. Sie sollte als Ihr wichtigster &quot;Grund zum Leben&quot; betrachtet werden.\" \/>\n<meta property=\"og:url\" content=\"https:\/\/sales-ai-agents.com\/de\/templates\/personal-mission-statement\/\" \/>\n<meta property=\"og:site_name\" content=\"Sales AI Agents\" \/>\n<meta property=\"article:modified_time\" content=\"2023-12-27T12:27:00+00:00\" \/>\n<meta property=\"og:image\" content=\"https:\/\/sales-ai-agents.com\/wp-content\/uploads\/2022\/09\/Personal-Mission-Statement-Template.png\" \/>\n\t<meta property=\"og:image:width\" content=\"1700\" \/>\n\t<meta property=\"og:image:height\" content=\"1100\" \/>\n\t<meta property=\"og:image:type\" content=\"image\/png\" \/>\n<meta name=\"twitter:card\" content=\"summary_large_image\" \/>\n<script type=\"application\/ld+json\" class=\"yoast-schema-graph\">{\"@context\":\"https:\/\/schema.org\",\"@graph\":[{\"@type\":\"WebPage\",\"@id\":\"https:\/\/sales-ai-agents.com\/de\/templates\/personal-mission-statement\/\",\"url\":\"https:\/\/sales-ai-agents.com\/de\/templates\/personal-mission-statement\/\",\"name\":\"Pers\u00f6nliches Leitbild Vorlage - Sales AI Agents\",\"isPartOf\":{\"@id\":\"https:\/\/sales-ai-agents.com\/#website\"},\"primaryImageOfPage\":{\"@id\":\"https:\/\/sales-ai-agents.com\/de\/templates\/personal-mission-statement\/#primaryimage\"},\"image\":{\"@id\":\"https:\/\/sales-ai-agents.com\/de\/templates\/personal-mission-statement\/#primaryimage\"},\"thumbnailUrl\":\"https:\/\/sales-ai-agents.com\/wp-content\/uploads\/2022\/09\/Personal-Mission-Statement-Template.png\",\"datePublished\":\"2022-09-26T11:53:22+00:00\",\"dateModified\":\"2023-12-27T12:27:00+00:00\",\"description\":\"Verwenden Sie diese kostenlos anpassbare Vorlage, um ein kurzes Motto zu formulieren, das Sie bei jeder Entscheidung begleitet. Sie sollte als Ihr wichtigster \\\"Grund zum Leben\\\" betrachtet werden.\",\"inLanguage\":\"de-DE\",\"potentialAction\":[{\"@type\":\"ReadAction\",\"target\":[\"https:\/\/sales-ai-agents.com\/de\/templates\/personal-mission-statement\/\"]}]},{\"@type\":\"ImageObject\",\"inLanguage\":\"de-DE\",\"@id\":\"https:\/\/sales-ai-agents.com\/de\/templates\/personal-mission-statement\/#primaryimage\",\"url\":\"https:\/\/sales-ai-agents.com\/wp-content\/uploads\/2022\/09\/Personal-Mission-Statement-Template.png\",\"contentUrl\":\"https:\/\/sales-ai-agents.com\/wp-content\/uploads\/2022\/09\/Personal-Mission-Statement-Template.png\",\"width\":1700,\"height\":1100,\"caption\":\"Use this free customizable template to state a short motto that will guide every decision you make.\"},{\"@type\":\"WebSite\",\"@id\":\"https:\/\/sales-ai-agents.com\/#website\",\"url\":\"https:\/\/sales-ai-agents.com\/\",\"name\":\"FuseBase\",\"description\":\"Nimbus Platform - Free Online Collaboration Software for Remote Teams. Build your wikis, client portals and more with the Nimbus Platform collaboration tool ? A perfect space for online work\",\"publisher\":{\"@id\":\"https:\/\/sales-ai-agents.com\/#organization\"},\"potentialAction\":[{\"@type\":\"SearchAction\",\"target\":{\"@type\":\"EntryPoint\",\"urlTemplate\":\"https:\/\/sales-ai-agents.com\/?s={search_term_string}\"},\"query-input\":{\"@type\":\"PropertyValueSpecification\",\"valueRequired\":true,\"valueName\":\"search_term_string\"}}],\"inLanguage\":\"de-DE\"},{\"@type\":\"Organization\",\"@id\":\"https:\/\/sales-ai-agents.com\/#organization\",\"name\":\"FuseBase\",\"url\":\"https:\/\/sales-ai-agents.com\/\",\"logo\":{\"@type\":\"ImageObject\",\"inLanguage\":\"de-DE\",\"@id\":\"https:\/\/sales-ai-agents.com\/#\/schema\/logo\/image\/\",\"url\":\"https:\/\/sales-ai-agents.com\/wp-content\/uploads\/2023\/11\/icon-7.svg\",\"contentUrl\":\"https:\/\/sales-ai-agents.com\/wp-content\/uploads\/2023\/11\/icon-7.svg\",\"width\":128,\"height\":128,\"caption\":\"FuseBase\"},\"image\":{\"@id\":\"https:\/\/sales-ai-agents.com\/#\/schema\/logo\/image\/\"}}]}<\/script>\n<!-- \/ Yoast SEO plugin. -->","yoast_head_json":{"title":"Pers\u00f6nliches Leitbild Vorlage - Sales AI Agents","description":"Verwenden Sie diese kostenlos anpassbare Vorlage, um ein kurzes Motto zu formulieren, das Sie bei jeder Entscheidung begleitet. Sie sollte als Ihr wichtigster \"Grund zum Leben\" betrachtet werden.","robots":{"index":"index","follow":"follow","max-snippet":"max-snippet:-1","max-image-preview":"max-image-preview:large","max-video-preview":"max-video-preview:-1"},"canonical":"https:\/\/sales-ai-agents.com\/de\/templates\/personal-mission-statement\/","og_locale":"de_DE","og_type":"article","og_title":"Pers\u00f6nliches Leitbild Vorlage - Sales AI Agents","og_description":"Verwenden Sie diese kostenlos anpassbare Vorlage, um ein kurzes Motto zu formulieren, das Sie bei jeder Entscheidung begleitet. Sie sollte als Ihr wichtigster \"Grund zum Leben\" betrachtet werden.","og_url":"https:\/\/sales-ai-agents.com\/de\/templates\/personal-mission-statement\/","og_site_name":"Sales AI Agents","article_modified_time":"2023-12-27T12:27:00+00:00","og_image":[{"width":1700,"height":1100,"url":"https:\/\/sales-ai-agents.com\/wp-content\/uploads\/2022\/09\/Personal-Mission-Statement-Template.png","type":"image\/png"}],"twitter_card":"summary_large_image","schema":{"@context":"https:\/\/schema.org","@graph":[{"@type":"WebPage","@id":"https:\/\/sales-ai-agents.com\/de\/templates\/personal-mission-statement\/","url":"https:\/\/sales-ai-agents.com\/de\/templates\/personal-mission-statement\/","name":"Pers\u00f6nliches Leitbild Vorlage - Sales AI Agents","isPartOf":{"@id":"https:\/\/sales-ai-agents.com\/#website"},"primaryImageOfPage":{"@id":"https:\/\/sales-ai-agents.com\/de\/templates\/personal-mission-statement\/#primaryimage"},"image":{"@id":"https:\/\/sales-ai-agents.com\/de\/templates\/personal-mission-statement\/#primaryimage"},"thumbnailUrl":"https:\/\/sales-ai-agents.com\/wp-content\/uploads\/2022\/09\/Personal-Mission-Statement-Template.png","datePublished":"2022-09-26T11:53:22+00:00","dateModified":"2023-12-27T12:27:00+00:00","description":"Verwenden Sie diese kostenlos anpassbare Vorlage, um ein kurzes Motto zu formulieren, das Sie bei jeder Entscheidung begleitet. Sie sollte als Ihr wichtigster \"Grund zum Leben\" betrachtet werden.","inLanguage":"de-DE","potentialAction":[{"@type":"ReadAction","target":["https:\/\/sales-ai-agents.com\/de\/templates\/personal-mission-statement\/"]}]},{"@type":"ImageObject","inLanguage":"de-DE","@id":"https:\/\/sales-ai-agents.com\/de\/templates\/personal-mission-statement\/#primaryimage","url":"https:\/\/sales-ai-agents.com\/wp-content\/uploads\/2022\/09\/Personal-Mission-Statement-Template.png","contentUrl":"https:\/\/sales-ai-agents.com\/wp-content\/uploads\/2022\/09\/Personal-Mission-Statement-Template.png","width":1700,"height":1100,"caption":"Use this free customizable template to state a short motto that will guide every decision you make."},{"@type":"WebSite","@id":"https:\/\/sales-ai-agents.com\/#website","url":"https:\/\/sales-ai-agents.com\/","name":"FuseBase","description":"Nimbus Platform - Free Online Collaboration Software for Remote Teams. Build your wikis, client portals and more with the Nimbus Platform collaboration tool ? A perfect space for online work","publisher":{"@id":"https:\/\/sales-ai-agents.com\/#organization"},"potentialAction":[{"@type":"SearchAction","target":{"@type":"EntryPoint","urlTemplate":"https:\/\/sales-ai-agents.com\/?s={search_term_string}"},"query-input":{"@type":"PropertyValueSpecification","valueRequired":true,"valueName":"search_term_string"}}],"inLanguage":"de-DE"},{"@type":"Organization","@id":"https:\/\/sales-ai-agents.com\/#organization","name":"FuseBase","url":"https:\/\/sales-ai-agents.com\/","logo":{"@type":"ImageObject","inLanguage":"de-DE","@id":"https:\/\/sales-ai-agents.com\/#\/schema\/logo\/image\/","url":"https:\/\/sales-ai-agents.com\/wp-content\/uploads\/2023\/11\/icon-7.svg","contentUrl":"https:\/\/sales-ai-agents.com\/wp-content\/uploads\/2023\/11\/icon-7.svg","width":128,"height":128,"caption":"FuseBase"},"image":{"@id":"https:\/\/sales-ai-agents.com\/#\/schema\/logo\/image\/"}}]}},"_links":{"self":[{"href":"https:\/\/sales-ai-agents.com\/de\/wp-json\/wp\/v2\/product\/58303","targetHints":{"allow":["GET"]}}],"collection":[{"href":"https:\/\/sales-ai-agents.com\/de\/wp-json\/wp\/v2\/product"}],"about":[{"href":"https:\/\/sales-ai-agents.com\/de\/wp-json\/wp\/v2\/types\/product"}],"wp:featuredmedia":[{"embeddable":true,"href":"https:\/\/sales-ai-agents.com\/de\/wp-json\/wp\/v2\/media\/27154"}],"wp:attachment":[{"href":"https:\/\/sales-ai-agents.com\/de\/wp-json\/wp\/v2\/media?parent=58303"}],"wp:term":[{"taxonomy":"product_brand","embeddable":true,"href":"https:\/\/sales-ai-agents.com\/de\/wp-json\/wp\/v2\/product_brand?post=58303"},{"taxonomy":"product_cat","embeddable":true,"href":"https:\/\/sales-ai-agents.com\/de\/wp-json\/wp\/v2\/product_cat?post=58303"},{"taxonomy":"product_tag","embeddable":true,"href":"https:\/\/sales-ai-agents.com\/de\/wp-json\/wp\/v2\/product_tag?post=58303"}],"curies":[{"name":"wp","href":"https:\/\/api.w.org\/{rel}","templated":true}]}}