{"id":58323,"date":"2022-09-26T11:53:19","date_gmt":"2022-09-26T11:53:19","guid":{"rendered":"https:\/\/sales-ai-agents.com\/templates\/family-budget\/"},"modified":"2023-12-26T21:12:17","modified_gmt":"2023-12-26T21:12:17","slug":"family-budget","status":"publish","type":"product","link":"https:\/\/sales-ai-agents.com\/de\/templates\/family-budget\/","title":{"rendered":"Familienbudget"},"content":{"rendered":"<p>&nbsp;<\/p>\n<h2>Vorlage Familienbudget<\/h2>\n<p class=\"desc-text\">Wenn Sie in Ihrem Haushalt mehrere Ausgaben zu t\u00e4tigen haben, kann es entmutigend sein, alles zu verwalten. Die Erstellung eines Budgets und die \u00dcberwachung von Rechnungen kann schwierig sein, wenn man nicht wei\u00df, wo man anfangen soll &#8211; aber keine Sorge, wir helfen Ihnen gerne. Werfen Sie einen Blick auf unsere Vorlage f\u00fcr ein Familienbudget, um mit der Organisation Ihrer Zahlungen zu beginnen. Verwenden Sie diese Vorlage, um alle Ihre Ausgaben zu kategorisieren und zu budgetieren. Diese Vorlage enth\u00e4lt optisch ansprechende, farblich gekennzeichnete Tabellen zur Strukturierung von Informationen. Listen Sie die geplanten und tats\u00e4chlichen Betr\u00e4ge f\u00fcr jede Ausgabe auf und berechnen Sie dann die Differenz. Indem Sie alles in \u00fcbersichtlichen Tabellen zusammenfassen, k\u00f6nnen Sie sicherstellen, dass Sie genau wissen, wohin Ihr Geld flie\u00dft.<\/p>\n<h2>Wie zu verwenden:<\/h2>\n<ul class=\"desc-item_list\">\n<li class=\"desc-item_list__point\">Auflistung des f\u00fcr jede Ausgabe veranschlagten Betrags<\/li>\n<li class=\"desc-item_list__point\">F\u00fcllen Sie den tats\u00e4chlich ausgegebenen Betrag aus<\/li>\n<li class=\"desc-item_list__point\">Berechnen Sie die Differenz<\/li>\n<li class=\"desc-item_list__point\">Notizen zu den Ausgaben hinzuf\u00fcgen<\/li>\n<li class=\"desc-item_list__point\">Bewerten Sie Ihr Budget am Ende eines jeden Monats<\/li>\n<\/ul>\n","protected":false},"excerpt":{"rendered":"<p>Die Budgetierung und das Behalten der Rechnungen kann sehr schwierig sein, wenn man nicht wei\u00df, wo man anfangen soll. Schauen Sie sich eine Vorlage f\u00fcr ein Familienbudget an, um Ihre Zahlungen zu organisieren.<\/p>\n","protected":false},"featured_media":28105,"template":"","meta":{"_acf_changed":false,"inline_featured_image":false},"product_brand":[],"product_cat":[180,184],"product_tag":[],"class_list":{"0":"post-58323","1":"product","2":"type-product","3":"status-publish","4":"has-post-thumbnail","6":"product_cat-personal","7":"product_cat-personal-money","9":"first","10":"instock","11":"virtual","12":"sold-individually","13":"product-type-simple"},"acf":[],"yoast_head":"<!-- This site is optimized with the Yoast SEO plugin v25.3.1 - https:\/\/yoast.com\/wordpress\/plugins\/seo\/ -->\n<title>Vorlage Familienbudget - Sales AI Agents<\/title>\n<meta name=\"description\" content=\"Die Budgetierung und das Behalten der Rechnungen kann sehr schwierig sein, wenn man nicht wei\u00df, wo man anfangen soll. Schauen Sie sich eine Vorlage f\u00fcr ein Familienbudget an, um Ihre Zahlungen zu organisieren.\" \/>\n<meta name=\"robots\" content=\"index, follow, max-snippet:-1, max-image-preview:large, max-video-preview:-1\" \/>\n<link rel=\"canonical\" href=\"https:\/\/sales-ai-agents.com\/de\/templates\/family-budget\/\" \/>\n<meta property=\"og:locale\" content=\"de_DE\" \/>\n<meta property=\"og:type\" content=\"article\" \/>\n<meta property=\"og:title\" content=\"Vorlage Familienbudget - Sales AI Agents\" \/>\n<meta property=\"og:description\" content=\"Die Budgetierung und das Behalten der Rechnungen kann sehr schwierig sein, wenn man nicht wei\u00df, wo man anfangen soll. Schauen Sie sich eine Vorlage f\u00fcr ein Familienbudget an, um Ihre Zahlungen zu organisieren.\" \/>\n<meta property=\"og:url\" content=\"https:\/\/sales-ai-agents.com\/de\/templates\/family-budget\/\" \/>\n<meta property=\"og:site_name\" content=\"Sales AI Agents\" \/>\n<meta property=\"article:modified_time\" content=\"2023-12-26T21:12:17+00:00\" \/>\n<meta property=\"og:image\" content=\"https:\/\/sales-ai-agents.com\/wp-content\/uploads\/2022\/09\/Family-Budget-Template.png\" \/>\n\t<meta property=\"og:image:width\" content=\"1700\" \/>\n\t<meta property=\"og:image:height\" content=\"1100\" \/>\n\t<meta property=\"og:image:type\" content=\"image\/png\" \/>\n<meta name=\"twitter:card\" content=\"summary_large_image\" \/>\n<script type=\"application\/ld+json\" class=\"yoast-schema-graph\">{\"@context\":\"https:\/\/schema.org\",\"@graph\":[{\"@type\":\"WebPage\",\"@id\":\"https:\/\/sales-ai-agents.com\/de\/templates\/family-budget\/\",\"url\":\"https:\/\/sales-ai-agents.com\/de\/templates\/family-budget\/\",\"name\":\"Vorlage Familienbudget - Sales AI Agents\",\"isPartOf\":{\"@id\":\"https:\/\/sales-ai-agents.com\/#website\"},\"primaryImageOfPage\":{\"@id\":\"https:\/\/sales-ai-agents.com\/de\/templates\/family-budget\/#primaryimage\"},\"image\":{\"@id\":\"https:\/\/sales-ai-agents.com\/de\/templates\/family-budget\/#primaryimage\"},\"thumbnailUrl\":\"https:\/\/sales-ai-agents.com\/wp-content\/uploads\/2022\/09\/Family-Budget-Template.png\",\"datePublished\":\"2022-09-26T11:53:19+00:00\",\"dateModified\":\"2023-12-26T21:12:17+00:00\",\"description\":\"Die Budgetierung und das Behalten der Rechnungen kann sehr schwierig sein, wenn man nicht wei\u00df, wo man anfangen soll. Schauen Sie sich eine Vorlage f\u00fcr ein Familienbudget an, um Ihre Zahlungen zu organisieren.\",\"inLanguage\":\"de-DE\",\"potentialAction\":[{\"@type\":\"ReadAction\",\"target\":[\"https:\/\/sales-ai-agents.com\/de\/templates\/family-budget\/\"]}]},{\"@type\":\"ImageObject\",\"inLanguage\":\"de-DE\",\"@id\":\"https:\/\/sales-ai-agents.com\/de\/templates\/family-budget\/#primaryimage\",\"url\":\"https:\/\/sales-ai-agents.com\/wp-content\/uploads\/2022\/09\/Family-Budget-Template.png\",\"contentUrl\":\"https:\/\/sales-ai-agents.com\/wp-content\/uploads\/2022\/09\/Family-Budget-Template.png\",\"width\":1700,\"height\":1100,\"caption\":\"Use a family budget template to organize your payments.\"},{\"@type\":\"WebSite\",\"@id\":\"https:\/\/sales-ai-agents.com\/#website\",\"url\":\"https:\/\/sales-ai-agents.com\/\",\"name\":\"FuseBase\",\"description\":\"Nimbus Platform - Free Online Collaboration Software for Remote Teams. Build your wikis, client portals and more with the Nimbus Platform collaboration tool ? A perfect space for online work\",\"publisher\":{\"@id\":\"https:\/\/sales-ai-agents.com\/#organization\"},\"potentialAction\":[{\"@type\":\"SearchAction\",\"target\":{\"@type\":\"EntryPoint\",\"urlTemplate\":\"https:\/\/sales-ai-agents.com\/?s={search_term_string}\"},\"query-input\":{\"@type\":\"PropertyValueSpecification\",\"valueRequired\":true,\"valueName\":\"search_term_string\"}}],\"inLanguage\":\"de-DE\"},{\"@type\":\"Organization\",\"@id\":\"https:\/\/sales-ai-agents.com\/#organization\",\"name\":\"FuseBase\",\"url\":\"https:\/\/sales-ai-agents.com\/\",\"logo\":{\"@type\":\"ImageObject\",\"inLanguage\":\"de-DE\",\"@id\":\"https:\/\/sales-ai-agents.com\/#\/schema\/logo\/image\/\",\"url\":\"https:\/\/sales-ai-agents.com\/wp-content\/uploads\/2023\/11\/icon-7.svg\",\"contentUrl\":\"https:\/\/sales-ai-agents.com\/wp-content\/uploads\/2023\/11\/icon-7.svg\",\"width\":128,\"height\":128,\"caption\":\"FuseBase\"},\"image\":{\"@id\":\"https:\/\/sales-ai-agents.com\/#\/schema\/logo\/image\/\"}}]}<\/script>\n<!-- \/ Yoast SEO plugin. -->","yoast_head_json":{"title":"Vorlage Familienbudget - Sales AI Agents","description":"Die Budgetierung und das Behalten der Rechnungen kann sehr schwierig sein, wenn man nicht wei\u00df, wo man anfangen soll. Schauen Sie sich eine Vorlage f\u00fcr ein Familienbudget an, um Ihre Zahlungen zu organisieren.","robots":{"index":"index","follow":"follow","max-snippet":"max-snippet:-1","max-image-preview":"max-image-preview:large","max-video-preview":"max-video-preview:-1"},"canonical":"https:\/\/sales-ai-agents.com\/de\/templates\/family-budget\/","og_locale":"de_DE","og_type":"article","og_title":"Vorlage Familienbudget - Sales AI Agents","og_description":"Die Budgetierung und das Behalten der Rechnungen kann sehr schwierig sein, wenn man nicht wei\u00df, wo man anfangen soll. Schauen Sie sich eine Vorlage f\u00fcr ein Familienbudget an, um Ihre Zahlungen zu organisieren.","og_url":"https:\/\/sales-ai-agents.com\/de\/templates\/family-budget\/","og_site_name":"Sales AI Agents","article_modified_time":"2023-12-26T21:12:17+00:00","og_image":[{"width":1700,"height":1100,"url":"https:\/\/sales-ai-agents.com\/wp-content\/uploads\/2022\/09\/Family-Budget-Template.png","type":"image\/png"}],"twitter_card":"summary_large_image","schema":{"@context":"https:\/\/schema.org","@graph":[{"@type":"WebPage","@id":"https:\/\/sales-ai-agents.com\/de\/templates\/family-budget\/","url":"https:\/\/sales-ai-agents.com\/de\/templates\/family-budget\/","name":"Vorlage Familienbudget - Sales AI Agents","isPartOf":{"@id":"https:\/\/sales-ai-agents.com\/#website"},"primaryImageOfPage":{"@id":"https:\/\/sales-ai-agents.com\/de\/templates\/family-budget\/#primaryimage"},"image":{"@id":"https:\/\/sales-ai-agents.com\/de\/templates\/family-budget\/#primaryimage"},"thumbnailUrl":"https:\/\/sales-ai-agents.com\/wp-content\/uploads\/2022\/09\/Family-Budget-Template.png","datePublished":"2022-09-26T11:53:19+00:00","dateModified":"2023-12-26T21:12:17+00:00","description":"Die Budgetierung und das Behalten der Rechnungen kann sehr schwierig sein, wenn man nicht wei\u00df, wo man anfangen soll. Schauen Sie sich eine Vorlage f\u00fcr ein Familienbudget an, um Ihre Zahlungen zu organisieren.","inLanguage":"de-DE","potentialAction":[{"@type":"ReadAction","target":["https:\/\/sales-ai-agents.com\/de\/templates\/family-budget\/"]}]},{"@type":"ImageObject","inLanguage":"de-DE","@id":"https:\/\/sales-ai-agents.com\/de\/templates\/family-budget\/#primaryimage","url":"https:\/\/sales-ai-agents.com\/wp-content\/uploads\/2022\/09\/Family-Budget-Template.png","contentUrl":"https:\/\/sales-ai-agents.com\/wp-content\/uploads\/2022\/09\/Family-Budget-Template.png","width":1700,"height":1100,"caption":"Use a family budget template to organize your payments."},{"@type":"WebSite","@id":"https:\/\/sales-ai-agents.com\/#website","url":"https:\/\/sales-ai-agents.com\/","name":"FuseBase","description":"Nimbus Platform - Free Online Collaboration Software for Remote Teams. Build your wikis, client portals and more with the Nimbus Platform collaboration tool ? A perfect space for online work","publisher":{"@id":"https:\/\/sales-ai-agents.com\/#organization"},"potentialAction":[{"@type":"SearchAction","target":{"@type":"EntryPoint","urlTemplate":"https:\/\/sales-ai-agents.com\/?s={search_term_string}"},"query-input":{"@type":"PropertyValueSpecification","valueRequired":true,"valueName":"search_term_string"}}],"inLanguage":"de-DE"},{"@type":"Organization","@id":"https:\/\/sales-ai-agents.com\/#organization","name":"FuseBase","url":"https:\/\/sales-ai-agents.com\/","logo":{"@type":"ImageObject","inLanguage":"de-DE","@id":"https:\/\/sales-ai-agents.com\/#\/schema\/logo\/image\/","url":"https:\/\/sales-ai-agents.com\/wp-content\/uploads\/2023\/11\/icon-7.svg","contentUrl":"https:\/\/sales-ai-agents.com\/wp-content\/uploads\/2023\/11\/icon-7.svg","width":128,"height":128,"caption":"FuseBase"},"image":{"@id":"https:\/\/sales-ai-agents.com\/#\/schema\/logo\/image\/"}}]}},"_links":{"self":[{"href":"https:\/\/sales-ai-agents.com\/de\/wp-json\/wp\/v2\/product\/58323","targetHints":{"allow":["GET"]}}],"collection":[{"href":"https:\/\/sales-ai-agents.com\/de\/wp-json\/wp\/v2\/product"}],"about":[{"href":"https:\/\/sales-ai-agents.com\/de\/wp-json\/wp\/v2\/types\/product"}],"wp:featuredmedia":[{"embeddable":true,"href":"https:\/\/sales-ai-agents.com\/de\/wp-json\/wp\/v2\/media\/28105"}],"wp:attachment":[{"href":"https:\/\/sales-ai-agents.com\/de\/wp-json\/wp\/v2\/media?parent=58323"}],"wp:term":[{"taxonomy":"product_brand","embeddable":true,"href":"https:\/\/sales-ai-agents.com\/de\/wp-json\/wp\/v2\/product_brand?post=58323"},{"taxonomy":"product_cat","embeddable":true,"href":"https:\/\/sales-ai-agents.com\/de\/wp-json\/wp\/v2\/product_cat?post=58323"},{"taxonomy":"product_tag","embeddable":true,"href":"https:\/\/sales-ai-agents.com\/de\/wp-json\/wp\/v2\/product_tag?post=58323"}],"curies":[{"name":"wp","href":"https:\/\/api.w.org\/{rel}","templated":true}]}}