{"id":58328,"date":"2022-09-26T11:53:15","date_gmt":"2022-09-26T11:53:15","guid":{"rendered":"https:\/\/sales-ai-agents.com\/templates\/competitor\/"},"modified":"2023-12-26T15:53:38","modified_gmt":"2023-12-26T15:53:38","slug":"competitor","status":"publish","type":"product","link":"https:\/\/sales-ai-agents.com\/de\/templates\/competitor\/","title":{"rendered":"Mitbewerber-Vorlage"},"content":{"rendered":"<p>&nbsp;<\/p>\n<h2>Mitbewerber-Vorlage<\/h2>\n<p class=\"desc-text\">Verwenden Sie diese Vorlage, um Informationen \u00fcber Ihre Konkurrenz zu organisieren. Erstellen Sie ein Profil Ihres Mitbewerbers und listen Sie dessen Hauptmerkmale, Aufgaben und F\u00e4higkeiten auf. Analysieren Sie ihre Strategien und achten Sie darauf, wie sie verschiedene Instrumente wie soziale Medien oder Online-Werbung einsetzen. F\u00fchren Sie eine gr\u00fcndliche Analyse ihrer Angebote durch, damit Sie eine Strategie f\u00fcr Ihre Marke entwickeln k\u00f6nnen.<\/p>\n<h5>Wie zu verwenden:<\/h5>\n<ul class=\"desc-item_list\">\n<li class=\"desc-item_list__point\">Geben Sie wichtige Details \u00fcber Ihren Konkurrenten an<\/li>\n<li class=\"desc-item_list__point\">F\u00fchren Sie auf, wie sich Ihr Produkt von anderen unterscheidet<\/li>\n<li class=\"desc-item_list__point\">Vergleichen Sie die Zielm\u00e4rkte zwischen Ihnen und der Konkurrenz<\/li>\n<li class=\"desc-item_list__point\">Analysieren Sie die St\u00e4rken, Schw\u00e4chen, Chancen und Risiken Ihres Produkts<\/li>\n<\/ul>\n","protected":false},"excerpt":{"rendered":"<p>Verwenden Sie diese Vorlage, um Informationen \u00fcber Ihre Konkurrenz zu organisieren. Erstellen Sie ein Profil Ihres Mitbewerbers und listen Sie dessen Hauptmerkmale, Aufgaben und F\u00e4higkeiten auf.<\/p>\n","protected":false},"featured_media":24907,"template":"","meta":{"_acf_changed":false,"inline_featured_image":false},"product_brand":[],"product_cat":[171,172],"product_tag":[166],"class_list":{"0":"post-58328","1":"product","2":"type-product","3":"status-publish","4":"has-post-thumbnail","6":"product_cat-marketing","7":"product_cat-marketing-analysis","8":"product_tag-hit","10":"first","11":"instock","12":"virtual","13":"sold-individually","14":"product-type-simple"},"acf":[],"yoast_head":"<!-- This site is optimized with the Yoast SEO plugin v25.3.1 - https:\/\/yoast.com\/wordpress\/plugins\/seo\/ -->\n<title>Mitbewerber-Vorlage - Sales AI Agents<\/title>\n<meta name=\"description\" content=\"Erstellen Sie ein Profil Ihres Mitbewerbers und listen Sie dessen Hauptmerkmale, Aufgaben und F\u00e4higkeiten auf. Organisieren Sie Informationen \u00fcber Ihre Konkurrenz mit der Nimbus-Vorlage\" \/>\n<meta name=\"robots\" content=\"index, follow, max-snippet:-1, max-image-preview:large, max-video-preview:-1\" \/>\n<link rel=\"canonical\" href=\"https:\/\/sales-ai-agents.com\/de\/templates\/competitor\/\" \/>\n<meta property=\"og:locale\" content=\"de_DE\" \/>\n<meta property=\"og:type\" content=\"article\" \/>\n<meta property=\"og:title\" content=\"Mitbewerber-Vorlage - Sales AI Agents\" \/>\n<meta property=\"og:description\" content=\"Erstellen Sie ein Profil Ihres Mitbewerbers und listen Sie dessen Hauptmerkmale, Aufgaben und F\u00e4higkeiten auf. Organisieren Sie Informationen \u00fcber Ihre Konkurrenz mit der Nimbus-Vorlage\" \/>\n<meta property=\"og:url\" content=\"https:\/\/sales-ai-agents.com\/de\/templates\/competitor\/\" \/>\n<meta property=\"og:site_name\" content=\"Sales AI Agents\" \/>\n<meta property=\"article:modified_time\" content=\"2023-12-26T15:53:38+00:00\" \/>\n<meta property=\"og:image\" content=\"https:\/\/sales-ai-agents.com\/wp-content\/uploads\/2022\/09\/Competitor-Template-SWOT-Next-Steps.png\" \/>\n\t<meta property=\"og:image:width\" content=\"1700\" \/>\n\t<meta property=\"og:image:height\" content=\"1100\" \/>\n\t<meta property=\"og:image:type\" content=\"image\/png\" \/>\n<meta name=\"twitter:card\" content=\"summary_large_image\" \/>\n<script type=\"application\/ld+json\" class=\"yoast-schema-graph\">{\"@context\":\"https:\/\/schema.org\",\"@graph\":[{\"@type\":\"WebPage\",\"@id\":\"https:\/\/sales-ai-agents.com\/de\/templates\/competitor\/\",\"url\":\"https:\/\/sales-ai-agents.com\/de\/templates\/competitor\/\",\"name\":\"Mitbewerber-Vorlage - Sales AI Agents\",\"isPartOf\":{\"@id\":\"https:\/\/sales-ai-agents.com\/#website\"},\"primaryImageOfPage\":{\"@id\":\"https:\/\/sales-ai-agents.com\/de\/templates\/competitor\/#primaryimage\"},\"image\":{\"@id\":\"https:\/\/sales-ai-agents.com\/de\/templates\/competitor\/#primaryimage\"},\"thumbnailUrl\":\"https:\/\/sales-ai-agents.com\/wp-content\/uploads\/2022\/09\/Competitor-Template-SWOT-Next-Steps.png\",\"datePublished\":\"2022-09-26T11:53:15+00:00\",\"dateModified\":\"2023-12-26T15:53:38+00:00\",\"description\":\"Erstellen Sie ein Profil Ihres Mitbewerbers und listen Sie dessen Hauptmerkmale, Aufgaben und F\u00e4higkeiten auf. Organisieren Sie Informationen \u00fcber Ihre Konkurrenz mit der Nimbus-Vorlage\",\"inLanguage\":\"de-DE\",\"potentialAction\":[{\"@type\":\"ReadAction\",\"target\":[\"https:\/\/sales-ai-agents.com\/de\/templates\/competitor\/\"]}]},{\"@type\":\"ImageObject\",\"inLanguage\":\"de-DE\",\"@id\":\"https:\/\/sales-ai-agents.com\/de\/templates\/competitor\/#primaryimage\",\"url\":\"https:\/\/sales-ai-agents.com\/wp-content\/uploads\/2022\/09\/Competitor-Template-SWOT-Next-Steps.png\",\"contentUrl\":\"https:\/\/sales-ai-agents.com\/wp-content\/uploads\/2022\/09\/Competitor-Template-SWOT-Next-Steps.png\",\"width\":1700,\"height\":1100,\"caption\":\"To organize information about your competition, use this template.\"},{\"@type\":\"WebSite\",\"@id\":\"https:\/\/sales-ai-agents.com\/#website\",\"url\":\"https:\/\/sales-ai-agents.com\/\",\"name\":\"FuseBase\",\"description\":\"Nimbus Platform - Free Online Collaboration Software for Remote Teams. Build your wikis, client portals and more with the Nimbus Platform collaboration tool ? A perfect space for online work\",\"publisher\":{\"@id\":\"https:\/\/sales-ai-agents.com\/#organization\"},\"potentialAction\":[{\"@type\":\"SearchAction\",\"target\":{\"@type\":\"EntryPoint\",\"urlTemplate\":\"https:\/\/sales-ai-agents.com\/?s={search_term_string}\"},\"query-input\":{\"@type\":\"PropertyValueSpecification\",\"valueRequired\":true,\"valueName\":\"search_term_string\"}}],\"inLanguage\":\"de-DE\"},{\"@type\":\"Organization\",\"@id\":\"https:\/\/sales-ai-agents.com\/#organization\",\"name\":\"FuseBase\",\"url\":\"https:\/\/sales-ai-agents.com\/\",\"logo\":{\"@type\":\"ImageObject\",\"inLanguage\":\"de-DE\",\"@id\":\"https:\/\/sales-ai-agents.com\/#\/schema\/logo\/image\/\",\"url\":\"https:\/\/sales-ai-agents.com\/wp-content\/uploads\/2023\/11\/icon-7.svg\",\"contentUrl\":\"https:\/\/sales-ai-agents.com\/wp-content\/uploads\/2023\/11\/icon-7.svg\",\"width\":128,\"height\":128,\"caption\":\"FuseBase\"},\"image\":{\"@id\":\"https:\/\/sales-ai-agents.com\/#\/schema\/logo\/image\/\"}}]}<\/script>\n<!-- \/ Yoast SEO plugin. -->","yoast_head_json":{"title":"Mitbewerber-Vorlage - Sales AI Agents","description":"Erstellen Sie ein Profil Ihres Mitbewerbers und listen Sie dessen Hauptmerkmale, Aufgaben und F\u00e4higkeiten auf. Organisieren Sie Informationen \u00fcber Ihre Konkurrenz mit der Nimbus-Vorlage","robots":{"index":"index","follow":"follow","max-snippet":"max-snippet:-1","max-image-preview":"max-image-preview:large","max-video-preview":"max-video-preview:-1"},"canonical":"https:\/\/sales-ai-agents.com\/de\/templates\/competitor\/","og_locale":"de_DE","og_type":"article","og_title":"Mitbewerber-Vorlage - Sales AI Agents","og_description":"Erstellen Sie ein Profil Ihres Mitbewerbers und listen Sie dessen Hauptmerkmale, Aufgaben und F\u00e4higkeiten auf. Organisieren Sie Informationen \u00fcber Ihre Konkurrenz mit der Nimbus-Vorlage","og_url":"https:\/\/sales-ai-agents.com\/de\/templates\/competitor\/","og_site_name":"Sales AI Agents","article_modified_time":"2023-12-26T15:53:38+00:00","og_image":[{"width":1700,"height":1100,"url":"https:\/\/sales-ai-agents.com\/wp-content\/uploads\/2022\/09\/Competitor-Template-SWOT-Next-Steps.png","type":"image\/png"}],"twitter_card":"summary_large_image","schema":{"@context":"https:\/\/schema.org","@graph":[{"@type":"WebPage","@id":"https:\/\/sales-ai-agents.com\/de\/templates\/competitor\/","url":"https:\/\/sales-ai-agents.com\/de\/templates\/competitor\/","name":"Mitbewerber-Vorlage - Sales AI Agents","isPartOf":{"@id":"https:\/\/sales-ai-agents.com\/#website"},"primaryImageOfPage":{"@id":"https:\/\/sales-ai-agents.com\/de\/templates\/competitor\/#primaryimage"},"image":{"@id":"https:\/\/sales-ai-agents.com\/de\/templates\/competitor\/#primaryimage"},"thumbnailUrl":"https:\/\/sales-ai-agents.com\/wp-content\/uploads\/2022\/09\/Competitor-Template-SWOT-Next-Steps.png","datePublished":"2022-09-26T11:53:15+00:00","dateModified":"2023-12-26T15:53:38+00:00","description":"Erstellen Sie ein Profil Ihres Mitbewerbers und listen Sie dessen Hauptmerkmale, Aufgaben und F\u00e4higkeiten auf. Organisieren Sie Informationen \u00fcber Ihre Konkurrenz mit der Nimbus-Vorlage","inLanguage":"de-DE","potentialAction":[{"@type":"ReadAction","target":["https:\/\/sales-ai-agents.com\/de\/templates\/competitor\/"]}]},{"@type":"ImageObject","inLanguage":"de-DE","@id":"https:\/\/sales-ai-agents.com\/de\/templates\/competitor\/#primaryimage","url":"https:\/\/sales-ai-agents.com\/wp-content\/uploads\/2022\/09\/Competitor-Template-SWOT-Next-Steps.png","contentUrl":"https:\/\/sales-ai-agents.com\/wp-content\/uploads\/2022\/09\/Competitor-Template-SWOT-Next-Steps.png","width":1700,"height":1100,"caption":"To organize information about your competition, use this template."},{"@type":"WebSite","@id":"https:\/\/sales-ai-agents.com\/#website","url":"https:\/\/sales-ai-agents.com\/","name":"FuseBase","description":"Nimbus Platform - Free Online Collaboration Software for Remote Teams. Build your wikis, client portals and more with the Nimbus Platform collaboration tool ? A perfect space for online work","publisher":{"@id":"https:\/\/sales-ai-agents.com\/#organization"},"potentialAction":[{"@type":"SearchAction","target":{"@type":"EntryPoint","urlTemplate":"https:\/\/sales-ai-agents.com\/?s={search_term_string}"},"query-input":{"@type":"PropertyValueSpecification","valueRequired":true,"valueName":"search_term_string"}}],"inLanguage":"de-DE"},{"@type":"Organization","@id":"https:\/\/sales-ai-agents.com\/#organization","name":"FuseBase","url":"https:\/\/sales-ai-agents.com\/","logo":{"@type":"ImageObject","inLanguage":"de-DE","@id":"https:\/\/sales-ai-agents.com\/#\/schema\/logo\/image\/","url":"https:\/\/sales-ai-agents.com\/wp-content\/uploads\/2023\/11\/icon-7.svg","contentUrl":"https:\/\/sales-ai-agents.com\/wp-content\/uploads\/2023\/11\/icon-7.svg","width":128,"height":128,"caption":"FuseBase"},"image":{"@id":"https:\/\/sales-ai-agents.com\/#\/schema\/logo\/image\/"}}]}},"_links":{"self":[{"href":"https:\/\/sales-ai-agents.com\/de\/wp-json\/wp\/v2\/product\/58328","targetHints":{"allow":["GET"]}}],"collection":[{"href":"https:\/\/sales-ai-agents.com\/de\/wp-json\/wp\/v2\/product"}],"about":[{"href":"https:\/\/sales-ai-agents.com\/de\/wp-json\/wp\/v2\/types\/product"}],"wp:featuredmedia":[{"embeddable":true,"href":"https:\/\/sales-ai-agents.com\/de\/wp-json\/wp\/v2\/media\/24907"}],"wp:attachment":[{"href":"https:\/\/sales-ai-agents.com\/de\/wp-json\/wp\/v2\/media?parent=58328"}],"wp:term":[{"taxonomy":"product_brand","embeddable":true,"href":"https:\/\/sales-ai-agents.com\/de\/wp-json\/wp\/v2\/product_brand?post=58328"},{"taxonomy":"product_cat","embeddable":true,"href":"https:\/\/sales-ai-agents.com\/de\/wp-json\/wp\/v2\/product_cat?post=58328"},{"taxonomy":"product_tag","embeddable":true,"href":"https:\/\/sales-ai-agents.com\/de\/wp-json\/wp\/v2\/product_tag?post=58328"}],"curies":[{"name":"wp","href":"https:\/\/api.w.org\/{rel}","templated":true}]}}