{"id":58338,"date":"2022-09-26T11:52:03","date_gmt":"2022-09-26T11:52:03","guid":{"rendered":"https:\/\/sales-ai-agents.com\/templates\/onboarding-feedback\/"},"modified":"2023-12-26T15:58:00","modified_gmt":"2023-12-26T15:58:00","slug":"onboarding-feedback","status":"publish","type":"product","link":"https:\/\/sales-ai-agents.com\/de\/templates\/onboarding-feedback\/","title":{"rendered":"Onboarding-Feedback"},"content":{"rendered":"<p>&nbsp;<\/p>\n<h2>Onboarding-Feedback-Vorlage<\/h2>\n<p class=\"desc-text\">Onboarding hilft neuen Mitarbeitern, sich Wissen anzueignen und F\u00e4higkeiten zu entwickeln, um ihre Arbeit gut auszuf\u00fchren. Es hilft ihnen auch, sich mit ihrer neuen B\u00fcroumgebung vertraut zu machen und sie in ihr Team zu integrieren. Feedback ist f\u00fcr einen effektiven Einf\u00fchrungsprozess unerl\u00e4sslich. Diese vollst\u00e4ndig anpassbare Vorlage erm\u00f6glicht es Ihnen, Bewertungen von neuen Mitarbeitern zu sammeln. Stellen Sie fest, welche Aspekte des Onboarding effektiv sind und welche nicht. Nutzen Sie das Feedback, um Ihre Prozesse zu verbessern.<\/p>\n<h5>Wie zu verwenden:<\/h5>\n<ul class=\"desc-item_list\">\n<li class=\"desc-item_list__point\">Passen Sie die Vorlage an, indem Sie Fragen oder Aussagen hinzuf\u00fcgen<\/li>\n<li class=\"desc-item_list__point\">Teilen Sie die Vorlage mit einem neuen Mitarbeiter<\/li>\n<li class=\"desc-item_list__point\">Lassen Sie sie die einzelnen Aussagen mit Hilfe des Sternebewertungssystems bewerten<\/li>\n<li class=\"desc-item_list__point\">Beantworten Sie die Fragen in den vorgegebenen Feldern<\/li>\n<\/ul>\n","protected":false},"excerpt":{"rendered":"<p>Diese anpassbare Vorlage erm\u00f6glicht es Ihnen, Bewertungen von neuen Mitarbeitern zu sammeln. Stellen Sie fest, welche Aspekte des Onboarding effektiv sind und welche nicht.<\/p>\n","protected":false},"featured_media":20998,"template":"","meta":{"_acf_changed":false,"inline_featured_image":false},"product_brand":[],"product_cat":[178],"product_tag":[],"class_list":{"0":"post-58338","1":"product","2":"type-product","3":"status-publish","4":"has-post-thumbnail","6":"product_cat-operations-hr","8":"first","9":"instock","10":"virtual","11":"sold-individually","12":"product-type-simple"},"acf":[],"yoast_head":"<!-- This site is optimized with the Yoast SEO plugin v25.3.1 - https:\/\/yoast.com\/wordpress\/plugins\/seo\/ -->\n<title>Onboarding Feedback Vorlage - Sales AI Agents<\/title>\n<meta name=\"description\" content=\"Diese anpassbare Vorlage erm\u00f6glicht es Ihnen, Bewertungen von neuen Mitarbeitern zu sammeln. Stellen Sie fest, welche Aspekte des Onboarding effektiv sind und welche nicht.\" \/>\n<meta name=\"robots\" content=\"index, follow, max-snippet:-1, max-image-preview:large, max-video-preview:-1\" \/>\n<link rel=\"canonical\" href=\"https:\/\/sales-ai-agents.com\/de\/templates\/onboarding-feedback\/\" \/>\n<meta property=\"og:locale\" content=\"de_DE\" \/>\n<meta property=\"og:type\" content=\"article\" \/>\n<meta property=\"og:title\" content=\"Onboarding Feedback Vorlage - Sales AI Agents\" \/>\n<meta property=\"og:description\" content=\"Diese anpassbare Vorlage erm\u00f6glicht es Ihnen, Bewertungen von neuen Mitarbeitern zu sammeln. Stellen Sie fest, welche Aspekte des Onboarding effektiv sind und welche nicht.\" \/>\n<meta property=\"og:url\" content=\"https:\/\/sales-ai-agents.com\/de\/templates\/onboarding-feedback\/\" \/>\n<meta property=\"og:site_name\" content=\"Sales AI Agents\" \/>\n<meta property=\"article:modified_time\" content=\"2023-12-26T15:58:00+00:00\" \/>\n<meta property=\"og:image\" content=\"https:\/\/sales-ai-agents.com\/wp-content\/uploads\/2023\/01\/image-preview124344.png\" \/>\n\t<meta property=\"og:image:width\" content=\"1078\" \/>\n\t<meta property=\"og:image:height\" content=\"1673\" \/>\n\t<meta property=\"og:image:type\" content=\"image\/png\" \/>\n<meta name=\"twitter:card\" content=\"summary_large_image\" \/>\n<script type=\"application\/ld+json\" class=\"yoast-schema-graph\">{\"@context\":\"https:\/\/schema.org\",\"@graph\":[{\"@type\":\"WebPage\",\"@id\":\"https:\/\/sales-ai-agents.com\/de\/templates\/onboarding-feedback\/\",\"url\":\"https:\/\/sales-ai-agents.com\/de\/templates\/onboarding-feedback\/\",\"name\":\"Onboarding Feedback Vorlage - Sales AI Agents\",\"isPartOf\":{\"@id\":\"https:\/\/sales-ai-agents.com\/#website\"},\"primaryImageOfPage\":{\"@id\":\"https:\/\/sales-ai-agents.com\/de\/templates\/onboarding-feedback\/#primaryimage\"},\"image\":{\"@id\":\"https:\/\/sales-ai-agents.com\/de\/templates\/onboarding-feedback\/#primaryimage\"},\"thumbnailUrl\":\"https:\/\/sales-ai-agents.com\/wp-content\/uploads\/2023\/01\/image-preview124344.png\",\"datePublished\":\"2022-09-26T11:52:03+00:00\",\"dateModified\":\"2023-12-26T15:58:00+00:00\",\"description\":\"Diese anpassbare Vorlage erm\u00f6glicht es Ihnen, Bewertungen von neuen Mitarbeitern zu sammeln. Stellen Sie fest, welche Aspekte des Onboarding effektiv sind und welche nicht.\",\"inLanguage\":\"de-DE\",\"potentialAction\":[{\"@type\":\"ReadAction\",\"target\":[\"https:\/\/sales-ai-agents.com\/de\/templates\/onboarding-feedback\/\"]}]},{\"@type\":\"ImageObject\",\"inLanguage\":\"de-DE\",\"@id\":\"https:\/\/sales-ai-agents.com\/de\/templates\/onboarding-feedback\/#primaryimage\",\"url\":\"https:\/\/sales-ai-agents.com\/wp-content\/uploads\/2023\/01\/image-preview124344.png\",\"contentUrl\":\"https:\/\/sales-ai-agents.com\/wp-content\/uploads\/2023\/01\/image-preview124344.png\",\"width\":1078,\"height\":1673,\"caption\":\"Onboarding Feedback Template - Nimbus Platform\"},{\"@type\":\"WebSite\",\"@id\":\"https:\/\/sales-ai-agents.com\/#website\",\"url\":\"https:\/\/sales-ai-agents.com\/\",\"name\":\"FuseBase\",\"description\":\"Nimbus Platform - Free Online Collaboration Software for Remote Teams. Build your wikis, client portals and more with the Nimbus Platform collaboration tool ? A perfect space for online work\",\"publisher\":{\"@id\":\"https:\/\/sales-ai-agents.com\/#organization\"},\"potentialAction\":[{\"@type\":\"SearchAction\",\"target\":{\"@type\":\"EntryPoint\",\"urlTemplate\":\"https:\/\/sales-ai-agents.com\/?s={search_term_string}\"},\"query-input\":{\"@type\":\"PropertyValueSpecification\",\"valueRequired\":true,\"valueName\":\"search_term_string\"}}],\"inLanguage\":\"de-DE\"},{\"@type\":\"Organization\",\"@id\":\"https:\/\/sales-ai-agents.com\/#organization\",\"name\":\"FuseBase\",\"url\":\"https:\/\/sales-ai-agents.com\/\",\"logo\":{\"@type\":\"ImageObject\",\"inLanguage\":\"de-DE\",\"@id\":\"https:\/\/sales-ai-agents.com\/#\/schema\/logo\/image\/\",\"url\":\"https:\/\/sales-ai-agents.com\/wp-content\/uploads\/2023\/11\/icon-7.svg\",\"contentUrl\":\"https:\/\/sales-ai-agents.com\/wp-content\/uploads\/2023\/11\/icon-7.svg\",\"width\":128,\"height\":128,\"caption\":\"FuseBase\"},\"image\":{\"@id\":\"https:\/\/sales-ai-agents.com\/#\/schema\/logo\/image\/\"}}]}<\/script>\n<!-- \/ Yoast SEO plugin. -->","yoast_head_json":{"title":"Onboarding Feedback Vorlage - Sales AI Agents","description":"Diese anpassbare Vorlage erm\u00f6glicht es Ihnen, Bewertungen von neuen Mitarbeitern zu sammeln. Stellen Sie fest, welche Aspekte des Onboarding effektiv sind und welche nicht.","robots":{"index":"index","follow":"follow","max-snippet":"max-snippet:-1","max-image-preview":"max-image-preview:large","max-video-preview":"max-video-preview:-1"},"canonical":"https:\/\/sales-ai-agents.com\/de\/templates\/onboarding-feedback\/","og_locale":"de_DE","og_type":"article","og_title":"Onboarding Feedback Vorlage - Sales AI Agents","og_description":"Diese anpassbare Vorlage erm\u00f6glicht es Ihnen, Bewertungen von neuen Mitarbeitern zu sammeln. Stellen Sie fest, welche Aspekte des Onboarding effektiv sind und welche nicht.","og_url":"https:\/\/sales-ai-agents.com\/de\/templates\/onboarding-feedback\/","og_site_name":"Sales AI Agents","article_modified_time":"2023-12-26T15:58:00+00:00","og_image":[{"width":1078,"height":1673,"url":"https:\/\/sales-ai-agents.com\/wp-content\/uploads\/2023\/01\/image-preview124344.png","type":"image\/png"}],"twitter_card":"summary_large_image","schema":{"@context":"https:\/\/schema.org","@graph":[{"@type":"WebPage","@id":"https:\/\/sales-ai-agents.com\/de\/templates\/onboarding-feedback\/","url":"https:\/\/sales-ai-agents.com\/de\/templates\/onboarding-feedback\/","name":"Onboarding Feedback Vorlage - Sales AI Agents","isPartOf":{"@id":"https:\/\/sales-ai-agents.com\/#website"},"primaryImageOfPage":{"@id":"https:\/\/sales-ai-agents.com\/de\/templates\/onboarding-feedback\/#primaryimage"},"image":{"@id":"https:\/\/sales-ai-agents.com\/de\/templates\/onboarding-feedback\/#primaryimage"},"thumbnailUrl":"https:\/\/sales-ai-agents.com\/wp-content\/uploads\/2023\/01\/image-preview124344.png","datePublished":"2022-09-26T11:52:03+00:00","dateModified":"2023-12-26T15:58:00+00:00","description":"Diese anpassbare Vorlage erm\u00f6glicht es Ihnen, Bewertungen von neuen Mitarbeitern zu sammeln. Stellen Sie fest, welche Aspekte des Onboarding effektiv sind und welche nicht.","inLanguage":"de-DE","potentialAction":[{"@type":"ReadAction","target":["https:\/\/sales-ai-agents.com\/de\/templates\/onboarding-feedback\/"]}]},{"@type":"ImageObject","inLanguage":"de-DE","@id":"https:\/\/sales-ai-agents.com\/de\/templates\/onboarding-feedback\/#primaryimage","url":"https:\/\/sales-ai-agents.com\/wp-content\/uploads\/2023\/01\/image-preview124344.png","contentUrl":"https:\/\/sales-ai-agents.com\/wp-content\/uploads\/2023\/01\/image-preview124344.png","width":1078,"height":1673,"caption":"Onboarding Feedback Template - Nimbus Platform"},{"@type":"WebSite","@id":"https:\/\/sales-ai-agents.com\/#website","url":"https:\/\/sales-ai-agents.com\/","name":"FuseBase","description":"Nimbus Platform - Free Online Collaboration Software for Remote Teams. Build your wikis, client portals and more with the Nimbus Platform collaboration tool ? A perfect space for online work","publisher":{"@id":"https:\/\/sales-ai-agents.com\/#organization"},"potentialAction":[{"@type":"SearchAction","target":{"@type":"EntryPoint","urlTemplate":"https:\/\/sales-ai-agents.com\/?s={search_term_string}"},"query-input":{"@type":"PropertyValueSpecification","valueRequired":true,"valueName":"search_term_string"}}],"inLanguage":"de-DE"},{"@type":"Organization","@id":"https:\/\/sales-ai-agents.com\/#organization","name":"FuseBase","url":"https:\/\/sales-ai-agents.com\/","logo":{"@type":"ImageObject","inLanguage":"de-DE","@id":"https:\/\/sales-ai-agents.com\/#\/schema\/logo\/image\/","url":"https:\/\/sales-ai-agents.com\/wp-content\/uploads\/2023\/11\/icon-7.svg","contentUrl":"https:\/\/sales-ai-agents.com\/wp-content\/uploads\/2023\/11\/icon-7.svg","width":128,"height":128,"caption":"FuseBase"},"image":{"@id":"https:\/\/sales-ai-agents.com\/#\/schema\/logo\/image\/"}}]}},"_links":{"self":[{"href":"https:\/\/sales-ai-agents.com\/de\/wp-json\/wp\/v2\/product\/58338","targetHints":{"allow":["GET"]}}],"collection":[{"href":"https:\/\/sales-ai-agents.com\/de\/wp-json\/wp\/v2\/product"}],"about":[{"href":"https:\/\/sales-ai-agents.com\/de\/wp-json\/wp\/v2\/types\/product"}],"wp:featuredmedia":[{"embeddable":true,"href":"https:\/\/sales-ai-agents.com\/de\/wp-json\/wp\/v2\/media\/20998"}],"wp:attachment":[{"href":"https:\/\/sales-ai-agents.com\/de\/wp-json\/wp\/v2\/media?parent=58338"}],"wp:term":[{"taxonomy":"product_brand","embeddable":true,"href":"https:\/\/sales-ai-agents.com\/de\/wp-json\/wp\/v2\/product_brand?post=58338"},{"taxonomy":"product_cat","embeddable":true,"href":"https:\/\/sales-ai-agents.com\/de\/wp-json\/wp\/v2\/product_cat?post=58338"},{"taxonomy":"product_tag","embeddable":true,"href":"https:\/\/sales-ai-agents.com\/de\/wp-json\/wp\/v2\/product_tag?post=58338"}],"curies":[{"name":"wp","href":"https:\/\/api.w.org\/{rel}","templated":true}]}}