{"id":58342,"date":"2022-09-26T11:52:00","date_gmt":"2022-09-26T11:52:00","guid":{"rendered":"https:\/\/sales-ai-agents.com\/templates\/blog-posting-management\/"},"modified":"2023-12-26T15:31:19","modified_gmt":"2023-12-26T15:31:19","slug":"blog-posting-management","status":"publish","type":"product","link":"https:\/\/sales-ai-agents.com\/de\/templates\/blog-posting-management\/","title":{"rendered":"Verwaltung von Blogbeitr\u00e4gen"},"content":{"rendered":"<p>&nbsp;<\/p>\n<h2>Blog Posting Management Vorlage<\/h2>\n<p class=\"desc-text\">Halten Sie Ihre Marketingstrategien mit dieser Vorlage f\u00fcr die Verwaltung von Inhalten effizient. Verwenden Sie diese Vorlage, um die Leistung zu verfolgen, neue Ideen zu entwickeln und die richtigen Inhalte f\u00fcr Ihre Marke und Ihr Publikum zu erstellen. Verfolgen Sie alles ganz einfach an einem Ort, damit Sie sich auf die Erstellung hochwertiger Inhalte konzentrieren k\u00f6nnen, um Ihr Publikum zu begeistern. Markieren Sie Teamkollegen, damit alle zusammenarbeiten k\u00f6nnen.<\/p>\n<h5>Wie zu verwenden:<\/h5>\n<ul class=\"desc-item_list\">\n<li class=\"desc-item_list__point\">Liste der laufenden Arbeiten<\/li>\n<li class=\"desc-item_list__point\">Zielpersonas und Schl\u00fcsselw\u00f6rter einbeziehen<\/li>\n<li class=\"desc-item_list__point\">Aktualisieren Sie den Status w\u00e4hrend der Fahrt<\/li>\n<li class=\"desc-item_list__point\">Autoren f\u00fcr jeden Artikel zuweisen<\/li>\n<li class=\"desc-item_list__point\">F\u00e4lligkeitstermine f\u00fcr Entw\u00fcrfe und \u00dcberarbeitungen festlegen<\/li>\n<li class=\"desc-item_list__point\">Kontrollk\u00e4stchen verwenden, um den Abschluss zu verfolgen<\/li>\n<li class=\"desc-item_list__point\">Erstellen Sie neue Ideen in der unteren Tabelle<\/li>\n<li class=\"desc-item_list__point\">Machen Sie ein Brainstorming mit Ihrem Team und kategorisieren Sie jede Idee<\/li>\n<\/ul>\n","protected":false},"excerpt":{"rendered":"<p>Halten Sie Ihre Marketingstrategien mit der Content-Management-Vorlage effizient. Mit dieser Vorlage k\u00f6nnen Sie die Leistung verfolgen, Inhalte f\u00fcr Ihr Publikum erstellen und vieles mehr.<\/p>\n","protected":false},"featured_media":25141,"template":"","meta":{"_acf_changed":false,"inline_featured_image":false},"product_brand":[],"product_cat":[171,175],"product_tag":[],"class_list":{"0":"post-58342","1":"product","2":"type-product","3":"status-publish","4":"has-post-thumbnail","6":"product_cat-marketing","7":"product_cat-marketing-content","9":"first","10":"instock","11":"virtual","12":"sold-individually","13":"product-type-simple"},"acf":[],"yoast_head":"<!-- This site is optimized with the Yoast SEO plugin v25.3.1 - https:\/\/yoast.com\/wordpress\/plugins\/seo\/ -->\n<title>Content Marketing Management Vorlage - Sales AI Agents<\/title>\n<meta name=\"description\" content=\"Halten Sie Ihre Marketingstrategien mit der Content-Management-Vorlage effizient. Verfolgen Sie die Leistung und erstellen Sie Inhalte f\u00fcr Ihr Publikum mit Nimbus!\" \/>\n<meta name=\"robots\" content=\"index, follow, max-snippet:-1, max-image-preview:large, max-video-preview:-1\" \/>\n<link rel=\"canonical\" href=\"https:\/\/sales-ai-agents.com\/de\/templates\/blog-posting-management\/\" \/>\n<meta property=\"og:locale\" content=\"de_DE\" \/>\n<meta property=\"og:type\" content=\"article\" \/>\n<meta property=\"og:title\" content=\"Content Marketing Management Vorlage - Sales AI Agents\" \/>\n<meta property=\"og:description\" content=\"Halten Sie Ihre Marketingstrategien mit der Content-Management-Vorlage effizient. Verfolgen Sie die Leistung und erstellen Sie Inhalte f\u00fcr Ihr Publikum mit Nimbus!\" \/>\n<meta property=\"og:url\" content=\"https:\/\/sales-ai-agents.com\/de\/templates\/blog-posting-management\/\" \/>\n<meta property=\"og:site_name\" content=\"Sales AI Agents\" \/>\n<meta property=\"article:modified_time\" content=\"2023-12-26T15:31:19+00:00\" \/>\n<meta property=\"og:image\" content=\"https:\/\/sales-ai-agents.com\/wp-content\/uploads\/2022\/09\/Blog-Posting-Management-Template.png\" \/>\n\t<meta property=\"og:image:width\" content=\"1700\" \/>\n\t<meta property=\"og:image:height\" content=\"1100\" \/>\n\t<meta property=\"og:image:type\" content=\"image\/png\" \/>\n<meta name=\"twitter:card\" content=\"summary_large_image\" \/>\n<script type=\"application\/ld+json\" class=\"yoast-schema-graph\">{\"@context\":\"https:\/\/schema.org\",\"@graph\":[{\"@type\":\"WebPage\",\"@id\":\"https:\/\/sales-ai-agents.com\/de\/templates\/blog-posting-management\/\",\"url\":\"https:\/\/sales-ai-agents.com\/de\/templates\/blog-posting-management\/\",\"name\":\"Content Marketing Management Vorlage - Sales AI Agents\",\"isPartOf\":{\"@id\":\"https:\/\/sales-ai-agents.com\/#website\"},\"primaryImageOfPage\":{\"@id\":\"https:\/\/sales-ai-agents.com\/de\/templates\/blog-posting-management\/#primaryimage\"},\"image\":{\"@id\":\"https:\/\/sales-ai-agents.com\/de\/templates\/blog-posting-management\/#primaryimage\"},\"thumbnailUrl\":\"https:\/\/sales-ai-agents.com\/wp-content\/uploads\/2022\/09\/Blog-Posting-Management-Template.png\",\"datePublished\":\"2022-09-26T11:52:00+00:00\",\"dateModified\":\"2023-12-26T15:31:19+00:00\",\"description\":\"Halten Sie Ihre Marketingstrategien mit der Content-Management-Vorlage effizient. Verfolgen Sie die Leistung und erstellen Sie Inhalte f\u00fcr Ihr Publikum mit Nimbus!\",\"inLanguage\":\"de-DE\",\"potentialAction\":[{\"@type\":\"ReadAction\",\"target\":[\"https:\/\/sales-ai-agents.com\/de\/templates\/blog-posting-management\/\"]}]},{\"@type\":\"ImageObject\",\"inLanguage\":\"de-DE\",\"@id\":\"https:\/\/sales-ai-agents.com\/de\/templates\/blog-posting-management\/#primaryimage\",\"url\":\"https:\/\/sales-ai-agents.com\/wp-content\/uploads\/2022\/09\/Blog-Posting-Management-Template.png\",\"contentUrl\":\"https:\/\/sales-ai-agents.com\/wp-content\/uploads\/2022\/09\/Blog-Posting-Management-Template.png\",\"width\":1700,\"height\":1100,\"caption\":\"Keep your marketing strategies efficient with the content management template.\"},{\"@type\":\"WebSite\",\"@id\":\"https:\/\/sales-ai-agents.com\/#website\",\"url\":\"https:\/\/sales-ai-agents.com\/\",\"name\":\"FuseBase\",\"description\":\"Nimbus Platform - Free Online Collaboration Software for Remote Teams. Build your wikis, client portals and more with the Nimbus Platform collaboration tool ? A perfect space for online work\",\"publisher\":{\"@id\":\"https:\/\/sales-ai-agents.com\/#organization\"},\"potentialAction\":[{\"@type\":\"SearchAction\",\"target\":{\"@type\":\"EntryPoint\",\"urlTemplate\":\"https:\/\/sales-ai-agents.com\/?s={search_term_string}\"},\"query-input\":{\"@type\":\"PropertyValueSpecification\",\"valueRequired\":true,\"valueName\":\"search_term_string\"}}],\"inLanguage\":\"de-DE\"},{\"@type\":\"Organization\",\"@id\":\"https:\/\/sales-ai-agents.com\/#organization\",\"name\":\"FuseBase\",\"url\":\"https:\/\/sales-ai-agents.com\/\",\"logo\":{\"@type\":\"ImageObject\",\"inLanguage\":\"de-DE\",\"@id\":\"https:\/\/sales-ai-agents.com\/#\/schema\/logo\/image\/\",\"url\":\"https:\/\/sales-ai-agents.com\/wp-content\/uploads\/2023\/11\/icon-7.svg\",\"contentUrl\":\"https:\/\/sales-ai-agents.com\/wp-content\/uploads\/2023\/11\/icon-7.svg\",\"width\":128,\"height\":128,\"caption\":\"FuseBase\"},\"image\":{\"@id\":\"https:\/\/sales-ai-agents.com\/#\/schema\/logo\/image\/\"}}]}<\/script>\n<!-- \/ Yoast SEO plugin. -->","yoast_head_json":{"title":"Content Marketing Management Vorlage - Sales AI Agents","description":"Halten Sie Ihre Marketingstrategien mit der Content-Management-Vorlage effizient. Verfolgen Sie die Leistung und erstellen Sie Inhalte f\u00fcr Ihr Publikum mit Nimbus!","robots":{"index":"index","follow":"follow","max-snippet":"max-snippet:-1","max-image-preview":"max-image-preview:large","max-video-preview":"max-video-preview:-1"},"canonical":"https:\/\/sales-ai-agents.com\/de\/templates\/blog-posting-management\/","og_locale":"de_DE","og_type":"article","og_title":"Content Marketing Management Vorlage - Sales AI Agents","og_description":"Halten Sie Ihre Marketingstrategien mit der Content-Management-Vorlage effizient. Verfolgen Sie die Leistung und erstellen Sie Inhalte f\u00fcr Ihr Publikum mit Nimbus!","og_url":"https:\/\/sales-ai-agents.com\/de\/templates\/blog-posting-management\/","og_site_name":"Sales AI Agents","article_modified_time":"2023-12-26T15:31:19+00:00","og_image":[{"width":1700,"height":1100,"url":"https:\/\/sales-ai-agents.com\/wp-content\/uploads\/2022\/09\/Blog-Posting-Management-Template.png","type":"image\/png"}],"twitter_card":"summary_large_image","schema":{"@context":"https:\/\/schema.org","@graph":[{"@type":"WebPage","@id":"https:\/\/sales-ai-agents.com\/de\/templates\/blog-posting-management\/","url":"https:\/\/sales-ai-agents.com\/de\/templates\/blog-posting-management\/","name":"Content Marketing Management Vorlage - Sales AI Agents","isPartOf":{"@id":"https:\/\/sales-ai-agents.com\/#website"},"primaryImageOfPage":{"@id":"https:\/\/sales-ai-agents.com\/de\/templates\/blog-posting-management\/#primaryimage"},"image":{"@id":"https:\/\/sales-ai-agents.com\/de\/templates\/blog-posting-management\/#primaryimage"},"thumbnailUrl":"https:\/\/sales-ai-agents.com\/wp-content\/uploads\/2022\/09\/Blog-Posting-Management-Template.png","datePublished":"2022-09-26T11:52:00+00:00","dateModified":"2023-12-26T15:31:19+00:00","description":"Halten Sie Ihre Marketingstrategien mit der Content-Management-Vorlage effizient. Verfolgen Sie die Leistung und erstellen Sie Inhalte f\u00fcr Ihr Publikum mit Nimbus!","inLanguage":"de-DE","potentialAction":[{"@type":"ReadAction","target":["https:\/\/sales-ai-agents.com\/de\/templates\/blog-posting-management\/"]}]},{"@type":"ImageObject","inLanguage":"de-DE","@id":"https:\/\/sales-ai-agents.com\/de\/templates\/blog-posting-management\/#primaryimage","url":"https:\/\/sales-ai-agents.com\/wp-content\/uploads\/2022\/09\/Blog-Posting-Management-Template.png","contentUrl":"https:\/\/sales-ai-agents.com\/wp-content\/uploads\/2022\/09\/Blog-Posting-Management-Template.png","width":1700,"height":1100,"caption":"Keep your marketing strategies efficient with the content management template."},{"@type":"WebSite","@id":"https:\/\/sales-ai-agents.com\/#website","url":"https:\/\/sales-ai-agents.com\/","name":"FuseBase","description":"Nimbus Platform - Free Online Collaboration Software for Remote Teams. Build your wikis, client portals and more with the Nimbus Platform collaboration tool ? A perfect space for online work","publisher":{"@id":"https:\/\/sales-ai-agents.com\/#organization"},"potentialAction":[{"@type":"SearchAction","target":{"@type":"EntryPoint","urlTemplate":"https:\/\/sales-ai-agents.com\/?s={search_term_string}"},"query-input":{"@type":"PropertyValueSpecification","valueRequired":true,"valueName":"search_term_string"}}],"inLanguage":"de-DE"},{"@type":"Organization","@id":"https:\/\/sales-ai-agents.com\/#organization","name":"FuseBase","url":"https:\/\/sales-ai-agents.com\/","logo":{"@type":"ImageObject","inLanguage":"de-DE","@id":"https:\/\/sales-ai-agents.com\/#\/schema\/logo\/image\/","url":"https:\/\/sales-ai-agents.com\/wp-content\/uploads\/2023\/11\/icon-7.svg","contentUrl":"https:\/\/sales-ai-agents.com\/wp-content\/uploads\/2023\/11\/icon-7.svg","width":128,"height":128,"caption":"FuseBase"},"image":{"@id":"https:\/\/sales-ai-agents.com\/#\/schema\/logo\/image\/"}}]}},"_links":{"self":[{"href":"https:\/\/sales-ai-agents.com\/de\/wp-json\/wp\/v2\/product\/58342","targetHints":{"allow":["GET"]}}],"collection":[{"href":"https:\/\/sales-ai-agents.com\/de\/wp-json\/wp\/v2\/product"}],"about":[{"href":"https:\/\/sales-ai-agents.com\/de\/wp-json\/wp\/v2\/types\/product"}],"wp:featuredmedia":[{"embeddable":true,"href":"https:\/\/sales-ai-agents.com\/de\/wp-json\/wp\/v2\/media\/25141"}],"wp:attachment":[{"href":"https:\/\/sales-ai-agents.com\/de\/wp-json\/wp\/v2\/media?parent=58342"}],"wp:term":[{"taxonomy":"product_brand","embeddable":true,"href":"https:\/\/sales-ai-agents.com\/de\/wp-json\/wp\/v2\/product_brand?post=58342"},{"taxonomy":"product_cat","embeddable":true,"href":"https:\/\/sales-ai-agents.com\/de\/wp-json\/wp\/v2\/product_cat?post=58342"},{"taxonomy":"product_tag","embeddable":true,"href":"https:\/\/sales-ai-agents.com\/de\/wp-json\/wp\/v2\/product_tag?post=58342"}],"curies":[{"name":"wp","href":"https:\/\/api.w.org\/{rel}","templated":true}]}}