{"id":58349,"date":"2022-09-26T11:51:53","date_gmt":"2022-09-26T11:51:53","guid":{"rendered":"https:\/\/sales-ai-agents.com\/templates\/exercise-log\/"},"modified":"2023-12-27T15:39:31","modified_gmt":"2023-12-27T15:39:31","slug":"exercise-log","status":"publish","type":"product","link":"https:\/\/sales-ai-agents.com\/de\/templates\/exercise-log\/","title":{"rendered":"\u00dcbungsprotokoll"},"content":{"rendered":"<p>&nbsp;<\/p>\n<h2>\u00dcbungsprotokoll-Vorlage<\/h2>\n<p class=\"desc-text\">Mit unserem Trainingsprotokoll k\u00f6nnen Sie ganz einfach Ihre Trainingseinheiten verfolgen und Ihre Fitnessaktivit\u00e4ten \u00fcberwachen. Wenn Sie die Zahlen im Fitnessstudio im Auge behalten, k\u00f6nnen Sie sich Ziele f\u00fcr die Steigerung der Trainingsintensit\u00e4t oder pers\u00f6nliche Ziele f\u00fcr Laufzeiten setzen. Achten Sie auf Ihre Sitzungsdaten, damit Sie Ihre Gesundheits- und Fitnessziele leichter erreichen k\u00f6nnen.<\/p>\n<h5>Wie zu verwenden:<\/h5>\n<ul class=\"desc-item_list\">\n<li class=\"desc-item_list__point\">F\u00fcgen Sie ein Datum f\u00fcr Ihren Trainingsplan ein<\/li>\n<li class=\"desc-item_list__point\">Liste der Gewichts- und Kraft\u00fcbungen<\/li>\n<li class=\"desc-item_list__point\">Notieren Sie das Gewicht, die Anzahl der S\u00e4tze und Wiederholungen<\/li>\n<li class=\"desc-item_list__point\">Cardio-\u00dcbungen hinzuf\u00fcgen<\/li>\n<li class=\"desc-item_list__point\">Notieren Sie die Zeit, die Entfernung und die Intensit\u00e4tsstufe<\/li>\n<\/ul>\n","protected":false},"excerpt":{"rendered":"<p>Mit diesem Trainingstagebuch k\u00f6nnen Sie Ihre Trainingseinheiten verfolgen und Ihre Fitnessaktivit\u00e4ten \u00fcberwachen. Steigern Sie die Intensit\u00e4t Ihrer Trainingseinheiten oder setzen Sie sich neue Ziele f\u00fcr Ihre Laufzeiten.<\/p>\n","protected":false},"featured_media":20988,"template":"","meta":{"_acf_changed":false,"inline_featured_image":false},"product_brand":[],"product_cat":[180,183],"product_tag":[],"class_list":{"0":"post-58349","1":"product","2":"type-product","3":"status-publish","4":"has-post-thumbnail","6":"product_cat-personal","7":"product_cat-personal-health","9":"first","10":"instock","11":"virtual","12":"sold-individually","13":"product-type-simple"},"acf":[],"yoast_head":"<!-- This site is optimized with the Yoast SEO plugin v25.3.1 - https:\/\/yoast.com\/wordpress\/plugins\/seo\/ -->\n<title>\u00dcbungsprotokoll-Vorlage - Sales AI Agents<\/title>\n<meta name=\"description\" content=\"Verwenden Sie dieses Trainingstagebuch, um Ihre Trainingseinheiten zu verfolgen und Ihre Fitnessaktivit\u00e4ten zu \u00fcberwachen. Steigern Sie die Intensit\u00e4t Ihres Trainings mit Nimbus!\" \/>\n<meta name=\"robots\" content=\"index, follow, max-snippet:-1, max-image-preview:large, max-video-preview:-1\" \/>\n<link rel=\"canonical\" href=\"https:\/\/sales-ai-agents.com\/de\/templates\/exercise-log\/\" \/>\n<meta property=\"og:locale\" content=\"de_DE\" \/>\n<meta property=\"og:type\" content=\"article\" \/>\n<meta property=\"og:title\" content=\"\u00dcbungsprotokoll-Vorlage - Sales AI Agents\" \/>\n<meta property=\"og:description\" content=\"Verwenden Sie dieses Trainingstagebuch, um Ihre Trainingseinheiten zu verfolgen und Ihre Fitnessaktivit\u00e4ten zu \u00fcberwachen. Steigern Sie die Intensit\u00e4t Ihres Trainings mit Nimbus!\" \/>\n<meta property=\"og:url\" content=\"https:\/\/sales-ai-agents.com\/de\/templates\/exercise-log\/\" \/>\n<meta property=\"og:site_name\" content=\"Sales AI Agents\" \/>\n<meta property=\"article:modified_time\" content=\"2023-12-27T15:39:31+00:00\" \/>\n<meta property=\"og:image\" content=\"https:\/\/sales-ai-agents.com\/wp-content\/uploads\/2023\/01\/image-preview124322.png\" \/>\n\t<meta property=\"og:image:width\" content=\"1078\" \/>\n\t<meta property=\"og:image:height\" content=\"760\" \/>\n\t<meta property=\"og:image:type\" content=\"image\/png\" \/>\n<meta name=\"twitter:card\" content=\"summary_large_image\" \/>\n<script type=\"application\/ld+json\" class=\"yoast-schema-graph\">{\"@context\":\"https:\/\/schema.org\",\"@graph\":[{\"@type\":\"WebPage\",\"@id\":\"https:\/\/sales-ai-agents.com\/de\/templates\/exercise-log\/\",\"url\":\"https:\/\/sales-ai-agents.com\/de\/templates\/exercise-log\/\",\"name\":\"\u00dcbungsprotokoll-Vorlage - Sales AI Agents\",\"isPartOf\":{\"@id\":\"https:\/\/sales-ai-agents.com\/#website\"},\"primaryImageOfPage\":{\"@id\":\"https:\/\/sales-ai-agents.com\/de\/templates\/exercise-log\/#primaryimage\"},\"image\":{\"@id\":\"https:\/\/sales-ai-agents.com\/de\/templates\/exercise-log\/#primaryimage\"},\"thumbnailUrl\":\"https:\/\/sales-ai-agents.com\/wp-content\/uploads\/2023\/01\/image-preview124322.png\",\"datePublished\":\"2022-09-26T11:51:53+00:00\",\"dateModified\":\"2023-12-27T15:39:31+00:00\",\"description\":\"Verwenden Sie dieses Trainingstagebuch, um Ihre Trainingseinheiten zu verfolgen und Ihre Fitnessaktivit\u00e4ten zu \u00fcberwachen. Steigern Sie die Intensit\u00e4t Ihres Trainings mit Nimbus!\",\"inLanguage\":\"de-DE\",\"potentialAction\":[{\"@type\":\"ReadAction\",\"target\":[\"https:\/\/sales-ai-agents.com\/de\/templates\/exercise-log\/\"]}]},{\"@type\":\"ImageObject\",\"inLanguage\":\"de-DE\",\"@id\":\"https:\/\/sales-ai-agents.com\/de\/templates\/exercise-log\/#primaryimage\",\"url\":\"https:\/\/sales-ai-agents.com\/wp-content\/uploads\/2023\/01\/image-preview124322.png\",\"contentUrl\":\"https:\/\/sales-ai-agents.com\/wp-content\/uploads\/2023\/01\/image-preview124322.png\",\"width\":1078,\"height\":760,\"caption\":\"Exercise Log Template - Nimbus Platform\"},{\"@type\":\"WebSite\",\"@id\":\"https:\/\/sales-ai-agents.com\/#website\",\"url\":\"https:\/\/sales-ai-agents.com\/\",\"name\":\"FuseBase\",\"description\":\"Nimbus Platform - Free Online Collaboration Software for Remote Teams. Build your wikis, client portals and more with the Nimbus Platform collaboration tool ? A perfect space for online work\",\"publisher\":{\"@id\":\"https:\/\/sales-ai-agents.com\/#organization\"},\"potentialAction\":[{\"@type\":\"SearchAction\",\"target\":{\"@type\":\"EntryPoint\",\"urlTemplate\":\"https:\/\/sales-ai-agents.com\/?s={search_term_string}\"},\"query-input\":{\"@type\":\"PropertyValueSpecification\",\"valueRequired\":true,\"valueName\":\"search_term_string\"}}],\"inLanguage\":\"de-DE\"},{\"@type\":\"Organization\",\"@id\":\"https:\/\/sales-ai-agents.com\/#organization\",\"name\":\"FuseBase\",\"url\":\"https:\/\/sales-ai-agents.com\/\",\"logo\":{\"@type\":\"ImageObject\",\"inLanguage\":\"de-DE\",\"@id\":\"https:\/\/sales-ai-agents.com\/#\/schema\/logo\/image\/\",\"url\":\"https:\/\/sales-ai-agents.com\/wp-content\/uploads\/2023\/11\/icon-7.svg\",\"contentUrl\":\"https:\/\/sales-ai-agents.com\/wp-content\/uploads\/2023\/11\/icon-7.svg\",\"width\":128,\"height\":128,\"caption\":\"FuseBase\"},\"image\":{\"@id\":\"https:\/\/sales-ai-agents.com\/#\/schema\/logo\/image\/\"}}]}<\/script>\n<!-- \/ Yoast SEO plugin. -->","yoast_head_json":{"title":"\u00dcbungsprotokoll-Vorlage - Sales AI Agents","description":"Verwenden Sie dieses Trainingstagebuch, um Ihre Trainingseinheiten zu verfolgen und Ihre Fitnessaktivit\u00e4ten zu \u00fcberwachen. Steigern Sie die Intensit\u00e4t Ihres Trainings mit Nimbus!","robots":{"index":"index","follow":"follow","max-snippet":"max-snippet:-1","max-image-preview":"max-image-preview:large","max-video-preview":"max-video-preview:-1"},"canonical":"https:\/\/sales-ai-agents.com\/de\/templates\/exercise-log\/","og_locale":"de_DE","og_type":"article","og_title":"\u00dcbungsprotokoll-Vorlage - Sales AI Agents","og_description":"Verwenden Sie dieses Trainingstagebuch, um Ihre Trainingseinheiten zu verfolgen und Ihre Fitnessaktivit\u00e4ten zu \u00fcberwachen. Steigern Sie die Intensit\u00e4t Ihres Trainings mit Nimbus!","og_url":"https:\/\/sales-ai-agents.com\/de\/templates\/exercise-log\/","og_site_name":"Sales AI Agents","article_modified_time":"2023-12-27T15:39:31+00:00","og_image":[{"width":1078,"height":760,"url":"https:\/\/sales-ai-agents.com\/wp-content\/uploads\/2023\/01\/image-preview124322.png","type":"image\/png"}],"twitter_card":"summary_large_image","schema":{"@context":"https:\/\/schema.org","@graph":[{"@type":"WebPage","@id":"https:\/\/sales-ai-agents.com\/de\/templates\/exercise-log\/","url":"https:\/\/sales-ai-agents.com\/de\/templates\/exercise-log\/","name":"\u00dcbungsprotokoll-Vorlage - Sales AI Agents","isPartOf":{"@id":"https:\/\/sales-ai-agents.com\/#website"},"primaryImageOfPage":{"@id":"https:\/\/sales-ai-agents.com\/de\/templates\/exercise-log\/#primaryimage"},"image":{"@id":"https:\/\/sales-ai-agents.com\/de\/templates\/exercise-log\/#primaryimage"},"thumbnailUrl":"https:\/\/sales-ai-agents.com\/wp-content\/uploads\/2023\/01\/image-preview124322.png","datePublished":"2022-09-26T11:51:53+00:00","dateModified":"2023-12-27T15:39:31+00:00","description":"Verwenden Sie dieses Trainingstagebuch, um Ihre Trainingseinheiten zu verfolgen und Ihre Fitnessaktivit\u00e4ten zu \u00fcberwachen. Steigern Sie die Intensit\u00e4t Ihres Trainings mit Nimbus!","inLanguage":"de-DE","potentialAction":[{"@type":"ReadAction","target":["https:\/\/sales-ai-agents.com\/de\/templates\/exercise-log\/"]}]},{"@type":"ImageObject","inLanguage":"de-DE","@id":"https:\/\/sales-ai-agents.com\/de\/templates\/exercise-log\/#primaryimage","url":"https:\/\/sales-ai-agents.com\/wp-content\/uploads\/2023\/01\/image-preview124322.png","contentUrl":"https:\/\/sales-ai-agents.com\/wp-content\/uploads\/2023\/01\/image-preview124322.png","width":1078,"height":760,"caption":"Exercise Log Template - Nimbus Platform"},{"@type":"WebSite","@id":"https:\/\/sales-ai-agents.com\/#website","url":"https:\/\/sales-ai-agents.com\/","name":"FuseBase","description":"Nimbus Platform - Free Online Collaboration Software for Remote Teams. Build your wikis, client portals and more with the Nimbus Platform collaboration tool ? A perfect space for online work","publisher":{"@id":"https:\/\/sales-ai-agents.com\/#organization"},"potentialAction":[{"@type":"SearchAction","target":{"@type":"EntryPoint","urlTemplate":"https:\/\/sales-ai-agents.com\/?s={search_term_string}"},"query-input":{"@type":"PropertyValueSpecification","valueRequired":true,"valueName":"search_term_string"}}],"inLanguage":"de-DE"},{"@type":"Organization","@id":"https:\/\/sales-ai-agents.com\/#organization","name":"FuseBase","url":"https:\/\/sales-ai-agents.com\/","logo":{"@type":"ImageObject","inLanguage":"de-DE","@id":"https:\/\/sales-ai-agents.com\/#\/schema\/logo\/image\/","url":"https:\/\/sales-ai-agents.com\/wp-content\/uploads\/2023\/11\/icon-7.svg","contentUrl":"https:\/\/sales-ai-agents.com\/wp-content\/uploads\/2023\/11\/icon-7.svg","width":128,"height":128,"caption":"FuseBase"},"image":{"@id":"https:\/\/sales-ai-agents.com\/#\/schema\/logo\/image\/"}}]}},"_links":{"self":[{"href":"https:\/\/sales-ai-agents.com\/de\/wp-json\/wp\/v2\/product\/58349","targetHints":{"allow":["GET"]}}],"collection":[{"href":"https:\/\/sales-ai-agents.com\/de\/wp-json\/wp\/v2\/product"}],"about":[{"href":"https:\/\/sales-ai-agents.com\/de\/wp-json\/wp\/v2\/types\/product"}],"wp:featuredmedia":[{"embeddable":true,"href":"https:\/\/sales-ai-agents.com\/de\/wp-json\/wp\/v2\/media\/20988"}],"wp:attachment":[{"href":"https:\/\/sales-ai-agents.com\/de\/wp-json\/wp\/v2\/media?parent=58349"}],"wp:term":[{"taxonomy":"product_brand","embeddable":true,"href":"https:\/\/sales-ai-agents.com\/de\/wp-json\/wp\/v2\/product_brand?post=58349"},{"taxonomy":"product_cat","embeddable":true,"href":"https:\/\/sales-ai-agents.com\/de\/wp-json\/wp\/v2\/product_cat?post=58349"},{"taxonomy":"product_tag","embeddable":true,"href":"https:\/\/sales-ai-agents.com\/de\/wp-json\/wp\/v2\/product_tag?post=58349"}],"curies":[{"name":"wp","href":"https:\/\/api.w.org\/{rel}","templated":true}]}}