{"id":58375,"date":"2022-09-26T11:51:47","date_gmt":"2022-09-26T11:51:47","guid":{"rendered":"https:\/\/sales-ai-agents.com\/templates\/my-plans-for-today\/"},"modified":"2023-12-26T21:15:30","modified_gmt":"2023-12-26T21:15:30","slug":"my-plans-for-today","status":"publish","type":"product","link":"https:\/\/sales-ai-agents.com\/de\/templates\/my-plans-for-today\/","title":{"rendered":"Meine Pl\u00e4ne f\u00fcr heute"},"content":{"rendered":"<p>&nbsp;<\/p>\n<h2>Meine Pl\u00e4ne f\u00fcr heute Vorlage<\/h2>\n<p class=\"desc-text\">Mit der Vorlage Meine Pl\u00e4ne f\u00fcr heute erhalten Sie einen leistungsstarken t\u00e4glichen Aktionsplaner f\u00fcr Produktivit\u00e4t, Gl\u00fcck und Zeitmanagement. Es wird Ihnen helfen, Stress und \u00c4ngste abzubauen, Ihre Ziele zu erreichen und Ihr Leben ins Gleichgewicht zu bringen.<\/p>\n<h5>Wie zu verwenden:<\/h5>\n<ul class=\"desc-item_list\">\n<li class=\"desc-item_list__point\">F\u00fcgen Sie das Datum des Tages und die Morgenroutine mit Dankbarkeit und Affirmationen hinzu<\/li>\n<li class=\"desc-item_list__point\">Planen Sie Ihren Tag mit einem Tagesplan<\/li>\n<li class=\"desc-item_list__point\">Bei Bedarf Mind Dump oder Notizen hinzuf\u00fcgen<\/li>\n<li class=\"desc-item_list__point\">Erstellung von Checklisten f\u00fcr vorrangige, wichtige und nicht dringende Ma\u00dfnahmen<\/li>\n<li class=\"desc-item_list__point\">Verwenden Sie eine t\u00e4gliche Checkliste, um Ihre Pl\u00e4ne zu verfolgen<\/li>\n<li class=\"desc-item_list__point\">Schaffen Sie eine Abendroutine mit Dankbarkeit und Reflexion<\/li>\n<\/ul>\n","protected":false},"excerpt":{"rendered":"<p>Mit dieser kostenlosen, anpassbaren Vorlage f\u00fcr den Tagesplaner erhalten Sie einen leistungsf\u00e4higen Tagesplaner f\u00fcr Produktivit\u00e4t, Gl\u00fcck, Zeitmanagement und mehr.<\/p>\n","protected":false},"featured_media":20984,"template":"","meta":{"_acf_changed":false,"inline_featured_image":false},"product_brand":[],"product_cat":[179,180],"product_tag":[],"class_list":{"0":"post-58375","1":"product","2":"type-product","3":"status-publish","4":"has-post-thumbnail","6":"product_cat-organizers-planners","7":"product_cat-personal","9":"first","10":"instock","11":"virtual","12":"sold-individually","13":"product-type-simple"},"acf":[],"yoast_head":"<!-- This site is optimized with the Yoast SEO plugin v25.3.1 - https:\/\/yoast.com\/wordpress\/plugins\/seo\/ -->\n<title>Meine Pl\u00e4ne f\u00fcr heute Vorlage - Sales AI Agents<\/title>\n<meta name=\"description\" content=\"Mit dieser kostenlosen, anpassbaren Vorlage f\u00fcr den Tagesplaner erhalten Sie einen leistungsf\u00e4higen Tagesplaner f\u00fcr Produktivit\u00e4t, Gl\u00fcck, Zeitmanagement und mehr.\" \/>\n<meta name=\"robots\" content=\"index, follow, max-snippet:-1, max-image-preview:large, max-video-preview:-1\" \/>\n<link rel=\"canonical\" href=\"https:\/\/sales-ai-agents.com\/de\/templates\/my-plans-for-today\/\" \/>\n<meta property=\"og:locale\" content=\"de_DE\" \/>\n<meta property=\"og:type\" content=\"article\" \/>\n<meta property=\"og:title\" content=\"Meine Pl\u00e4ne f\u00fcr heute Vorlage - Sales AI Agents\" \/>\n<meta property=\"og:description\" content=\"Mit dieser kostenlosen, anpassbaren Vorlage f\u00fcr den Tagesplaner erhalten Sie einen leistungsf\u00e4higen Tagesplaner f\u00fcr Produktivit\u00e4t, Gl\u00fcck, Zeitmanagement und mehr.\" \/>\n<meta property=\"og:url\" content=\"https:\/\/sales-ai-agents.com\/de\/templates\/my-plans-for-today\/\" \/>\n<meta property=\"og:site_name\" content=\"Sales AI Agents\" \/>\n<meta property=\"article:modified_time\" content=\"2023-12-26T21:15:30+00:00\" \/>\n<meta property=\"og:image\" content=\"https:\/\/sales-ai-agents.com\/wp-content\/uploads\/2023\/01\/image-preview124316.png\" \/>\n\t<meta property=\"og:image:width\" content=\"1078\" \/>\n\t<meta property=\"og:image:height\" content=\"2911\" \/>\n\t<meta property=\"og:image:type\" content=\"image\/png\" \/>\n<meta name=\"twitter:card\" content=\"summary_large_image\" \/>\n<script type=\"application\/ld+json\" class=\"yoast-schema-graph\">{\"@context\":\"https:\/\/schema.org\",\"@graph\":[{\"@type\":\"WebPage\",\"@id\":\"https:\/\/sales-ai-agents.com\/de\/templates\/my-plans-for-today\/\",\"url\":\"https:\/\/sales-ai-agents.com\/de\/templates\/my-plans-for-today\/\",\"name\":\"Meine Pl\u00e4ne f\u00fcr heute Vorlage - Sales AI Agents\",\"isPartOf\":{\"@id\":\"https:\/\/sales-ai-agents.com\/#website\"},\"primaryImageOfPage\":{\"@id\":\"https:\/\/sales-ai-agents.com\/de\/templates\/my-plans-for-today\/#primaryimage\"},\"image\":{\"@id\":\"https:\/\/sales-ai-agents.com\/de\/templates\/my-plans-for-today\/#primaryimage\"},\"thumbnailUrl\":\"https:\/\/sales-ai-agents.com\/wp-content\/uploads\/2023\/01\/image-preview124316.png\",\"datePublished\":\"2022-09-26T11:51:47+00:00\",\"dateModified\":\"2023-12-26T21:15:30+00:00\",\"description\":\"Mit dieser kostenlosen, anpassbaren Vorlage f\u00fcr den Tagesplaner erhalten Sie einen leistungsf\u00e4higen Tagesplaner f\u00fcr Produktivit\u00e4t, Gl\u00fcck, Zeitmanagement und mehr.\",\"inLanguage\":\"de-DE\",\"potentialAction\":[{\"@type\":\"ReadAction\",\"target\":[\"https:\/\/sales-ai-agents.com\/de\/templates\/my-plans-for-today\/\"]}]},{\"@type\":\"ImageObject\",\"inLanguage\":\"de-DE\",\"@id\":\"https:\/\/sales-ai-agents.com\/de\/templates\/my-plans-for-today\/#primaryimage\",\"url\":\"https:\/\/sales-ai-agents.com\/wp-content\/uploads\/2023\/01\/image-preview124316.png\",\"contentUrl\":\"https:\/\/sales-ai-agents.com\/wp-content\/uploads\/2023\/01\/image-preview124316.png\",\"width\":1078,\"height\":2911,\"caption\":\"My Plans for Today Template - Nimbus Platform\"},{\"@type\":\"WebSite\",\"@id\":\"https:\/\/sales-ai-agents.com\/#website\",\"url\":\"https:\/\/sales-ai-agents.com\/\",\"name\":\"FuseBase\",\"description\":\"Nimbus Platform - Free Online Collaboration Software for Remote Teams. Build your wikis, client portals and more with the Nimbus Platform collaboration tool ? A perfect space for online work\",\"publisher\":{\"@id\":\"https:\/\/sales-ai-agents.com\/#organization\"},\"potentialAction\":[{\"@type\":\"SearchAction\",\"target\":{\"@type\":\"EntryPoint\",\"urlTemplate\":\"https:\/\/sales-ai-agents.com\/?s={search_term_string}\"},\"query-input\":{\"@type\":\"PropertyValueSpecification\",\"valueRequired\":true,\"valueName\":\"search_term_string\"}}],\"inLanguage\":\"de-DE\"},{\"@type\":\"Organization\",\"@id\":\"https:\/\/sales-ai-agents.com\/#organization\",\"name\":\"FuseBase\",\"url\":\"https:\/\/sales-ai-agents.com\/\",\"logo\":{\"@type\":\"ImageObject\",\"inLanguage\":\"de-DE\",\"@id\":\"https:\/\/sales-ai-agents.com\/#\/schema\/logo\/image\/\",\"url\":\"https:\/\/sales-ai-agents.com\/wp-content\/uploads\/2023\/11\/icon-7.svg\",\"contentUrl\":\"https:\/\/sales-ai-agents.com\/wp-content\/uploads\/2023\/11\/icon-7.svg\",\"width\":128,\"height\":128,\"caption\":\"FuseBase\"},\"image\":{\"@id\":\"https:\/\/sales-ai-agents.com\/#\/schema\/logo\/image\/\"}}]}<\/script>\n<!-- \/ Yoast SEO plugin. -->","yoast_head_json":{"title":"Meine Pl\u00e4ne f\u00fcr heute Vorlage - Sales AI Agents","description":"Mit dieser kostenlosen, anpassbaren Vorlage f\u00fcr den Tagesplaner erhalten Sie einen leistungsf\u00e4higen Tagesplaner f\u00fcr Produktivit\u00e4t, Gl\u00fcck, Zeitmanagement und mehr.","robots":{"index":"index","follow":"follow","max-snippet":"max-snippet:-1","max-image-preview":"max-image-preview:large","max-video-preview":"max-video-preview:-1"},"canonical":"https:\/\/sales-ai-agents.com\/de\/templates\/my-plans-for-today\/","og_locale":"de_DE","og_type":"article","og_title":"Meine Pl\u00e4ne f\u00fcr heute Vorlage - Sales AI Agents","og_description":"Mit dieser kostenlosen, anpassbaren Vorlage f\u00fcr den Tagesplaner erhalten Sie einen leistungsf\u00e4higen Tagesplaner f\u00fcr Produktivit\u00e4t, Gl\u00fcck, Zeitmanagement und mehr.","og_url":"https:\/\/sales-ai-agents.com\/de\/templates\/my-plans-for-today\/","og_site_name":"Sales AI Agents","article_modified_time":"2023-12-26T21:15:30+00:00","og_image":[{"width":1078,"height":2911,"url":"https:\/\/sales-ai-agents.com\/wp-content\/uploads\/2023\/01\/image-preview124316.png","type":"image\/png"}],"twitter_card":"summary_large_image","schema":{"@context":"https:\/\/schema.org","@graph":[{"@type":"WebPage","@id":"https:\/\/sales-ai-agents.com\/de\/templates\/my-plans-for-today\/","url":"https:\/\/sales-ai-agents.com\/de\/templates\/my-plans-for-today\/","name":"Meine Pl\u00e4ne f\u00fcr heute Vorlage - Sales AI Agents","isPartOf":{"@id":"https:\/\/sales-ai-agents.com\/#website"},"primaryImageOfPage":{"@id":"https:\/\/sales-ai-agents.com\/de\/templates\/my-plans-for-today\/#primaryimage"},"image":{"@id":"https:\/\/sales-ai-agents.com\/de\/templates\/my-plans-for-today\/#primaryimage"},"thumbnailUrl":"https:\/\/sales-ai-agents.com\/wp-content\/uploads\/2023\/01\/image-preview124316.png","datePublished":"2022-09-26T11:51:47+00:00","dateModified":"2023-12-26T21:15:30+00:00","description":"Mit dieser kostenlosen, anpassbaren Vorlage f\u00fcr den Tagesplaner erhalten Sie einen leistungsf\u00e4higen Tagesplaner f\u00fcr Produktivit\u00e4t, Gl\u00fcck, Zeitmanagement und mehr.","inLanguage":"de-DE","potentialAction":[{"@type":"ReadAction","target":["https:\/\/sales-ai-agents.com\/de\/templates\/my-plans-for-today\/"]}]},{"@type":"ImageObject","inLanguage":"de-DE","@id":"https:\/\/sales-ai-agents.com\/de\/templates\/my-plans-for-today\/#primaryimage","url":"https:\/\/sales-ai-agents.com\/wp-content\/uploads\/2023\/01\/image-preview124316.png","contentUrl":"https:\/\/sales-ai-agents.com\/wp-content\/uploads\/2023\/01\/image-preview124316.png","width":1078,"height":2911,"caption":"My Plans for Today Template - Nimbus Platform"},{"@type":"WebSite","@id":"https:\/\/sales-ai-agents.com\/#website","url":"https:\/\/sales-ai-agents.com\/","name":"FuseBase","description":"Nimbus Platform - Free Online Collaboration Software for Remote Teams. Build your wikis, client portals and more with the Nimbus Platform collaboration tool ? A perfect space for online work","publisher":{"@id":"https:\/\/sales-ai-agents.com\/#organization"},"potentialAction":[{"@type":"SearchAction","target":{"@type":"EntryPoint","urlTemplate":"https:\/\/sales-ai-agents.com\/?s={search_term_string}"},"query-input":{"@type":"PropertyValueSpecification","valueRequired":true,"valueName":"search_term_string"}}],"inLanguage":"de-DE"},{"@type":"Organization","@id":"https:\/\/sales-ai-agents.com\/#organization","name":"FuseBase","url":"https:\/\/sales-ai-agents.com\/","logo":{"@type":"ImageObject","inLanguage":"de-DE","@id":"https:\/\/sales-ai-agents.com\/#\/schema\/logo\/image\/","url":"https:\/\/sales-ai-agents.com\/wp-content\/uploads\/2023\/11\/icon-7.svg","contentUrl":"https:\/\/sales-ai-agents.com\/wp-content\/uploads\/2023\/11\/icon-7.svg","width":128,"height":128,"caption":"FuseBase"},"image":{"@id":"https:\/\/sales-ai-agents.com\/#\/schema\/logo\/image\/"}}]}},"_links":{"self":[{"href":"https:\/\/sales-ai-agents.com\/de\/wp-json\/wp\/v2\/product\/58375","targetHints":{"allow":["GET"]}}],"collection":[{"href":"https:\/\/sales-ai-agents.com\/de\/wp-json\/wp\/v2\/product"}],"about":[{"href":"https:\/\/sales-ai-agents.com\/de\/wp-json\/wp\/v2\/types\/product"}],"wp:featuredmedia":[{"embeddable":true,"href":"https:\/\/sales-ai-agents.com\/de\/wp-json\/wp\/v2\/media\/20984"}],"wp:attachment":[{"href":"https:\/\/sales-ai-agents.com\/de\/wp-json\/wp\/v2\/media?parent=58375"}],"wp:term":[{"taxonomy":"product_brand","embeddable":true,"href":"https:\/\/sales-ai-agents.com\/de\/wp-json\/wp\/v2\/product_brand?post=58375"},{"taxonomy":"product_cat","embeddable":true,"href":"https:\/\/sales-ai-agents.com\/de\/wp-json\/wp\/v2\/product_cat?post=58375"},{"taxonomy":"product_tag","embeddable":true,"href":"https:\/\/sales-ai-agents.com\/de\/wp-json\/wp\/v2\/product_tag?post=58375"}],"curies":[{"name":"wp","href":"https:\/\/api.w.org\/{rel}","templated":true}]}}