{"id":58378,"date":"2022-09-26T11:51:43","date_gmt":"2022-09-26T11:51:43","guid":{"rendered":"https:\/\/sales-ai-agents.com\/templates\/beauty-tracker\/"},"modified":"2023-12-27T15:50:13","modified_gmt":"2023-12-27T15:50:13","slug":"beauty-tracker","status":"publish","type":"product","link":"https:\/\/sales-ai-agents.com\/de\/templates\/beauty-tracker\/","title":{"rendered":"Beauty Tracker"},"content":{"rendered":"<p>&nbsp;<\/p>\n<h2>Beauty Tracker Vorlage<\/h2>\n<p class=\"desc-text\">Nachdem man sich mit Sch\u00f6nheitsprodukten eingedeckt hat, kann es eine gro\u00dfe Aufgabe sein, den \u00dcberblick \u00fcber jedes einzelne Produkt zu behalten. Jedes Produkt hat seine eigenen Inhaltsstoffe, Kosten und Qualit\u00e4tsstufen. Um Ihnen die Verwaltung zu erleichtern, haben wir diese Vorlage f\u00fcr einen Beauty-Tracker erstellt. Es enth\u00e4lt eine \u00fcbersichtliche und voll funktionsf\u00e4hige Tabelle, in die Sie die Informationen zu den einzelnen Produkten eintragen k\u00f6nnen. F\u00fcgen Sie zu jedem Kauf eine Liste der Inhaltsstoffe und Ihre ganz pers\u00f6nliche Bewertung hinzu. Nutzen Sie diese Vorlage, um zu entscheiden, welche Produkte Sie wieder kaufen &#8211; und welche Sie wegwerfen wollen.<\/p>\n<h5>Verwenden Sie diese Vorlage zum:<\/h5>\n<ul class=\"desc-item_list\">\n<li class=\"desc-item_list__point\">Verwenden Sie jede Tabelle, um \u00fcber ein Produkt zu schreiben<\/li>\n<li class=\"desc-item_list__point\">F\u00fcgen Sie den Namen, die Marke, den Preis und die Menge hinzu.<\/li>\n<li class=\"desc-item_list__point\">Vergessen Sie nicht, das Kauf- und Verfallsdatum anzugeben.<\/li>\n<li class=\"desc-item_list__point\">Schreiben Sie eine Bewertung f\u00fcr jedes Produkt<\/li>\n<li class=\"desc-item_list__point\">K\u00e4stchen ankreuzen, um anzugeben, ob Sie wieder kaufen werden oder nicht<\/li>\n<\/ul>\n","protected":false},"excerpt":{"rendered":"<p>Jedes Produkt hat seine eigenen Inhaltsstoffe, Kosten und Qualit\u00e4tsstufen. Diese kostenlose, anpassbare Vorlage f\u00fcr einen Beauty-Tracker hilft Ihnen, alles zu verwalten.<\/p>\n","protected":false},"featured_media":20908,"template":"","meta":{"_acf_changed":false,"inline_featured_image":false},"product_brand":[],"product_cat":[180,182],"product_tag":[],"class_list":{"0":"post-58378","1":"product","2":"type-product","3":"status-publish","4":"has-post-thumbnail","6":"product_cat-personal","7":"product_cat-personal-fun","9":"first","10":"instock","11":"virtual","12":"sold-individually","13":"product-type-simple"},"acf":[],"yoast_head":"<!-- This site is optimized with the Yoast SEO plugin v25.3.1 - https:\/\/yoast.com\/wordpress\/plugins\/seo\/ -->\n<title>Beauty Tracker Vorlage - Sales AI Agents<\/title>\n<meta name=\"description\" content=\"Jedes Produkt hat seine eigenen Inhaltsstoffe, Kosten und Qualit\u00e4tsstufen. Diese kostenlose, anpassbare Vorlage f\u00fcr einen Beauty-Tracker hilft Ihnen, alles zu verwalten.\" \/>\n<meta name=\"robots\" content=\"index, follow, max-snippet:-1, max-image-preview:large, max-video-preview:-1\" \/>\n<link rel=\"canonical\" href=\"https:\/\/sales-ai-agents.com\/de\/templates\/beauty-tracker\/\" \/>\n<meta property=\"og:locale\" content=\"de_DE\" \/>\n<meta property=\"og:type\" content=\"article\" \/>\n<meta property=\"og:title\" content=\"Beauty Tracker Vorlage - Sales AI Agents\" \/>\n<meta property=\"og:description\" content=\"Jedes Produkt hat seine eigenen Inhaltsstoffe, Kosten und Qualit\u00e4tsstufen. Diese kostenlose, anpassbare Vorlage f\u00fcr einen Beauty-Tracker hilft Ihnen, alles zu verwalten.\" \/>\n<meta property=\"og:url\" content=\"https:\/\/sales-ai-agents.com\/de\/templates\/beauty-tracker\/\" \/>\n<meta property=\"og:site_name\" content=\"Sales AI Agents\" \/>\n<meta property=\"article:modified_time\" content=\"2023-12-27T15:50:13+00:00\" \/>\n<meta property=\"og:image\" content=\"https:\/\/sales-ai-agents.com\/wp-content\/uploads\/2023\/01\/image-preview123856.png\" \/>\n\t<meta property=\"og:image:width\" content=\"1078\" \/>\n\t<meta property=\"og:image:height\" content=\"1237\" \/>\n\t<meta property=\"og:image:type\" content=\"image\/png\" \/>\n<meta name=\"twitter:card\" content=\"summary_large_image\" \/>\n<script type=\"application\/ld+json\" class=\"yoast-schema-graph\">{\"@context\":\"https:\/\/schema.org\",\"@graph\":[{\"@type\":\"WebPage\",\"@id\":\"https:\/\/sales-ai-agents.com\/de\/templates\/beauty-tracker\/\",\"url\":\"https:\/\/sales-ai-agents.com\/de\/templates\/beauty-tracker\/\",\"name\":\"Beauty Tracker Vorlage - Sales AI Agents\",\"isPartOf\":{\"@id\":\"https:\/\/sales-ai-agents.com\/#website\"},\"primaryImageOfPage\":{\"@id\":\"https:\/\/sales-ai-agents.com\/de\/templates\/beauty-tracker\/#primaryimage\"},\"image\":{\"@id\":\"https:\/\/sales-ai-agents.com\/de\/templates\/beauty-tracker\/#primaryimage\"},\"thumbnailUrl\":\"https:\/\/sales-ai-agents.com\/wp-content\/uploads\/2023\/01\/image-preview123856.png\",\"datePublished\":\"2022-09-26T11:51:43+00:00\",\"dateModified\":\"2023-12-27T15:50:13+00:00\",\"description\":\"Jedes Produkt hat seine eigenen Inhaltsstoffe, Kosten und Qualit\u00e4tsstufen. Diese kostenlose, anpassbare Vorlage f\u00fcr einen Beauty-Tracker hilft Ihnen, alles zu verwalten.\",\"inLanguage\":\"de-DE\",\"potentialAction\":[{\"@type\":\"ReadAction\",\"target\":[\"https:\/\/sales-ai-agents.com\/de\/templates\/beauty-tracker\/\"]}]},{\"@type\":\"ImageObject\",\"inLanguage\":\"de-DE\",\"@id\":\"https:\/\/sales-ai-agents.com\/de\/templates\/beauty-tracker\/#primaryimage\",\"url\":\"https:\/\/sales-ai-agents.com\/wp-content\/uploads\/2023\/01\/image-preview123856.png\",\"contentUrl\":\"https:\/\/sales-ai-agents.com\/wp-content\/uploads\/2023\/01\/image-preview123856.png\",\"width\":1078,\"height\":1237,\"caption\":\"Beauty Tracker Template - Nimbus Platform\"},{\"@type\":\"WebSite\",\"@id\":\"https:\/\/sales-ai-agents.com\/#website\",\"url\":\"https:\/\/sales-ai-agents.com\/\",\"name\":\"FuseBase\",\"description\":\"Nimbus Platform - Free Online Collaboration Software for Remote Teams. Build your wikis, client portals and more with the Nimbus Platform collaboration tool ? A perfect space for online work\",\"publisher\":{\"@id\":\"https:\/\/sales-ai-agents.com\/#organization\"},\"potentialAction\":[{\"@type\":\"SearchAction\",\"target\":{\"@type\":\"EntryPoint\",\"urlTemplate\":\"https:\/\/sales-ai-agents.com\/?s={search_term_string}\"},\"query-input\":{\"@type\":\"PropertyValueSpecification\",\"valueRequired\":true,\"valueName\":\"search_term_string\"}}],\"inLanguage\":\"de-DE\"},{\"@type\":\"Organization\",\"@id\":\"https:\/\/sales-ai-agents.com\/#organization\",\"name\":\"FuseBase\",\"url\":\"https:\/\/sales-ai-agents.com\/\",\"logo\":{\"@type\":\"ImageObject\",\"inLanguage\":\"de-DE\",\"@id\":\"https:\/\/sales-ai-agents.com\/#\/schema\/logo\/image\/\",\"url\":\"https:\/\/sales-ai-agents.com\/wp-content\/uploads\/2023\/11\/icon-7.svg\",\"contentUrl\":\"https:\/\/sales-ai-agents.com\/wp-content\/uploads\/2023\/11\/icon-7.svg\",\"width\":128,\"height\":128,\"caption\":\"FuseBase\"},\"image\":{\"@id\":\"https:\/\/sales-ai-agents.com\/#\/schema\/logo\/image\/\"}}]}<\/script>\n<!-- \/ Yoast SEO plugin. -->","yoast_head_json":{"title":"Beauty Tracker Vorlage - Sales AI Agents","description":"Jedes Produkt hat seine eigenen Inhaltsstoffe, Kosten und Qualit\u00e4tsstufen. Diese kostenlose, anpassbare Vorlage f\u00fcr einen Beauty-Tracker hilft Ihnen, alles zu verwalten.","robots":{"index":"index","follow":"follow","max-snippet":"max-snippet:-1","max-image-preview":"max-image-preview:large","max-video-preview":"max-video-preview:-1"},"canonical":"https:\/\/sales-ai-agents.com\/de\/templates\/beauty-tracker\/","og_locale":"de_DE","og_type":"article","og_title":"Beauty Tracker Vorlage - Sales AI Agents","og_description":"Jedes Produkt hat seine eigenen Inhaltsstoffe, Kosten und Qualit\u00e4tsstufen. Diese kostenlose, anpassbare Vorlage f\u00fcr einen Beauty-Tracker hilft Ihnen, alles zu verwalten.","og_url":"https:\/\/sales-ai-agents.com\/de\/templates\/beauty-tracker\/","og_site_name":"Sales AI Agents","article_modified_time":"2023-12-27T15:50:13+00:00","og_image":[{"width":1078,"height":1237,"url":"https:\/\/sales-ai-agents.com\/wp-content\/uploads\/2023\/01\/image-preview123856.png","type":"image\/png"}],"twitter_card":"summary_large_image","schema":{"@context":"https:\/\/schema.org","@graph":[{"@type":"WebPage","@id":"https:\/\/sales-ai-agents.com\/de\/templates\/beauty-tracker\/","url":"https:\/\/sales-ai-agents.com\/de\/templates\/beauty-tracker\/","name":"Beauty Tracker Vorlage - Sales AI Agents","isPartOf":{"@id":"https:\/\/sales-ai-agents.com\/#website"},"primaryImageOfPage":{"@id":"https:\/\/sales-ai-agents.com\/de\/templates\/beauty-tracker\/#primaryimage"},"image":{"@id":"https:\/\/sales-ai-agents.com\/de\/templates\/beauty-tracker\/#primaryimage"},"thumbnailUrl":"https:\/\/sales-ai-agents.com\/wp-content\/uploads\/2023\/01\/image-preview123856.png","datePublished":"2022-09-26T11:51:43+00:00","dateModified":"2023-12-27T15:50:13+00:00","description":"Jedes Produkt hat seine eigenen Inhaltsstoffe, Kosten und Qualit\u00e4tsstufen. Diese kostenlose, anpassbare Vorlage f\u00fcr einen Beauty-Tracker hilft Ihnen, alles zu verwalten.","inLanguage":"de-DE","potentialAction":[{"@type":"ReadAction","target":["https:\/\/sales-ai-agents.com\/de\/templates\/beauty-tracker\/"]}]},{"@type":"ImageObject","inLanguage":"de-DE","@id":"https:\/\/sales-ai-agents.com\/de\/templates\/beauty-tracker\/#primaryimage","url":"https:\/\/sales-ai-agents.com\/wp-content\/uploads\/2023\/01\/image-preview123856.png","contentUrl":"https:\/\/sales-ai-agents.com\/wp-content\/uploads\/2023\/01\/image-preview123856.png","width":1078,"height":1237,"caption":"Beauty Tracker Template - Nimbus Platform"},{"@type":"WebSite","@id":"https:\/\/sales-ai-agents.com\/#website","url":"https:\/\/sales-ai-agents.com\/","name":"FuseBase","description":"Nimbus Platform - Free Online Collaboration Software for Remote Teams. Build your wikis, client portals and more with the Nimbus Platform collaboration tool ? A perfect space for online work","publisher":{"@id":"https:\/\/sales-ai-agents.com\/#organization"},"potentialAction":[{"@type":"SearchAction","target":{"@type":"EntryPoint","urlTemplate":"https:\/\/sales-ai-agents.com\/?s={search_term_string}"},"query-input":{"@type":"PropertyValueSpecification","valueRequired":true,"valueName":"search_term_string"}}],"inLanguage":"de-DE"},{"@type":"Organization","@id":"https:\/\/sales-ai-agents.com\/#organization","name":"FuseBase","url":"https:\/\/sales-ai-agents.com\/","logo":{"@type":"ImageObject","inLanguage":"de-DE","@id":"https:\/\/sales-ai-agents.com\/#\/schema\/logo\/image\/","url":"https:\/\/sales-ai-agents.com\/wp-content\/uploads\/2023\/11\/icon-7.svg","contentUrl":"https:\/\/sales-ai-agents.com\/wp-content\/uploads\/2023\/11\/icon-7.svg","width":128,"height":128,"caption":"FuseBase"},"image":{"@id":"https:\/\/sales-ai-agents.com\/#\/schema\/logo\/image\/"}}]}},"_links":{"self":[{"href":"https:\/\/sales-ai-agents.com\/de\/wp-json\/wp\/v2\/product\/58378","targetHints":{"allow":["GET"]}}],"collection":[{"href":"https:\/\/sales-ai-agents.com\/de\/wp-json\/wp\/v2\/product"}],"about":[{"href":"https:\/\/sales-ai-agents.com\/de\/wp-json\/wp\/v2\/types\/product"}],"wp:featuredmedia":[{"embeddable":true,"href":"https:\/\/sales-ai-agents.com\/de\/wp-json\/wp\/v2\/media\/20908"}],"wp:attachment":[{"href":"https:\/\/sales-ai-agents.com\/de\/wp-json\/wp\/v2\/media?parent=58378"}],"wp:term":[{"taxonomy":"product_brand","embeddable":true,"href":"https:\/\/sales-ai-agents.com\/de\/wp-json\/wp\/v2\/product_brand?post=58378"},{"taxonomy":"product_cat","embeddable":true,"href":"https:\/\/sales-ai-agents.com\/de\/wp-json\/wp\/v2\/product_cat?post=58378"},{"taxonomy":"product_tag","embeddable":true,"href":"https:\/\/sales-ai-agents.com\/de\/wp-json\/wp\/v2\/product_tag?post=58378"}],"curies":[{"name":"wp","href":"https:\/\/api.w.org\/{rel}","templated":true}]}}