{"id":58388,"date":"2022-09-26T11:51:29","date_gmt":"2022-09-26T11:51:29","guid":{"rendered":"https:\/\/sales-ai-agents.com\/templates\/new-employee-welcome-letter\/"},"modified":"2023-12-26T15:49:33","modified_gmt":"2023-12-26T15:49:33","slug":"new-employee-welcome-letter","status":"publish","type":"product","link":"https:\/\/sales-ai-agents.com\/de\/templates\/new-employee-welcome-letter\/","title":{"rendered":"Willkommensbrief f\u00fcr neue Mitarbeiter"},"content":{"rendered":"<p>&nbsp;<\/p>\n<h2>Neuer mitarbeiter willkommensbrief Vorlage<\/h2>\n<p class=\"desc-text\">Die Aufnahme eines neuen Mitarbeiters in Ihr Team kann aufregend sein, ist aber auch mit einer Menge Papierkram, Schulungen und Einarbeitung verbunden. Um den Begr\u00fc\u00dfungsprozess zu vereinfachen, finden Sie hier eine Vorlage f\u00fcr ein Begr\u00fc\u00dfungsschreiben f\u00fcr Mitarbeiter. Mit dieser vorgefertigten Vorlage k\u00f6nnen Sie Ihr Unternehmen vorstellen und eine einfach zu verwendende Checkliste f\u00fcr die Einarbeitung erstellen. Sie k\u00f6nnen auch wichtige Dokumente und Begr\u00fc\u00dfungspakete hochladen. Ihr neuer Mitarbeiter kann \u00fcber eine einzige Schnittstelle auf alle wichtigen Informationen zugreifen.<\/p>\n<h5>Wie zu verwenden:<\/h5>\n<ul class=\"desc-item_list\">\n<li class=\"desc-item_list__point\">Die Briefvorlage ausf\u00fcllen<\/li>\n<li class=\"desc-item_list__point\">Erstellen Sie eine Checkliste f\u00fcr eine Ortsbesichtigung<\/li>\n<li class=\"desc-item_list__point\">Informationen wie WiFi- und T\u00fcrcodes hinzuf\u00fcgen<\/li>\n<li class=\"desc-item_list__point\">Hochladen von Dateien (z. B. Willkommenspaket, Schulungsleitfaden usw.)<\/li>\n<\/ul>\n","protected":false},"excerpt":{"rendered":"<p>Die Aufnahme eines neuen Mitarbeiters in Ihr Team erfordert eine Menge Papierkram, Schulungen und Einarbeitung. Um diesen Prozess zu erleichtern, k\u00f6nnen Sie eine Vorlage f\u00fcr ein Begr\u00fc\u00dfungsschreiben verwenden.<\/p>\n","protected":false},"featured_media":20904,"template":"","meta":{"_acf_changed":false,"inline_featured_image":false},"product_brand":[],"product_cat":[178],"product_tag":[],"class_list":{"0":"post-58388","1":"product","2":"type-product","3":"status-publish","4":"has-post-thumbnail","6":"product_cat-operations-hr","8":"first","9":"instock","10":"virtual","11":"sold-individually","12":"product-type-simple"},"acf":[],"yoast_head":"<!-- This site is optimized with the Yoast SEO plugin v25.3.1 - https:\/\/yoast.com\/wordpress\/plugins\/seo\/ -->\n<title>Willkommensbrief f\u00fcr neue Mitarbeiter - Sales AI Agents<\/title>\n<meta name=\"description\" content=\"Die Aufnahme eines neuen Mitarbeiters in Ihr Team erfordert eine Menge Papierkram, Schulungen und Einarbeitung. Um diesen Prozess zu erleichtern, k\u00f6nnen Sie eine Vorlage f\u00fcr ein Begr\u00fc\u00dfungsschreiben verwenden.\" \/>\n<meta name=\"robots\" content=\"index, follow, max-snippet:-1, max-image-preview:large, max-video-preview:-1\" \/>\n<link rel=\"canonical\" href=\"https:\/\/sales-ai-agents.com\/de\/templates\/new-employee-welcome-letter\/\" \/>\n<meta property=\"og:locale\" content=\"de_DE\" \/>\n<meta property=\"og:type\" content=\"article\" \/>\n<meta property=\"og:title\" content=\"Willkommensbrief f\u00fcr neue Mitarbeiter - Sales AI Agents\" \/>\n<meta property=\"og:description\" content=\"Die Aufnahme eines neuen Mitarbeiters in Ihr Team erfordert eine Menge Papierkram, Schulungen und Einarbeitung. Um diesen Prozess zu erleichtern, k\u00f6nnen Sie eine Vorlage f\u00fcr ein Begr\u00fc\u00dfungsschreiben verwenden.\" \/>\n<meta property=\"og:url\" content=\"https:\/\/sales-ai-agents.com\/de\/templates\/new-employee-welcome-letter\/\" \/>\n<meta property=\"og:site_name\" content=\"Sales AI Agents\" \/>\n<meta property=\"article:modified_time\" content=\"2023-12-26T15:49:33+00:00\" \/>\n<meta property=\"og:image\" content=\"https:\/\/sales-ai-agents.com\/wp-content\/uploads\/2023\/01\/image-preview123850.png\" \/>\n\t<meta property=\"og:image:width\" content=\"1078\" \/>\n\t<meta property=\"og:image:height\" content=\"2022\" \/>\n\t<meta property=\"og:image:type\" content=\"image\/png\" \/>\n<meta name=\"twitter:card\" content=\"summary_large_image\" \/>\n<script type=\"application\/ld+json\" class=\"yoast-schema-graph\">{\"@context\":\"https:\/\/schema.org\",\"@graph\":[{\"@type\":\"WebPage\",\"@id\":\"https:\/\/sales-ai-agents.com\/de\/templates\/new-employee-welcome-letter\/\",\"url\":\"https:\/\/sales-ai-agents.com\/de\/templates\/new-employee-welcome-letter\/\",\"name\":\"Willkommensbrief f\u00fcr neue Mitarbeiter - Sales AI Agents\",\"isPartOf\":{\"@id\":\"https:\/\/sales-ai-agents.com\/#website\"},\"primaryImageOfPage\":{\"@id\":\"https:\/\/sales-ai-agents.com\/de\/templates\/new-employee-welcome-letter\/#primaryimage\"},\"image\":{\"@id\":\"https:\/\/sales-ai-agents.com\/de\/templates\/new-employee-welcome-letter\/#primaryimage\"},\"thumbnailUrl\":\"https:\/\/sales-ai-agents.com\/wp-content\/uploads\/2023\/01\/image-preview123850.png\",\"datePublished\":\"2022-09-26T11:51:29+00:00\",\"dateModified\":\"2023-12-26T15:49:33+00:00\",\"description\":\"Die Aufnahme eines neuen Mitarbeiters in Ihr Team erfordert eine Menge Papierkram, Schulungen und Einarbeitung. Um diesen Prozess zu erleichtern, k\u00f6nnen Sie eine Vorlage f\u00fcr ein Begr\u00fc\u00dfungsschreiben verwenden.\",\"inLanguage\":\"de-DE\",\"potentialAction\":[{\"@type\":\"ReadAction\",\"target\":[\"https:\/\/sales-ai-agents.com\/de\/templates\/new-employee-welcome-letter\/\"]}]},{\"@type\":\"ImageObject\",\"inLanguage\":\"de-DE\",\"@id\":\"https:\/\/sales-ai-agents.com\/de\/templates\/new-employee-welcome-letter\/#primaryimage\",\"url\":\"https:\/\/sales-ai-agents.com\/wp-content\/uploads\/2023\/01\/image-preview123850.png\",\"contentUrl\":\"https:\/\/sales-ai-agents.com\/wp-content\/uploads\/2023\/01\/image-preview123850.png\",\"width\":1078,\"height\":2022,\"caption\":\"New Employee Welcome Letter Template - Nimbus Platform\"},{\"@type\":\"WebSite\",\"@id\":\"https:\/\/sales-ai-agents.com\/#website\",\"url\":\"https:\/\/sales-ai-agents.com\/\",\"name\":\"FuseBase\",\"description\":\"Nimbus Platform - Free Online Collaboration Software for Remote Teams. Build your wikis, client portals and more with the Nimbus Platform collaboration tool ? A perfect space for online work\",\"publisher\":{\"@id\":\"https:\/\/sales-ai-agents.com\/#organization\"},\"potentialAction\":[{\"@type\":\"SearchAction\",\"target\":{\"@type\":\"EntryPoint\",\"urlTemplate\":\"https:\/\/sales-ai-agents.com\/?s={search_term_string}\"},\"query-input\":{\"@type\":\"PropertyValueSpecification\",\"valueRequired\":true,\"valueName\":\"search_term_string\"}}],\"inLanguage\":\"de-DE\"},{\"@type\":\"Organization\",\"@id\":\"https:\/\/sales-ai-agents.com\/#organization\",\"name\":\"FuseBase\",\"url\":\"https:\/\/sales-ai-agents.com\/\",\"logo\":{\"@type\":\"ImageObject\",\"inLanguage\":\"de-DE\",\"@id\":\"https:\/\/sales-ai-agents.com\/#\/schema\/logo\/image\/\",\"url\":\"https:\/\/sales-ai-agents.com\/wp-content\/uploads\/2023\/11\/icon-7.svg\",\"contentUrl\":\"https:\/\/sales-ai-agents.com\/wp-content\/uploads\/2023\/11\/icon-7.svg\",\"width\":128,\"height\":128,\"caption\":\"FuseBase\"},\"image\":{\"@id\":\"https:\/\/sales-ai-agents.com\/#\/schema\/logo\/image\/\"}}]}<\/script>\n<!-- \/ Yoast SEO plugin. -->","yoast_head_json":{"title":"Willkommensbrief f\u00fcr neue Mitarbeiter - Sales AI Agents","description":"Die Aufnahme eines neuen Mitarbeiters in Ihr Team erfordert eine Menge Papierkram, Schulungen und Einarbeitung. Um diesen Prozess zu erleichtern, k\u00f6nnen Sie eine Vorlage f\u00fcr ein Begr\u00fc\u00dfungsschreiben verwenden.","robots":{"index":"index","follow":"follow","max-snippet":"max-snippet:-1","max-image-preview":"max-image-preview:large","max-video-preview":"max-video-preview:-1"},"canonical":"https:\/\/sales-ai-agents.com\/de\/templates\/new-employee-welcome-letter\/","og_locale":"de_DE","og_type":"article","og_title":"Willkommensbrief f\u00fcr neue Mitarbeiter - Sales AI Agents","og_description":"Die Aufnahme eines neuen Mitarbeiters in Ihr Team erfordert eine Menge Papierkram, Schulungen und Einarbeitung. Um diesen Prozess zu erleichtern, k\u00f6nnen Sie eine Vorlage f\u00fcr ein Begr\u00fc\u00dfungsschreiben verwenden.","og_url":"https:\/\/sales-ai-agents.com\/de\/templates\/new-employee-welcome-letter\/","og_site_name":"Sales AI Agents","article_modified_time":"2023-12-26T15:49:33+00:00","og_image":[{"width":1078,"height":2022,"url":"https:\/\/sales-ai-agents.com\/wp-content\/uploads\/2023\/01\/image-preview123850.png","type":"image\/png"}],"twitter_card":"summary_large_image","schema":{"@context":"https:\/\/schema.org","@graph":[{"@type":"WebPage","@id":"https:\/\/sales-ai-agents.com\/de\/templates\/new-employee-welcome-letter\/","url":"https:\/\/sales-ai-agents.com\/de\/templates\/new-employee-welcome-letter\/","name":"Willkommensbrief f\u00fcr neue Mitarbeiter - Sales AI Agents","isPartOf":{"@id":"https:\/\/sales-ai-agents.com\/#website"},"primaryImageOfPage":{"@id":"https:\/\/sales-ai-agents.com\/de\/templates\/new-employee-welcome-letter\/#primaryimage"},"image":{"@id":"https:\/\/sales-ai-agents.com\/de\/templates\/new-employee-welcome-letter\/#primaryimage"},"thumbnailUrl":"https:\/\/sales-ai-agents.com\/wp-content\/uploads\/2023\/01\/image-preview123850.png","datePublished":"2022-09-26T11:51:29+00:00","dateModified":"2023-12-26T15:49:33+00:00","description":"Die Aufnahme eines neuen Mitarbeiters in Ihr Team erfordert eine Menge Papierkram, Schulungen und Einarbeitung. Um diesen Prozess zu erleichtern, k\u00f6nnen Sie eine Vorlage f\u00fcr ein Begr\u00fc\u00dfungsschreiben verwenden.","inLanguage":"de-DE","potentialAction":[{"@type":"ReadAction","target":["https:\/\/sales-ai-agents.com\/de\/templates\/new-employee-welcome-letter\/"]}]},{"@type":"ImageObject","inLanguage":"de-DE","@id":"https:\/\/sales-ai-agents.com\/de\/templates\/new-employee-welcome-letter\/#primaryimage","url":"https:\/\/sales-ai-agents.com\/wp-content\/uploads\/2023\/01\/image-preview123850.png","contentUrl":"https:\/\/sales-ai-agents.com\/wp-content\/uploads\/2023\/01\/image-preview123850.png","width":1078,"height":2022,"caption":"New Employee Welcome Letter Template - Nimbus Platform"},{"@type":"WebSite","@id":"https:\/\/sales-ai-agents.com\/#website","url":"https:\/\/sales-ai-agents.com\/","name":"FuseBase","description":"Nimbus Platform - Free Online Collaboration Software for Remote Teams. Build your wikis, client portals and more with the Nimbus Platform collaboration tool ? A perfect space for online work","publisher":{"@id":"https:\/\/sales-ai-agents.com\/#organization"},"potentialAction":[{"@type":"SearchAction","target":{"@type":"EntryPoint","urlTemplate":"https:\/\/sales-ai-agents.com\/?s={search_term_string}"},"query-input":{"@type":"PropertyValueSpecification","valueRequired":true,"valueName":"search_term_string"}}],"inLanguage":"de-DE"},{"@type":"Organization","@id":"https:\/\/sales-ai-agents.com\/#organization","name":"FuseBase","url":"https:\/\/sales-ai-agents.com\/","logo":{"@type":"ImageObject","inLanguage":"de-DE","@id":"https:\/\/sales-ai-agents.com\/#\/schema\/logo\/image\/","url":"https:\/\/sales-ai-agents.com\/wp-content\/uploads\/2023\/11\/icon-7.svg","contentUrl":"https:\/\/sales-ai-agents.com\/wp-content\/uploads\/2023\/11\/icon-7.svg","width":128,"height":128,"caption":"FuseBase"},"image":{"@id":"https:\/\/sales-ai-agents.com\/#\/schema\/logo\/image\/"}}]}},"_links":{"self":[{"href":"https:\/\/sales-ai-agents.com\/de\/wp-json\/wp\/v2\/product\/58388","targetHints":{"allow":["GET"]}}],"collection":[{"href":"https:\/\/sales-ai-agents.com\/de\/wp-json\/wp\/v2\/product"}],"about":[{"href":"https:\/\/sales-ai-agents.com\/de\/wp-json\/wp\/v2\/types\/product"}],"wp:featuredmedia":[{"embeddable":true,"href":"https:\/\/sales-ai-agents.com\/de\/wp-json\/wp\/v2\/media\/20904"}],"wp:attachment":[{"href":"https:\/\/sales-ai-agents.com\/de\/wp-json\/wp\/v2\/media?parent=58388"}],"wp:term":[{"taxonomy":"product_brand","embeddable":true,"href":"https:\/\/sales-ai-agents.com\/de\/wp-json\/wp\/v2\/product_brand?post=58388"},{"taxonomy":"product_cat","embeddable":true,"href":"https:\/\/sales-ai-agents.com\/de\/wp-json\/wp\/v2\/product_cat?post=58388"},{"taxonomy":"product_tag","embeddable":true,"href":"https:\/\/sales-ai-agents.com\/de\/wp-json\/wp\/v2\/product_tag?post=58388"}],"curies":[{"name":"wp","href":"https:\/\/api.w.org\/{rel}","templated":true}]}}