{"id":58405,"date":"2022-09-26T11:50:23","date_gmt":"2022-09-26T11:50:23","guid":{"rendered":"https:\/\/sales-ai-agents.com\/templates\/simple-creative-brief\/"},"modified":"2023-12-27T19:46:44","modified_gmt":"2023-12-27T19:46:44","slug":"simple-creative-brief","status":"publish","type":"product","link":"https:\/\/sales-ai-agents.com\/de\/templates\/simple-creative-brief\/","title":{"rendered":"Einfacher kreativer Brief"},"content":{"rendered":"<p>&nbsp;<\/p>\n<h2>Einfache Briefvorlage f\u00fcr Kreative<\/h2>\n<p class=\"desc-text\">Wenn Sie sich im Vorfeld Notizen machen, k\u00f6nnen Sie ein kreatives Briefing entwerfen, das genau die richtige Botschaft f\u00fcr Ihre Marke vermittelt. Verwenden Sie diese Vorlage als Leitfaden f\u00fcr Ihre Arbeit und als Grundlage f\u00fcr Ihre Ideen. Erarbeiten Sie gemeinsam mit Ihrem Team die wichtigsten Ziele und Gestaltungsideen. Bleiben Sie organisiert, damit Sie ein fertiges Produkt schaffen k\u00f6nnen, das Sie stolz macht.<\/p>\n<h5>Wie zu verwenden:<\/h5>\n<ul class=\"desc-item_list\">\n<li class=\"desc-item_list__point\">Schreiben Sie den Namen Ihres Projekts auf<\/li>\n<li class=\"desc-item_list__point\">Geben Sie die wichtigsten Informationen in der rechten Spalte an.<\/li>\n<li class=\"desc-item_list__point\">Brainstorming \u00fcber Ziele, Zielsetzungen und Schl\u00fcsselbotschaften<\/li>\n<li class=\"desc-item_list__point\">F\u00fcgen Sie bei Bedarf Bilder zur Veranschaulichung Ihrer Ideen bei.<\/li>\n<li class=\"desc-item_list__point\">F\u00fcgen Sie relevante Forschungsergebnisse oder Daten \u00fcber Ihren Markt hinzu.<\/li>\n<li class=\"desc-item_list__point\">Erstellen Sie einen Budget- und Zeitrahmenvorschlag<\/li>\n<\/ul>\n","protected":false},"excerpt":{"rendered":"<p>Entwerfen Sie ein kreatives Briefing, um genau die richtige Botschaft f\u00fcr Ihre Marke zu vermitteln. Nutzen Sie diese Vorlage als Leitfaden f\u00fcr Ihre Arbeit und als Grundlage f\u00fcr Ihre Ideen!<\/p>\n","protected":false},"featured_media":20974,"template":"","meta":{"_acf_changed":false,"inline_featured_image":false},"product_brand":[],"product_cat":[165],"product_tag":[],"class_list":{"0":"post-58405","1":"product","2":"type-product","3":"status-publish","4":"has-post-thumbnail","6":"product_cat-designer","8":"first","9":"instock","10":"virtual","11":"sold-individually","12":"product-type-simple"},"acf":[],"yoast_head":"<!-- This site is optimized with the Yoast SEO plugin v25.3.1 - https:\/\/yoast.com\/wordpress\/plugins\/seo\/ -->\n<title>Einfache Briefvorlage f\u00fcr Kreative - Sales AI Agents<\/title>\n<meta name=\"description\" content=\"Entwerfen Sie ein einfaches kreatives Briefing, um genau die richtige Botschaft f\u00fcr Ihre Marke zu vermitteln. Nutzen Sie diese Vorlage als Leitfaden f\u00fcr Ihre Arbeit!\" \/>\n<meta name=\"robots\" content=\"index, follow, max-snippet:-1, max-image-preview:large, max-video-preview:-1\" \/>\n<link rel=\"canonical\" href=\"https:\/\/sales-ai-agents.com\/de\/templates\/simple-creative-brief\/\" \/>\n<meta property=\"og:locale\" content=\"de_DE\" \/>\n<meta property=\"og:type\" content=\"article\" \/>\n<meta property=\"og:title\" content=\"Einfache Briefvorlage f\u00fcr Kreative - Sales AI Agents\" \/>\n<meta property=\"og:description\" content=\"Entwerfen Sie ein einfaches kreatives Briefing, um genau die richtige Botschaft f\u00fcr Ihre Marke zu vermitteln. Nutzen Sie diese Vorlage als Leitfaden f\u00fcr Ihre Arbeit!\" \/>\n<meta property=\"og:url\" content=\"https:\/\/sales-ai-agents.com\/de\/templates\/simple-creative-brief\/\" \/>\n<meta property=\"og:site_name\" content=\"Sales AI Agents\" \/>\n<meta property=\"article:modified_time\" content=\"2023-12-27T19:46:44+00:00\" \/>\n<meta property=\"og:image\" content=\"https:\/\/sales-ai-agents.com\/wp-content\/uploads\/2023\/01\/image-preview124238.png\" \/>\n\t<meta property=\"og:image:width\" content=\"1078\" \/>\n\t<meta property=\"og:image:height\" content=\"812\" \/>\n\t<meta property=\"og:image:type\" content=\"image\/png\" \/>\n<meta name=\"twitter:card\" content=\"summary_large_image\" \/>\n<script type=\"application\/ld+json\" class=\"yoast-schema-graph\">{\"@context\":\"https:\/\/schema.org\",\"@graph\":[{\"@type\":\"WebPage\",\"@id\":\"https:\/\/sales-ai-agents.com\/de\/templates\/simple-creative-brief\/\",\"url\":\"https:\/\/sales-ai-agents.com\/de\/templates\/simple-creative-brief\/\",\"name\":\"Einfache Briefvorlage f\u00fcr Kreative - Sales AI Agents\",\"isPartOf\":{\"@id\":\"https:\/\/sales-ai-agents.com\/#website\"},\"primaryImageOfPage\":{\"@id\":\"https:\/\/sales-ai-agents.com\/de\/templates\/simple-creative-brief\/#primaryimage\"},\"image\":{\"@id\":\"https:\/\/sales-ai-agents.com\/de\/templates\/simple-creative-brief\/#primaryimage\"},\"thumbnailUrl\":\"https:\/\/sales-ai-agents.com\/wp-content\/uploads\/2023\/01\/image-preview124238.png\",\"datePublished\":\"2022-09-26T11:50:23+00:00\",\"dateModified\":\"2023-12-27T19:46:44+00:00\",\"description\":\"Entwerfen Sie ein einfaches kreatives Briefing, um genau die richtige Botschaft f\u00fcr Ihre Marke zu vermitteln. Nutzen Sie diese Vorlage als Leitfaden f\u00fcr Ihre Arbeit!\",\"inLanguage\":\"de-DE\",\"potentialAction\":[{\"@type\":\"ReadAction\",\"target\":[\"https:\/\/sales-ai-agents.com\/de\/templates\/simple-creative-brief\/\"]}]},{\"@type\":\"ImageObject\",\"inLanguage\":\"de-DE\",\"@id\":\"https:\/\/sales-ai-agents.com\/de\/templates\/simple-creative-brief\/#primaryimage\",\"url\":\"https:\/\/sales-ai-agents.com\/wp-content\/uploads\/2023\/01\/image-preview124238.png\",\"contentUrl\":\"https:\/\/sales-ai-agents.com\/wp-content\/uploads\/2023\/01\/image-preview124238.png\",\"width\":1078,\"height\":812,\"caption\":\"Simple Creative Brief Template - Nimbus Platform\"},{\"@type\":\"WebSite\",\"@id\":\"https:\/\/sales-ai-agents.com\/#website\",\"url\":\"https:\/\/sales-ai-agents.com\/\",\"name\":\"FuseBase\",\"description\":\"Nimbus Platform - Free Online Collaboration Software for Remote Teams. Build your wikis, client portals and more with the Nimbus Platform collaboration tool ? A perfect space for online work\",\"publisher\":{\"@id\":\"https:\/\/sales-ai-agents.com\/#organization\"},\"potentialAction\":[{\"@type\":\"SearchAction\",\"target\":{\"@type\":\"EntryPoint\",\"urlTemplate\":\"https:\/\/sales-ai-agents.com\/?s={search_term_string}\"},\"query-input\":{\"@type\":\"PropertyValueSpecification\",\"valueRequired\":true,\"valueName\":\"search_term_string\"}}],\"inLanguage\":\"de-DE\"},{\"@type\":\"Organization\",\"@id\":\"https:\/\/sales-ai-agents.com\/#organization\",\"name\":\"FuseBase\",\"url\":\"https:\/\/sales-ai-agents.com\/\",\"logo\":{\"@type\":\"ImageObject\",\"inLanguage\":\"de-DE\",\"@id\":\"https:\/\/sales-ai-agents.com\/#\/schema\/logo\/image\/\",\"url\":\"https:\/\/sales-ai-agents.com\/wp-content\/uploads\/2023\/11\/icon-7.svg\",\"contentUrl\":\"https:\/\/sales-ai-agents.com\/wp-content\/uploads\/2023\/11\/icon-7.svg\",\"width\":128,\"height\":128,\"caption\":\"FuseBase\"},\"image\":{\"@id\":\"https:\/\/sales-ai-agents.com\/#\/schema\/logo\/image\/\"}}]}<\/script>\n<!-- \/ Yoast SEO plugin. -->","yoast_head_json":{"title":"Einfache Briefvorlage f\u00fcr Kreative - Sales AI Agents","description":"Entwerfen Sie ein einfaches kreatives Briefing, um genau die richtige Botschaft f\u00fcr Ihre Marke zu vermitteln. Nutzen Sie diese Vorlage als Leitfaden f\u00fcr Ihre Arbeit!","robots":{"index":"index","follow":"follow","max-snippet":"max-snippet:-1","max-image-preview":"max-image-preview:large","max-video-preview":"max-video-preview:-1"},"canonical":"https:\/\/sales-ai-agents.com\/de\/templates\/simple-creative-brief\/","og_locale":"de_DE","og_type":"article","og_title":"Einfache Briefvorlage f\u00fcr Kreative - Sales AI Agents","og_description":"Entwerfen Sie ein einfaches kreatives Briefing, um genau die richtige Botschaft f\u00fcr Ihre Marke zu vermitteln. Nutzen Sie diese Vorlage als Leitfaden f\u00fcr Ihre Arbeit!","og_url":"https:\/\/sales-ai-agents.com\/de\/templates\/simple-creative-brief\/","og_site_name":"Sales AI Agents","article_modified_time":"2023-12-27T19:46:44+00:00","og_image":[{"width":1078,"height":812,"url":"https:\/\/sales-ai-agents.com\/wp-content\/uploads\/2023\/01\/image-preview124238.png","type":"image\/png"}],"twitter_card":"summary_large_image","schema":{"@context":"https:\/\/schema.org","@graph":[{"@type":"WebPage","@id":"https:\/\/sales-ai-agents.com\/de\/templates\/simple-creative-brief\/","url":"https:\/\/sales-ai-agents.com\/de\/templates\/simple-creative-brief\/","name":"Einfache Briefvorlage f\u00fcr Kreative - Sales AI Agents","isPartOf":{"@id":"https:\/\/sales-ai-agents.com\/#website"},"primaryImageOfPage":{"@id":"https:\/\/sales-ai-agents.com\/de\/templates\/simple-creative-brief\/#primaryimage"},"image":{"@id":"https:\/\/sales-ai-agents.com\/de\/templates\/simple-creative-brief\/#primaryimage"},"thumbnailUrl":"https:\/\/sales-ai-agents.com\/wp-content\/uploads\/2023\/01\/image-preview124238.png","datePublished":"2022-09-26T11:50:23+00:00","dateModified":"2023-12-27T19:46:44+00:00","description":"Entwerfen Sie ein einfaches kreatives Briefing, um genau die richtige Botschaft f\u00fcr Ihre Marke zu vermitteln. Nutzen Sie diese Vorlage als Leitfaden f\u00fcr Ihre Arbeit!","inLanguage":"de-DE","potentialAction":[{"@type":"ReadAction","target":["https:\/\/sales-ai-agents.com\/de\/templates\/simple-creative-brief\/"]}]},{"@type":"ImageObject","inLanguage":"de-DE","@id":"https:\/\/sales-ai-agents.com\/de\/templates\/simple-creative-brief\/#primaryimage","url":"https:\/\/sales-ai-agents.com\/wp-content\/uploads\/2023\/01\/image-preview124238.png","contentUrl":"https:\/\/sales-ai-agents.com\/wp-content\/uploads\/2023\/01\/image-preview124238.png","width":1078,"height":812,"caption":"Simple Creative Brief Template - Nimbus Platform"},{"@type":"WebSite","@id":"https:\/\/sales-ai-agents.com\/#website","url":"https:\/\/sales-ai-agents.com\/","name":"FuseBase","description":"Nimbus Platform - Free Online Collaboration Software for Remote Teams. Build your wikis, client portals and more with the Nimbus Platform collaboration tool ? A perfect space for online work","publisher":{"@id":"https:\/\/sales-ai-agents.com\/#organization"},"potentialAction":[{"@type":"SearchAction","target":{"@type":"EntryPoint","urlTemplate":"https:\/\/sales-ai-agents.com\/?s={search_term_string}"},"query-input":{"@type":"PropertyValueSpecification","valueRequired":true,"valueName":"search_term_string"}}],"inLanguage":"de-DE"},{"@type":"Organization","@id":"https:\/\/sales-ai-agents.com\/#organization","name":"FuseBase","url":"https:\/\/sales-ai-agents.com\/","logo":{"@type":"ImageObject","inLanguage":"de-DE","@id":"https:\/\/sales-ai-agents.com\/#\/schema\/logo\/image\/","url":"https:\/\/sales-ai-agents.com\/wp-content\/uploads\/2023\/11\/icon-7.svg","contentUrl":"https:\/\/sales-ai-agents.com\/wp-content\/uploads\/2023\/11\/icon-7.svg","width":128,"height":128,"caption":"FuseBase"},"image":{"@id":"https:\/\/sales-ai-agents.com\/#\/schema\/logo\/image\/"}}]}},"_links":{"self":[{"href":"https:\/\/sales-ai-agents.com\/de\/wp-json\/wp\/v2\/product\/58405","targetHints":{"allow":["GET"]}}],"collection":[{"href":"https:\/\/sales-ai-agents.com\/de\/wp-json\/wp\/v2\/product"}],"about":[{"href":"https:\/\/sales-ai-agents.com\/de\/wp-json\/wp\/v2\/types\/product"}],"wp:featuredmedia":[{"embeddable":true,"href":"https:\/\/sales-ai-agents.com\/de\/wp-json\/wp\/v2\/media\/20974"}],"wp:attachment":[{"href":"https:\/\/sales-ai-agents.com\/de\/wp-json\/wp\/v2\/media?parent=58405"}],"wp:term":[{"taxonomy":"product_brand","embeddable":true,"href":"https:\/\/sales-ai-agents.com\/de\/wp-json\/wp\/v2\/product_brand?post=58405"},{"taxonomy":"product_cat","embeddable":true,"href":"https:\/\/sales-ai-agents.com\/de\/wp-json\/wp\/v2\/product_cat?post=58405"},{"taxonomy":"product_tag","embeddable":true,"href":"https:\/\/sales-ai-agents.com\/de\/wp-json\/wp\/v2\/product_tag?post=58405"}],"curies":[{"name":"wp","href":"https:\/\/api.w.org\/{rel}","templated":true}]}}