{"id":58409,"date":"2022-09-26T11:50:16","date_gmt":"2022-09-26T11:50:16","guid":{"rendered":"https:\/\/sales-ai-agents.com\/templates\/sales-call-report\/"},"modified":"2023-12-26T15:48:01","modified_gmt":"2023-12-26T15:48:01","slug":"sales-call-report","status":"publish","type":"product","link":"https:\/\/sales-ai-agents.com\/de\/templates\/sales-call-report\/","title":{"rendered":"Bericht \u00fcber Verkaufsgespr\u00e4che"},"content":{"rendered":"<p>&nbsp;<\/p>\n<h2>Verkaufsgespr\u00e4chsbericht Vorlage<\/h2>\n<p class=\"desc-text\">Ein Verkaufsgespr\u00e4chsbericht fasst die Details Ihrer Gespr\u00e4che zusammen. Verwenden Sie diese Vorlage, um den \u00dcberblick \u00fcber Ihre Verkaufsgespr\u00e4che zu behalten. Notieren Sie sich die wichtigsten Informationen, z. B. Datum, Uhrzeit, Namen, Telefonnummern und Mitbringsel. Durch das Sammeln und Organisieren von Notizen kann Ihr Team echte Daten nutzen, um starke Strategien zu entwickeln und wichtige Informationen zu archivieren.<\/p>\n<h5>Wie zu verwenden:<\/h5>\n<ul class=\"desc-item_list\">\n<li class=\"desc-item_list__point\">Datum und Uhrzeit des jeweiligen Anrufs einf\u00fcgen<\/li>\n<li class=\"desc-item_list__point\">Geben Sie Namen und Telefonnummern von Kontaktpersonen an<\/li>\n<li class=\"desc-item_list__point\">Schreiben Sie eine Beschreibung f\u00fcr jeden Anruf<\/li>\n<li class=\"desc-item_list__point\">Berichte mit Ihrem Team teilen<\/li>\n<li class=\"desc-item_list__point\">Berichte nutzen, um gemeinsam neue Strategien zu entwickeln<\/li>\n<\/ul>\n","protected":false},"excerpt":{"rendered":"<p>Ein Verkaufsgespr\u00e4chsbericht hilft, die Details zusammenzufassen. Verwenden Sie diese kostenlose Vorlage, um wichtige Informationen wie Datum, Uhrzeit, Namen, Telefonnummern und Mitbringsel zu notieren.<\/p>\n","protected":false},"featured_media":25793,"template":"","meta":{"_acf_changed":false,"inline_featured_image":false},"product_brand":[],"product_cat":[193,195],"product_tag":[],"class_list":{"0":"post-58409","1":"product","2":"type-product","3":"status-publish","4":"has-post-thumbnail","6":"product_cat-sales","7":"product_cat-sales-management","9":"first","10":"instock","11":"virtual","12":"sold-individually","13":"product-type-simple"},"acf":[],"yoast_head":"<!-- This site is optimized with the Yoast SEO plugin v25.3.1 - https:\/\/yoast.com\/wordpress\/plugins\/seo\/ -->\n<title>Verkaufsgespr\u00e4chsbericht Vorlage - Sales AI Agents<\/title>\n<meta name=\"description\" content=\"Ein Verkaufsgespr\u00e4chsbericht hilft, die Details zusammenzufassen. Verwenden Sie diese kostenlose Vorlage, um wichtige Informationen wie Datum, Uhrzeit, Namen, Telefonnummern und Mitbringsel zu notieren.\" \/>\n<meta name=\"robots\" content=\"index, follow, max-snippet:-1, max-image-preview:large, max-video-preview:-1\" \/>\n<link rel=\"canonical\" href=\"https:\/\/sales-ai-agents.com\/de\/templates\/sales-call-report\/\" \/>\n<meta property=\"og:locale\" content=\"de_DE\" \/>\n<meta property=\"og:type\" content=\"article\" \/>\n<meta property=\"og:title\" content=\"Verkaufsgespr\u00e4chsbericht Vorlage - Sales AI Agents\" \/>\n<meta property=\"og:description\" content=\"Ein Verkaufsgespr\u00e4chsbericht hilft, die Details zusammenzufassen. Verwenden Sie diese kostenlose Vorlage, um wichtige Informationen wie Datum, Uhrzeit, Namen, Telefonnummern und Mitbringsel zu notieren.\" \/>\n<meta property=\"og:url\" content=\"https:\/\/sales-ai-agents.com\/de\/templates\/sales-call-report\/\" \/>\n<meta property=\"og:site_name\" content=\"Sales AI Agents\" \/>\n<meta property=\"article:modified_time\" content=\"2023-12-26T15:48:01+00:00\" \/>\n<meta property=\"og:image\" content=\"https:\/\/sales-ai-agents.com\/wp-content\/uploads\/2022\/09\/Sales-Call-Report-Template-Nimbus-Platform.png\" \/>\n\t<meta property=\"og:image:width\" content=\"1700\" \/>\n\t<meta property=\"og:image:height\" content=\"1100\" \/>\n\t<meta property=\"og:image:type\" content=\"image\/png\" \/>\n<meta name=\"twitter:card\" content=\"summary_large_image\" \/>\n<script type=\"application\/ld+json\" class=\"yoast-schema-graph\">{\"@context\":\"https:\/\/schema.org\",\"@graph\":[{\"@type\":\"WebPage\",\"@id\":\"https:\/\/sales-ai-agents.com\/de\/templates\/sales-call-report\/\",\"url\":\"https:\/\/sales-ai-agents.com\/de\/templates\/sales-call-report\/\",\"name\":\"Verkaufsgespr\u00e4chsbericht Vorlage - Sales AI Agents\",\"isPartOf\":{\"@id\":\"https:\/\/sales-ai-agents.com\/#website\"},\"primaryImageOfPage\":{\"@id\":\"https:\/\/sales-ai-agents.com\/de\/templates\/sales-call-report\/#primaryimage\"},\"image\":{\"@id\":\"https:\/\/sales-ai-agents.com\/de\/templates\/sales-call-report\/#primaryimage\"},\"thumbnailUrl\":\"https:\/\/sales-ai-agents.com\/wp-content\/uploads\/2022\/09\/Sales-Call-Report-Template-Nimbus-Platform.png\",\"datePublished\":\"2022-09-26T11:50:16+00:00\",\"dateModified\":\"2023-12-26T15:48:01+00:00\",\"description\":\"Ein Verkaufsgespr\u00e4chsbericht hilft, die Details zusammenzufassen. Verwenden Sie diese kostenlose Vorlage, um wichtige Informationen wie Datum, Uhrzeit, Namen, Telefonnummern und Mitbringsel zu notieren.\",\"inLanguage\":\"de-DE\",\"potentialAction\":[{\"@type\":\"ReadAction\",\"target\":[\"https:\/\/sales-ai-agents.com\/de\/templates\/sales-call-report\/\"]}]},{\"@type\":\"ImageObject\",\"inLanguage\":\"de-DE\",\"@id\":\"https:\/\/sales-ai-agents.com\/de\/templates\/sales-call-report\/#primaryimage\",\"url\":\"https:\/\/sales-ai-agents.com\/wp-content\/uploads\/2022\/09\/Sales-Call-Report-Template-Nimbus-Platform.png\",\"contentUrl\":\"https:\/\/sales-ai-agents.com\/wp-content\/uploads\/2022\/09\/Sales-Call-Report-Template-Nimbus-Platform.png\",\"width\":1700,\"height\":1100,\"caption\":\"Use this free template to note key information, such as dates, times, names, phone numbers, and takeaways\"},{\"@type\":\"WebSite\",\"@id\":\"https:\/\/sales-ai-agents.com\/#website\",\"url\":\"https:\/\/sales-ai-agents.com\/\",\"name\":\"FuseBase\",\"description\":\"Nimbus Platform - Free Online Collaboration Software for Remote Teams. Build your wikis, client portals and more with the Nimbus Platform collaboration tool ? A perfect space for online work\",\"publisher\":{\"@id\":\"https:\/\/sales-ai-agents.com\/#organization\"},\"potentialAction\":[{\"@type\":\"SearchAction\",\"target\":{\"@type\":\"EntryPoint\",\"urlTemplate\":\"https:\/\/sales-ai-agents.com\/?s={search_term_string}\"},\"query-input\":{\"@type\":\"PropertyValueSpecification\",\"valueRequired\":true,\"valueName\":\"search_term_string\"}}],\"inLanguage\":\"de-DE\"},{\"@type\":\"Organization\",\"@id\":\"https:\/\/sales-ai-agents.com\/#organization\",\"name\":\"FuseBase\",\"url\":\"https:\/\/sales-ai-agents.com\/\",\"logo\":{\"@type\":\"ImageObject\",\"inLanguage\":\"de-DE\",\"@id\":\"https:\/\/sales-ai-agents.com\/#\/schema\/logo\/image\/\",\"url\":\"https:\/\/sales-ai-agents.com\/wp-content\/uploads\/2023\/11\/icon-7.svg\",\"contentUrl\":\"https:\/\/sales-ai-agents.com\/wp-content\/uploads\/2023\/11\/icon-7.svg\",\"width\":128,\"height\":128,\"caption\":\"FuseBase\"},\"image\":{\"@id\":\"https:\/\/sales-ai-agents.com\/#\/schema\/logo\/image\/\"}}]}<\/script>\n<!-- \/ Yoast SEO plugin. -->","yoast_head_json":{"title":"Verkaufsgespr\u00e4chsbericht Vorlage - Sales AI Agents","description":"Ein Verkaufsgespr\u00e4chsbericht hilft, die Details zusammenzufassen. Verwenden Sie diese kostenlose Vorlage, um wichtige Informationen wie Datum, Uhrzeit, Namen, Telefonnummern und Mitbringsel zu notieren.","robots":{"index":"index","follow":"follow","max-snippet":"max-snippet:-1","max-image-preview":"max-image-preview:large","max-video-preview":"max-video-preview:-1"},"canonical":"https:\/\/sales-ai-agents.com\/de\/templates\/sales-call-report\/","og_locale":"de_DE","og_type":"article","og_title":"Verkaufsgespr\u00e4chsbericht Vorlage - Sales AI Agents","og_description":"Ein Verkaufsgespr\u00e4chsbericht hilft, die Details zusammenzufassen. Verwenden Sie diese kostenlose Vorlage, um wichtige Informationen wie Datum, Uhrzeit, Namen, Telefonnummern und Mitbringsel zu notieren.","og_url":"https:\/\/sales-ai-agents.com\/de\/templates\/sales-call-report\/","og_site_name":"Sales AI Agents","article_modified_time":"2023-12-26T15:48:01+00:00","og_image":[{"width":1700,"height":1100,"url":"https:\/\/sales-ai-agents.com\/wp-content\/uploads\/2022\/09\/Sales-Call-Report-Template-Nimbus-Platform.png","type":"image\/png"}],"twitter_card":"summary_large_image","schema":{"@context":"https:\/\/schema.org","@graph":[{"@type":"WebPage","@id":"https:\/\/sales-ai-agents.com\/de\/templates\/sales-call-report\/","url":"https:\/\/sales-ai-agents.com\/de\/templates\/sales-call-report\/","name":"Verkaufsgespr\u00e4chsbericht Vorlage - Sales AI Agents","isPartOf":{"@id":"https:\/\/sales-ai-agents.com\/#website"},"primaryImageOfPage":{"@id":"https:\/\/sales-ai-agents.com\/de\/templates\/sales-call-report\/#primaryimage"},"image":{"@id":"https:\/\/sales-ai-agents.com\/de\/templates\/sales-call-report\/#primaryimage"},"thumbnailUrl":"https:\/\/sales-ai-agents.com\/wp-content\/uploads\/2022\/09\/Sales-Call-Report-Template-Nimbus-Platform.png","datePublished":"2022-09-26T11:50:16+00:00","dateModified":"2023-12-26T15:48:01+00:00","description":"Ein Verkaufsgespr\u00e4chsbericht hilft, die Details zusammenzufassen. Verwenden Sie diese kostenlose Vorlage, um wichtige Informationen wie Datum, Uhrzeit, Namen, Telefonnummern und Mitbringsel zu notieren.","inLanguage":"de-DE","potentialAction":[{"@type":"ReadAction","target":["https:\/\/sales-ai-agents.com\/de\/templates\/sales-call-report\/"]}]},{"@type":"ImageObject","inLanguage":"de-DE","@id":"https:\/\/sales-ai-agents.com\/de\/templates\/sales-call-report\/#primaryimage","url":"https:\/\/sales-ai-agents.com\/wp-content\/uploads\/2022\/09\/Sales-Call-Report-Template-Nimbus-Platform.png","contentUrl":"https:\/\/sales-ai-agents.com\/wp-content\/uploads\/2022\/09\/Sales-Call-Report-Template-Nimbus-Platform.png","width":1700,"height":1100,"caption":"Use this free template to note key information, such as dates, times, names, phone numbers, and takeaways"},{"@type":"WebSite","@id":"https:\/\/sales-ai-agents.com\/#website","url":"https:\/\/sales-ai-agents.com\/","name":"FuseBase","description":"Nimbus Platform - Free Online Collaboration Software for Remote Teams. Build your wikis, client portals and more with the Nimbus Platform collaboration tool ? A perfect space for online work","publisher":{"@id":"https:\/\/sales-ai-agents.com\/#organization"},"potentialAction":[{"@type":"SearchAction","target":{"@type":"EntryPoint","urlTemplate":"https:\/\/sales-ai-agents.com\/?s={search_term_string}"},"query-input":{"@type":"PropertyValueSpecification","valueRequired":true,"valueName":"search_term_string"}}],"inLanguage":"de-DE"},{"@type":"Organization","@id":"https:\/\/sales-ai-agents.com\/#organization","name":"FuseBase","url":"https:\/\/sales-ai-agents.com\/","logo":{"@type":"ImageObject","inLanguage":"de-DE","@id":"https:\/\/sales-ai-agents.com\/#\/schema\/logo\/image\/","url":"https:\/\/sales-ai-agents.com\/wp-content\/uploads\/2023\/11\/icon-7.svg","contentUrl":"https:\/\/sales-ai-agents.com\/wp-content\/uploads\/2023\/11\/icon-7.svg","width":128,"height":128,"caption":"FuseBase"},"image":{"@id":"https:\/\/sales-ai-agents.com\/#\/schema\/logo\/image\/"}}]}},"_links":{"self":[{"href":"https:\/\/sales-ai-agents.com\/de\/wp-json\/wp\/v2\/product\/58409","targetHints":{"allow":["GET"]}}],"collection":[{"href":"https:\/\/sales-ai-agents.com\/de\/wp-json\/wp\/v2\/product"}],"about":[{"href":"https:\/\/sales-ai-agents.com\/de\/wp-json\/wp\/v2\/types\/product"}],"wp:featuredmedia":[{"embeddable":true,"href":"https:\/\/sales-ai-agents.com\/de\/wp-json\/wp\/v2\/media\/25793"}],"wp:attachment":[{"href":"https:\/\/sales-ai-agents.com\/de\/wp-json\/wp\/v2\/media?parent=58409"}],"wp:term":[{"taxonomy":"product_brand","embeddable":true,"href":"https:\/\/sales-ai-agents.com\/de\/wp-json\/wp\/v2\/product_brand?post=58409"},{"taxonomy":"product_cat","embeddable":true,"href":"https:\/\/sales-ai-agents.com\/de\/wp-json\/wp\/v2\/product_cat?post=58409"},{"taxonomy":"product_tag","embeddable":true,"href":"https:\/\/sales-ai-agents.com\/de\/wp-json\/wp\/v2\/product_tag?post=58409"}],"curies":[{"name":"wp","href":"https:\/\/api.w.org\/{rel}","templated":true}]}}