{"id":58414,"date":"2022-09-26T11:49:59","date_gmt":"2022-09-26T11:49:59","guid":{"rendered":"https:\/\/sales-ai-agents.com\/templates\/password-login\/"},"modified":"2023-12-27T14:36:53","modified_gmt":"2023-12-27T14:36:53","slug":"password-login","status":"publish","type":"product","link":"https:\/\/sales-ai-agents.com\/de\/templates\/password-login\/","title":{"rendered":"Passwort Anmeldung"},"content":{"rendered":"<p>&nbsp;<\/p>\n<h2>Passwort Login Vorlage<\/h2>\n<p class=\"desc-text\">Wir alle wissen, wie wichtig es ist, sichere Kennw\u00f6rter zu verwenden und sie st\u00e4ndig zu aktualisieren &#8211; ganz zu schweigen von der Erstellung eindeutiger Kennw\u00f6rter f\u00fcr verschiedene Websites. Aber wie kann man sich das alles merken? Verwenden Sie unsere Vorlage &#8211; sie ist sehr bequem und einfach. Laden Sie es herunter und \u00fcberzeugen Sie sich selbst!<\/p>\n<h5>Wie zu verwenden:<\/h5>\n<ul class=\"desc-item_list\">\n<li class=\"desc-item_list__point\">Geben Sie den Standortnamen ein<\/li>\n<li class=\"desc-item_list__point\">F\u00fcllen Sie die E-Mail\/Login aus<\/li>\n<li class=\"desc-item_list__point\">Geben Sie das Passwort ein<\/li>\n<li class=\"desc-item_list__point\">Zugriff auf Ihre Passw\u00f6rter auf jedem Ger\u00e4t<\/li>\n<\/ul>\n","protected":false},"excerpt":{"rendered":"<p>Verwenden Sie diese kostenlose, anpassbare Vorlage, um Ihre sicheren Passw\u00f6rter aufzuschreiben und sie st\u00e4ndig zu aktualisieren. Verbringen Sie keine Zeit mehr damit, sich an Passw\u00f6rter zu erinnern!<\/p>\n","protected":false},"featured_media":27117,"template":"","meta":{"_acf_changed":false,"inline_featured_image":false},"product_brand":[],"product_cat":[180,185],"product_tag":[],"class_list":{"0":"post-58414","1":"product","2":"type-product","3":"status-publish","4":"has-post-thumbnail","6":"product_cat-personal","7":"product_cat-personal-work","9":"first","10":"instock","11":"virtual","12":"sold-individually","13":"product-type-simple"},"acf":[],"yoast_head":"<!-- This site is optimized with the Yoast SEO plugin v25.3.1 - https:\/\/yoast.com\/wordpress\/plugins\/seo\/ -->\n<title>Passwort Login Vorlage - Sales AI Agents<\/title>\n<meta name=\"description\" content=\"Verwenden Sie diese kostenlose, anpassbare Vorlage, um Ihre sicheren Passw\u00f6rter aufzuschreiben und sie st\u00e4ndig zu aktualisieren. Verbringen Sie keine Zeit mehr damit, sich an Passw\u00f6rter zu erinnern!\" \/>\n<meta name=\"robots\" content=\"index, follow, max-snippet:-1, max-image-preview:large, max-video-preview:-1\" \/>\n<link rel=\"canonical\" href=\"https:\/\/sales-ai-agents.com\/de\/templates\/password-login\/\" \/>\n<meta property=\"og:locale\" content=\"de_DE\" \/>\n<meta property=\"og:type\" content=\"article\" \/>\n<meta property=\"og:title\" content=\"Passwort Login Vorlage - Sales AI Agents\" \/>\n<meta property=\"og:description\" content=\"Verwenden Sie diese kostenlose, anpassbare Vorlage, um Ihre sicheren Passw\u00f6rter aufzuschreiben und sie st\u00e4ndig zu aktualisieren. Verbringen Sie keine Zeit mehr damit, sich an Passw\u00f6rter zu erinnern!\" \/>\n<meta property=\"og:url\" content=\"https:\/\/sales-ai-agents.com\/de\/templates\/password-login\/\" \/>\n<meta property=\"og:site_name\" content=\"Sales AI Agents\" \/>\n<meta property=\"article:modified_time\" content=\"2023-12-27T14:36:53+00:00\" \/>\n<meta property=\"og:image\" content=\"https:\/\/sales-ai-agents.com\/wp-content\/uploads\/2022\/09\/Password-Login-Template.png\" \/>\n\t<meta property=\"og:image:width\" content=\"1700\" \/>\n\t<meta property=\"og:image:height\" content=\"1100\" \/>\n\t<meta property=\"og:image:type\" content=\"image\/png\" \/>\n<meta name=\"twitter:card\" content=\"summary_large_image\" \/>\n<script type=\"application\/ld+json\" class=\"yoast-schema-graph\">{\"@context\":\"https:\/\/schema.org\",\"@graph\":[{\"@type\":\"WebPage\",\"@id\":\"https:\/\/sales-ai-agents.com\/de\/templates\/password-login\/\",\"url\":\"https:\/\/sales-ai-agents.com\/de\/templates\/password-login\/\",\"name\":\"Passwort Login Vorlage - Sales AI Agents\",\"isPartOf\":{\"@id\":\"https:\/\/sales-ai-agents.com\/#website\"},\"primaryImageOfPage\":{\"@id\":\"https:\/\/sales-ai-agents.com\/de\/templates\/password-login\/#primaryimage\"},\"image\":{\"@id\":\"https:\/\/sales-ai-agents.com\/de\/templates\/password-login\/#primaryimage\"},\"thumbnailUrl\":\"https:\/\/sales-ai-agents.com\/wp-content\/uploads\/2022\/09\/Password-Login-Template.png\",\"datePublished\":\"2022-09-26T11:49:59+00:00\",\"dateModified\":\"2023-12-27T14:36:53+00:00\",\"description\":\"Verwenden Sie diese kostenlose, anpassbare Vorlage, um Ihre sicheren Passw\u00f6rter aufzuschreiben und sie st\u00e4ndig zu aktualisieren. Verbringen Sie keine Zeit mehr damit, sich an Passw\u00f6rter zu erinnern!\",\"inLanguage\":\"de-DE\",\"potentialAction\":[{\"@type\":\"ReadAction\",\"target\":[\"https:\/\/sales-ai-agents.com\/de\/templates\/password-login\/\"]}]},{\"@type\":\"ImageObject\",\"inLanguage\":\"de-DE\",\"@id\":\"https:\/\/sales-ai-agents.com\/de\/templates\/password-login\/#primaryimage\",\"url\":\"https:\/\/sales-ai-agents.com\/wp-content\/uploads\/2022\/09\/Password-Login-Template.png\",\"contentUrl\":\"https:\/\/sales-ai-agents.com\/wp-content\/uploads\/2022\/09\/Password-Login-Template.png\",\"width\":1700,\"height\":1100,\"caption\":\"Use this free customizable template to write down your strong passwords and constantly update them.\"},{\"@type\":\"WebSite\",\"@id\":\"https:\/\/sales-ai-agents.com\/#website\",\"url\":\"https:\/\/sales-ai-agents.com\/\",\"name\":\"FuseBase\",\"description\":\"Nimbus Platform - Free Online Collaboration Software for Remote Teams. Build your wikis, client portals and more with the Nimbus Platform collaboration tool ? A perfect space for online work\",\"publisher\":{\"@id\":\"https:\/\/sales-ai-agents.com\/#organization\"},\"potentialAction\":[{\"@type\":\"SearchAction\",\"target\":{\"@type\":\"EntryPoint\",\"urlTemplate\":\"https:\/\/sales-ai-agents.com\/?s={search_term_string}\"},\"query-input\":{\"@type\":\"PropertyValueSpecification\",\"valueRequired\":true,\"valueName\":\"search_term_string\"}}],\"inLanguage\":\"de-DE\"},{\"@type\":\"Organization\",\"@id\":\"https:\/\/sales-ai-agents.com\/#organization\",\"name\":\"FuseBase\",\"url\":\"https:\/\/sales-ai-agents.com\/\",\"logo\":{\"@type\":\"ImageObject\",\"inLanguage\":\"de-DE\",\"@id\":\"https:\/\/sales-ai-agents.com\/#\/schema\/logo\/image\/\",\"url\":\"https:\/\/sales-ai-agents.com\/wp-content\/uploads\/2023\/11\/icon-7.svg\",\"contentUrl\":\"https:\/\/sales-ai-agents.com\/wp-content\/uploads\/2023\/11\/icon-7.svg\",\"width\":128,\"height\":128,\"caption\":\"FuseBase\"},\"image\":{\"@id\":\"https:\/\/sales-ai-agents.com\/#\/schema\/logo\/image\/\"}}]}<\/script>\n<!-- \/ Yoast SEO plugin. -->","yoast_head_json":{"title":"Passwort Login Vorlage - Sales AI Agents","description":"Verwenden Sie diese kostenlose, anpassbare Vorlage, um Ihre sicheren Passw\u00f6rter aufzuschreiben und sie st\u00e4ndig zu aktualisieren. Verbringen Sie keine Zeit mehr damit, sich an Passw\u00f6rter zu erinnern!","robots":{"index":"index","follow":"follow","max-snippet":"max-snippet:-1","max-image-preview":"max-image-preview:large","max-video-preview":"max-video-preview:-1"},"canonical":"https:\/\/sales-ai-agents.com\/de\/templates\/password-login\/","og_locale":"de_DE","og_type":"article","og_title":"Passwort Login Vorlage - Sales AI Agents","og_description":"Verwenden Sie diese kostenlose, anpassbare Vorlage, um Ihre sicheren Passw\u00f6rter aufzuschreiben und sie st\u00e4ndig zu aktualisieren. Verbringen Sie keine Zeit mehr damit, sich an Passw\u00f6rter zu erinnern!","og_url":"https:\/\/sales-ai-agents.com\/de\/templates\/password-login\/","og_site_name":"Sales AI Agents","article_modified_time":"2023-12-27T14:36:53+00:00","og_image":[{"width":1700,"height":1100,"url":"https:\/\/sales-ai-agents.com\/wp-content\/uploads\/2022\/09\/Password-Login-Template.png","type":"image\/png"}],"twitter_card":"summary_large_image","schema":{"@context":"https:\/\/schema.org","@graph":[{"@type":"WebPage","@id":"https:\/\/sales-ai-agents.com\/de\/templates\/password-login\/","url":"https:\/\/sales-ai-agents.com\/de\/templates\/password-login\/","name":"Passwort Login Vorlage - Sales AI Agents","isPartOf":{"@id":"https:\/\/sales-ai-agents.com\/#website"},"primaryImageOfPage":{"@id":"https:\/\/sales-ai-agents.com\/de\/templates\/password-login\/#primaryimage"},"image":{"@id":"https:\/\/sales-ai-agents.com\/de\/templates\/password-login\/#primaryimage"},"thumbnailUrl":"https:\/\/sales-ai-agents.com\/wp-content\/uploads\/2022\/09\/Password-Login-Template.png","datePublished":"2022-09-26T11:49:59+00:00","dateModified":"2023-12-27T14:36:53+00:00","description":"Verwenden Sie diese kostenlose, anpassbare Vorlage, um Ihre sicheren Passw\u00f6rter aufzuschreiben und sie st\u00e4ndig zu aktualisieren. Verbringen Sie keine Zeit mehr damit, sich an Passw\u00f6rter zu erinnern!","inLanguage":"de-DE","potentialAction":[{"@type":"ReadAction","target":["https:\/\/sales-ai-agents.com\/de\/templates\/password-login\/"]}]},{"@type":"ImageObject","inLanguage":"de-DE","@id":"https:\/\/sales-ai-agents.com\/de\/templates\/password-login\/#primaryimage","url":"https:\/\/sales-ai-agents.com\/wp-content\/uploads\/2022\/09\/Password-Login-Template.png","contentUrl":"https:\/\/sales-ai-agents.com\/wp-content\/uploads\/2022\/09\/Password-Login-Template.png","width":1700,"height":1100,"caption":"Use this free customizable template to write down your strong passwords and constantly update them."},{"@type":"WebSite","@id":"https:\/\/sales-ai-agents.com\/#website","url":"https:\/\/sales-ai-agents.com\/","name":"FuseBase","description":"Nimbus Platform - Free Online Collaboration Software for Remote Teams. Build your wikis, client portals and more with the Nimbus Platform collaboration tool ? A perfect space for online work","publisher":{"@id":"https:\/\/sales-ai-agents.com\/#organization"},"potentialAction":[{"@type":"SearchAction","target":{"@type":"EntryPoint","urlTemplate":"https:\/\/sales-ai-agents.com\/?s={search_term_string}"},"query-input":{"@type":"PropertyValueSpecification","valueRequired":true,"valueName":"search_term_string"}}],"inLanguage":"de-DE"},{"@type":"Organization","@id":"https:\/\/sales-ai-agents.com\/#organization","name":"FuseBase","url":"https:\/\/sales-ai-agents.com\/","logo":{"@type":"ImageObject","inLanguage":"de-DE","@id":"https:\/\/sales-ai-agents.com\/#\/schema\/logo\/image\/","url":"https:\/\/sales-ai-agents.com\/wp-content\/uploads\/2023\/11\/icon-7.svg","contentUrl":"https:\/\/sales-ai-agents.com\/wp-content\/uploads\/2023\/11\/icon-7.svg","width":128,"height":128,"caption":"FuseBase"},"image":{"@id":"https:\/\/sales-ai-agents.com\/#\/schema\/logo\/image\/"}}]}},"_links":{"self":[{"href":"https:\/\/sales-ai-agents.com\/de\/wp-json\/wp\/v2\/product\/58414","targetHints":{"allow":["GET"]}}],"collection":[{"href":"https:\/\/sales-ai-agents.com\/de\/wp-json\/wp\/v2\/product"}],"about":[{"href":"https:\/\/sales-ai-agents.com\/de\/wp-json\/wp\/v2\/types\/product"}],"wp:featuredmedia":[{"embeddable":true,"href":"https:\/\/sales-ai-agents.com\/de\/wp-json\/wp\/v2\/media\/27117"}],"wp:attachment":[{"href":"https:\/\/sales-ai-agents.com\/de\/wp-json\/wp\/v2\/media?parent=58414"}],"wp:term":[{"taxonomy":"product_brand","embeddable":true,"href":"https:\/\/sales-ai-agents.com\/de\/wp-json\/wp\/v2\/product_brand?post=58414"},{"taxonomy":"product_cat","embeddable":true,"href":"https:\/\/sales-ai-agents.com\/de\/wp-json\/wp\/v2\/product_cat?post=58414"},{"taxonomy":"product_tag","embeddable":true,"href":"https:\/\/sales-ai-agents.com\/de\/wp-json\/wp\/v2\/product_tag?post=58414"}],"curies":[{"name":"wp","href":"https:\/\/api.w.org\/{rel}","templated":true}]}}