{"id":58417,"date":"2022-09-26T11:49:56","date_gmt":"2022-09-26T11:49:56","guid":{"rendered":"https:\/\/sales-ai-agents.com\/templates\/get-it-done\/"},"modified":"2023-12-27T12:25:18","modified_gmt":"2023-12-27T12:25:18","slug":"get-it-done","status":"publish","type":"product","link":"https:\/\/sales-ai-agents.com\/de\/templates\/get-it-done\/","title":{"rendered":"Erledigen Sie es!"},"content":{"rendered":"<p>&nbsp;<\/p>\n<h2>Erledigen Sie es! Vorlage<\/h2>\n<p class=\"desc-text\">Bringen Sie Struktur in Ihre Aufgaben, indem Sie diese Vorlage f\u00fcr die Planung Ihrer Aufgaben und Zust\u00e4ndigkeiten verwenden. In dieser Vorlage gibt es Tabellen, um Ihre Aufgaben zu kategorisieren. Ordnen Sie jede Aufgabe danach, wann sie erledigt werden soll &#8211; ob heute, am Abend oder morgen. F\u00fcllen Sie die Vorlage aus, wenn Sie an mehreren Projekten arbeiten oder mehrere Auftr\u00e4ge und Aufgaben zu erledigen haben. Verwenden Sie Kontrollk\u00e4stchen, um jeden Punkt zu verfolgen, und motivieren Sie sich selbst, die Dinge zu erledigen.<\/p>\n<h5>Wie zu verwenden:<\/h5>\n<ul class=\"desc-item_list\">\n<li class=\"desc-item_list__point\">Aufgaben zu jeder Tabelle hinzuf\u00fcgen<\/li>\n<li class=\"desc-item_list__point\">Ordnen Sie jede Aufgabe der richtigen Kategorie zu<\/li>\n<li class=\"desc-item_list__point\">Kreuzen Sie die Punkte an, wenn Sie sie erledigt haben<\/li>\n<li class=\"desc-item_list__point\">Notizen in die untere Tabelle schreiben<\/li>\n<li class=\"desc-item_list__point\">Ermutigen Sie sich selbst, alles zu beenden<\/li>\n<\/ul>\n","protected":false},"excerpt":{"rendered":"<p>Verwenden Sie diese Vorlage, um Ihre Aufgaben zu strukturieren. Ordnen Sie jede Aufgabe danach, wann sie erledigt werden soll &#8211; heute, am Abend oder morgen.<\/p>\n","protected":false},"featured_media":20976,"template":"","meta":{"_acf_changed":false,"inline_featured_image":false},"product_brand":[],"product_cat":[179,180],"product_tag":[],"class_list":{"0":"post-58417","1":"product","2":"type-product","3":"status-publish","4":"has-post-thumbnail","6":"product_cat-organizers-planners","7":"product_cat-personal","9":"first","10":"instock","11":"virtual","12":"sold-individually","13":"product-type-simple"},"acf":[],"yoast_head":"<!-- This site is optimized with the Yoast SEO plugin v25.3.1 - https:\/\/yoast.com\/wordpress\/plugins\/seo\/ -->\n<title>Erledigen Sie es! Vorlage - Sales AI Agents<\/title>\n<meta name=\"description\" content=\"Verwenden Sie diese Vorlage, um Ihre Aufgaben zu strukturieren. Organisieren Sie mit Nimbus! jede Aufgabe danach, wann sie erledigt werden soll.\" \/>\n<meta name=\"robots\" content=\"index, follow, max-snippet:-1, max-image-preview:large, max-video-preview:-1\" \/>\n<link rel=\"canonical\" href=\"https:\/\/sales-ai-agents.com\/de\/templates\/get-it-done\/\" \/>\n<meta property=\"og:locale\" content=\"de_DE\" \/>\n<meta property=\"og:type\" content=\"article\" \/>\n<meta property=\"og:title\" content=\"Erledigen Sie es! Vorlage - Sales AI Agents\" \/>\n<meta property=\"og:description\" content=\"Verwenden Sie diese Vorlage, um Ihre Aufgaben zu strukturieren. Organisieren Sie mit Nimbus! jede Aufgabe danach, wann sie erledigt werden soll.\" \/>\n<meta property=\"og:url\" content=\"https:\/\/sales-ai-agents.com\/de\/templates\/get-it-done\/\" \/>\n<meta property=\"og:site_name\" content=\"Sales AI Agents\" \/>\n<meta property=\"article:modified_time\" content=\"2023-12-27T12:25:18+00:00\" \/>\n<meta property=\"og:image\" content=\"https:\/\/sales-ai-agents.com\/wp-content\/uploads\/2023\/01\/image-preview124254.png\" \/>\n\t<meta property=\"og:image:width\" content=\"1078\" \/>\n\t<meta property=\"og:image:height\" content=\"1142\" \/>\n\t<meta property=\"og:image:type\" content=\"image\/png\" \/>\n<meta name=\"twitter:card\" content=\"summary_large_image\" \/>\n<script type=\"application\/ld+json\" class=\"yoast-schema-graph\">{\"@context\":\"https:\/\/schema.org\",\"@graph\":[{\"@type\":\"WebPage\",\"@id\":\"https:\/\/sales-ai-agents.com\/de\/templates\/get-it-done\/\",\"url\":\"https:\/\/sales-ai-agents.com\/de\/templates\/get-it-done\/\",\"name\":\"Erledigen Sie es! Vorlage - Sales AI Agents\",\"isPartOf\":{\"@id\":\"https:\/\/sales-ai-agents.com\/#website\"},\"primaryImageOfPage\":{\"@id\":\"https:\/\/sales-ai-agents.com\/de\/templates\/get-it-done\/#primaryimage\"},\"image\":{\"@id\":\"https:\/\/sales-ai-agents.com\/de\/templates\/get-it-done\/#primaryimage\"},\"thumbnailUrl\":\"https:\/\/sales-ai-agents.com\/wp-content\/uploads\/2023\/01\/image-preview124254.png\",\"datePublished\":\"2022-09-26T11:49:56+00:00\",\"dateModified\":\"2023-12-27T12:25:18+00:00\",\"description\":\"Verwenden Sie diese Vorlage, um Ihre Aufgaben zu strukturieren. Organisieren Sie mit Nimbus! jede Aufgabe danach, wann sie erledigt werden soll.\",\"inLanguage\":\"de-DE\",\"potentialAction\":[{\"@type\":\"ReadAction\",\"target\":[\"https:\/\/sales-ai-agents.com\/de\/templates\/get-it-done\/\"]}]},{\"@type\":\"ImageObject\",\"inLanguage\":\"de-DE\",\"@id\":\"https:\/\/sales-ai-agents.com\/de\/templates\/get-it-done\/#primaryimage\",\"url\":\"https:\/\/sales-ai-agents.com\/wp-content\/uploads\/2023\/01\/image-preview124254.png\",\"contentUrl\":\"https:\/\/sales-ai-agents.com\/wp-content\/uploads\/2023\/01\/image-preview124254.png\",\"width\":1078,\"height\":1142,\"caption\":\"Get it Done! Template - Nimbus Platform\"},{\"@type\":\"WebSite\",\"@id\":\"https:\/\/sales-ai-agents.com\/#website\",\"url\":\"https:\/\/sales-ai-agents.com\/\",\"name\":\"FuseBase\",\"description\":\"Nimbus Platform - Free Online Collaboration Software for Remote Teams. Build your wikis, client portals and more with the Nimbus Platform collaboration tool ? A perfect space for online work\",\"publisher\":{\"@id\":\"https:\/\/sales-ai-agents.com\/#organization\"},\"potentialAction\":[{\"@type\":\"SearchAction\",\"target\":{\"@type\":\"EntryPoint\",\"urlTemplate\":\"https:\/\/sales-ai-agents.com\/?s={search_term_string}\"},\"query-input\":{\"@type\":\"PropertyValueSpecification\",\"valueRequired\":true,\"valueName\":\"search_term_string\"}}],\"inLanguage\":\"de-DE\"},{\"@type\":\"Organization\",\"@id\":\"https:\/\/sales-ai-agents.com\/#organization\",\"name\":\"FuseBase\",\"url\":\"https:\/\/sales-ai-agents.com\/\",\"logo\":{\"@type\":\"ImageObject\",\"inLanguage\":\"de-DE\",\"@id\":\"https:\/\/sales-ai-agents.com\/#\/schema\/logo\/image\/\",\"url\":\"https:\/\/sales-ai-agents.com\/wp-content\/uploads\/2023\/11\/icon-7.svg\",\"contentUrl\":\"https:\/\/sales-ai-agents.com\/wp-content\/uploads\/2023\/11\/icon-7.svg\",\"width\":128,\"height\":128,\"caption\":\"FuseBase\"},\"image\":{\"@id\":\"https:\/\/sales-ai-agents.com\/#\/schema\/logo\/image\/\"}}]}<\/script>\n<!-- \/ Yoast SEO plugin. -->","yoast_head_json":{"title":"Erledigen Sie es! Vorlage - Sales AI Agents","description":"Verwenden Sie diese Vorlage, um Ihre Aufgaben zu strukturieren. Organisieren Sie mit Nimbus! jede Aufgabe danach, wann sie erledigt werden soll.","robots":{"index":"index","follow":"follow","max-snippet":"max-snippet:-1","max-image-preview":"max-image-preview:large","max-video-preview":"max-video-preview:-1"},"canonical":"https:\/\/sales-ai-agents.com\/de\/templates\/get-it-done\/","og_locale":"de_DE","og_type":"article","og_title":"Erledigen Sie es! Vorlage - Sales AI Agents","og_description":"Verwenden Sie diese Vorlage, um Ihre Aufgaben zu strukturieren. Organisieren Sie mit Nimbus! jede Aufgabe danach, wann sie erledigt werden soll.","og_url":"https:\/\/sales-ai-agents.com\/de\/templates\/get-it-done\/","og_site_name":"Sales AI Agents","article_modified_time":"2023-12-27T12:25:18+00:00","og_image":[{"width":1078,"height":1142,"url":"https:\/\/sales-ai-agents.com\/wp-content\/uploads\/2023\/01\/image-preview124254.png","type":"image\/png"}],"twitter_card":"summary_large_image","schema":{"@context":"https:\/\/schema.org","@graph":[{"@type":"WebPage","@id":"https:\/\/sales-ai-agents.com\/de\/templates\/get-it-done\/","url":"https:\/\/sales-ai-agents.com\/de\/templates\/get-it-done\/","name":"Erledigen Sie es! Vorlage - Sales AI Agents","isPartOf":{"@id":"https:\/\/sales-ai-agents.com\/#website"},"primaryImageOfPage":{"@id":"https:\/\/sales-ai-agents.com\/de\/templates\/get-it-done\/#primaryimage"},"image":{"@id":"https:\/\/sales-ai-agents.com\/de\/templates\/get-it-done\/#primaryimage"},"thumbnailUrl":"https:\/\/sales-ai-agents.com\/wp-content\/uploads\/2023\/01\/image-preview124254.png","datePublished":"2022-09-26T11:49:56+00:00","dateModified":"2023-12-27T12:25:18+00:00","description":"Verwenden Sie diese Vorlage, um Ihre Aufgaben zu strukturieren. Organisieren Sie mit Nimbus! jede Aufgabe danach, wann sie erledigt werden soll.","inLanguage":"de-DE","potentialAction":[{"@type":"ReadAction","target":["https:\/\/sales-ai-agents.com\/de\/templates\/get-it-done\/"]}]},{"@type":"ImageObject","inLanguage":"de-DE","@id":"https:\/\/sales-ai-agents.com\/de\/templates\/get-it-done\/#primaryimage","url":"https:\/\/sales-ai-agents.com\/wp-content\/uploads\/2023\/01\/image-preview124254.png","contentUrl":"https:\/\/sales-ai-agents.com\/wp-content\/uploads\/2023\/01\/image-preview124254.png","width":1078,"height":1142,"caption":"Get it Done! Template - Nimbus Platform"},{"@type":"WebSite","@id":"https:\/\/sales-ai-agents.com\/#website","url":"https:\/\/sales-ai-agents.com\/","name":"FuseBase","description":"Nimbus Platform - Free Online Collaboration Software for Remote Teams. Build your wikis, client portals and more with the Nimbus Platform collaboration tool ? A perfect space for online work","publisher":{"@id":"https:\/\/sales-ai-agents.com\/#organization"},"potentialAction":[{"@type":"SearchAction","target":{"@type":"EntryPoint","urlTemplate":"https:\/\/sales-ai-agents.com\/?s={search_term_string}"},"query-input":{"@type":"PropertyValueSpecification","valueRequired":true,"valueName":"search_term_string"}}],"inLanguage":"de-DE"},{"@type":"Organization","@id":"https:\/\/sales-ai-agents.com\/#organization","name":"FuseBase","url":"https:\/\/sales-ai-agents.com\/","logo":{"@type":"ImageObject","inLanguage":"de-DE","@id":"https:\/\/sales-ai-agents.com\/#\/schema\/logo\/image\/","url":"https:\/\/sales-ai-agents.com\/wp-content\/uploads\/2023\/11\/icon-7.svg","contentUrl":"https:\/\/sales-ai-agents.com\/wp-content\/uploads\/2023\/11\/icon-7.svg","width":128,"height":128,"caption":"FuseBase"},"image":{"@id":"https:\/\/sales-ai-agents.com\/#\/schema\/logo\/image\/"}}]}},"_links":{"self":[{"href":"https:\/\/sales-ai-agents.com\/de\/wp-json\/wp\/v2\/product\/58417","targetHints":{"allow":["GET"]}}],"collection":[{"href":"https:\/\/sales-ai-agents.com\/de\/wp-json\/wp\/v2\/product"}],"about":[{"href":"https:\/\/sales-ai-agents.com\/de\/wp-json\/wp\/v2\/types\/product"}],"wp:featuredmedia":[{"embeddable":true,"href":"https:\/\/sales-ai-agents.com\/de\/wp-json\/wp\/v2\/media\/20976"}],"wp:attachment":[{"href":"https:\/\/sales-ai-agents.com\/de\/wp-json\/wp\/v2\/media?parent=58417"}],"wp:term":[{"taxonomy":"product_brand","embeddable":true,"href":"https:\/\/sales-ai-agents.com\/de\/wp-json\/wp\/v2\/product_brand?post=58417"},{"taxonomy":"product_cat","embeddable":true,"href":"https:\/\/sales-ai-agents.com\/de\/wp-json\/wp\/v2\/product_cat?post=58417"},{"taxonomy":"product_tag","embeddable":true,"href":"https:\/\/sales-ai-agents.com\/de\/wp-json\/wp\/v2\/product_tag?post=58417"}],"curies":[{"name":"wp","href":"https:\/\/api.w.org\/{rel}","templated":true}]}}