{"id":58422,"date":"2022-09-26T11:49:53","date_gmt":"2022-09-26T11:49:53","guid":{"rendered":"https:\/\/sales-ai-agents.com\/templates\/persona-all-in-one\/"},"modified":"2023-12-27T14:21:23","modified_gmt":"2023-12-27T14:21:23","slug":"persona-all-in-one","status":"publish","type":"product","link":"https:\/\/sales-ai-agents.com\/de\/templates\/persona-all-in-one\/","title":{"rendered":"Persona All in One"},"content":{"rendered":"<p>&nbsp;<\/p>\n<h2>Warum ist diese Persona-Vorlage so wichtig f\u00fcr Ihr Wachstum?<\/h2>\n<p class=\"desc-text\">Ohne Personas und Datenanalyse ist kein Gesch\u00e4ft m\u00f6glich. Um eine gute Marktleistung zu erzielen, m\u00fcssen Sie Ihre Kunden verstehen. Nachdem Sie einen \u00dcberblick \u00fcber die Gruppe Ihrer Kunden erstellt und ihre Bed\u00fcrfnisse, Schmerzen und die allgemeine Realit\u00e4t definiert haben, legen Sie den Schwerpunkt auf ihre Gemeinsamkeiten.<\/p>\n<p>Sie k\u00f6nnen Customer Persona Research durchf\u00fchren und die Ergebnisse in das vorbereitete Formular aufnehmen. Auf diese Weise sind Sie Ihren Konkurrenten mit allen Informationen \u00fcber Ihre Kunden immer einen Schritt voraus und k\u00f6nnen feststellen, wie wertvoll sie f\u00fcr Ihr Unternehmen sind.<\/p>\n<p>&nbsp;<\/p>\n<h5>Welche M\u00f6glichkeiten gibt es?<\/h5>\n<p class=\"desc-text\">Wenn Sie mit einer Person von Angesicht zu Angesicht sprechen m\u00f6chten, haben wir auch f\u00fcr diese Bed\u00fcrfnisse eine Alternative. Das <a class=\"corporate-blue\" href=\"https:\/\/sales-ai-agents.com\/de\/templates\/general-persona-profile\/\" target=\"_blank\" rel=\"noopener\">allgemeine Pers\u00f6nlichkeitsprofil<\/a> ist eine eher visuelle \u00dcbersicht f\u00fcr einmalige Bed\u00fcrfnisse. Es funktioniert am besten, wenn Sie nicht die Eigenschaften Ihrer Kunden oder die Leistungen Ihrer Mitarbeiter vergleichen m\u00fcssen.<\/p>\n<p>Verwenden Sie es in Situationen, in denen Sie einem echten Kunden in die Augen sehen m\u00fcssen und nicht nur auf seine Daten zugreifen k\u00f6nnen.<\/p>\n<p>Wertvoll bei der Einstellung neuer Mitarbeiter. Geben Sie einfach Indikatoren ein, und gleichen Sie Ihren Eindruck \u00fcber eine Person mit Mitarbeitern ab, um Ihre Wahl zu treffen.<\/p>\n<h5>Wir haben das beste Persona-Profil f\u00fcr Sie vorbereitet!<\/h5>\n<p class=\"desc-text\">Die Tabelle des Kunden enth\u00e4lt alle f\u00fcr die Prim\u00e4ranalyse erforderlichen kritischen Messwerte. Sammeln Sie alle Daten Ihrer Kunden an einem Ort! Sie k\u00f6nnen das durchschnittliche Niveau leicht erkennen und feststellen, wer Ihre Kunden-Persona ist.<\/p>\n<p>Und vergessen Sie nicht, die Persona regelm\u00e4\u00dfig zu \u00fcberpr\u00fcfen und zu aktualisieren &#8211; dies sind die gr\u00f6\u00dften Herausforderungen auf dem Weg zum perfekten Ergebnis.<\/p>\n<p>Wenn Sie sehen m\u00f6chten, wie die Person mit ihrer derzeitigen Rolle umgeht, k\u00f6nnen Sie auch diese Vorlage verwenden. Die Tabelle enth\u00e4lt Lesungen, die Ihnen bei der Entscheidungsfindung helfen werden.<\/p>\n<p>Sobald Sie \u00fcber eine solide Persona-Analyse verf\u00fcgen, k\u00f6nnen Sie diese nutzen, um Ihre Ziele effektiver zu gestalten und die Anzahl Ihrer Leads zu erh\u00f6hen!<\/p>\n<h5>Wie zu verwenden:<\/h5>\n<ul class=\"desc-item_list\">\n<li class=\"desc-item_list__point\"><a class=\"corporate-blue\" href=\"https:\/\/sales-ai-agents.com\/de\/guides\/basics\/links-in-nimbus-note\/\" target=\"_blank\" rel=\"noopener\">F\u00fcgen Sie Links<\/a> zu sozialen Netzwerken und Profilen <a class=\"corporate-blue\" href=\"https:\/\/sales-ai-agents.com\/de\/guides\/basics\/links-in-nimbus-note\/\" target=\"_blank\" rel=\"noopener\">hinzu<\/a> und machen Sie sie zu einer <a class=\"corporate-blue\" href=\"https:\/\/sales-ai-agents.com\/de\/guides\/basics\/button-object\/\" target=\"_blank\" rel=\"noopener\">Schaltfl\u00e4che<\/a>.<\/li>\n<li class=\"desc-item_list__point\">F\u00fcgen Sie ein Datum hinzu, z. B. einen Geburtstag oder den Tag des Treffens. In dieser aufstrebenden Realit\u00e4t k\u00f6nnen Sie auch <a class=\"corporate-blue\" href=\"https:\/\/sales-ai-agents.com\/de\/guides\/basics\/time-reminders-in-nimbus-note\/\" target=\"_blank\" rel=\"noopener\">eine Erinnerung einstellen<\/a>, um einen Termin mit Kunden nicht zu verpassen.<\/li>\n<li class=\"desc-item_list__point\"><a class=\"corporate-blue\" href=\"https:\/\/sales-ai-agents.com\/de\/guides\/basics\/files-and-attachments\/\" target=\"_blank\" rel=\"noopener\">F\u00fcgen Sie Dateien hinzu<\/a>, z. B. Lebensl\u00e4ufe und andere wichtige Dokumente, die von einer Person gesendet wurden, so dass sie immer zur Hand sind.<\/li>\n<li class=\"desc-item_list__point\"><a class=\"corporate-blue\" href=\"https:\/\/sales-ai-agents.com\/de\/guides\/table-database\/tables\/\" target=\"_blank\" rel=\"noopener\">F\u00fcgen Sie<\/a> der Tabelle <a class=\"corporate-blue\" href=\"https:\/\/sales-ai-agents.com\/de\/guides\/table-database\/tables\/\" target=\"_blank\" rel=\"noopener\">Spalten hinzu<\/a>, die wichtige Eigenschaften eines Kunden zur Pers\u00f6nlichkeitsbildung definieren, sogar eine Liste seiner Lieblingsb\u00fccher &#8211; seien Sie kreativ!<\/li>\n<li class=\"desc-item_list__point\">Oder entfernen Sie die Spalten, die Ihren Bed\u00fcrfnissen nicht entsprechen. Jedes Unternehmen hat, wie jeder Mensch, seine eigenen Merkmale, also passen Sie die Details ruhig an Ihre Herausforderungen an!<\/li>\n<li class=\"desc-item_list__point\">Manchmal senden Ihnen echte Kunden Hinweise, die schwer vorhersehbar sind &#8211; f\u00fcgen Sie sie einfach bei und senden Sie uns Ihre Ideen zur <a class=\"corporate-blue\" href=\"https:\/\/support.nimbusweb.co\/portal\/en\/newticket\" target=\"_blank\" rel=\"noopener\">Unterst\u00fctzung<\/a>.<\/li>\n<\/ul>\n","protected":false},"excerpt":{"rendered":"<p>Verwenden Sie die Persona All in One-Vorlage, um die wichtigsten Merkmale Ihrer Kunden zu definieren und Ihren Weg zum Erfolg zu planen!<\/p>\n","protected":false},"featured_media":34258,"template":"","meta":{"_acf_changed":false,"inline_featured_image":false},"product_brand":[],"product_cat":[164,171,172,194],"product_tag":[],"class_list":{"0":"post-58422","1":"product","2":"type-product","3":"status-publish","4":"has-post-thumbnail","6":"product_cat-customer-support","7":"product_cat-marketing","8":"product_cat-marketing-analysis","9":"product_cat-sales-account","10":"collections-client","12":"first","13":"instock","14":"virtual","15":"sold-individually","16":"product-type-simple"},"acf":[],"yoast_head":"<!-- This site is optimized with the Yoast SEO plugin v25.3.1 - https:\/\/yoast.com\/wordpress\/plugins\/seo\/ -->\n<title>Nimbus Note - Persona All in One Vorlage - Sales AI Agents<\/title>\n<meta name=\"description\" content=\"Verwenden Sie die Persona All in One-Vorlage, um die wichtigsten Merkmale Ihrer Kunden zu definieren und Ihren Weg zum Erfolg zu planen!\" \/>\n<meta name=\"robots\" content=\"index, follow, max-snippet:-1, max-image-preview:large, max-video-preview:-1\" \/>\n<link rel=\"canonical\" href=\"https:\/\/sales-ai-agents.com\/de\/templates\/persona-all-in-one\/\" \/>\n<meta property=\"og:locale\" content=\"de_DE\" \/>\n<meta property=\"og:type\" content=\"article\" \/>\n<meta property=\"og:title\" content=\"Nimbus Note - Persona All in One Vorlage - Sales AI Agents\" \/>\n<meta property=\"og:description\" content=\"Verwenden Sie die Persona All in One-Vorlage, um die wichtigsten Merkmale Ihrer Kunden zu definieren und Ihren Weg zum Erfolg zu planen!\" \/>\n<meta property=\"og:url\" content=\"https:\/\/sales-ai-agents.com\/de\/templates\/persona-all-in-one\/\" \/>\n<meta property=\"og:site_name\" content=\"Sales AI Agents\" \/>\n<meta property=\"article:modified_time\" content=\"2023-12-27T14:21:23+00:00\" \/>\n<meta property=\"og:image\" content=\"https:\/\/sales-ai-agents.com\/wp-content\/uploads\/2022\/09\/Persona-All-In-One-Template.png\" \/>\n\t<meta property=\"og:image:width\" content=\"1700\" \/>\n\t<meta property=\"og:image:height\" content=\"1100\" \/>\n\t<meta property=\"og:image:type\" content=\"image\/png\" \/>\n<meta name=\"twitter:card\" content=\"summary_large_image\" \/>\n<script type=\"application\/ld+json\" class=\"yoast-schema-graph\">{\"@context\":\"https:\/\/schema.org\",\"@graph\":[{\"@type\":\"WebPage\",\"@id\":\"https:\/\/sales-ai-agents.com\/de\/templates\/persona-all-in-one\/\",\"url\":\"https:\/\/sales-ai-agents.com\/de\/templates\/persona-all-in-one\/\",\"name\":\"Nimbus Note - Persona All in One Vorlage - Sales AI Agents\",\"isPartOf\":{\"@id\":\"https:\/\/sales-ai-agents.com\/#website\"},\"primaryImageOfPage\":{\"@id\":\"https:\/\/sales-ai-agents.com\/de\/templates\/persona-all-in-one\/#primaryimage\"},\"image\":{\"@id\":\"https:\/\/sales-ai-agents.com\/de\/templates\/persona-all-in-one\/#primaryimage\"},\"thumbnailUrl\":\"https:\/\/sales-ai-agents.com\/wp-content\/uploads\/2022\/09\/Persona-All-In-One-Template.png\",\"datePublished\":\"2022-09-26T11:49:53+00:00\",\"dateModified\":\"2023-12-27T14:21:23+00:00\",\"description\":\"Verwenden Sie die Persona All in One-Vorlage, um die wichtigsten Merkmale Ihrer Kunden zu definieren und Ihren Weg zum Erfolg zu planen!\",\"inLanguage\":\"de-DE\",\"potentialAction\":[{\"@type\":\"ReadAction\",\"target\":[\"https:\/\/sales-ai-agents.com\/de\/templates\/persona-all-in-one\/\"]}]},{\"@type\":\"ImageObject\",\"inLanguage\":\"de-DE\",\"@id\":\"https:\/\/sales-ai-agents.com\/de\/templates\/persona-all-in-one\/#primaryimage\",\"url\":\"https:\/\/sales-ai-agents.com\/wp-content\/uploads\/2022\/09\/Persona-All-In-One-Template.png\",\"contentUrl\":\"https:\/\/sales-ai-agents.com\/wp-content\/uploads\/2022\/09\/Persona-All-In-One-Template.png\",\"width\":1700,\"height\":1100,\"caption\":\"Use Persona All in One template to define the main characteristics of your customers and plan your progress towards success!\"},{\"@type\":\"WebSite\",\"@id\":\"https:\/\/sales-ai-agents.com\/#website\",\"url\":\"https:\/\/sales-ai-agents.com\/\",\"name\":\"FuseBase\",\"description\":\"Nimbus Platform - Free Online Collaboration Software for Remote Teams. Build your wikis, client portals and more with the Nimbus Platform collaboration tool ? A perfect space for online work\",\"publisher\":{\"@id\":\"https:\/\/sales-ai-agents.com\/#organization\"},\"potentialAction\":[{\"@type\":\"SearchAction\",\"target\":{\"@type\":\"EntryPoint\",\"urlTemplate\":\"https:\/\/sales-ai-agents.com\/?s={search_term_string}\"},\"query-input\":{\"@type\":\"PropertyValueSpecification\",\"valueRequired\":true,\"valueName\":\"search_term_string\"}}],\"inLanguage\":\"de-DE\"},{\"@type\":\"Organization\",\"@id\":\"https:\/\/sales-ai-agents.com\/#organization\",\"name\":\"FuseBase\",\"url\":\"https:\/\/sales-ai-agents.com\/\",\"logo\":{\"@type\":\"ImageObject\",\"inLanguage\":\"de-DE\",\"@id\":\"https:\/\/sales-ai-agents.com\/#\/schema\/logo\/image\/\",\"url\":\"https:\/\/sales-ai-agents.com\/wp-content\/uploads\/2023\/11\/icon-7.svg\",\"contentUrl\":\"https:\/\/sales-ai-agents.com\/wp-content\/uploads\/2023\/11\/icon-7.svg\",\"width\":128,\"height\":128,\"caption\":\"FuseBase\"},\"image\":{\"@id\":\"https:\/\/sales-ai-agents.com\/#\/schema\/logo\/image\/\"}}]}<\/script>\n<!-- \/ Yoast SEO plugin. -->","yoast_head_json":{"title":"Nimbus Note - Persona All in One Vorlage - Sales AI Agents","description":"Verwenden Sie die Persona All in One-Vorlage, um die wichtigsten Merkmale Ihrer Kunden zu definieren und Ihren Weg zum Erfolg zu planen!","robots":{"index":"index","follow":"follow","max-snippet":"max-snippet:-1","max-image-preview":"max-image-preview:large","max-video-preview":"max-video-preview:-1"},"canonical":"https:\/\/sales-ai-agents.com\/de\/templates\/persona-all-in-one\/","og_locale":"de_DE","og_type":"article","og_title":"Nimbus Note - Persona All in One Vorlage - Sales AI Agents","og_description":"Verwenden Sie die Persona All in One-Vorlage, um die wichtigsten Merkmale Ihrer Kunden zu definieren und Ihren Weg zum Erfolg zu planen!","og_url":"https:\/\/sales-ai-agents.com\/de\/templates\/persona-all-in-one\/","og_site_name":"Sales AI Agents","article_modified_time":"2023-12-27T14:21:23+00:00","og_image":[{"width":1700,"height":1100,"url":"https:\/\/sales-ai-agents.com\/wp-content\/uploads\/2022\/09\/Persona-All-In-One-Template.png","type":"image\/png"}],"twitter_card":"summary_large_image","schema":{"@context":"https:\/\/schema.org","@graph":[{"@type":"WebPage","@id":"https:\/\/sales-ai-agents.com\/de\/templates\/persona-all-in-one\/","url":"https:\/\/sales-ai-agents.com\/de\/templates\/persona-all-in-one\/","name":"Nimbus Note - Persona All in One Vorlage - Sales AI Agents","isPartOf":{"@id":"https:\/\/sales-ai-agents.com\/#website"},"primaryImageOfPage":{"@id":"https:\/\/sales-ai-agents.com\/de\/templates\/persona-all-in-one\/#primaryimage"},"image":{"@id":"https:\/\/sales-ai-agents.com\/de\/templates\/persona-all-in-one\/#primaryimage"},"thumbnailUrl":"https:\/\/sales-ai-agents.com\/wp-content\/uploads\/2022\/09\/Persona-All-In-One-Template.png","datePublished":"2022-09-26T11:49:53+00:00","dateModified":"2023-12-27T14:21:23+00:00","description":"Verwenden Sie die Persona All in One-Vorlage, um die wichtigsten Merkmale Ihrer Kunden zu definieren und Ihren Weg zum Erfolg zu planen!","inLanguage":"de-DE","potentialAction":[{"@type":"ReadAction","target":["https:\/\/sales-ai-agents.com\/de\/templates\/persona-all-in-one\/"]}]},{"@type":"ImageObject","inLanguage":"de-DE","@id":"https:\/\/sales-ai-agents.com\/de\/templates\/persona-all-in-one\/#primaryimage","url":"https:\/\/sales-ai-agents.com\/wp-content\/uploads\/2022\/09\/Persona-All-In-One-Template.png","contentUrl":"https:\/\/sales-ai-agents.com\/wp-content\/uploads\/2022\/09\/Persona-All-In-One-Template.png","width":1700,"height":1100,"caption":"Use Persona All in One template to define the main characteristics of your customers and plan your progress towards success!"},{"@type":"WebSite","@id":"https:\/\/sales-ai-agents.com\/#website","url":"https:\/\/sales-ai-agents.com\/","name":"FuseBase","description":"Nimbus Platform - Free Online Collaboration Software for Remote Teams. Build your wikis, client portals and more with the Nimbus Platform collaboration tool ? A perfect space for online work","publisher":{"@id":"https:\/\/sales-ai-agents.com\/#organization"},"potentialAction":[{"@type":"SearchAction","target":{"@type":"EntryPoint","urlTemplate":"https:\/\/sales-ai-agents.com\/?s={search_term_string}"},"query-input":{"@type":"PropertyValueSpecification","valueRequired":true,"valueName":"search_term_string"}}],"inLanguage":"de-DE"},{"@type":"Organization","@id":"https:\/\/sales-ai-agents.com\/#organization","name":"FuseBase","url":"https:\/\/sales-ai-agents.com\/","logo":{"@type":"ImageObject","inLanguage":"de-DE","@id":"https:\/\/sales-ai-agents.com\/#\/schema\/logo\/image\/","url":"https:\/\/sales-ai-agents.com\/wp-content\/uploads\/2023\/11\/icon-7.svg","contentUrl":"https:\/\/sales-ai-agents.com\/wp-content\/uploads\/2023\/11\/icon-7.svg","width":128,"height":128,"caption":"FuseBase"},"image":{"@id":"https:\/\/sales-ai-agents.com\/#\/schema\/logo\/image\/"}}]}},"_links":{"self":[{"href":"https:\/\/sales-ai-agents.com\/de\/wp-json\/wp\/v2\/product\/58422","targetHints":{"allow":["GET"]}}],"collection":[{"href":"https:\/\/sales-ai-agents.com\/de\/wp-json\/wp\/v2\/product"}],"about":[{"href":"https:\/\/sales-ai-agents.com\/de\/wp-json\/wp\/v2\/types\/product"}],"wp:featuredmedia":[{"embeddable":true,"href":"https:\/\/sales-ai-agents.com\/de\/wp-json\/wp\/v2\/media\/34258"}],"wp:attachment":[{"href":"https:\/\/sales-ai-agents.com\/de\/wp-json\/wp\/v2\/media?parent=58422"}],"wp:term":[{"taxonomy":"product_brand","embeddable":true,"href":"https:\/\/sales-ai-agents.com\/de\/wp-json\/wp\/v2\/product_brand?post=58422"},{"taxonomy":"product_cat","embeddable":true,"href":"https:\/\/sales-ai-agents.com\/de\/wp-json\/wp\/v2\/product_cat?post=58422"},{"taxonomy":"product_tag","embeddable":true,"href":"https:\/\/sales-ai-agents.com\/de\/wp-json\/wp\/v2\/product_tag?post=58422"}],"curies":[{"name":"wp","href":"https:\/\/api.w.org\/{rel}","templated":true}]}}