{"id":58430,"date":"2022-09-26T11:49:50","date_gmt":"2022-09-26T11:49:50","guid":{"rendered":"https:\/\/sales-ai-agents.com\/templates\/q2-okrs\/"},"modified":"2023-12-26T15:45:13","modified_gmt":"2023-12-26T15:45:13","slug":"q2-okrs","status":"publish","type":"product","link":"https:\/\/sales-ai-agents.com\/de\/templates\/q2-okrs\/","title":{"rendered":"Q2 OKRs"},"content":{"rendered":"<p>&nbsp;<\/p>\n<h2>Q2 OKRs Vorlage<\/h2>\n<p class=\"desc-text\">OKRs (Objectives and Key Results) verbinden Ihre Ziele mit den Messgr\u00f6\u00dfen. Wir haben diese OKR-Vorlage in unsere Bibliothek aufgenommen, damit Sie Ihre Ziele festlegen und messbare Ergebnisse definieren k\u00f6nnen. F\u00fcllen Sie diese Vorlage aus, damit Sie mit Ihrem Team Ziele kommunizieren und erfolgreiche Strategien entwickeln k\u00f6nnen. Arbeiten Sie nicht ohne einen Plan &#8211; nutzen Sie diesen als Rahmen, um Ihre Ziele zu erreichen.<\/p>\n<h5>Wie zu verwenden:<\/h5>\n<ul class=\"desc-item_list\">\n<li class=\"desc-item_list__point\">Ziele ausarbeiten<\/li>\n<li class=\"desc-item_list__point\">Auflistung der wichtigsten Ergebnisse f\u00fcr jedes Ziel<\/li>\n<li class=\"desc-item_list__point\">F\u00fcllen Sie die Tabelle aus<\/li>\n<li class=\"desc-item_list__point\">Jedem Ergebnis einen Eigent\u00fcmer zuweisen<\/li>\n<li class=\"desc-item_list__point\">EoQ-Bewertungen f\u00fcr jedes Ziel und jedes Ergebnis addieren<\/li>\n<\/ul>\n","protected":false},"excerpt":{"rendered":"<p>OKRs (Objectives and Key Results) verbinden Ihre Ziele mit echten Messgr\u00f6\u00dfen. Nutzen Sie diese kostenlose OKR-Vorlage, um Ihre Ziele zu formulieren und messbare Ergebnisse zu definieren!<\/p>\n","protected":false},"featured_media":25699,"template":"","meta":{"_acf_changed":false,"inline_featured_image":false},"product_brand":[],"product_cat":[186,190,191],"product_tag":[],"class_list":{"0":"post-58430","1":"product","2":"type-product","3":"status-publish","4":"has-post-thumbnail","6":"product_cat-product","7":"product_cat-project-documents","8":"product_cat-project-management","10":"first","11":"instock","12":"virtual","13":"sold-individually","14":"product-type-simple"},"acf":[],"yoast_head":"<!-- This site is optimized with the Yoast SEO plugin v25.3.1 - https:\/\/yoast.com\/wordpress\/plugins\/seo\/ -->\n<title>Q2 OKRs Vorlage - Sales AI Agents<\/title>\n<meta name=\"description\" content=\"OKRs (Objectives and Key Results) verbinden Ihre Ziele mit echten Messgr\u00f6\u00dfen. Nutzen Sie diese kostenlose OKR-Vorlage, um Ihre Ziele zu formulieren und messbare Ergebnisse zu definieren!\" \/>\n<meta name=\"robots\" content=\"index, follow, max-snippet:-1, max-image-preview:large, max-video-preview:-1\" \/>\n<link rel=\"canonical\" href=\"https:\/\/sales-ai-agents.com\/de\/templates\/q2-okrs\/\" \/>\n<meta property=\"og:locale\" content=\"de_DE\" \/>\n<meta property=\"og:type\" content=\"article\" \/>\n<meta property=\"og:title\" content=\"Q2 OKRs Vorlage - Sales AI Agents\" \/>\n<meta property=\"og:description\" content=\"OKRs (Objectives and Key Results) verbinden Ihre Ziele mit echten Messgr\u00f6\u00dfen. Nutzen Sie diese kostenlose OKR-Vorlage, um Ihre Ziele zu formulieren und messbare Ergebnisse zu definieren!\" \/>\n<meta property=\"og:url\" content=\"https:\/\/sales-ai-agents.com\/de\/templates\/q2-okrs\/\" \/>\n<meta property=\"og:site_name\" content=\"Sales AI Agents\" \/>\n<meta property=\"article:modified_time\" content=\"2023-12-26T15:45:13+00:00\" \/>\n<meta property=\"og:image\" content=\"https:\/\/sales-ai-agents.com\/wp-content\/uploads\/2022\/09\/Q2-OKRs-Template.png\" \/>\n\t<meta property=\"og:image:width\" content=\"1700\" \/>\n\t<meta property=\"og:image:height\" content=\"1100\" \/>\n\t<meta property=\"og:image:type\" content=\"image\/png\" \/>\n<meta name=\"twitter:card\" content=\"summary_large_image\" \/>\n<script type=\"application\/ld+json\" class=\"yoast-schema-graph\">{\"@context\":\"https:\/\/schema.org\",\"@graph\":[{\"@type\":\"WebPage\",\"@id\":\"https:\/\/sales-ai-agents.com\/de\/templates\/q2-okrs\/\",\"url\":\"https:\/\/sales-ai-agents.com\/de\/templates\/q2-okrs\/\",\"name\":\"Q2 OKRs Vorlage - Sales AI Agents\",\"isPartOf\":{\"@id\":\"https:\/\/sales-ai-agents.com\/#website\"},\"primaryImageOfPage\":{\"@id\":\"https:\/\/sales-ai-agents.com\/de\/templates\/q2-okrs\/#primaryimage\"},\"image\":{\"@id\":\"https:\/\/sales-ai-agents.com\/de\/templates\/q2-okrs\/#primaryimage\"},\"thumbnailUrl\":\"https:\/\/sales-ai-agents.com\/wp-content\/uploads\/2022\/09\/Q2-OKRs-Template.png\",\"datePublished\":\"2022-09-26T11:49:50+00:00\",\"dateModified\":\"2023-12-26T15:45:13+00:00\",\"description\":\"OKRs (Objectives and Key Results) verbinden Ihre Ziele mit echten Messgr\u00f6\u00dfen. Nutzen Sie diese kostenlose OKR-Vorlage, um Ihre Ziele zu formulieren und messbare Ergebnisse zu definieren!\",\"inLanguage\":\"de-DE\",\"potentialAction\":[{\"@type\":\"ReadAction\",\"target\":[\"https:\/\/sales-ai-agents.com\/de\/templates\/q2-okrs\/\"]}]},{\"@type\":\"ImageObject\",\"inLanguage\":\"de-DE\",\"@id\":\"https:\/\/sales-ai-agents.com\/de\/templates\/q2-okrs\/#primaryimage\",\"url\":\"https:\/\/sales-ai-agents.com\/wp-content\/uploads\/2022\/09\/Q2-OKRs-Template.png\",\"contentUrl\":\"https:\/\/sales-ai-agents.com\/wp-content\/uploads\/2022\/09\/Q2-OKRs-Template.png\",\"width\":1700,\"height\":1100,\"caption\":\"OKRs (Objectives and Key Results) connect your goals to real metrics.\"},{\"@type\":\"WebSite\",\"@id\":\"https:\/\/sales-ai-agents.com\/#website\",\"url\":\"https:\/\/sales-ai-agents.com\/\",\"name\":\"FuseBase\",\"description\":\"Nimbus Platform - Free Online Collaboration Software for Remote Teams. Build your wikis, client portals and more with the Nimbus Platform collaboration tool ? A perfect space for online work\",\"publisher\":{\"@id\":\"https:\/\/sales-ai-agents.com\/#organization\"},\"potentialAction\":[{\"@type\":\"SearchAction\",\"target\":{\"@type\":\"EntryPoint\",\"urlTemplate\":\"https:\/\/sales-ai-agents.com\/?s={search_term_string}\"},\"query-input\":{\"@type\":\"PropertyValueSpecification\",\"valueRequired\":true,\"valueName\":\"search_term_string\"}}],\"inLanguage\":\"de-DE\"},{\"@type\":\"Organization\",\"@id\":\"https:\/\/sales-ai-agents.com\/#organization\",\"name\":\"FuseBase\",\"url\":\"https:\/\/sales-ai-agents.com\/\",\"logo\":{\"@type\":\"ImageObject\",\"inLanguage\":\"de-DE\",\"@id\":\"https:\/\/sales-ai-agents.com\/#\/schema\/logo\/image\/\",\"url\":\"https:\/\/sales-ai-agents.com\/wp-content\/uploads\/2023\/11\/icon-7.svg\",\"contentUrl\":\"https:\/\/sales-ai-agents.com\/wp-content\/uploads\/2023\/11\/icon-7.svg\",\"width\":128,\"height\":128,\"caption\":\"FuseBase\"},\"image\":{\"@id\":\"https:\/\/sales-ai-agents.com\/#\/schema\/logo\/image\/\"}}]}<\/script>\n<!-- \/ Yoast SEO plugin. -->","yoast_head_json":{"title":"Q2 OKRs Vorlage - Sales AI Agents","description":"OKRs (Objectives and Key Results) verbinden Ihre Ziele mit echten Messgr\u00f6\u00dfen. Nutzen Sie diese kostenlose OKR-Vorlage, um Ihre Ziele zu formulieren und messbare Ergebnisse zu definieren!","robots":{"index":"index","follow":"follow","max-snippet":"max-snippet:-1","max-image-preview":"max-image-preview:large","max-video-preview":"max-video-preview:-1"},"canonical":"https:\/\/sales-ai-agents.com\/de\/templates\/q2-okrs\/","og_locale":"de_DE","og_type":"article","og_title":"Q2 OKRs Vorlage - Sales AI Agents","og_description":"OKRs (Objectives and Key Results) verbinden Ihre Ziele mit echten Messgr\u00f6\u00dfen. Nutzen Sie diese kostenlose OKR-Vorlage, um Ihre Ziele zu formulieren und messbare Ergebnisse zu definieren!","og_url":"https:\/\/sales-ai-agents.com\/de\/templates\/q2-okrs\/","og_site_name":"Sales AI Agents","article_modified_time":"2023-12-26T15:45:13+00:00","og_image":[{"width":1700,"height":1100,"url":"https:\/\/sales-ai-agents.com\/wp-content\/uploads\/2022\/09\/Q2-OKRs-Template.png","type":"image\/png"}],"twitter_card":"summary_large_image","schema":{"@context":"https:\/\/schema.org","@graph":[{"@type":"WebPage","@id":"https:\/\/sales-ai-agents.com\/de\/templates\/q2-okrs\/","url":"https:\/\/sales-ai-agents.com\/de\/templates\/q2-okrs\/","name":"Q2 OKRs Vorlage - Sales AI Agents","isPartOf":{"@id":"https:\/\/sales-ai-agents.com\/#website"},"primaryImageOfPage":{"@id":"https:\/\/sales-ai-agents.com\/de\/templates\/q2-okrs\/#primaryimage"},"image":{"@id":"https:\/\/sales-ai-agents.com\/de\/templates\/q2-okrs\/#primaryimage"},"thumbnailUrl":"https:\/\/sales-ai-agents.com\/wp-content\/uploads\/2022\/09\/Q2-OKRs-Template.png","datePublished":"2022-09-26T11:49:50+00:00","dateModified":"2023-12-26T15:45:13+00:00","description":"OKRs (Objectives and Key Results) verbinden Ihre Ziele mit echten Messgr\u00f6\u00dfen. Nutzen Sie diese kostenlose OKR-Vorlage, um Ihre Ziele zu formulieren und messbare Ergebnisse zu definieren!","inLanguage":"de-DE","potentialAction":[{"@type":"ReadAction","target":["https:\/\/sales-ai-agents.com\/de\/templates\/q2-okrs\/"]}]},{"@type":"ImageObject","inLanguage":"de-DE","@id":"https:\/\/sales-ai-agents.com\/de\/templates\/q2-okrs\/#primaryimage","url":"https:\/\/sales-ai-agents.com\/wp-content\/uploads\/2022\/09\/Q2-OKRs-Template.png","contentUrl":"https:\/\/sales-ai-agents.com\/wp-content\/uploads\/2022\/09\/Q2-OKRs-Template.png","width":1700,"height":1100,"caption":"OKRs (Objectives and Key Results) connect your goals to real metrics."},{"@type":"WebSite","@id":"https:\/\/sales-ai-agents.com\/#website","url":"https:\/\/sales-ai-agents.com\/","name":"FuseBase","description":"Nimbus Platform - Free Online Collaboration Software for Remote Teams. Build your wikis, client portals and more with the Nimbus Platform collaboration tool ? A perfect space for online work","publisher":{"@id":"https:\/\/sales-ai-agents.com\/#organization"},"potentialAction":[{"@type":"SearchAction","target":{"@type":"EntryPoint","urlTemplate":"https:\/\/sales-ai-agents.com\/?s={search_term_string}"},"query-input":{"@type":"PropertyValueSpecification","valueRequired":true,"valueName":"search_term_string"}}],"inLanguage":"de-DE"},{"@type":"Organization","@id":"https:\/\/sales-ai-agents.com\/#organization","name":"FuseBase","url":"https:\/\/sales-ai-agents.com\/","logo":{"@type":"ImageObject","inLanguage":"de-DE","@id":"https:\/\/sales-ai-agents.com\/#\/schema\/logo\/image\/","url":"https:\/\/sales-ai-agents.com\/wp-content\/uploads\/2023\/11\/icon-7.svg","contentUrl":"https:\/\/sales-ai-agents.com\/wp-content\/uploads\/2023\/11\/icon-7.svg","width":128,"height":128,"caption":"FuseBase"},"image":{"@id":"https:\/\/sales-ai-agents.com\/#\/schema\/logo\/image\/"}}]}},"_links":{"self":[{"href":"https:\/\/sales-ai-agents.com\/de\/wp-json\/wp\/v2\/product\/58430","targetHints":{"allow":["GET"]}}],"collection":[{"href":"https:\/\/sales-ai-agents.com\/de\/wp-json\/wp\/v2\/product"}],"about":[{"href":"https:\/\/sales-ai-agents.com\/de\/wp-json\/wp\/v2\/types\/product"}],"wp:featuredmedia":[{"embeddable":true,"href":"https:\/\/sales-ai-agents.com\/de\/wp-json\/wp\/v2\/media\/25699"}],"wp:attachment":[{"href":"https:\/\/sales-ai-agents.com\/de\/wp-json\/wp\/v2\/media?parent=58430"}],"wp:term":[{"taxonomy":"product_brand","embeddable":true,"href":"https:\/\/sales-ai-agents.com\/de\/wp-json\/wp\/v2\/product_brand?post=58430"},{"taxonomy":"product_cat","embeddable":true,"href":"https:\/\/sales-ai-agents.com\/de\/wp-json\/wp\/v2\/product_cat?post=58430"},{"taxonomy":"product_tag","embeddable":true,"href":"https:\/\/sales-ai-agents.com\/de\/wp-json\/wp\/v2\/product_tag?post=58430"}],"curies":[{"name":"wp","href":"https:\/\/api.w.org\/{rel}","templated":true}]}}