{"id":58434,"date":"2022-09-26T11:49:26","date_gmt":"2022-09-26T11:49:26","guid":{"rendered":"https:\/\/sales-ai-agents.com\/templates\/emergency-medical-identification\/"},"modified":"2023-12-26T15:10:50","modified_gmt":"2023-12-26T15:10:50","slug":"emergency-medical-identification","status":"publish","type":"product","link":"https:\/\/sales-ai-agents.com\/de\/templates\/emergency-medical-identification\/","title":{"rendered":"Medizinische Notfallausweise"},"content":{"rendered":"<p>&nbsp;<\/p>\n<h2>Vorlage f\u00fcr medizinische Notfallausweise<\/h2>\n<p class=\"desc-text\">F\u00fcr den Fall eines Notfalls ist es wichtig, medizinische Kontakte zur Hand zu haben. Nutzen Sie unsere Vorlage f\u00fcr medizinische Ausweise, um Ihre Kontaktliste zu organisieren. Halten Sie alle Ihre Informationen auf dem neuesten Stand und markieren Sie andere Mitglieder f\u00fcr einen schnellen Austausch. Sie k\u00f6nnen sich darauf verlassen, dass Ihre Daten sicher und gesch\u00fctzt gespeichert werden und leicht zug\u00e4nglich sind.<\/p>\n<h5>Wie zu verwenden:<\/h5>\n<ul class=\"desc-item_list\">\n<li class=\"desc-item_list__point\">F\u00fcgen Sie Informationen \u00fcber jede Person hinzu<\/li>\n<li class=\"desc-item_list__point\">Liste ihrer Notfallkontakte<\/li>\n<li class=\"desc-item_list__point\">Notieren Sie ihren Namen und ihre Adresse<\/li>\n<li class=\"desc-item_list__point\">Auflistung der Medikamente und deren Dosierung<\/li>\n<li class=\"desc-item_list__point\">Vergessen Sie nicht, Angaben zu Allergien zu machen<\/li>\n<\/ul>\n","protected":false},"excerpt":{"rendered":"<p>F\u00fcr den Fall eines Notfalls ist es wichtig, medizinische Kontakte zur Hand zu haben. Verwenden Sie unsere kostenlose Vorlage f\u00fcr einen Arztausweis, um Ihre Kontaktliste einfach zu organisieren.<\/p>\n","protected":false},"featured_media":20954,"template":"","meta":{"_acf_changed":false,"inline_featured_image":false},"product_brand":[],"product_cat":[183],"product_tag":[],"class_list":{"0":"post-58434","1":"product","2":"type-product","3":"status-publish","4":"has-post-thumbnail","6":"product_cat-personal-health","8":"first","9":"instock","10":"virtual","11":"sold-individually","12":"product-type-simple"},"acf":[],"yoast_head":"<!-- This site is optimized with the Yoast SEO plugin v25.3.1 - https:\/\/yoast.com\/wordpress\/plugins\/seo\/ -->\n<title>Medizinische Notfallausweise Vorlage - Sales AI Agents<\/title>\n<meta name=\"description\" content=\"F\u00fcr den Fall eines Notfalls ist es wichtig, medizinische Kontakte zur Hand zu haben. Verwenden Sie unsere kostenlose Vorlage f\u00fcr einen Arztausweis, um Ihre Kontaktliste einfach zu organisieren.\" \/>\n<meta name=\"robots\" content=\"index, follow, max-snippet:-1, max-image-preview:large, max-video-preview:-1\" \/>\n<link rel=\"canonical\" href=\"https:\/\/sales-ai-agents.com\/de\/templates\/emergency-medical-identification\/\" \/>\n<meta property=\"og:locale\" content=\"de_DE\" \/>\n<meta property=\"og:type\" content=\"article\" \/>\n<meta property=\"og:title\" content=\"Medizinische Notfallausweise Vorlage - Sales AI Agents\" \/>\n<meta property=\"og:description\" content=\"F\u00fcr den Fall eines Notfalls ist es wichtig, medizinische Kontakte zur Hand zu haben. Verwenden Sie unsere kostenlose Vorlage f\u00fcr einen Arztausweis, um Ihre Kontaktliste einfach zu organisieren.\" \/>\n<meta property=\"og:url\" content=\"https:\/\/sales-ai-agents.com\/de\/templates\/emergency-medical-identification\/\" \/>\n<meta property=\"og:site_name\" content=\"Sales AI Agents\" \/>\n<meta property=\"article:modified_time\" content=\"2023-12-26T15:10:50+00:00\" \/>\n<meta property=\"og:image\" content=\"https:\/\/sales-ai-agents.com\/wp-content\/uploads\/2023\/01\/image-preview124132.png\" \/>\n\t<meta property=\"og:image:width\" content=\"1078\" \/>\n\t<meta property=\"og:image:height\" content=\"760\" \/>\n\t<meta property=\"og:image:type\" content=\"image\/png\" \/>\n<meta name=\"twitter:card\" content=\"summary_large_image\" \/>\n<script type=\"application\/ld+json\" class=\"yoast-schema-graph\">{\"@context\":\"https:\/\/schema.org\",\"@graph\":[{\"@type\":\"WebPage\",\"@id\":\"https:\/\/sales-ai-agents.com\/de\/templates\/emergency-medical-identification\/\",\"url\":\"https:\/\/sales-ai-agents.com\/de\/templates\/emergency-medical-identification\/\",\"name\":\"Medizinische Notfallausweise Vorlage - Sales AI Agents\",\"isPartOf\":{\"@id\":\"https:\/\/sales-ai-agents.com\/#website\"},\"primaryImageOfPage\":{\"@id\":\"https:\/\/sales-ai-agents.com\/de\/templates\/emergency-medical-identification\/#primaryimage\"},\"image\":{\"@id\":\"https:\/\/sales-ai-agents.com\/de\/templates\/emergency-medical-identification\/#primaryimage\"},\"thumbnailUrl\":\"https:\/\/sales-ai-agents.com\/wp-content\/uploads\/2023\/01\/image-preview124132.png\",\"datePublished\":\"2022-09-26T11:49:26+00:00\",\"dateModified\":\"2023-12-26T15:10:50+00:00\",\"description\":\"F\u00fcr den Fall eines Notfalls ist es wichtig, medizinische Kontakte zur Hand zu haben. Verwenden Sie unsere kostenlose Vorlage f\u00fcr einen Arztausweis, um Ihre Kontaktliste einfach zu organisieren.\",\"inLanguage\":\"de-DE\",\"potentialAction\":[{\"@type\":\"ReadAction\",\"target\":[\"https:\/\/sales-ai-agents.com\/de\/templates\/emergency-medical-identification\/\"]}]},{\"@type\":\"ImageObject\",\"inLanguage\":\"de-DE\",\"@id\":\"https:\/\/sales-ai-agents.com\/de\/templates\/emergency-medical-identification\/#primaryimage\",\"url\":\"https:\/\/sales-ai-agents.com\/wp-content\/uploads\/2023\/01\/image-preview124132.png\",\"contentUrl\":\"https:\/\/sales-ai-agents.com\/wp-content\/uploads\/2023\/01\/image-preview124132.png\",\"width\":1078,\"height\":760,\"caption\":\"Emergency Medical Identification Template - Nimbus Platform\"},{\"@type\":\"WebSite\",\"@id\":\"https:\/\/sales-ai-agents.com\/#website\",\"url\":\"https:\/\/sales-ai-agents.com\/\",\"name\":\"FuseBase\",\"description\":\"Nimbus Platform - Free Online Collaboration Software for Remote Teams. Build your wikis, client portals and more with the Nimbus Platform collaboration tool ? A perfect space for online work\",\"publisher\":{\"@id\":\"https:\/\/sales-ai-agents.com\/#organization\"},\"potentialAction\":[{\"@type\":\"SearchAction\",\"target\":{\"@type\":\"EntryPoint\",\"urlTemplate\":\"https:\/\/sales-ai-agents.com\/?s={search_term_string}\"},\"query-input\":{\"@type\":\"PropertyValueSpecification\",\"valueRequired\":true,\"valueName\":\"search_term_string\"}}],\"inLanguage\":\"de-DE\"},{\"@type\":\"Organization\",\"@id\":\"https:\/\/sales-ai-agents.com\/#organization\",\"name\":\"FuseBase\",\"url\":\"https:\/\/sales-ai-agents.com\/\",\"logo\":{\"@type\":\"ImageObject\",\"inLanguage\":\"de-DE\",\"@id\":\"https:\/\/sales-ai-agents.com\/#\/schema\/logo\/image\/\",\"url\":\"https:\/\/sales-ai-agents.com\/wp-content\/uploads\/2023\/11\/icon-7.svg\",\"contentUrl\":\"https:\/\/sales-ai-agents.com\/wp-content\/uploads\/2023\/11\/icon-7.svg\",\"width\":128,\"height\":128,\"caption\":\"FuseBase\"},\"image\":{\"@id\":\"https:\/\/sales-ai-agents.com\/#\/schema\/logo\/image\/\"}}]}<\/script>\n<!-- \/ Yoast SEO plugin. -->","yoast_head_json":{"title":"Medizinische Notfallausweise Vorlage - Sales AI Agents","description":"F\u00fcr den Fall eines Notfalls ist es wichtig, medizinische Kontakte zur Hand zu haben. Verwenden Sie unsere kostenlose Vorlage f\u00fcr einen Arztausweis, um Ihre Kontaktliste einfach zu organisieren.","robots":{"index":"index","follow":"follow","max-snippet":"max-snippet:-1","max-image-preview":"max-image-preview:large","max-video-preview":"max-video-preview:-1"},"canonical":"https:\/\/sales-ai-agents.com\/de\/templates\/emergency-medical-identification\/","og_locale":"de_DE","og_type":"article","og_title":"Medizinische Notfallausweise Vorlage - Sales AI Agents","og_description":"F\u00fcr den Fall eines Notfalls ist es wichtig, medizinische Kontakte zur Hand zu haben. Verwenden Sie unsere kostenlose Vorlage f\u00fcr einen Arztausweis, um Ihre Kontaktliste einfach zu organisieren.","og_url":"https:\/\/sales-ai-agents.com\/de\/templates\/emergency-medical-identification\/","og_site_name":"Sales AI Agents","article_modified_time":"2023-12-26T15:10:50+00:00","og_image":[{"width":1078,"height":760,"url":"https:\/\/sales-ai-agents.com\/wp-content\/uploads\/2023\/01\/image-preview124132.png","type":"image\/png"}],"twitter_card":"summary_large_image","schema":{"@context":"https:\/\/schema.org","@graph":[{"@type":"WebPage","@id":"https:\/\/sales-ai-agents.com\/de\/templates\/emergency-medical-identification\/","url":"https:\/\/sales-ai-agents.com\/de\/templates\/emergency-medical-identification\/","name":"Medizinische Notfallausweise Vorlage - Sales AI Agents","isPartOf":{"@id":"https:\/\/sales-ai-agents.com\/#website"},"primaryImageOfPage":{"@id":"https:\/\/sales-ai-agents.com\/de\/templates\/emergency-medical-identification\/#primaryimage"},"image":{"@id":"https:\/\/sales-ai-agents.com\/de\/templates\/emergency-medical-identification\/#primaryimage"},"thumbnailUrl":"https:\/\/sales-ai-agents.com\/wp-content\/uploads\/2023\/01\/image-preview124132.png","datePublished":"2022-09-26T11:49:26+00:00","dateModified":"2023-12-26T15:10:50+00:00","description":"F\u00fcr den Fall eines Notfalls ist es wichtig, medizinische Kontakte zur Hand zu haben. Verwenden Sie unsere kostenlose Vorlage f\u00fcr einen Arztausweis, um Ihre Kontaktliste einfach zu organisieren.","inLanguage":"de-DE","potentialAction":[{"@type":"ReadAction","target":["https:\/\/sales-ai-agents.com\/de\/templates\/emergency-medical-identification\/"]}]},{"@type":"ImageObject","inLanguage":"de-DE","@id":"https:\/\/sales-ai-agents.com\/de\/templates\/emergency-medical-identification\/#primaryimage","url":"https:\/\/sales-ai-agents.com\/wp-content\/uploads\/2023\/01\/image-preview124132.png","contentUrl":"https:\/\/sales-ai-agents.com\/wp-content\/uploads\/2023\/01\/image-preview124132.png","width":1078,"height":760,"caption":"Emergency Medical Identification Template - Nimbus Platform"},{"@type":"WebSite","@id":"https:\/\/sales-ai-agents.com\/#website","url":"https:\/\/sales-ai-agents.com\/","name":"FuseBase","description":"Nimbus Platform - Free Online Collaboration Software for Remote Teams. Build your wikis, client portals and more with the Nimbus Platform collaboration tool ? A perfect space for online work","publisher":{"@id":"https:\/\/sales-ai-agents.com\/#organization"},"potentialAction":[{"@type":"SearchAction","target":{"@type":"EntryPoint","urlTemplate":"https:\/\/sales-ai-agents.com\/?s={search_term_string}"},"query-input":{"@type":"PropertyValueSpecification","valueRequired":true,"valueName":"search_term_string"}}],"inLanguage":"de-DE"},{"@type":"Organization","@id":"https:\/\/sales-ai-agents.com\/#organization","name":"FuseBase","url":"https:\/\/sales-ai-agents.com\/","logo":{"@type":"ImageObject","inLanguage":"de-DE","@id":"https:\/\/sales-ai-agents.com\/#\/schema\/logo\/image\/","url":"https:\/\/sales-ai-agents.com\/wp-content\/uploads\/2023\/11\/icon-7.svg","contentUrl":"https:\/\/sales-ai-agents.com\/wp-content\/uploads\/2023\/11\/icon-7.svg","width":128,"height":128,"caption":"FuseBase"},"image":{"@id":"https:\/\/sales-ai-agents.com\/#\/schema\/logo\/image\/"}}]}},"_links":{"self":[{"href":"https:\/\/sales-ai-agents.com\/de\/wp-json\/wp\/v2\/product\/58434","targetHints":{"allow":["GET"]}}],"collection":[{"href":"https:\/\/sales-ai-agents.com\/de\/wp-json\/wp\/v2\/product"}],"about":[{"href":"https:\/\/sales-ai-agents.com\/de\/wp-json\/wp\/v2\/types\/product"}],"wp:featuredmedia":[{"embeddable":true,"href":"https:\/\/sales-ai-agents.com\/de\/wp-json\/wp\/v2\/media\/20954"}],"wp:attachment":[{"href":"https:\/\/sales-ai-agents.com\/de\/wp-json\/wp\/v2\/media?parent=58434"}],"wp:term":[{"taxonomy":"product_brand","embeddable":true,"href":"https:\/\/sales-ai-agents.com\/de\/wp-json\/wp\/v2\/product_brand?post=58434"},{"taxonomy":"product_cat","embeddable":true,"href":"https:\/\/sales-ai-agents.com\/de\/wp-json\/wp\/v2\/product_cat?post=58434"},{"taxonomy":"product_tag","embeddable":true,"href":"https:\/\/sales-ai-agents.com\/de\/wp-json\/wp\/v2\/product_tag?post=58434"}],"curies":[{"name":"wp","href":"https:\/\/api.w.org\/{rel}","templated":true}]}}