{"id":58437,"date":"2022-09-26T11:49:23","date_gmt":"2022-09-26T11:49:23","guid":{"rendered":"https:\/\/sales-ai-agents.com\/templates\/measurement-tracker\/"},"modified":"2023-12-27T14:19:40","modified_gmt":"2023-12-27T14:19:40","slug":"measurement-tracker","status":"publish","type":"product","link":"https:\/\/sales-ai-agents.com\/de\/templates\/measurement-tracker\/","title":{"rendered":"Messung Tracker"},"content":{"rendered":"<p>&nbsp;<\/p>\n<h2>Measurement Tracker-Vorlage<\/h2>\n<p class=\"desc-text\">Eine Waage reicht nicht aus, um genau zu zeigen, wie viel und woher Sie Ihr Gewicht verlieren. Verwenden Sie diese Vorlage, um zu \u00fcberpr\u00fcfen, ob Ihre K\u00f6rperma\u00dfe kleiner werden. In diesem Fall k\u00f6nnen Sie zufrieden sein, dass Ihr Di\u00e4ttraining funktioniert.<\/p>\n<h5>Wie zu verwenden:<\/h5>\n<ul class=\"desc-item_list\">\n<li class=\"desc-item_list__point\">Geben Sie das Datum und die Ma\u00dfe f\u00fcr Ihre K\u00f6rperteile (Arme, Brust, Taille, H\u00fcfte, Oberschenkel, Waden) und Ihr Gewicht ein.<\/li>\n<li class=\"desc-item_list__point\">Legen Sie das Ziel und das Datum fest, bis zu dem Sie es erreichen sollten<\/li>\n<li class=\"desc-item_list__point\">Nehmen Sie Messungen vor und tragen Sie die Daten in die Tabelle ein, um den Fortschritt auf dem Weg zum Ziel zu verfolgen.<\/li>\n<\/ul>\n","protected":false},"excerpt":{"rendered":"<p>Verwenden Sie diese Vorlage, um zu \u00fcberpr\u00fcfen, ob Ihre K\u00f6rperma\u00dfe kleiner werden. In diesem Fall k\u00f6nnen Sie sicher sein, dass Ihr Di\u00e4ttraining wirklich funktioniert.<\/p>\n","protected":false},"featured_media":20952,"template":"","meta":{"_acf_changed":false,"inline_featured_image":false},"product_brand":[],"product_cat":[180,183],"product_tag":[],"class_list":{"0":"post-58437","1":"product","2":"type-product","3":"status-publish","4":"has-post-thumbnail","6":"product_cat-personal","7":"product_cat-personal-health","9":"first","10":"instock","11":"virtual","12":"sold-individually","13":"product-type-simple"},"acf":[],"yoast_head":"<!-- This site is optimized with the Yoast SEO plugin v25.3.1 - https:\/\/yoast.com\/wordpress\/plugins\/seo\/ -->\n<title>Measurement Tracker Vorlage - Sales AI Agents<\/title>\n<meta name=\"description\" content=\"Verwenden Sie diese Vorlage, um zu \u00fcberpr\u00fcfen, ob Ihre K\u00f6rperma\u00dfe kleiner werden. In diesem Fall k\u00f6nnen Sie zufrieden sein, dass Ihr Di\u00e4ttraining funktioniert.\" \/>\n<meta name=\"robots\" content=\"index, follow, max-snippet:-1, max-image-preview:large, max-video-preview:-1\" \/>\n<link rel=\"canonical\" href=\"https:\/\/sales-ai-agents.com\/de\/templates\/measurement-tracker\/\" \/>\n<meta property=\"og:locale\" content=\"de_DE\" \/>\n<meta property=\"og:type\" content=\"article\" \/>\n<meta property=\"og:title\" content=\"Measurement Tracker Vorlage - Sales AI Agents\" \/>\n<meta property=\"og:description\" content=\"Verwenden Sie diese Vorlage, um zu \u00fcberpr\u00fcfen, ob Ihre K\u00f6rperma\u00dfe kleiner werden. In diesem Fall k\u00f6nnen Sie zufrieden sein, dass Ihr Di\u00e4ttraining funktioniert.\" \/>\n<meta property=\"og:url\" content=\"https:\/\/sales-ai-agents.com\/de\/templates\/measurement-tracker\/\" \/>\n<meta property=\"og:site_name\" content=\"Sales AI Agents\" \/>\n<meta property=\"article:modified_time\" content=\"2023-12-27T14:19:40+00:00\" \/>\n<meta property=\"og:image\" content=\"https:\/\/sales-ai-agents.com\/wp-content\/uploads\/2023\/01\/image-preview124130.png\" \/>\n\t<meta property=\"og:image:width\" content=\"1078\" \/>\n\t<meta property=\"og:image:height\" content=\"760\" \/>\n\t<meta property=\"og:image:type\" content=\"image\/png\" \/>\n<meta name=\"twitter:card\" content=\"summary_large_image\" \/>\n<script type=\"application\/ld+json\" class=\"yoast-schema-graph\">{\"@context\":\"https:\/\/schema.org\",\"@graph\":[{\"@type\":\"WebPage\",\"@id\":\"https:\/\/sales-ai-agents.com\/de\/templates\/measurement-tracker\/\",\"url\":\"https:\/\/sales-ai-agents.com\/de\/templates\/measurement-tracker\/\",\"name\":\"Measurement Tracker Vorlage - Sales AI Agents\",\"isPartOf\":{\"@id\":\"https:\/\/sales-ai-agents.com\/#website\"},\"primaryImageOfPage\":{\"@id\":\"https:\/\/sales-ai-agents.com\/de\/templates\/measurement-tracker\/#primaryimage\"},\"image\":{\"@id\":\"https:\/\/sales-ai-agents.com\/de\/templates\/measurement-tracker\/#primaryimage\"},\"thumbnailUrl\":\"https:\/\/sales-ai-agents.com\/wp-content\/uploads\/2023\/01\/image-preview124130.png\",\"datePublished\":\"2022-09-26T11:49:23+00:00\",\"dateModified\":\"2023-12-27T14:19:40+00:00\",\"description\":\"Verwenden Sie diese Vorlage, um zu \u00fcberpr\u00fcfen, ob Ihre K\u00f6rperma\u00dfe kleiner werden. In diesem Fall k\u00f6nnen Sie zufrieden sein, dass Ihr Di\u00e4ttraining funktioniert.\",\"inLanguage\":\"de-DE\",\"potentialAction\":[{\"@type\":\"ReadAction\",\"target\":[\"https:\/\/sales-ai-agents.com\/de\/templates\/measurement-tracker\/\"]}]},{\"@type\":\"ImageObject\",\"inLanguage\":\"de-DE\",\"@id\":\"https:\/\/sales-ai-agents.com\/de\/templates\/measurement-tracker\/#primaryimage\",\"url\":\"https:\/\/sales-ai-agents.com\/wp-content\/uploads\/2023\/01\/image-preview124130.png\",\"contentUrl\":\"https:\/\/sales-ai-agents.com\/wp-content\/uploads\/2023\/01\/image-preview124130.png\",\"width\":1078,\"height\":760,\"caption\":\"Measurement Tracker Template - Nimbus Platform\"},{\"@type\":\"WebSite\",\"@id\":\"https:\/\/sales-ai-agents.com\/#website\",\"url\":\"https:\/\/sales-ai-agents.com\/\",\"name\":\"FuseBase\",\"description\":\"Nimbus Platform - Free Online Collaboration Software for Remote Teams. Build your wikis, client portals and more with the Nimbus Platform collaboration tool ? A perfect space for online work\",\"publisher\":{\"@id\":\"https:\/\/sales-ai-agents.com\/#organization\"},\"potentialAction\":[{\"@type\":\"SearchAction\",\"target\":{\"@type\":\"EntryPoint\",\"urlTemplate\":\"https:\/\/sales-ai-agents.com\/?s={search_term_string}\"},\"query-input\":{\"@type\":\"PropertyValueSpecification\",\"valueRequired\":true,\"valueName\":\"search_term_string\"}}],\"inLanguage\":\"de-DE\"},{\"@type\":\"Organization\",\"@id\":\"https:\/\/sales-ai-agents.com\/#organization\",\"name\":\"FuseBase\",\"url\":\"https:\/\/sales-ai-agents.com\/\",\"logo\":{\"@type\":\"ImageObject\",\"inLanguage\":\"de-DE\",\"@id\":\"https:\/\/sales-ai-agents.com\/#\/schema\/logo\/image\/\",\"url\":\"https:\/\/sales-ai-agents.com\/wp-content\/uploads\/2023\/11\/icon-7.svg\",\"contentUrl\":\"https:\/\/sales-ai-agents.com\/wp-content\/uploads\/2023\/11\/icon-7.svg\",\"width\":128,\"height\":128,\"caption\":\"FuseBase\"},\"image\":{\"@id\":\"https:\/\/sales-ai-agents.com\/#\/schema\/logo\/image\/\"}}]}<\/script>\n<!-- \/ Yoast SEO plugin. -->","yoast_head_json":{"title":"Measurement Tracker Vorlage - Sales AI Agents","description":"Verwenden Sie diese Vorlage, um zu \u00fcberpr\u00fcfen, ob Ihre K\u00f6rperma\u00dfe kleiner werden. In diesem Fall k\u00f6nnen Sie zufrieden sein, dass Ihr Di\u00e4ttraining funktioniert.","robots":{"index":"index","follow":"follow","max-snippet":"max-snippet:-1","max-image-preview":"max-image-preview:large","max-video-preview":"max-video-preview:-1"},"canonical":"https:\/\/sales-ai-agents.com\/de\/templates\/measurement-tracker\/","og_locale":"de_DE","og_type":"article","og_title":"Measurement Tracker Vorlage - Sales AI Agents","og_description":"Verwenden Sie diese Vorlage, um zu \u00fcberpr\u00fcfen, ob Ihre K\u00f6rperma\u00dfe kleiner werden. In diesem Fall k\u00f6nnen Sie zufrieden sein, dass Ihr Di\u00e4ttraining funktioniert.","og_url":"https:\/\/sales-ai-agents.com\/de\/templates\/measurement-tracker\/","og_site_name":"Sales AI Agents","article_modified_time":"2023-12-27T14:19:40+00:00","og_image":[{"width":1078,"height":760,"url":"https:\/\/sales-ai-agents.com\/wp-content\/uploads\/2023\/01\/image-preview124130.png","type":"image\/png"}],"twitter_card":"summary_large_image","schema":{"@context":"https:\/\/schema.org","@graph":[{"@type":"WebPage","@id":"https:\/\/sales-ai-agents.com\/de\/templates\/measurement-tracker\/","url":"https:\/\/sales-ai-agents.com\/de\/templates\/measurement-tracker\/","name":"Measurement Tracker Vorlage - Sales AI Agents","isPartOf":{"@id":"https:\/\/sales-ai-agents.com\/#website"},"primaryImageOfPage":{"@id":"https:\/\/sales-ai-agents.com\/de\/templates\/measurement-tracker\/#primaryimage"},"image":{"@id":"https:\/\/sales-ai-agents.com\/de\/templates\/measurement-tracker\/#primaryimage"},"thumbnailUrl":"https:\/\/sales-ai-agents.com\/wp-content\/uploads\/2023\/01\/image-preview124130.png","datePublished":"2022-09-26T11:49:23+00:00","dateModified":"2023-12-27T14:19:40+00:00","description":"Verwenden Sie diese Vorlage, um zu \u00fcberpr\u00fcfen, ob Ihre K\u00f6rperma\u00dfe kleiner werden. In diesem Fall k\u00f6nnen Sie zufrieden sein, dass Ihr Di\u00e4ttraining funktioniert.","inLanguage":"de-DE","potentialAction":[{"@type":"ReadAction","target":["https:\/\/sales-ai-agents.com\/de\/templates\/measurement-tracker\/"]}]},{"@type":"ImageObject","inLanguage":"de-DE","@id":"https:\/\/sales-ai-agents.com\/de\/templates\/measurement-tracker\/#primaryimage","url":"https:\/\/sales-ai-agents.com\/wp-content\/uploads\/2023\/01\/image-preview124130.png","contentUrl":"https:\/\/sales-ai-agents.com\/wp-content\/uploads\/2023\/01\/image-preview124130.png","width":1078,"height":760,"caption":"Measurement Tracker Template - Nimbus Platform"},{"@type":"WebSite","@id":"https:\/\/sales-ai-agents.com\/#website","url":"https:\/\/sales-ai-agents.com\/","name":"FuseBase","description":"Nimbus Platform - Free Online Collaboration Software for Remote Teams. Build your wikis, client portals and more with the Nimbus Platform collaboration tool ? A perfect space for online work","publisher":{"@id":"https:\/\/sales-ai-agents.com\/#organization"},"potentialAction":[{"@type":"SearchAction","target":{"@type":"EntryPoint","urlTemplate":"https:\/\/sales-ai-agents.com\/?s={search_term_string}"},"query-input":{"@type":"PropertyValueSpecification","valueRequired":true,"valueName":"search_term_string"}}],"inLanguage":"de-DE"},{"@type":"Organization","@id":"https:\/\/sales-ai-agents.com\/#organization","name":"FuseBase","url":"https:\/\/sales-ai-agents.com\/","logo":{"@type":"ImageObject","inLanguage":"de-DE","@id":"https:\/\/sales-ai-agents.com\/#\/schema\/logo\/image\/","url":"https:\/\/sales-ai-agents.com\/wp-content\/uploads\/2023\/11\/icon-7.svg","contentUrl":"https:\/\/sales-ai-agents.com\/wp-content\/uploads\/2023\/11\/icon-7.svg","width":128,"height":128,"caption":"FuseBase"},"image":{"@id":"https:\/\/sales-ai-agents.com\/#\/schema\/logo\/image\/"}}]}},"_links":{"self":[{"href":"https:\/\/sales-ai-agents.com\/de\/wp-json\/wp\/v2\/product\/58437","targetHints":{"allow":["GET"]}}],"collection":[{"href":"https:\/\/sales-ai-agents.com\/de\/wp-json\/wp\/v2\/product"}],"about":[{"href":"https:\/\/sales-ai-agents.com\/de\/wp-json\/wp\/v2\/types\/product"}],"wp:featuredmedia":[{"embeddable":true,"href":"https:\/\/sales-ai-agents.com\/de\/wp-json\/wp\/v2\/media\/20952"}],"wp:attachment":[{"href":"https:\/\/sales-ai-agents.com\/de\/wp-json\/wp\/v2\/media?parent=58437"}],"wp:term":[{"taxonomy":"product_brand","embeddable":true,"href":"https:\/\/sales-ai-agents.com\/de\/wp-json\/wp\/v2\/product_brand?post=58437"},{"taxonomy":"product_cat","embeddable":true,"href":"https:\/\/sales-ai-agents.com\/de\/wp-json\/wp\/v2\/product_cat?post=58437"},{"taxonomy":"product_tag","embeddable":true,"href":"https:\/\/sales-ai-agents.com\/de\/wp-json\/wp\/v2\/product_tag?post=58437"}],"curies":[{"name":"wp","href":"https:\/\/api.w.org\/{rel}","templated":true}]}}