{"id":58442,"date":"2022-09-26T11:48:51","date_gmt":"2022-09-26T11:48:51","guid":{"rendered":"https:\/\/sales-ai-agents.com\/templates\/updates-and-tutorials-for-clients\/"},"modified":"2023-12-27T15:53:12","modified_gmt":"2023-12-27T15:53:12","slug":"updates-and-tutorials-for-clients","status":"publish","type":"product","link":"https:\/\/sales-ai-agents.com\/de\/templates\/updates-and-tutorials-for-clients\/","title":{"rendered":"Updates und Tutorials f\u00fcr Kunden"},"content":{"rendered":"<p>&nbsp;<\/p>\n<h2>Updates &amp; Tutorials f\u00fcr Kunden Vorlage<\/h2>\n<p class=\"desc-text\">Verwenden Sie diese Vorlage, um Aktualisierungen und Anleitungen an Ihre Kunden zu senden.<br \/>\nSammeln Sie Informationen in mehreren Formaten auf einer einzigen Seite, damit Ihre Kunden das Gesamtbild besser erkennen k\u00f6nnen.<\/p>\n<h5>Wie zu verwenden:<\/h5>\n<ul class=\"desc-item_list\">\n<li class=\"desc-item_list__point\">Informieren Sie Ihre Kunden \u00fcber die Aktualisierung.<\/li>\n<li class=\"desc-item_list__point\">Binden Sie andere Plattformen ein, um Ihren Kunden zu zeigen, was sich ge\u00e4ndert hat.<\/li>\n<li class=\"desc-item_list__point\">Erz\u00e4hlen Sie mehr \u00fcber die n\u00e4chsten Schritte.<\/li>\n<li class=\"desc-item_list__point\">F\u00fcgen Sie bei Bedarf eine Anleitung f\u00fcr Ihre Kunden hinzu.<\/li>\n<\/ul>\n","protected":false},"excerpt":{"rendered":"<p>Nutzen Sie unsere kostenlose Vorlage f\u00fcr Updates &amp; Tutorials, um Ihre Kunden mit Einbettungen, Highlights und Roadmaps \u00fcber die n\u00e4chsten Schritte in Ihrem Produkt zu informieren.<\/p>\n","protected":false},"featured_media":25954,"template":"","meta":{"_acf_changed":false,"inline_featured_image":false},"product_brand":[],"product_cat":[174,169,194,196],"product_tag":[],"class_list":{"0":"post-58442","1":"product","2":"type-product","3":"status-publish","4":"has-post-thumbnail","6":"product_cat-marketing-clients","7":"product_cat-entrepreneur","8":"product_cat-sales-account","9":"product_cat-sales-proposals","10":"collections-client","12":"first","13":"instock","14":"virtual","15":"sold-individually","16":"product-type-simple"},"acf":[],"yoast_head":"<!-- This site is optimized with the Yoast SEO plugin v25.3.1 - https:\/\/yoast.com\/wordpress\/plugins\/seo\/ -->\n<title>Updates &amp; Tutorials f\u00fcr Kunden Vorlage - Sales AI Agents<\/title>\n<meta name=\"description\" content=\"Nutzen Sie unsere kostenlose Vorlage f\u00fcr Updates &amp; Tutorials, um Ihre Kunden mit Einbettungen, Highlights und Roadmaps dar\u00fcber zu informieren, was als N\u00e4chstes mit Ihrem Produkt kommt!\" \/>\n<meta name=\"robots\" content=\"index, follow, max-snippet:-1, max-image-preview:large, max-video-preview:-1\" \/>\n<link rel=\"canonical\" href=\"https:\/\/sales-ai-agents.com\/de\/templates\/updates-and-tutorials-for-clients\/\" \/>\n<meta property=\"og:locale\" content=\"de_DE\" \/>\n<meta property=\"og:type\" content=\"article\" \/>\n<meta property=\"og:title\" content=\"Updates &amp; Tutorials f\u00fcr Kunden Vorlage - Sales AI Agents\" \/>\n<meta property=\"og:description\" content=\"Nutzen Sie unsere kostenlose Vorlage f\u00fcr Updates &amp; Tutorials, um Ihre Kunden mit Einbettungen, Highlights und Roadmaps dar\u00fcber zu informieren, was als N\u00e4chstes mit Ihrem Produkt kommt!\" \/>\n<meta property=\"og:url\" content=\"https:\/\/sales-ai-agents.com\/de\/templates\/updates-and-tutorials-for-clients\/\" \/>\n<meta property=\"og:site_name\" content=\"Sales AI Agents\" \/>\n<meta property=\"article:modified_time\" content=\"2023-12-27T15:53:12+00:00\" \/>\n<meta property=\"og:image\" content=\"https:\/\/sales-ai-agents.com\/wp-content\/uploads\/2022\/09\/Updates-and-Tutorials-for-Clients-Template.png\" \/>\n\t<meta property=\"og:image:width\" content=\"1700\" \/>\n\t<meta property=\"og:image:height\" content=\"1100\" \/>\n\t<meta property=\"og:image:type\" content=\"image\/png\" \/>\n<meta name=\"twitter:card\" content=\"summary_large_image\" \/>\n<script type=\"application\/ld+json\" class=\"yoast-schema-graph\">{\"@context\":\"https:\/\/schema.org\",\"@graph\":[{\"@type\":\"WebPage\",\"@id\":\"https:\/\/sales-ai-agents.com\/de\/templates\/updates-and-tutorials-for-clients\/\",\"url\":\"https:\/\/sales-ai-agents.com\/de\/templates\/updates-and-tutorials-for-clients\/\",\"name\":\"Updates & Tutorials f\u00fcr Kunden Vorlage - Sales AI Agents\",\"isPartOf\":{\"@id\":\"https:\/\/sales-ai-agents.com\/#website\"},\"primaryImageOfPage\":{\"@id\":\"https:\/\/sales-ai-agents.com\/de\/templates\/updates-and-tutorials-for-clients\/#primaryimage\"},\"image\":{\"@id\":\"https:\/\/sales-ai-agents.com\/de\/templates\/updates-and-tutorials-for-clients\/#primaryimage\"},\"thumbnailUrl\":\"https:\/\/sales-ai-agents.com\/wp-content\/uploads\/2022\/09\/Updates-and-Tutorials-for-Clients-Template.png\",\"datePublished\":\"2022-09-26T11:48:51+00:00\",\"dateModified\":\"2023-12-27T15:53:12+00:00\",\"description\":\"Nutzen Sie unsere kostenlose Vorlage f\u00fcr Updates & Tutorials, um Ihre Kunden mit Einbettungen, Highlights und Roadmaps dar\u00fcber zu informieren, was als N\u00e4chstes mit Ihrem Produkt kommt!\",\"inLanguage\":\"de-DE\",\"potentialAction\":[{\"@type\":\"ReadAction\",\"target\":[\"https:\/\/sales-ai-agents.com\/de\/templates\/updates-and-tutorials-for-clients\/\"]}]},{\"@type\":\"ImageObject\",\"inLanguage\":\"de-DE\",\"@id\":\"https:\/\/sales-ai-agents.com\/de\/templates\/updates-and-tutorials-for-clients\/#primaryimage\",\"url\":\"https:\/\/sales-ai-agents.com\/wp-content\/uploads\/2022\/09\/Updates-and-Tutorials-for-Clients-Template.png\",\"contentUrl\":\"https:\/\/sales-ai-agents.com\/wp-content\/uploads\/2022\/09\/Updates-and-Tutorials-for-Clients-Template.png\",\"width\":1700,\"height\":1100,\"caption\":\"Use our free template for Updates & Tutorials to inform your clients with embeds, highlights and roadmaps on what's going to be next with your product.\"},{\"@type\":\"WebSite\",\"@id\":\"https:\/\/sales-ai-agents.com\/#website\",\"url\":\"https:\/\/sales-ai-agents.com\/\",\"name\":\"FuseBase\",\"description\":\"Nimbus Platform - Free Online Collaboration Software for Remote Teams. Build your wikis, client portals and more with the Nimbus Platform collaboration tool ? A perfect space for online work\",\"publisher\":{\"@id\":\"https:\/\/sales-ai-agents.com\/#organization\"},\"potentialAction\":[{\"@type\":\"SearchAction\",\"target\":{\"@type\":\"EntryPoint\",\"urlTemplate\":\"https:\/\/sales-ai-agents.com\/?s={search_term_string}\"},\"query-input\":{\"@type\":\"PropertyValueSpecification\",\"valueRequired\":true,\"valueName\":\"search_term_string\"}}],\"inLanguage\":\"de-DE\"},{\"@type\":\"Organization\",\"@id\":\"https:\/\/sales-ai-agents.com\/#organization\",\"name\":\"FuseBase\",\"url\":\"https:\/\/sales-ai-agents.com\/\",\"logo\":{\"@type\":\"ImageObject\",\"inLanguage\":\"de-DE\",\"@id\":\"https:\/\/sales-ai-agents.com\/#\/schema\/logo\/image\/\",\"url\":\"https:\/\/sales-ai-agents.com\/wp-content\/uploads\/2023\/11\/icon-7.svg\",\"contentUrl\":\"https:\/\/sales-ai-agents.com\/wp-content\/uploads\/2023\/11\/icon-7.svg\",\"width\":128,\"height\":128,\"caption\":\"FuseBase\"},\"image\":{\"@id\":\"https:\/\/sales-ai-agents.com\/#\/schema\/logo\/image\/\"}}]}<\/script>\n<!-- \/ Yoast SEO plugin. -->","yoast_head_json":{"title":"Updates & Tutorials f\u00fcr Kunden Vorlage - Sales AI Agents","description":"Nutzen Sie unsere kostenlose Vorlage f\u00fcr Updates & Tutorials, um Ihre Kunden mit Einbettungen, Highlights und Roadmaps dar\u00fcber zu informieren, was als N\u00e4chstes mit Ihrem Produkt kommt!","robots":{"index":"index","follow":"follow","max-snippet":"max-snippet:-1","max-image-preview":"max-image-preview:large","max-video-preview":"max-video-preview:-1"},"canonical":"https:\/\/sales-ai-agents.com\/de\/templates\/updates-and-tutorials-for-clients\/","og_locale":"de_DE","og_type":"article","og_title":"Updates & Tutorials f\u00fcr Kunden Vorlage - Sales AI Agents","og_description":"Nutzen Sie unsere kostenlose Vorlage f\u00fcr Updates & Tutorials, um Ihre Kunden mit Einbettungen, Highlights und Roadmaps dar\u00fcber zu informieren, was als N\u00e4chstes mit Ihrem Produkt kommt!","og_url":"https:\/\/sales-ai-agents.com\/de\/templates\/updates-and-tutorials-for-clients\/","og_site_name":"Sales AI Agents","article_modified_time":"2023-12-27T15:53:12+00:00","og_image":[{"width":1700,"height":1100,"url":"https:\/\/sales-ai-agents.com\/wp-content\/uploads\/2022\/09\/Updates-and-Tutorials-for-Clients-Template.png","type":"image\/png"}],"twitter_card":"summary_large_image","schema":{"@context":"https:\/\/schema.org","@graph":[{"@type":"WebPage","@id":"https:\/\/sales-ai-agents.com\/de\/templates\/updates-and-tutorials-for-clients\/","url":"https:\/\/sales-ai-agents.com\/de\/templates\/updates-and-tutorials-for-clients\/","name":"Updates & Tutorials f\u00fcr Kunden Vorlage - Sales AI Agents","isPartOf":{"@id":"https:\/\/sales-ai-agents.com\/#website"},"primaryImageOfPage":{"@id":"https:\/\/sales-ai-agents.com\/de\/templates\/updates-and-tutorials-for-clients\/#primaryimage"},"image":{"@id":"https:\/\/sales-ai-agents.com\/de\/templates\/updates-and-tutorials-for-clients\/#primaryimage"},"thumbnailUrl":"https:\/\/sales-ai-agents.com\/wp-content\/uploads\/2022\/09\/Updates-and-Tutorials-for-Clients-Template.png","datePublished":"2022-09-26T11:48:51+00:00","dateModified":"2023-12-27T15:53:12+00:00","description":"Nutzen Sie unsere kostenlose Vorlage f\u00fcr Updates & Tutorials, um Ihre Kunden mit Einbettungen, Highlights und Roadmaps dar\u00fcber zu informieren, was als N\u00e4chstes mit Ihrem Produkt kommt!","inLanguage":"de-DE","potentialAction":[{"@type":"ReadAction","target":["https:\/\/sales-ai-agents.com\/de\/templates\/updates-and-tutorials-for-clients\/"]}]},{"@type":"ImageObject","inLanguage":"de-DE","@id":"https:\/\/sales-ai-agents.com\/de\/templates\/updates-and-tutorials-for-clients\/#primaryimage","url":"https:\/\/sales-ai-agents.com\/wp-content\/uploads\/2022\/09\/Updates-and-Tutorials-for-Clients-Template.png","contentUrl":"https:\/\/sales-ai-agents.com\/wp-content\/uploads\/2022\/09\/Updates-and-Tutorials-for-Clients-Template.png","width":1700,"height":1100,"caption":"Use our free template for Updates & Tutorials to inform your clients with embeds, highlights and roadmaps on what's going to be next with your product."},{"@type":"WebSite","@id":"https:\/\/sales-ai-agents.com\/#website","url":"https:\/\/sales-ai-agents.com\/","name":"FuseBase","description":"Nimbus Platform - Free Online Collaboration Software for Remote Teams. Build your wikis, client portals and more with the Nimbus Platform collaboration tool ? A perfect space for online work","publisher":{"@id":"https:\/\/sales-ai-agents.com\/#organization"},"potentialAction":[{"@type":"SearchAction","target":{"@type":"EntryPoint","urlTemplate":"https:\/\/sales-ai-agents.com\/?s={search_term_string}"},"query-input":{"@type":"PropertyValueSpecification","valueRequired":true,"valueName":"search_term_string"}}],"inLanguage":"de-DE"},{"@type":"Organization","@id":"https:\/\/sales-ai-agents.com\/#organization","name":"FuseBase","url":"https:\/\/sales-ai-agents.com\/","logo":{"@type":"ImageObject","inLanguage":"de-DE","@id":"https:\/\/sales-ai-agents.com\/#\/schema\/logo\/image\/","url":"https:\/\/sales-ai-agents.com\/wp-content\/uploads\/2023\/11\/icon-7.svg","contentUrl":"https:\/\/sales-ai-agents.com\/wp-content\/uploads\/2023\/11\/icon-7.svg","width":128,"height":128,"caption":"FuseBase"},"image":{"@id":"https:\/\/sales-ai-agents.com\/#\/schema\/logo\/image\/"}}]}},"_links":{"self":[{"href":"https:\/\/sales-ai-agents.com\/de\/wp-json\/wp\/v2\/product\/58442","targetHints":{"allow":["GET"]}}],"collection":[{"href":"https:\/\/sales-ai-agents.com\/de\/wp-json\/wp\/v2\/product"}],"about":[{"href":"https:\/\/sales-ai-agents.com\/de\/wp-json\/wp\/v2\/types\/product"}],"wp:featuredmedia":[{"embeddable":true,"href":"https:\/\/sales-ai-agents.com\/de\/wp-json\/wp\/v2\/media\/25954"}],"wp:attachment":[{"href":"https:\/\/sales-ai-agents.com\/de\/wp-json\/wp\/v2\/media?parent=58442"}],"wp:term":[{"taxonomy":"product_brand","embeddable":true,"href":"https:\/\/sales-ai-agents.com\/de\/wp-json\/wp\/v2\/product_brand?post=58442"},{"taxonomy":"product_cat","embeddable":true,"href":"https:\/\/sales-ai-agents.com\/de\/wp-json\/wp\/v2\/product_cat?post=58442"},{"taxonomy":"product_tag","embeddable":true,"href":"https:\/\/sales-ai-agents.com\/de\/wp-json\/wp\/v2\/product_tag?post=58442"}],"curies":[{"name":"wp","href":"https:\/\/api.w.org\/{rel}","templated":true}]}}