{"id":58449,"date":"2022-09-26T11:48:38","date_gmt":"2022-09-26T11:48:38","guid":{"rendered":"https:\/\/sales-ai-agents.com\/templates\/tracking-objectives-and-key-results\/"},"modified":"2023-12-27T14:09:26","modified_gmt":"2023-12-27T14:09:26","slug":"tracking-objectives-and-key-results","status":"publish","type":"product","link":"https:\/\/sales-ai-agents.com\/de\/templates\/tracking-objectives-and-key-results\/","title":{"rendered":"Verfolgung von Zielen und Schl\u00fcsselergebnissen"},"content":{"rendered":"<p>&nbsp;<\/p>\n<h2>Vorlage f\u00fcr die Verfolgung von Zielen und Schl\u00fcsselergebnissen<\/h2>\n<p class=\"desc-text\">Ziele und Schl\u00fcsselergebnisse (OKRs) helfen Teams bei der Festlegung von Benchmarks. Mithilfe dieser praktischen Vorlage kann Ihr Team den Fortschritt verfolgen und auf dem Laufenden bleiben. Jedes Mitglied gibt nach und nach Einzelheiten \u00fcber seine Aufgabe bekannt, und alle bleiben auf dem Laufenden. Diese Vorlage hilft, den Fortschritt zu visualisieren, damit alle Beteiligten organisiert und motiviert bleiben.<\/p>\n<h5>Wie zu verwenden:<\/h5>\n<ul class=\"desc-item_list\">\n<li class=\"desc-item_list__point\">Hauptziele in die Tabelle einf\u00fcgen<\/li>\n<li class=\"desc-item_list__point\">Ergebnisse und messbare Benchmarks hinzuf\u00fcgen<\/li>\n<li class=\"desc-item_list__point\">Aktualisierung des Fortschritts mit dem Fortschrittsbalken<\/li>\n<li class=\"desc-item_list__point\">Zuweisung von Zielen an verschiedene Mitglieder<\/li>\n<\/ul>\n","protected":false},"excerpt":{"rendered":"<p>Ziele und Schl\u00fcsselergebnisse (OKRs) helfen Teams bei der Festlegung von Benchmarks. Mit dieser praktischen Vorlage kann Ihr Team den Fortschritt verfolgen und auf dem Laufenden bleiben.<\/p>\n","protected":false},"featured_media":26548,"template":"","meta":{"_acf_changed":false,"inline_featured_image":false},"product_brand":[],"product_cat":[171,186,191],"product_tag":[],"class_list":{"0":"post-58449","1":"product","2":"type-product","3":"status-publish","4":"has-post-thumbnail","6":"product_cat-marketing","7":"product_cat-product","8":"product_cat-project-management","10":"first","11":"instock","12":"virtual","13":"sold-individually","14":"product-type-simple"},"acf":[],"yoast_head":"<!-- This site is optimized with the Yoast SEO plugin v25.3.1 - https:\/\/yoast.com\/wordpress\/plugins\/seo\/ -->\n<title>Vorlage f\u00fcr die Verfolgung von Zielen und Schl\u00fcsselergebnissen - Sales AI Agents<\/title>\n<meta name=\"description\" content=\"Ziele und Schl\u00fcsselergebnisse (OKRs) helfen Teams bei der Festlegung von Benchmarks. Mit dieser praktischen Vorlage kann Ihr Team den Fortschritt verfolgen und auf dem Laufenden bleiben\" \/>\n<meta name=\"robots\" content=\"index, follow, max-snippet:-1, max-image-preview:large, max-video-preview:-1\" \/>\n<link rel=\"canonical\" href=\"https:\/\/sales-ai-agents.com\/de\/templates\/tracking-objectives-and-key-results\/\" \/>\n<meta property=\"og:locale\" content=\"de_DE\" \/>\n<meta property=\"og:type\" content=\"article\" \/>\n<meta property=\"og:title\" content=\"Vorlage f\u00fcr die Verfolgung von Zielen und Schl\u00fcsselergebnissen - Sales AI Agents\" \/>\n<meta property=\"og:description\" content=\"Ziele und Schl\u00fcsselergebnisse (OKRs) helfen Teams bei der Festlegung von Benchmarks. Mit dieser praktischen Vorlage kann Ihr Team den Fortschritt verfolgen und auf dem Laufenden bleiben\" \/>\n<meta property=\"og:url\" content=\"https:\/\/sales-ai-agents.com\/de\/templates\/tracking-objectives-and-key-results\/\" \/>\n<meta property=\"og:site_name\" content=\"Sales AI Agents\" \/>\n<meta property=\"article:modified_time\" content=\"2023-12-27T14:09:26+00:00\" \/>\n<meta property=\"og:image\" content=\"https:\/\/sales-ai-agents.com\/wp-content\/uploads\/2022\/09\/Tracking-Objectives-and-Key-Results-Template.png\" \/>\n\t<meta property=\"og:image:width\" content=\"1700\" \/>\n\t<meta property=\"og:image:height\" content=\"1100\" \/>\n\t<meta property=\"og:image:type\" content=\"image\/png\" \/>\n<meta name=\"twitter:card\" content=\"summary_large_image\" \/>\n<script type=\"application\/ld+json\" class=\"yoast-schema-graph\">{\"@context\":\"https:\/\/schema.org\",\"@graph\":[{\"@type\":\"WebPage\",\"@id\":\"https:\/\/sales-ai-agents.com\/de\/templates\/tracking-objectives-and-key-results\/\",\"url\":\"https:\/\/sales-ai-agents.com\/de\/templates\/tracking-objectives-and-key-results\/\",\"name\":\"Vorlage f\u00fcr die Verfolgung von Zielen und Schl\u00fcsselergebnissen - Sales AI Agents\",\"isPartOf\":{\"@id\":\"https:\/\/sales-ai-agents.com\/#website\"},\"primaryImageOfPage\":{\"@id\":\"https:\/\/sales-ai-agents.com\/de\/templates\/tracking-objectives-and-key-results\/#primaryimage\"},\"image\":{\"@id\":\"https:\/\/sales-ai-agents.com\/de\/templates\/tracking-objectives-and-key-results\/#primaryimage\"},\"thumbnailUrl\":\"https:\/\/sales-ai-agents.com\/wp-content\/uploads\/2022\/09\/Tracking-Objectives-and-Key-Results-Template.png\",\"datePublished\":\"2022-09-26T11:48:38+00:00\",\"dateModified\":\"2023-12-27T14:09:26+00:00\",\"description\":\"Ziele und Schl\u00fcsselergebnisse (OKRs) helfen Teams bei der Festlegung von Benchmarks. Mit dieser praktischen Vorlage kann Ihr Team den Fortschritt verfolgen und auf dem Laufenden bleiben\",\"inLanguage\":\"de-DE\",\"potentialAction\":[{\"@type\":\"ReadAction\",\"target\":[\"https:\/\/sales-ai-agents.com\/de\/templates\/tracking-objectives-and-key-results\/\"]}]},{\"@type\":\"ImageObject\",\"inLanguage\":\"de-DE\",\"@id\":\"https:\/\/sales-ai-agents.com\/de\/templates\/tracking-objectives-and-key-results\/#primaryimage\",\"url\":\"https:\/\/sales-ai-agents.com\/wp-content\/uploads\/2022\/09\/Tracking-Objectives-and-Key-Results-Template.png\",\"contentUrl\":\"https:\/\/sales-ai-agents.com\/wp-content\/uploads\/2022\/09\/Tracking-Objectives-and-Key-Results-Template.png\",\"width\":1700,\"height\":1100,\"caption\":\"Objectives and Key Results (OKRs) help teams define benchmarks.\"},{\"@type\":\"WebSite\",\"@id\":\"https:\/\/sales-ai-agents.com\/#website\",\"url\":\"https:\/\/sales-ai-agents.com\/\",\"name\":\"FuseBase\",\"description\":\"Nimbus Platform - Free Online Collaboration Software for Remote Teams. Build your wikis, client portals and more with the Nimbus Platform collaboration tool ? A perfect space for online work\",\"publisher\":{\"@id\":\"https:\/\/sales-ai-agents.com\/#organization\"},\"potentialAction\":[{\"@type\":\"SearchAction\",\"target\":{\"@type\":\"EntryPoint\",\"urlTemplate\":\"https:\/\/sales-ai-agents.com\/?s={search_term_string}\"},\"query-input\":{\"@type\":\"PropertyValueSpecification\",\"valueRequired\":true,\"valueName\":\"search_term_string\"}}],\"inLanguage\":\"de-DE\"},{\"@type\":\"Organization\",\"@id\":\"https:\/\/sales-ai-agents.com\/#organization\",\"name\":\"FuseBase\",\"url\":\"https:\/\/sales-ai-agents.com\/\",\"logo\":{\"@type\":\"ImageObject\",\"inLanguage\":\"de-DE\",\"@id\":\"https:\/\/sales-ai-agents.com\/#\/schema\/logo\/image\/\",\"url\":\"https:\/\/sales-ai-agents.com\/wp-content\/uploads\/2023\/11\/icon-7.svg\",\"contentUrl\":\"https:\/\/sales-ai-agents.com\/wp-content\/uploads\/2023\/11\/icon-7.svg\",\"width\":128,\"height\":128,\"caption\":\"FuseBase\"},\"image\":{\"@id\":\"https:\/\/sales-ai-agents.com\/#\/schema\/logo\/image\/\"}}]}<\/script>\n<!-- \/ Yoast SEO plugin. -->","yoast_head_json":{"title":"Vorlage f\u00fcr die Verfolgung von Zielen und Schl\u00fcsselergebnissen - Sales AI Agents","description":"Ziele und Schl\u00fcsselergebnisse (OKRs) helfen Teams bei der Festlegung von Benchmarks. Mit dieser praktischen Vorlage kann Ihr Team den Fortschritt verfolgen und auf dem Laufenden bleiben","robots":{"index":"index","follow":"follow","max-snippet":"max-snippet:-1","max-image-preview":"max-image-preview:large","max-video-preview":"max-video-preview:-1"},"canonical":"https:\/\/sales-ai-agents.com\/de\/templates\/tracking-objectives-and-key-results\/","og_locale":"de_DE","og_type":"article","og_title":"Vorlage f\u00fcr die Verfolgung von Zielen und Schl\u00fcsselergebnissen - Sales AI Agents","og_description":"Ziele und Schl\u00fcsselergebnisse (OKRs) helfen Teams bei der Festlegung von Benchmarks. Mit dieser praktischen Vorlage kann Ihr Team den Fortschritt verfolgen und auf dem Laufenden bleiben","og_url":"https:\/\/sales-ai-agents.com\/de\/templates\/tracking-objectives-and-key-results\/","og_site_name":"Sales AI Agents","article_modified_time":"2023-12-27T14:09:26+00:00","og_image":[{"width":1700,"height":1100,"url":"https:\/\/sales-ai-agents.com\/wp-content\/uploads\/2022\/09\/Tracking-Objectives-and-Key-Results-Template.png","type":"image\/png"}],"twitter_card":"summary_large_image","schema":{"@context":"https:\/\/schema.org","@graph":[{"@type":"WebPage","@id":"https:\/\/sales-ai-agents.com\/de\/templates\/tracking-objectives-and-key-results\/","url":"https:\/\/sales-ai-agents.com\/de\/templates\/tracking-objectives-and-key-results\/","name":"Vorlage f\u00fcr die Verfolgung von Zielen und Schl\u00fcsselergebnissen - Sales AI Agents","isPartOf":{"@id":"https:\/\/sales-ai-agents.com\/#website"},"primaryImageOfPage":{"@id":"https:\/\/sales-ai-agents.com\/de\/templates\/tracking-objectives-and-key-results\/#primaryimage"},"image":{"@id":"https:\/\/sales-ai-agents.com\/de\/templates\/tracking-objectives-and-key-results\/#primaryimage"},"thumbnailUrl":"https:\/\/sales-ai-agents.com\/wp-content\/uploads\/2022\/09\/Tracking-Objectives-and-Key-Results-Template.png","datePublished":"2022-09-26T11:48:38+00:00","dateModified":"2023-12-27T14:09:26+00:00","description":"Ziele und Schl\u00fcsselergebnisse (OKRs) helfen Teams bei der Festlegung von Benchmarks. Mit dieser praktischen Vorlage kann Ihr Team den Fortschritt verfolgen und auf dem Laufenden bleiben","inLanguage":"de-DE","potentialAction":[{"@type":"ReadAction","target":["https:\/\/sales-ai-agents.com\/de\/templates\/tracking-objectives-and-key-results\/"]}]},{"@type":"ImageObject","inLanguage":"de-DE","@id":"https:\/\/sales-ai-agents.com\/de\/templates\/tracking-objectives-and-key-results\/#primaryimage","url":"https:\/\/sales-ai-agents.com\/wp-content\/uploads\/2022\/09\/Tracking-Objectives-and-Key-Results-Template.png","contentUrl":"https:\/\/sales-ai-agents.com\/wp-content\/uploads\/2022\/09\/Tracking-Objectives-and-Key-Results-Template.png","width":1700,"height":1100,"caption":"Objectives and Key Results (OKRs) help teams define benchmarks."},{"@type":"WebSite","@id":"https:\/\/sales-ai-agents.com\/#website","url":"https:\/\/sales-ai-agents.com\/","name":"FuseBase","description":"Nimbus Platform - Free Online Collaboration Software for Remote Teams. Build your wikis, client portals and more with the Nimbus Platform collaboration tool ? A perfect space for online work","publisher":{"@id":"https:\/\/sales-ai-agents.com\/#organization"},"potentialAction":[{"@type":"SearchAction","target":{"@type":"EntryPoint","urlTemplate":"https:\/\/sales-ai-agents.com\/?s={search_term_string}"},"query-input":{"@type":"PropertyValueSpecification","valueRequired":true,"valueName":"search_term_string"}}],"inLanguage":"de-DE"},{"@type":"Organization","@id":"https:\/\/sales-ai-agents.com\/#organization","name":"FuseBase","url":"https:\/\/sales-ai-agents.com\/","logo":{"@type":"ImageObject","inLanguage":"de-DE","@id":"https:\/\/sales-ai-agents.com\/#\/schema\/logo\/image\/","url":"https:\/\/sales-ai-agents.com\/wp-content\/uploads\/2023\/11\/icon-7.svg","contentUrl":"https:\/\/sales-ai-agents.com\/wp-content\/uploads\/2023\/11\/icon-7.svg","width":128,"height":128,"caption":"FuseBase"},"image":{"@id":"https:\/\/sales-ai-agents.com\/#\/schema\/logo\/image\/"}}]}},"_links":{"self":[{"href":"https:\/\/sales-ai-agents.com\/de\/wp-json\/wp\/v2\/product\/58449","targetHints":{"allow":["GET"]}}],"collection":[{"href":"https:\/\/sales-ai-agents.com\/de\/wp-json\/wp\/v2\/product"}],"about":[{"href":"https:\/\/sales-ai-agents.com\/de\/wp-json\/wp\/v2\/types\/product"}],"wp:featuredmedia":[{"embeddable":true,"href":"https:\/\/sales-ai-agents.com\/de\/wp-json\/wp\/v2\/media\/26548"}],"wp:attachment":[{"href":"https:\/\/sales-ai-agents.com\/de\/wp-json\/wp\/v2\/media?parent=58449"}],"wp:term":[{"taxonomy":"product_brand","embeddable":true,"href":"https:\/\/sales-ai-agents.com\/de\/wp-json\/wp\/v2\/product_brand?post=58449"},{"taxonomy":"product_cat","embeddable":true,"href":"https:\/\/sales-ai-agents.com\/de\/wp-json\/wp\/v2\/product_cat?post=58449"},{"taxonomy":"product_tag","embeddable":true,"href":"https:\/\/sales-ai-agents.com\/de\/wp-json\/wp\/v2\/product_tag?post=58449"}],"curies":[{"name":"wp","href":"https:\/\/api.w.org\/{rel}","templated":true}]}}