{"id":58452,"date":"2022-09-26T11:48:34","date_gmt":"2022-09-26T11:48:34","guid":{"rendered":"https:\/\/sales-ai-agents.com\/templates\/campaign-management\/"},"modified":"2023-12-26T14:47:42","modified_gmt":"2023-12-26T14:47:42","slug":"campaign-management","status":"publish","type":"product","link":"https:\/\/sales-ai-agents.com\/de\/templates\/campaign-management\/","title":{"rendered":"Kampagnenmanagement"},"content":{"rendered":"<p>&nbsp;<\/p>\n<h2>Vorlage f\u00fcr Kampagnenmanagement<\/h2>\n<p class=\"desc-text\">Der Start einer Marketingkampagne kann mehrere Schritte umfassen, von der Konzeption bis zur Durchf\u00fchrung. Diese Vorlage f\u00fcr das Kampagnenmanagement hilft Ihnen bei der Planung jedes einzelnen Teils des Prozesses. Markieren Sie andere Teammitglieder, um Verantwortlichkeiten zuzuweisen. Halten Sie alle Beteiligten auf dem Laufenden, indem Sie Fristen und farblich gekennzeichnete Priorit\u00e4ten hinzuf\u00fcgen. Diese Vorlage ist vollst\u00e4ndig an Ihre Bed\u00fcrfnisse anpassbar.<\/p>\n<h5>Wie zu verwenden:<\/h5>\n<ul class=\"desc-item_list\">\n<li class=\"desc-item_list__point\">Schl\u00fcsselaktionen planen<\/li>\n<li class=\"desc-item_list__point\">Fristen einbeziehen<\/li>\n<li class=\"desc-item_list__point\">Verwenden Sie ein farbcodiertes Priorit\u00e4tsetikett<\/li>\n<li class=\"desc-item_list__point\">Aktualisieren Sie den Status w\u00e4hrend der Arbeit<\/li>\n<li class=\"desc-item_list__point\">Benutzer markieren, um Aufgaben zuzuweisen<\/li>\n<\/ul>\n","protected":false},"excerpt":{"rendered":"<p>Der Start einer Marketingkampagne umfasst mehrere Schritte, von der Konzeption bis zur Durchf\u00fchrung. Mit dieser Vorlage f\u00fcr das Kampagnenmanagement k\u00f6nnen Sie jeden Teil des Prozesses planen.<\/p>\n","protected":false},"featured_media":24982,"template":"","meta":{"_acf_changed":false,"inline_featured_image":false},"product_brand":[],"product_cat":[171,173],"product_tag":[],"class_list":{"0":"post-58452","1":"product","2":"type-product","3":"status-publish","4":"has-post-thumbnail","6":"product_cat-marketing","7":"product_cat-marketing-campaign","9":"first","10":"instock","11":"virtual","12":"sold-individually","13":"product-type-simple"},"acf":[],"yoast_head":"<!-- This site is optimized with the Yoast SEO plugin v25.3.1 - https:\/\/yoast.com\/wordpress\/plugins\/seo\/ -->\n<title>Kampagnenmanagement-Vorlage - Sales AI Agents<\/title>\n<meta name=\"description\" content=\"Der Start einer Marketingkampagne umfasst mehrere Schritte, von der Konzeption bis zur Durchf\u00fchrung. Mit dieser Vorlage f\u00fcr das Kampagnenmanagement k\u00f6nnen Sie jeden Teil des Prozesses planen.\" \/>\n<meta name=\"robots\" content=\"index, follow, max-snippet:-1, max-image-preview:large, max-video-preview:-1\" \/>\n<link rel=\"canonical\" href=\"https:\/\/sales-ai-agents.com\/de\/templates\/campaign-management\/\" \/>\n<meta property=\"og:locale\" content=\"de_DE\" \/>\n<meta property=\"og:type\" content=\"article\" \/>\n<meta property=\"og:title\" content=\"Kampagnenmanagement-Vorlage - Sales AI Agents\" \/>\n<meta property=\"og:description\" content=\"Der Start einer Marketingkampagne umfasst mehrere Schritte, von der Konzeption bis zur Durchf\u00fchrung. Mit dieser Vorlage f\u00fcr das Kampagnenmanagement k\u00f6nnen Sie jeden Teil des Prozesses planen.\" \/>\n<meta property=\"og:url\" content=\"https:\/\/sales-ai-agents.com\/de\/templates\/campaign-management\/\" \/>\n<meta property=\"og:site_name\" content=\"Sales AI Agents\" \/>\n<meta property=\"article:modified_time\" content=\"2023-12-26T14:47:42+00:00\" \/>\n<meta property=\"og:image\" content=\"https:\/\/sales-ai-agents.com\/wp-content\/uploads\/2022\/09\/Campaign-Management.png\" \/>\n\t<meta property=\"og:image:width\" content=\"1700\" \/>\n\t<meta property=\"og:image:height\" content=\"1100\" \/>\n\t<meta property=\"og:image:type\" content=\"image\/png\" \/>\n<meta name=\"twitter:card\" content=\"summary_large_image\" \/>\n<script type=\"application\/ld+json\" class=\"yoast-schema-graph\">{\"@context\":\"https:\/\/schema.org\",\"@graph\":[{\"@type\":\"WebPage\",\"@id\":\"https:\/\/sales-ai-agents.com\/de\/templates\/campaign-management\/\",\"url\":\"https:\/\/sales-ai-agents.com\/de\/templates\/campaign-management\/\",\"name\":\"Kampagnenmanagement-Vorlage - Sales AI Agents\",\"isPartOf\":{\"@id\":\"https:\/\/sales-ai-agents.com\/#website\"},\"primaryImageOfPage\":{\"@id\":\"https:\/\/sales-ai-agents.com\/de\/templates\/campaign-management\/#primaryimage\"},\"image\":{\"@id\":\"https:\/\/sales-ai-agents.com\/de\/templates\/campaign-management\/#primaryimage\"},\"thumbnailUrl\":\"https:\/\/sales-ai-agents.com\/wp-content\/uploads\/2022\/09\/Campaign-Management.png\",\"datePublished\":\"2022-09-26T11:48:34+00:00\",\"dateModified\":\"2023-12-26T14:47:42+00:00\",\"description\":\"Der Start einer Marketingkampagne umfasst mehrere Schritte, von der Konzeption bis zur Durchf\u00fchrung. Mit dieser Vorlage f\u00fcr das Kampagnenmanagement k\u00f6nnen Sie jeden Teil des Prozesses planen.\",\"inLanguage\":\"de-DE\",\"potentialAction\":[{\"@type\":\"ReadAction\",\"target\":[\"https:\/\/sales-ai-agents.com\/de\/templates\/campaign-management\/\"]}]},{\"@type\":\"ImageObject\",\"inLanguage\":\"de-DE\",\"@id\":\"https:\/\/sales-ai-agents.com\/de\/templates\/campaign-management\/#primaryimage\",\"url\":\"https:\/\/sales-ai-agents.com\/wp-content\/uploads\/2022\/09\/Campaign-Management.png\",\"contentUrl\":\"https:\/\/sales-ai-agents.com\/wp-content\/uploads\/2022\/09\/Campaign-Management.png\",\"width\":1700,\"height\":1100,\"caption\":\"Launching a marketing campaign involves several steps, from conception to execution\"},{\"@type\":\"WebSite\",\"@id\":\"https:\/\/sales-ai-agents.com\/#website\",\"url\":\"https:\/\/sales-ai-agents.com\/\",\"name\":\"FuseBase\",\"description\":\"Nimbus Platform - Free Online Collaboration Software for Remote Teams. Build your wikis, client portals and more with the Nimbus Platform collaboration tool ? A perfect space for online work\",\"publisher\":{\"@id\":\"https:\/\/sales-ai-agents.com\/#organization\"},\"potentialAction\":[{\"@type\":\"SearchAction\",\"target\":{\"@type\":\"EntryPoint\",\"urlTemplate\":\"https:\/\/sales-ai-agents.com\/?s={search_term_string}\"},\"query-input\":{\"@type\":\"PropertyValueSpecification\",\"valueRequired\":true,\"valueName\":\"search_term_string\"}}],\"inLanguage\":\"de-DE\"},{\"@type\":\"Organization\",\"@id\":\"https:\/\/sales-ai-agents.com\/#organization\",\"name\":\"FuseBase\",\"url\":\"https:\/\/sales-ai-agents.com\/\",\"logo\":{\"@type\":\"ImageObject\",\"inLanguage\":\"de-DE\",\"@id\":\"https:\/\/sales-ai-agents.com\/#\/schema\/logo\/image\/\",\"url\":\"https:\/\/sales-ai-agents.com\/wp-content\/uploads\/2023\/11\/icon-7.svg\",\"contentUrl\":\"https:\/\/sales-ai-agents.com\/wp-content\/uploads\/2023\/11\/icon-7.svg\",\"width\":128,\"height\":128,\"caption\":\"FuseBase\"},\"image\":{\"@id\":\"https:\/\/sales-ai-agents.com\/#\/schema\/logo\/image\/\"}}]}<\/script>\n<!-- \/ Yoast SEO plugin. -->","yoast_head_json":{"title":"Kampagnenmanagement-Vorlage - Sales AI Agents","description":"Der Start einer Marketingkampagne umfasst mehrere Schritte, von der Konzeption bis zur Durchf\u00fchrung. Mit dieser Vorlage f\u00fcr das Kampagnenmanagement k\u00f6nnen Sie jeden Teil des Prozesses planen.","robots":{"index":"index","follow":"follow","max-snippet":"max-snippet:-1","max-image-preview":"max-image-preview:large","max-video-preview":"max-video-preview:-1"},"canonical":"https:\/\/sales-ai-agents.com\/de\/templates\/campaign-management\/","og_locale":"de_DE","og_type":"article","og_title":"Kampagnenmanagement-Vorlage - Sales AI Agents","og_description":"Der Start einer Marketingkampagne umfasst mehrere Schritte, von der Konzeption bis zur Durchf\u00fchrung. Mit dieser Vorlage f\u00fcr das Kampagnenmanagement k\u00f6nnen Sie jeden Teil des Prozesses planen.","og_url":"https:\/\/sales-ai-agents.com\/de\/templates\/campaign-management\/","og_site_name":"Sales AI Agents","article_modified_time":"2023-12-26T14:47:42+00:00","og_image":[{"width":1700,"height":1100,"url":"https:\/\/sales-ai-agents.com\/wp-content\/uploads\/2022\/09\/Campaign-Management.png","type":"image\/png"}],"twitter_card":"summary_large_image","schema":{"@context":"https:\/\/schema.org","@graph":[{"@type":"WebPage","@id":"https:\/\/sales-ai-agents.com\/de\/templates\/campaign-management\/","url":"https:\/\/sales-ai-agents.com\/de\/templates\/campaign-management\/","name":"Kampagnenmanagement-Vorlage - Sales AI Agents","isPartOf":{"@id":"https:\/\/sales-ai-agents.com\/#website"},"primaryImageOfPage":{"@id":"https:\/\/sales-ai-agents.com\/de\/templates\/campaign-management\/#primaryimage"},"image":{"@id":"https:\/\/sales-ai-agents.com\/de\/templates\/campaign-management\/#primaryimage"},"thumbnailUrl":"https:\/\/sales-ai-agents.com\/wp-content\/uploads\/2022\/09\/Campaign-Management.png","datePublished":"2022-09-26T11:48:34+00:00","dateModified":"2023-12-26T14:47:42+00:00","description":"Der Start einer Marketingkampagne umfasst mehrere Schritte, von der Konzeption bis zur Durchf\u00fchrung. Mit dieser Vorlage f\u00fcr das Kampagnenmanagement k\u00f6nnen Sie jeden Teil des Prozesses planen.","inLanguage":"de-DE","potentialAction":[{"@type":"ReadAction","target":["https:\/\/sales-ai-agents.com\/de\/templates\/campaign-management\/"]}]},{"@type":"ImageObject","inLanguage":"de-DE","@id":"https:\/\/sales-ai-agents.com\/de\/templates\/campaign-management\/#primaryimage","url":"https:\/\/sales-ai-agents.com\/wp-content\/uploads\/2022\/09\/Campaign-Management.png","contentUrl":"https:\/\/sales-ai-agents.com\/wp-content\/uploads\/2022\/09\/Campaign-Management.png","width":1700,"height":1100,"caption":"Launching a marketing campaign involves several steps, from conception to execution"},{"@type":"WebSite","@id":"https:\/\/sales-ai-agents.com\/#website","url":"https:\/\/sales-ai-agents.com\/","name":"FuseBase","description":"Nimbus Platform - Free Online Collaboration Software for Remote Teams. Build your wikis, client portals and more with the Nimbus Platform collaboration tool ? A perfect space for online work","publisher":{"@id":"https:\/\/sales-ai-agents.com\/#organization"},"potentialAction":[{"@type":"SearchAction","target":{"@type":"EntryPoint","urlTemplate":"https:\/\/sales-ai-agents.com\/?s={search_term_string}"},"query-input":{"@type":"PropertyValueSpecification","valueRequired":true,"valueName":"search_term_string"}}],"inLanguage":"de-DE"},{"@type":"Organization","@id":"https:\/\/sales-ai-agents.com\/#organization","name":"FuseBase","url":"https:\/\/sales-ai-agents.com\/","logo":{"@type":"ImageObject","inLanguage":"de-DE","@id":"https:\/\/sales-ai-agents.com\/#\/schema\/logo\/image\/","url":"https:\/\/sales-ai-agents.com\/wp-content\/uploads\/2023\/11\/icon-7.svg","contentUrl":"https:\/\/sales-ai-agents.com\/wp-content\/uploads\/2023\/11\/icon-7.svg","width":128,"height":128,"caption":"FuseBase"},"image":{"@id":"https:\/\/sales-ai-agents.com\/#\/schema\/logo\/image\/"}}]}},"_links":{"self":[{"href":"https:\/\/sales-ai-agents.com\/de\/wp-json\/wp\/v2\/product\/58452","targetHints":{"allow":["GET"]}}],"collection":[{"href":"https:\/\/sales-ai-agents.com\/de\/wp-json\/wp\/v2\/product"}],"about":[{"href":"https:\/\/sales-ai-agents.com\/de\/wp-json\/wp\/v2\/types\/product"}],"wp:featuredmedia":[{"embeddable":true,"href":"https:\/\/sales-ai-agents.com\/de\/wp-json\/wp\/v2\/media\/24982"}],"wp:attachment":[{"href":"https:\/\/sales-ai-agents.com\/de\/wp-json\/wp\/v2\/media?parent=58452"}],"wp:term":[{"taxonomy":"product_brand","embeddable":true,"href":"https:\/\/sales-ai-agents.com\/de\/wp-json\/wp\/v2\/product_brand?post=58452"},{"taxonomy":"product_cat","embeddable":true,"href":"https:\/\/sales-ai-agents.com\/de\/wp-json\/wp\/v2\/product_cat?post=58452"},{"taxonomy":"product_tag","embeddable":true,"href":"https:\/\/sales-ai-agents.com\/de\/wp-json\/wp\/v2\/product_tag?post=58452"}],"curies":[{"name":"wp","href":"https:\/\/api.w.org\/{rel}","templated":true}]}}