{"id":58459,"date":"2022-09-26T11:48:30","date_gmt":"2022-09-26T11:48:30","guid":{"rendered":"https:\/\/sales-ai-agents.com\/templates\/menu-planner\/"},"modified":"2023-12-27T14:24:47","modified_gmt":"2023-12-27T14:24:47","slug":"menu-planner","status":"publish","type":"product","link":"https:\/\/sales-ai-agents.com\/de\/templates\/menu-planner\/","title":{"rendered":"Men\u00fcplaner"},"content":{"rendered":"<p>&nbsp;<\/p>\n<h2>Men\u00fcplaner Vorlage<\/h2>\n<p class=\"desc-text\">Diese Vorlage ist ideal f\u00fcr die Planung Ihrer w\u00f6chentlichen Mahlzeiten. Egal, ob Sie Student oder vielbesch\u00e4ftigter Berufst\u00e4tiger sind, diese Vorlage kann Ihnen helfen, Ihre Pl\u00e4ne zu erstellen. Jeder Wochentag ist mit einer anderen Farbe beschriftet, so dass Sie sie leicht auseinanderhalten k\u00f6nnen. Die Vorlage enth\u00e4lt sogar eine praktische Einkaufsliste am unteren Rand. Mit dieser Vorlage k\u00f6nnen Sie sicherstellen, dass Ihre Essenspl\u00e4ne f\u00fcr die Woche festgelegt und vorbereitet sind.<\/p>\n<h5>Wie zu verwenden:<\/h5>\n<ul class=\"desc-item_list\">\n<li class=\"desc-item_list__point\">F\u00fcllen Sie die Mahlzeiten f\u00fcr jeden Tag der Woche aus<\/li>\n<li class=\"desc-item_list__point\">F\u00fcgen Sie Links zu Rezepten oder Restaurants zum Ausprobieren ein<\/li>\n<li class=\"desc-item_list__point\">Hinzuf\u00fcgen von Notizen in der letzten Tabelle<\/li>\n<li class=\"desc-item_list__point\">Erstellen Sie eine Einkaufsliste f\u00fcr Ihre Rezepte<\/li>\n<\/ul>\n","protected":false},"excerpt":{"rendered":"<p>Diese Vorlage ist ideal f\u00fcr die Planung Ihrer w\u00f6chentlichen Mahlzeiten. Egal, ob Sie Student oder vielbesch\u00e4ftigter Berufst\u00e4tiger sind, diese Vorlage kann Ihnen helfen, Ihre Pl\u00e4ne zu erstellen.<\/p>\n","protected":false},"featured_media":21006,"template":"","meta":{"_acf_changed":false,"inline_featured_image":false},"product_brand":[],"product_cat":[180,183,170],"product_tag":[],"class_list":{"0":"post-58459","1":"product","2":"type-product","3":"status-publish","4":"has-post-thumbnail","6":"product_cat-personal","7":"product_cat-personal-health","8":"product_cat-events","10":"first","11":"instock","12":"virtual","13":"sold-individually","14":"product-type-simple"},"acf":[],"yoast_head":"<!-- This site is optimized with the Yoast SEO plugin v25.3.1 - https:\/\/yoast.com\/wordpress\/plugins\/seo\/ -->\n<title>Men\u00fcplaner Vorlage - Sales AI Agents<\/title>\n<meta name=\"description\" content=\"Diese Vorlage ist ideal f\u00fcr die Planung Ihrer w\u00f6chentlichen Mahlzeiten. Egal, ob Sie Student oder vielbesch\u00e4ftigter Berufst\u00e4tiger sind, diese Vorlage kann Ihnen helfen, Ihre Pl\u00e4ne zu erstellen.\" \/>\n<meta name=\"robots\" content=\"index, follow, max-snippet:-1, max-image-preview:large, max-video-preview:-1\" \/>\n<link rel=\"canonical\" href=\"https:\/\/sales-ai-agents.com\/de\/templates\/menu-planner\/\" \/>\n<meta property=\"og:locale\" content=\"de_DE\" \/>\n<meta property=\"og:type\" content=\"article\" \/>\n<meta property=\"og:title\" content=\"Men\u00fcplaner Vorlage - Sales AI Agents\" \/>\n<meta property=\"og:description\" content=\"Diese Vorlage ist ideal f\u00fcr die Planung Ihrer w\u00f6chentlichen Mahlzeiten. Egal, ob Sie Student oder vielbesch\u00e4ftigter Berufst\u00e4tiger sind, diese Vorlage kann Ihnen helfen, Ihre Pl\u00e4ne zu erstellen.\" \/>\n<meta property=\"og:url\" content=\"https:\/\/sales-ai-agents.com\/de\/templates\/menu-planner\/\" \/>\n<meta property=\"og:site_name\" content=\"Sales AI Agents\" \/>\n<meta property=\"article:modified_time\" content=\"2023-12-27T14:24:47+00:00\" \/>\n<meta property=\"og:image\" content=\"https:\/\/sales-ai-agents.com\/wp-content\/uploads\/2023\/01\/image-preview124411.png\" \/>\n\t<meta property=\"og:image:width\" content=\"1078\" \/>\n\t<meta property=\"og:image:height\" content=\"1602\" \/>\n\t<meta property=\"og:image:type\" content=\"image\/png\" \/>\n<meta name=\"twitter:card\" content=\"summary_large_image\" \/>\n<script type=\"application\/ld+json\" class=\"yoast-schema-graph\">{\"@context\":\"https:\/\/schema.org\",\"@graph\":[{\"@type\":\"WebPage\",\"@id\":\"https:\/\/sales-ai-agents.com\/de\/templates\/menu-planner\/\",\"url\":\"https:\/\/sales-ai-agents.com\/de\/templates\/menu-planner\/\",\"name\":\"Men\u00fcplaner Vorlage - Sales AI Agents\",\"isPartOf\":{\"@id\":\"https:\/\/sales-ai-agents.com\/#website\"},\"primaryImageOfPage\":{\"@id\":\"https:\/\/sales-ai-agents.com\/de\/templates\/menu-planner\/#primaryimage\"},\"image\":{\"@id\":\"https:\/\/sales-ai-agents.com\/de\/templates\/menu-planner\/#primaryimage\"},\"thumbnailUrl\":\"https:\/\/sales-ai-agents.com\/wp-content\/uploads\/2023\/01\/image-preview124411.png\",\"datePublished\":\"2022-09-26T11:48:30+00:00\",\"dateModified\":\"2023-12-27T14:24:47+00:00\",\"description\":\"Diese Vorlage ist ideal f\u00fcr die Planung Ihrer w\u00f6chentlichen Mahlzeiten. Egal, ob Sie Student oder vielbesch\u00e4ftigter Berufst\u00e4tiger sind, diese Vorlage kann Ihnen helfen, Ihre Pl\u00e4ne zu erstellen.\",\"inLanguage\":\"de-DE\",\"potentialAction\":[{\"@type\":\"ReadAction\",\"target\":[\"https:\/\/sales-ai-agents.com\/de\/templates\/menu-planner\/\"]}]},{\"@type\":\"ImageObject\",\"inLanguage\":\"de-DE\",\"@id\":\"https:\/\/sales-ai-agents.com\/de\/templates\/menu-planner\/#primaryimage\",\"url\":\"https:\/\/sales-ai-agents.com\/wp-content\/uploads\/2023\/01\/image-preview124411.png\",\"contentUrl\":\"https:\/\/sales-ai-agents.com\/wp-content\/uploads\/2023\/01\/image-preview124411.png\",\"width\":1078,\"height\":1602,\"caption\":\"Menu Planner Template - Nimbus Platform\"},{\"@type\":\"WebSite\",\"@id\":\"https:\/\/sales-ai-agents.com\/#website\",\"url\":\"https:\/\/sales-ai-agents.com\/\",\"name\":\"FuseBase\",\"description\":\"Nimbus Platform - Free Online Collaboration Software for Remote Teams. Build your wikis, client portals and more with the Nimbus Platform collaboration tool ? A perfect space for online work\",\"publisher\":{\"@id\":\"https:\/\/sales-ai-agents.com\/#organization\"},\"potentialAction\":[{\"@type\":\"SearchAction\",\"target\":{\"@type\":\"EntryPoint\",\"urlTemplate\":\"https:\/\/sales-ai-agents.com\/?s={search_term_string}\"},\"query-input\":{\"@type\":\"PropertyValueSpecification\",\"valueRequired\":true,\"valueName\":\"search_term_string\"}}],\"inLanguage\":\"de-DE\"},{\"@type\":\"Organization\",\"@id\":\"https:\/\/sales-ai-agents.com\/#organization\",\"name\":\"FuseBase\",\"url\":\"https:\/\/sales-ai-agents.com\/\",\"logo\":{\"@type\":\"ImageObject\",\"inLanguage\":\"de-DE\",\"@id\":\"https:\/\/sales-ai-agents.com\/#\/schema\/logo\/image\/\",\"url\":\"https:\/\/sales-ai-agents.com\/wp-content\/uploads\/2023\/11\/icon-7.svg\",\"contentUrl\":\"https:\/\/sales-ai-agents.com\/wp-content\/uploads\/2023\/11\/icon-7.svg\",\"width\":128,\"height\":128,\"caption\":\"FuseBase\"},\"image\":{\"@id\":\"https:\/\/sales-ai-agents.com\/#\/schema\/logo\/image\/\"}}]}<\/script>\n<!-- \/ Yoast SEO plugin. -->","yoast_head_json":{"title":"Men\u00fcplaner Vorlage - Sales AI Agents","description":"Diese Vorlage ist ideal f\u00fcr die Planung Ihrer w\u00f6chentlichen Mahlzeiten. Egal, ob Sie Student oder vielbesch\u00e4ftigter Berufst\u00e4tiger sind, diese Vorlage kann Ihnen helfen, Ihre Pl\u00e4ne zu erstellen.","robots":{"index":"index","follow":"follow","max-snippet":"max-snippet:-1","max-image-preview":"max-image-preview:large","max-video-preview":"max-video-preview:-1"},"canonical":"https:\/\/sales-ai-agents.com\/de\/templates\/menu-planner\/","og_locale":"de_DE","og_type":"article","og_title":"Men\u00fcplaner Vorlage - Sales AI Agents","og_description":"Diese Vorlage ist ideal f\u00fcr die Planung Ihrer w\u00f6chentlichen Mahlzeiten. Egal, ob Sie Student oder vielbesch\u00e4ftigter Berufst\u00e4tiger sind, diese Vorlage kann Ihnen helfen, Ihre Pl\u00e4ne zu erstellen.","og_url":"https:\/\/sales-ai-agents.com\/de\/templates\/menu-planner\/","og_site_name":"Sales AI Agents","article_modified_time":"2023-12-27T14:24:47+00:00","og_image":[{"width":1078,"height":1602,"url":"https:\/\/sales-ai-agents.com\/wp-content\/uploads\/2023\/01\/image-preview124411.png","type":"image\/png"}],"twitter_card":"summary_large_image","schema":{"@context":"https:\/\/schema.org","@graph":[{"@type":"WebPage","@id":"https:\/\/sales-ai-agents.com\/de\/templates\/menu-planner\/","url":"https:\/\/sales-ai-agents.com\/de\/templates\/menu-planner\/","name":"Men\u00fcplaner Vorlage - Sales AI Agents","isPartOf":{"@id":"https:\/\/sales-ai-agents.com\/#website"},"primaryImageOfPage":{"@id":"https:\/\/sales-ai-agents.com\/de\/templates\/menu-planner\/#primaryimage"},"image":{"@id":"https:\/\/sales-ai-agents.com\/de\/templates\/menu-planner\/#primaryimage"},"thumbnailUrl":"https:\/\/sales-ai-agents.com\/wp-content\/uploads\/2023\/01\/image-preview124411.png","datePublished":"2022-09-26T11:48:30+00:00","dateModified":"2023-12-27T14:24:47+00:00","description":"Diese Vorlage ist ideal f\u00fcr die Planung Ihrer w\u00f6chentlichen Mahlzeiten. Egal, ob Sie Student oder vielbesch\u00e4ftigter Berufst\u00e4tiger sind, diese Vorlage kann Ihnen helfen, Ihre Pl\u00e4ne zu erstellen.","inLanguage":"de-DE","potentialAction":[{"@type":"ReadAction","target":["https:\/\/sales-ai-agents.com\/de\/templates\/menu-planner\/"]}]},{"@type":"ImageObject","inLanguage":"de-DE","@id":"https:\/\/sales-ai-agents.com\/de\/templates\/menu-planner\/#primaryimage","url":"https:\/\/sales-ai-agents.com\/wp-content\/uploads\/2023\/01\/image-preview124411.png","contentUrl":"https:\/\/sales-ai-agents.com\/wp-content\/uploads\/2023\/01\/image-preview124411.png","width":1078,"height":1602,"caption":"Menu Planner Template - Nimbus Platform"},{"@type":"WebSite","@id":"https:\/\/sales-ai-agents.com\/#website","url":"https:\/\/sales-ai-agents.com\/","name":"FuseBase","description":"Nimbus Platform - Free Online Collaboration Software for Remote Teams. Build your wikis, client portals and more with the Nimbus Platform collaboration tool ? A perfect space for online work","publisher":{"@id":"https:\/\/sales-ai-agents.com\/#organization"},"potentialAction":[{"@type":"SearchAction","target":{"@type":"EntryPoint","urlTemplate":"https:\/\/sales-ai-agents.com\/?s={search_term_string}"},"query-input":{"@type":"PropertyValueSpecification","valueRequired":true,"valueName":"search_term_string"}}],"inLanguage":"de-DE"},{"@type":"Organization","@id":"https:\/\/sales-ai-agents.com\/#organization","name":"FuseBase","url":"https:\/\/sales-ai-agents.com\/","logo":{"@type":"ImageObject","inLanguage":"de-DE","@id":"https:\/\/sales-ai-agents.com\/#\/schema\/logo\/image\/","url":"https:\/\/sales-ai-agents.com\/wp-content\/uploads\/2023\/11\/icon-7.svg","contentUrl":"https:\/\/sales-ai-agents.com\/wp-content\/uploads\/2023\/11\/icon-7.svg","width":128,"height":128,"caption":"FuseBase"},"image":{"@id":"https:\/\/sales-ai-agents.com\/#\/schema\/logo\/image\/"}}]}},"_links":{"self":[{"href":"https:\/\/sales-ai-agents.com\/de\/wp-json\/wp\/v2\/product\/58459","targetHints":{"allow":["GET"]}}],"collection":[{"href":"https:\/\/sales-ai-agents.com\/de\/wp-json\/wp\/v2\/product"}],"about":[{"href":"https:\/\/sales-ai-agents.com\/de\/wp-json\/wp\/v2\/types\/product"}],"wp:featuredmedia":[{"embeddable":true,"href":"https:\/\/sales-ai-agents.com\/de\/wp-json\/wp\/v2\/media\/21006"}],"wp:attachment":[{"href":"https:\/\/sales-ai-agents.com\/de\/wp-json\/wp\/v2\/media?parent=58459"}],"wp:term":[{"taxonomy":"product_brand","embeddable":true,"href":"https:\/\/sales-ai-agents.com\/de\/wp-json\/wp\/v2\/product_brand?post=58459"},{"taxonomy":"product_cat","embeddable":true,"href":"https:\/\/sales-ai-agents.com\/de\/wp-json\/wp\/v2\/product_cat?post=58459"},{"taxonomy":"product_tag","embeddable":true,"href":"https:\/\/sales-ai-agents.com\/de\/wp-json\/wp\/v2\/product_tag?post=58459"}],"curies":[{"name":"wp","href":"https:\/\/api.w.org\/{rel}","templated":true}]}}