{"id":58469,"date":"2022-09-26T11:48:14","date_gmt":"2022-09-26T11:48:14","guid":{"rendered":"https:\/\/sales-ai-agents.com\/templates\/project-tasks-and-schedules\/"},"modified":"2023-12-26T15:48:50","modified_gmt":"2023-12-26T15:48:50","slug":"project-tasks-and-schedules","status":"publish","type":"product","link":"https:\/\/sales-ai-agents.com\/de\/templates\/project-tasks-and-schedules\/","title":{"rendered":"Projektaufgaben und Zeitpl\u00e4ne"},"content":{"rendered":"<p>&nbsp;<\/p>\n<h2>Aufgaben und Zeitpl\u00e4ne Vorlage<\/h2>\n<p class=\"desc-text\">Projekte umfassen oft mehrere Schritte mit unterschiedlichen Fristen. Es kann hilfreich sein, den Status der einzelnen Phasen zu markieren und die Aufgaben zu aktualisieren, sobald sie abgeschlossen sind. Um Ihren Zeitplan zu verwalten und die Fristen einzuhalten, k\u00f6nnen Sie diese Vorlage mit einer Tabelle zum Markieren von F\u00e4lligkeitsterminen und zum Hinzuf\u00fcgen hilfreicher Anh\u00e4nge verwenden.<\/p>\n<h5>Wie zu verwenden:<\/h5>\n<ul class=\"desc-item_list\">\n<li class=\"desc-item_list__point\">Wichtige Ziele und Aufgaben auflisten<\/li>\n<li class=\"desc-item_list__point\">Aktualisieren Sie den Status nach Abschluss der Arbeiten<\/li>\n<li class=\"desc-item_list__point\">Verantwortlichkeiten zuweisen<\/li>\n<li class=\"desc-item_list__point\">Zus\u00e4tzliche Ressourcen und Dateien anh\u00e4ngen<\/li>\n<\/ul>\n","protected":false},"excerpt":{"rendered":"<p>Um Ihren Zeitplan zu verwalten und Fristen einzuhalten, k\u00f6nnen Sie diese Vorlage mit einer Tabelle zum Markieren von F\u00e4lligkeitsterminen und zum Hinzuf\u00fcgen hilfreicher Anh\u00e4nge verwenden.<\/p>\n","protected":false},"featured_media":21000,"template":"","meta":{"_acf_changed":false,"inline_featured_image":false},"product_brand":[],"product_cat":[178,191],"product_tag":[],"class_list":{"0":"post-58469","1":"product","2":"type-product","3":"status-publish","4":"has-post-thumbnail","6":"product_cat-operations-hr","7":"product_cat-project-management","9":"first","10":"instock","11":"virtual","12":"sold-individually","13":"product-type-simple"},"acf":[],"yoast_head":"<!-- This site is optimized with the Yoast SEO plugin v25.3.1 - https:\/\/yoast.com\/wordpress\/plugins\/seo\/ -->\n<title>Vorlage f\u00fcr Projektaufgaben und Zeitpl\u00e4ne - Sales AI Agents<\/title>\n<meta name=\"description\" content=\"Um Ihren Zeitplan zu verwalten und die Fristen einzuhalten, k\u00f6nnen Sie diese Vorlage mit einer Tabelle zum Markieren von F\u00e4lligkeitsterminen und zum Hinzuf\u00fcgen hilfreicher Anh\u00e4nge verwenden.\" \/>\n<meta name=\"robots\" content=\"index, follow, max-snippet:-1, max-image-preview:large, max-video-preview:-1\" \/>\n<link rel=\"canonical\" href=\"https:\/\/sales-ai-agents.com\/de\/templates\/project-tasks-and-schedules\/\" \/>\n<meta property=\"og:locale\" content=\"de_DE\" \/>\n<meta property=\"og:type\" content=\"article\" \/>\n<meta property=\"og:title\" content=\"Vorlage f\u00fcr Projektaufgaben und Zeitpl\u00e4ne - Sales AI Agents\" \/>\n<meta property=\"og:description\" content=\"Um Ihren Zeitplan zu verwalten und die Fristen einzuhalten, k\u00f6nnen Sie diese Vorlage mit einer Tabelle zum Markieren von F\u00e4lligkeitsterminen und zum Hinzuf\u00fcgen hilfreicher Anh\u00e4nge verwenden.\" \/>\n<meta property=\"og:url\" content=\"https:\/\/sales-ai-agents.com\/de\/templates\/project-tasks-and-schedules\/\" \/>\n<meta property=\"og:site_name\" content=\"Sales AI Agents\" \/>\n<meta property=\"article:modified_time\" content=\"2023-12-26T15:48:50+00:00\" \/>\n<meta property=\"og:image\" content=\"https:\/\/sales-ai-agents.com\/wp-content\/uploads\/2023\/01\/image-preview124359.png\" \/>\n\t<meta property=\"og:image:width\" content=\"1078\" \/>\n\t<meta property=\"og:image:height\" content=\"760\" \/>\n\t<meta property=\"og:image:type\" content=\"image\/png\" \/>\n<meta name=\"twitter:card\" content=\"summary_large_image\" \/>\n<script type=\"application\/ld+json\" class=\"yoast-schema-graph\">{\"@context\":\"https:\/\/schema.org\",\"@graph\":[{\"@type\":\"WebPage\",\"@id\":\"https:\/\/sales-ai-agents.com\/de\/templates\/project-tasks-and-schedules\/\",\"url\":\"https:\/\/sales-ai-agents.com\/de\/templates\/project-tasks-and-schedules\/\",\"name\":\"Vorlage f\u00fcr Projektaufgaben und Zeitpl\u00e4ne - Sales AI Agents\",\"isPartOf\":{\"@id\":\"https:\/\/sales-ai-agents.com\/#website\"},\"primaryImageOfPage\":{\"@id\":\"https:\/\/sales-ai-agents.com\/de\/templates\/project-tasks-and-schedules\/#primaryimage\"},\"image\":{\"@id\":\"https:\/\/sales-ai-agents.com\/de\/templates\/project-tasks-and-schedules\/#primaryimage\"},\"thumbnailUrl\":\"https:\/\/sales-ai-agents.com\/wp-content\/uploads\/2023\/01\/image-preview124359.png\",\"datePublished\":\"2022-09-26T11:48:14+00:00\",\"dateModified\":\"2023-12-26T15:48:50+00:00\",\"description\":\"Um Ihren Zeitplan zu verwalten und die Fristen einzuhalten, k\u00f6nnen Sie diese Vorlage mit einer Tabelle zum Markieren von F\u00e4lligkeitsterminen und zum Hinzuf\u00fcgen hilfreicher Anh\u00e4nge verwenden.\",\"inLanguage\":\"de-DE\",\"potentialAction\":[{\"@type\":\"ReadAction\",\"target\":[\"https:\/\/sales-ai-agents.com\/de\/templates\/project-tasks-and-schedules\/\"]}]},{\"@type\":\"ImageObject\",\"inLanguage\":\"de-DE\",\"@id\":\"https:\/\/sales-ai-agents.com\/de\/templates\/project-tasks-and-schedules\/#primaryimage\",\"url\":\"https:\/\/sales-ai-agents.com\/wp-content\/uploads\/2023\/01\/image-preview124359.png\",\"contentUrl\":\"https:\/\/sales-ai-agents.com\/wp-content\/uploads\/2023\/01\/image-preview124359.png\",\"width\":1078,\"height\":760,\"caption\":\"Tasks and Schedules Template - Nimbus Platform\"},{\"@type\":\"WebSite\",\"@id\":\"https:\/\/sales-ai-agents.com\/#website\",\"url\":\"https:\/\/sales-ai-agents.com\/\",\"name\":\"FuseBase\",\"description\":\"Nimbus Platform - Free Online Collaboration Software for Remote Teams. Build your wikis, client portals and more with the Nimbus Platform collaboration tool ? A perfect space for online work\",\"publisher\":{\"@id\":\"https:\/\/sales-ai-agents.com\/#organization\"},\"potentialAction\":[{\"@type\":\"SearchAction\",\"target\":{\"@type\":\"EntryPoint\",\"urlTemplate\":\"https:\/\/sales-ai-agents.com\/?s={search_term_string}\"},\"query-input\":{\"@type\":\"PropertyValueSpecification\",\"valueRequired\":true,\"valueName\":\"search_term_string\"}}],\"inLanguage\":\"de-DE\"},{\"@type\":\"Organization\",\"@id\":\"https:\/\/sales-ai-agents.com\/#organization\",\"name\":\"FuseBase\",\"url\":\"https:\/\/sales-ai-agents.com\/\",\"logo\":{\"@type\":\"ImageObject\",\"inLanguage\":\"de-DE\",\"@id\":\"https:\/\/sales-ai-agents.com\/#\/schema\/logo\/image\/\",\"url\":\"https:\/\/sales-ai-agents.com\/wp-content\/uploads\/2023\/11\/icon-7.svg\",\"contentUrl\":\"https:\/\/sales-ai-agents.com\/wp-content\/uploads\/2023\/11\/icon-7.svg\",\"width\":128,\"height\":128,\"caption\":\"FuseBase\"},\"image\":{\"@id\":\"https:\/\/sales-ai-agents.com\/#\/schema\/logo\/image\/\"}}]}<\/script>\n<!-- \/ Yoast SEO plugin. -->","yoast_head_json":{"title":"Vorlage f\u00fcr Projektaufgaben und Zeitpl\u00e4ne - Sales AI Agents","description":"Um Ihren Zeitplan zu verwalten und die Fristen einzuhalten, k\u00f6nnen Sie diese Vorlage mit einer Tabelle zum Markieren von F\u00e4lligkeitsterminen und zum Hinzuf\u00fcgen hilfreicher Anh\u00e4nge verwenden.","robots":{"index":"index","follow":"follow","max-snippet":"max-snippet:-1","max-image-preview":"max-image-preview:large","max-video-preview":"max-video-preview:-1"},"canonical":"https:\/\/sales-ai-agents.com\/de\/templates\/project-tasks-and-schedules\/","og_locale":"de_DE","og_type":"article","og_title":"Vorlage f\u00fcr Projektaufgaben und Zeitpl\u00e4ne - Sales AI Agents","og_description":"Um Ihren Zeitplan zu verwalten und die Fristen einzuhalten, k\u00f6nnen Sie diese Vorlage mit einer Tabelle zum Markieren von F\u00e4lligkeitsterminen und zum Hinzuf\u00fcgen hilfreicher Anh\u00e4nge verwenden.","og_url":"https:\/\/sales-ai-agents.com\/de\/templates\/project-tasks-and-schedules\/","og_site_name":"Sales AI Agents","article_modified_time":"2023-12-26T15:48:50+00:00","og_image":[{"width":1078,"height":760,"url":"https:\/\/sales-ai-agents.com\/wp-content\/uploads\/2023\/01\/image-preview124359.png","type":"image\/png"}],"twitter_card":"summary_large_image","schema":{"@context":"https:\/\/schema.org","@graph":[{"@type":"WebPage","@id":"https:\/\/sales-ai-agents.com\/de\/templates\/project-tasks-and-schedules\/","url":"https:\/\/sales-ai-agents.com\/de\/templates\/project-tasks-and-schedules\/","name":"Vorlage f\u00fcr Projektaufgaben und Zeitpl\u00e4ne - Sales AI Agents","isPartOf":{"@id":"https:\/\/sales-ai-agents.com\/#website"},"primaryImageOfPage":{"@id":"https:\/\/sales-ai-agents.com\/de\/templates\/project-tasks-and-schedules\/#primaryimage"},"image":{"@id":"https:\/\/sales-ai-agents.com\/de\/templates\/project-tasks-and-schedules\/#primaryimage"},"thumbnailUrl":"https:\/\/sales-ai-agents.com\/wp-content\/uploads\/2023\/01\/image-preview124359.png","datePublished":"2022-09-26T11:48:14+00:00","dateModified":"2023-12-26T15:48:50+00:00","description":"Um Ihren Zeitplan zu verwalten und die Fristen einzuhalten, k\u00f6nnen Sie diese Vorlage mit einer Tabelle zum Markieren von F\u00e4lligkeitsterminen und zum Hinzuf\u00fcgen hilfreicher Anh\u00e4nge verwenden.","inLanguage":"de-DE","potentialAction":[{"@type":"ReadAction","target":["https:\/\/sales-ai-agents.com\/de\/templates\/project-tasks-and-schedules\/"]}]},{"@type":"ImageObject","inLanguage":"de-DE","@id":"https:\/\/sales-ai-agents.com\/de\/templates\/project-tasks-and-schedules\/#primaryimage","url":"https:\/\/sales-ai-agents.com\/wp-content\/uploads\/2023\/01\/image-preview124359.png","contentUrl":"https:\/\/sales-ai-agents.com\/wp-content\/uploads\/2023\/01\/image-preview124359.png","width":1078,"height":760,"caption":"Tasks and Schedules Template - Nimbus Platform"},{"@type":"WebSite","@id":"https:\/\/sales-ai-agents.com\/#website","url":"https:\/\/sales-ai-agents.com\/","name":"FuseBase","description":"Nimbus Platform - Free Online Collaboration Software for Remote Teams. Build your wikis, client portals and more with the Nimbus Platform collaboration tool ? A perfect space for online work","publisher":{"@id":"https:\/\/sales-ai-agents.com\/#organization"},"potentialAction":[{"@type":"SearchAction","target":{"@type":"EntryPoint","urlTemplate":"https:\/\/sales-ai-agents.com\/?s={search_term_string}"},"query-input":{"@type":"PropertyValueSpecification","valueRequired":true,"valueName":"search_term_string"}}],"inLanguage":"de-DE"},{"@type":"Organization","@id":"https:\/\/sales-ai-agents.com\/#organization","name":"FuseBase","url":"https:\/\/sales-ai-agents.com\/","logo":{"@type":"ImageObject","inLanguage":"de-DE","@id":"https:\/\/sales-ai-agents.com\/#\/schema\/logo\/image\/","url":"https:\/\/sales-ai-agents.com\/wp-content\/uploads\/2023\/11\/icon-7.svg","contentUrl":"https:\/\/sales-ai-agents.com\/wp-content\/uploads\/2023\/11\/icon-7.svg","width":128,"height":128,"caption":"FuseBase"},"image":{"@id":"https:\/\/sales-ai-agents.com\/#\/schema\/logo\/image\/"}}]}},"_links":{"self":[{"href":"https:\/\/sales-ai-agents.com\/de\/wp-json\/wp\/v2\/product\/58469","targetHints":{"allow":["GET"]}}],"collection":[{"href":"https:\/\/sales-ai-agents.com\/de\/wp-json\/wp\/v2\/product"}],"about":[{"href":"https:\/\/sales-ai-agents.com\/de\/wp-json\/wp\/v2\/types\/product"}],"wp:featuredmedia":[{"embeddable":true,"href":"https:\/\/sales-ai-agents.com\/de\/wp-json\/wp\/v2\/media\/21000"}],"wp:attachment":[{"href":"https:\/\/sales-ai-agents.com\/de\/wp-json\/wp\/v2\/media?parent=58469"}],"wp:term":[{"taxonomy":"product_brand","embeddable":true,"href":"https:\/\/sales-ai-agents.com\/de\/wp-json\/wp\/v2\/product_brand?post=58469"},{"taxonomy":"product_cat","embeddable":true,"href":"https:\/\/sales-ai-agents.com\/de\/wp-json\/wp\/v2\/product_cat?post=58469"},{"taxonomy":"product_tag","embeddable":true,"href":"https:\/\/sales-ai-agents.com\/de\/wp-json\/wp\/v2\/product_tag?post=58469"}],"curies":[{"name":"wp","href":"https:\/\/api.w.org\/{rel}","templated":true}]}}