{"id":58472,"date":"2022-09-23T14:17:06","date_gmt":"2022-09-23T14:17:06","guid":{"rendered":"https:\/\/sales-ai-agents.com\/templates\/daily-attention-and-stamina-tracker\/"},"modified":"2023-12-27T14:07:05","modified_gmt":"2023-12-27T14:07:05","slug":"daily-attention-and-stamina-tracker","status":"publish","type":"product","link":"https:\/\/sales-ai-agents.com\/de\/templates\/daily-attention-and-stamina-tracker\/","title":{"rendered":"T\u00e4glicher Aufmerksamkeits- und Ausdauer-Tracker"},"content":{"rendered":"<p>&nbsp;<\/p>\n<h2>T\u00e4gliche Aufmerksamkeit und Ausdauer Tracker Vorlage<\/h2>\n<p class=\"desc-text\">Im Laufe des Tages k\u00f6nnen Ihre Aufmerksamkeit und Ihre Energie mal mehr, mal weniger werden. Nutzen Sie diesen t\u00e4glichen Aufmerksamkeits- und Ausdauertracker, um zu notieren, wie Sie sich f\u00fchlen. Mit diesem Tracker k\u00f6nnen Sie sehen, wann Sie am konzentriertesten und energiegeladensten sind. Sie k\u00f6nnen auch feststellen, wann Ihre Begeisterung nachl\u00e4sst. Wenn Sie Ihr Energieniveau verfolgen, k\u00f6nnen Sie sich darauf konzentrieren, es wieder zu steigern, wenn es sinkt.<\/p>\n<h5>Wie zu verwenden:<\/h5>\n<ul class=\"desc-item_list\">\n<li class=\"desc-item_list__point\">Verfolgen Sie Ihre Energie zu jeder Stunde<\/li>\n<li class=\"desc-item_list__point\">Bewerten Sie Ihre Ausdauer, Aufmerksamkeit und Begeisterung von 1 bis 5<\/li>\n<li class=\"desc-item_list__point\">Notieren Sie sich, wie Sie sich f\u00fchlen<\/li>\n<li class=\"desc-item_list__point\">Versuchen Sie herauszufinden, was die Ursache f\u00fcr Ihre Aufmerksamkeitsschw\u00e4che ist<\/li>\n<\/ul>\n","protected":false},"excerpt":{"rendered":"<p>Im Laufe des Tages k\u00f6nnen Ihre Aufmerksamkeit und Ihre Energie mal mehr, mal weniger werden. Nutzen Sie diesen kostenlosen t\u00e4glichen Aufmerksamkeits- und Ausdauertracker, um zu bewerten und zu notieren, wie Sie sich f\u00fchlen.<\/p>\n","protected":false},"featured_media":20405,"template":"","meta":{"_acf_changed":false,"inline_featured_image":false},"product_brand":[],"product_cat":[180],"product_tag":[],"class_list":{"0":"post-58472","1":"product","2":"type-product","3":"status-publish","4":"has-post-thumbnail","6":"product_cat-personal","8":"first","9":"instock","10":"virtual","11":"sold-individually","12":"product-type-simple"},"acf":[],"yoast_head":"<!-- This site is optimized with the Yoast SEO plugin v25.3.1 - https:\/\/yoast.com\/wordpress\/plugins\/seo\/ -->\n<title>T\u00e4gliche Aufmerksamkeit und Ausdauer Tracker Vorlage - Sales AI Agents<\/title>\n<meta name=\"description\" content=\"Im Laufe des Tages k\u00f6nnen Ihre Aufmerksamkeit und Ihre Energie mal mehr, mal weniger werden. Nutzen Sie diesen kostenlosen t\u00e4glichen Aufmerksamkeits- und Ausdauertracker, um zu bewerten und zu notieren, wie Sie sich f\u00fchlen.\" \/>\n<meta name=\"robots\" content=\"index, follow, max-snippet:-1, max-image-preview:large, max-video-preview:-1\" \/>\n<link rel=\"canonical\" href=\"https:\/\/sales-ai-agents.com\/de\/templates\/daily-attention-and-stamina-tracker\/\" \/>\n<meta property=\"og:locale\" content=\"de_DE\" \/>\n<meta property=\"og:type\" content=\"article\" \/>\n<meta property=\"og:title\" content=\"T\u00e4gliche Aufmerksamkeit und Ausdauer Tracker Vorlage - Sales AI Agents\" \/>\n<meta property=\"og:description\" content=\"Im Laufe des Tages k\u00f6nnen Ihre Aufmerksamkeit und Ihre Energie mal mehr, mal weniger werden. Nutzen Sie diesen kostenlosen t\u00e4glichen Aufmerksamkeits- und Ausdauertracker, um zu bewerten und zu notieren, wie Sie sich f\u00fchlen.\" \/>\n<meta property=\"og:url\" content=\"https:\/\/sales-ai-agents.com\/de\/templates\/daily-attention-and-stamina-tracker\/\" \/>\n<meta property=\"og:site_name\" content=\"Sales AI Agents\" \/>\n<meta property=\"article:modified_time\" content=\"2023-12-27T14:07:05+00:00\" \/>\n<meta property=\"og:image\" content=\"https:\/\/sales-ai-agents.com\/wp-content\/uploads\/2023\/01\/image-preview120345.png\" \/>\n\t<meta property=\"og:image:width\" content=\"1078\" \/>\n\t<meta property=\"og:image:height\" content=\"2010\" \/>\n\t<meta property=\"og:image:type\" content=\"image\/png\" \/>\n<meta name=\"twitter:card\" content=\"summary_large_image\" \/>\n<script type=\"application\/ld+json\" class=\"yoast-schema-graph\">{\"@context\":\"https:\/\/schema.org\",\"@graph\":[{\"@type\":\"WebPage\",\"@id\":\"https:\/\/sales-ai-agents.com\/de\/templates\/daily-attention-and-stamina-tracker\/\",\"url\":\"https:\/\/sales-ai-agents.com\/de\/templates\/daily-attention-and-stamina-tracker\/\",\"name\":\"T\u00e4gliche Aufmerksamkeit und Ausdauer Tracker Vorlage - Sales AI Agents\",\"isPartOf\":{\"@id\":\"https:\/\/sales-ai-agents.com\/#website\"},\"primaryImageOfPage\":{\"@id\":\"https:\/\/sales-ai-agents.com\/de\/templates\/daily-attention-and-stamina-tracker\/#primaryimage\"},\"image\":{\"@id\":\"https:\/\/sales-ai-agents.com\/de\/templates\/daily-attention-and-stamina-tracker\/#primaryimage\"},\"thumbnailUrl\":\"https:\/\/sales-ai-agents.com\/wp-content\/uploads\/2023\/01\/image-preview120345.png\",\"datePublished\":\"2022-09-23T14:17:06+00:00\",\"dateModified\":\"2023-12-27T14:07:05+00:00\",\"description\":\"Im Laufe des Tages k\u00f6nnen Ihre Aufmerksamkeit und Ihre Energie mal mehr, mal weniger werden. Nutzen Sie diesen kostenlosen t\u00e4glichen Aufmerksamkeits- und Ausdauertracker, um zu bewerten und zu notieren, wie Sie sich f\u00fchlen.\",\"inLanguage\":\"de-DE\",\"potentialAction\":[{\"@type\":\"ReadAction\",\"target\":[\"https:\/\/sales-ai-agents.com\/de\/templates\/daily-attention-and-stamina-tracker\/\"]}]},{\"@type\":\"ImageObject\",\"inLanguage\":\"de-DE\",\"@id\":\"https:\/\/sales-ai-agents.com\/de\/templates\/daily-attention-and-stamina-tracker\/#primaryimage\",\"url\":\"https:\/\/sales-ai-agents.com\/wp-content\/uploads\/2023\/01\/image-preview120345.png\",\"contentUrl\":\"https:\/\/sales-ai-agents.com\/wp-content\/uploads\/2023\/01\/image-preview120345.png\",\"width\":1078,\"height\":2010,\"caption\":\"Daily Attention and Stamina Tracker Template - Nimbus Platform\"},{\"@type\":\"WebSite\",\"@id\":\"https:\/\/sales-ai-agents.com\/#website\",\"url\":\"https:\/\/sales-ai-agents.com\/\",\"name\":\"FuseBase\",\"description\":\"Nimbus Platform - Free Online Collaboration Software for Remote Teams. Build your wikis, client portals and more with the Nimbus Platform collaboration tool ? A perfect space for online work\",\"publisher\":{\"@id\":\"https:\/\/sales-ai-agents.com\/#organization\"},\"potentialAction\":[{\"@type\":\"SearchAction\",\"target\":{\"@type\":\"EntryPoint\",\"urlTemplate\":\"https:\/\/sales-ai-agents.com\/?s={search_term_string}\"},\"query-input\":{\"@type\":\"PropertyValueSpecification\",\"valueRequired\":true,\"valueName\":\"search_term_string\"}}],\"inLanguage\":\"de-DE\"},{\"@type\":\"Organization\",\"@id\":\"https:\/\/sales-ai-agents.com\/#organization\",\"name\":\"FuseBase\",\"url\":\"https:\/\/sales-ai-agents.com\/\",\"logo\":{\"@type\":\"ImageObject\",\"inLanguage\":\"de-DE\",\"@id\":\"https:\/\/sales-ai-agents.com\/#\/schema\/logo\/image\/\",\"url\":\"https:\/\/sales-ai-agents.com\/wp-content\/uploads\/2023\/11\/icon-7.svg\",\"contentUrl\":\"https:\/\/sales-ai-agents.com\/wp-content\/uploads\/2023\/11\/icon-7.svg\",\"width\":128,\"height\":128,\"caption\":\"FuseBase\"},\"image\":{\"@id\":\"https:\/\/sales-ai-agents.com\/#\/schema\/logo\/image\/\"}}]}<\/script>\n<!-- \/ Yoast SEO plugin. -->","yoast_head_json":{"title":"T\u00e4gliche Aufmerksamkeit und Ausdauer Tracker Vorlage - Sales AI Agents","description":"Im Laufe des Tages k\u00f6nnen Ihre Aufmerksamkeit und Ihre Energie mal mehr, mal weniger werden. Nutzen Sie diesen kostenlosen t\u00e4glichen Aufmerksamkeits- und Ausdauertracker, um zu bewerten und zu notieren, wie Sie sich f\u00fchlen.","robots":{"index":"index","follow":"follow","max-snippet":"max-snippet:-1","max-image-preview":"max-image-preview:large","max-video-preview":"max-video-preview:-1"},"canonical":"https:\/\/sales-ai-agents.com\/de\/templates\/daily-attention-and-stamina-tracker\/","og_locale":"de_DE","og_type":"article","og_title":"T\u00e4gliche Aufmerksamkeit und Ausdauer Tracker Vorlage - Sales AI Agents","og_description":"Im Laufe des Tages k\u00f6nnen Ihre Aufmerksamkeit und Ihre Energie mal mehr, mal weniger werden. Nutzen Sie diesen kostenlosen t\u00e4glichen Aufmerksamkeits- und Ausdauertracker, um zu bewerten und zu notieren, wie Sie sich f\u00fchlen.","og_url":"https:\/\/sales-ai-agents.com\/de\/templates\/daily-attention-and-stamina-tracker\/","og_site_name":"Sales AI Agents","article_modified_time":"2023-12-27T14:07:05+00:00","og_image":[{"width":1078,"height":2010,"url":"https:\/\/sales-ai-agents.com\/wp-content\/uploads\/2023\/01\/image-preview120345.png","type":"image\/png"}],"twitter_card":"summary_large_image","schema":{"@context":"https:\/\/schema.org","@graph":[{"@type":"WebPage","@id":"https:\/\/sales-ai-agents.com\/de\/templates\/daily-attention-and-stamina-tracker\/","url":"https:\/\/sales-ai-agents.com\/de\/templates\/daily-attention-and-stamina-tracker\/","name":"T\u00e4gliche Aufmerksamkeit und Ausdauer Tracker Vorlage - Sales AI Agents","isPartOf":{"@id":"https:\/\/sales-ai-agents.com\/#website"},"primaryImageOfPage":{"@id":"https:\/\/sales-ai-agents.com\/de\/templates\/daily-attention-and-stamina-tracker\/#primaryimage"},"image":{"@id":"https:\/\/sales-ai-agents.com\/de\/templates\/daily-attention-and-stamina-tracker\/#primaryimage"},"thumbnailUrl":"https:\/\/sales-ai-agents.com\/wp-content\/uploads\/2023\/01\/image-preview120345.png","datePublished":"2022-09-23T14:17:06+00:00","dateModified":"2023-12-27T14:07:05+00:00","description":"Im Laufe des Tages k\u00f6nnen Ihre Aufmerksamkeit und Ihre Energie mal mehr, mal weniger werden. Nutzen Sie diesen kostenlosen t\u00e4glichen Aufmerksamkeits- und Ausdauertracker, um zu bewerten und zu notieren, wie Sie sich f\u00fchlen.","inLanguage":"de-DE","potentialAction":[{"@type":"ReadAction","target":["https:\/\/sales-ai-agents.com\/de\/templates\/daily-attention-and-stamina-tracker\/"]}]},{"@type":"ImageObject","inLanguage":"de-DE","@id":"https:\/\/sales-ai-agents.com\/de\/templates\/daily-attention-and-stamina-tracker\/#primaryimage","url":"https:\/\/sales-ai-agents.com\/wp-content\/uploads\/2023\/01\/image-preview120345.png","contentUrl":"https:\/\/sales-ai-agents.com\/wp-content\/uploads\/2023\/01\/image-preview120345.png","width":1078,"height":2010,"caption":"Daily Attention and Stamina Tracker Template - Nimbus Platform"},{"@type":"WebSite","@id":"https:\/\/sales-ai-agents.com\/#website","url":"https:\/\/sales-ai-agents.com\/","name":"FuseBase","description":"Nimbus Platform - Free Online Collaboration Software for Remote Teams. Build your wikis, client portals and more with the Nimbus Platform collaboration tool ? A perfect space for online work","publisher":{"@id":"https:\/\/sales-ai-agents.com\/#organization"},"potentialAction":[{"@type":"SearchAction","target":{"@type":"EntryPoint","urlTemplate":"https:\/\/sales-ai-agents.com\/?s={search_term_string}"},"query-input":{"@type":"PropertyValueSpecification","valueRequired":true,"valueName":"search_term_string"}}],"inLanguage":"de-DE"},{"@type":"Organization","@id":"https:\/\/sales-ai-agents.com\/#organization","name":"FuseBase","url":"https:\/\/sales-ai-agents.com\/","logo":{"@type":"ImageObject","inLanguage":"de-DE","@id":"https:\/\/sales-ai-agents.com\/#\/schema\/logo\/image\/","url":"https:\/\/sales-ai-agents.com\/wp-content\/uploads\/2023\/11\/icon-7.svg","contentUrl":"https:\/\/sales-ai-agents.com\/wp-content\/uploads\/2023\/11\/icon-7.svg","width":128,"height":128,"caption":"FuseBase"},"image":{"@id":"https:\/\/sales-ai-agents.com\/#\/schema\/logo\/image\/"}}]}},"_links":{"self":[{"href":"https:\/\/sales-ai-agents.com\/de\/wp-json\/wp\/v2\/product\/58472","targetHints":{"allow":["GET"]}}],"collection":[{"href":"https:\/\/sales-ai-agents.com\/de\/wp-json\/wp\/v2\/product"}],"about":[{"href":"https:\/\/sales-ai-agents.com\/de\/wp-json\/wp\/v2\/types\/product"}],"wp:featuredmedia":[{"embeddable":true,"href":"https:\/\/sales-ai-agents.com\/de\/wp-json\/wp\/v2\/media\/20405"}],"wp:attachment":[{"href":"https:\/\/sales-ai-agents.com\/de\/wp-json\/wp\/v2\/media?parent=58472"}],"wp:term":[{"taxonomy":"product_brand","embeddable":true,"href":"https:\/\/sales-ai-agents.com\/de\/wp-json\/wp\/v2\/product_brand?post=58472"},{"taxonomy":"product_cat","embeddable":true,"href":"https:\/\/sales-ai-agents.com\/de\/wp-json\/wp\/v2\/product_cat?post=58472"},{"taxonomy":"product_tag","embeddable":true,"href":"https:\/\/sales-ai-agents.com\/de\/wp-json\/wp\/v2\/product_tag?post=58472"}],"curies":[{"name":"wp","href":"https:\/\/api.w.org\/{rel}","templated":true}]}}