{"id":58475,"date":"2022-09-23T13:51:45","date_gmt":"2022-09-23T13:51:45","guid":{"rendered":"https:\/\/sales-ai-agents.com\/templates\/team-planner\/"},"modified":"2023-12-26T16:15:01","modified_gmt":"2023-12-26T16:15:01","slug":"team-planner","status":"publish","type":"product","link":"https:\/\/sales-ai-agents.com\/de\/templates\/team-planner\/","title":{"rendered":"Team Planer"},"content":{"rendered":"<p>&nbsp;<\/p>\n<h2>Team-Planer-Vorlage<\/h2>\n<p class=\"desc-text\">Bei der Arbeit in einer Gruppe muss jeder eine klare Vorstellung von dem haben, was geschieht. Wir haben diese Vorlage erstellt, damit Sie die Pl\u00e4ne mit Ihren Mitgliedern koordinieren k\u00f6nnen. Legen Sie Ziele f\u00fcr die Woche fest und sorgen Sie daf\u00fcr, dass jeder wei\u00df, was er zu tun hat. Organisieren Sie Ihre Woche als Team, damit alle Mitglieder auf derselben Seite stehen.<\/p>\n<h5>Wie zu verwenden:<\/h5>\n<ul class=\"desc-item_list\">\n<li class=\"desc-item_list__point\">Setzen Sie sich Ziele f\u00fcr die Woche<\/li>\n<li class=\"desc-item_list__point\">Anstehende Treffen beachten<\/li>\n<li class=\"desc-item_list__point\">Jedes Mitglied listet seine aktuellen Projekte auf<\/li>\n<li class=\"desc-item_list__point\">Aufgaben im Zusammenhang mit dem Projekt einbeziehen<\/li>\n<li class=\"desc-item_list__point\">Hochladen relevanter Anh\u00e4nge und Muster<\/li>\n<\/ul>\n","protected":false},"excerpt":{"rendered":"<p>Bei der Arbeit in einer Gruppe ist es wichtig, dass jeder eine klare Vorstellung davon hat, was geschieht. Verwenden Sie diese Vorlage, um die Pl\u00e4ne mit Ihren Mitgliedern zu koordinieren.<\/p>\n","protected":false},"featured_media":26585,"template":"","meta":{"_acf_changed":false,"inline_featured_image":false},"product_brand":[],"product_cat":[178,191,169],"product_tag":[],"class_list":{"0":"post-58475","1":"product","2":"type-product","3":"status-publish","4":"has-post-thumbnail","6":"product_cat-operations-hr","7":"product_cat-project-management","8":"product_cat-entrepreneur","9":"collections-team","11":"first","12":"instock","13":"virtual","14":"sold-individually","15":"product-type-simple"},"acf":[],"yoast_head":"<!-- This site is optimized with the Yoast SEO plugin v25.3.1 - https:\/\/yoast.com\/wordpress\/plugins\/seo\/ -->\n<title>Team-Planer-Vorlage - Sales AI Agents<\/title>\n<meta name=\"description\" content=\"Bei der Arbeit in einer Gruppe muss jeder eine klare Vorstellung von dem haben, was geschieht. Verwenden Sie diese Vorlage, um die Pl\u00e4ne mit Ihren Mitgliedern zu koordinieren!\" \/>\n<meta name=\"robots\" content=\"index, follow, max-snippet:-1, max-image-preview:large, max-video-preview:-1\" \/>\n<link rel=\"canonical\" href=\"https:\/\/sales-ai-agents.com\/de\/templates\/team-planner\/\" \/>\n<meta property=\"og:locale\" content=\"de_DE\" \/>\n<meta property=\"og:type\" content=\"article\" \/>\n<meta property=\"og:title\" content=\"Team-Planer-Vorlage - Sales AI Agents\" \/>\n<meta property=\"og:description\" content=\"Bei der Arbeit in einer Gruppe muss jeder eine klare Vorstellung von dem haben, was geschieht. Verwenden Sie diese Vorlage, um die Pl\u00e4ne mit Ihren Mitgliedern zu koordinieren!\" \/>\n<meta property=\"og:url\" content=\"https:\/\/sales-ai-agents.com\/de\/templates\/team-planner\/\" \/>\n<meta property=\"og:site_name\" content=\"Sales AI Agents\" \/>\n<meta property=\"article:modified_time\" content=\"2023-12-26T16:15:01+00:00\" \/>\n<meta property=\"og:image\" content=\"https:\/\/sales-ai-agents.com\/wp-content\/uploads\/2022\/09\/Team-Planner-Template.png\" \/>\n\t<meta property=\"og:image:width\" content=\"1700\" \/>\n\t<meta property=\"og:image:height\" content=\"1100\" \/>\n\t<meta property=\"og:image:type\" content=\"image\/png\" \/>\n<meta name=\"twitter:card\" content=\"summary_large_image\" \/>\n<script type=\"application\/ld+json\" class=\"yoast-schema-graph\">{\"@context\":\"https:\/\/schema.org\",\"@graph\":[{\"@type\":\"WebPage\",\"@id\":\"https:\/\/sales-ai-agents.com\/de\/templates\/team-planner\/\",\"url\":\"https:\/\/sales-ai-agents.com\/de\/templates\/team-planner\/\",\"name\":\"Team-Planer-Vorlage - Sales AI Agents\",\"isPartOf\":{\"@id\":\"https:\/\/sales-ai-agents.com\/#website\"},\"primaryImageOfPage\":{\"@id\":\"https:\/\/sales-ai-agents.com\/de\/templates\/team-planner\/#primaryimage\"},\"image\":{\"@id\":\"https:\/\/sales-ai-agents.com\/de\/templates\/team-planner\/#primaryimage\"},\"thumbnailUrl\":\"https:\/\/sales-ai-agents.com\/wp-content\/uploads\/2022\/09\/Team-Planner-Template.png\",\"datePublished\":\"2022-09-23T13:51:45+00:00\",\"dateModified\":\"2023-12-26T16:15:01+00:00\",\"description\":\"Bei der Arbeit in einer Gruppe muss jeder eine klare Vorstellung von dem haben, was geschieht. Verwenden Sie diese Vorlage, um die Pl\u00e4ne mit Ihren Mitgliedern zu koordinieren!\",\"inLanguage\":\"de-DE\",\"potentialAction\":[{\"@type\":\"ReadAction\",\"target\":[\"https:\/\/sales-ai-agents.com\/de\/templates\/team-planner\/\"]}]},{\"@type\":\"ImageObject\",\"inLanguage\":\"de-DE\",\"@id\":\"https:\/\/sales-ai-agents.com\/de\/templates\/team-planner\/#primaryimage\",\"url\":\"https:\/\/sales-ai-agents.com\/wp-content\/uploads\/2022\/09\/Team-Planner-Template.png\",\"contentUrl\":\"https:\/\/sales-ai-agents.com\/wp-content\/uploads\/2022\/09\/Team-Planner-Template.png\",\"width\":1700,\"height\":1100,\"caption\":\"Set goals for the week and make sure everyone knows what to do. Organize your week as a team so that all members are on the same page.\"},{\"@type\":\"WebSite\",\"@id\":\"https:\/\/sales-ai-agents.com\/#website\",\"url\":\"https:\/\/sales-ai-agents.com\/\",\"name\":\"FuseBase\",\"description\":\"Nimbus Platform - Free Online Collaboration Software for Remote Teams. Build your wikis, client portals and more with the Nimbus Platform collaboration tool ? A perfect space for online work\",\"publisher\":{\"@id\":\"https:\/\/sales-ai-agents.com\/#organization\"},\"potentialAction\":[{\"@type\":\"SearchAction\",\"target\":{\"@type\":\"EntryPoint\",\"urlTemplate\":\"https:\/\/sales-ai-agents.com\/?s={search_term_string}\"},\"query-input\":{\"@type\":\"PropertyValueSpecification\",\"valueRequired\":true,\"valueName\":\"search_term_string\"}}],\"inLanguage\":\"de-DE\"},{\"@type\":\"Organization\",\"@id\":\"https:\/\/sales-ai-agents.com\/#organization\",\"name\":\"FuseBase\",\"url\":\"https:\/\/sales-ai-agents.com\/\",\"logo\":{\"@type\":\"ImageObject\",\"inLanguage\":\"de-DE\",\"@id\":\"https:\/\/sales-ai-agents.com\/#\/schema\/logo\/image\/\",\"url\":\"https:\/\/sales-ai-agents.com\/wp-content\/uploads\/2023\/11\/icon-7.svg\",\"contentUrl\":\"https:\/\/sales-ai-agents.com\/wp-content\/uploads\/2023\/11\/icon-7.svg\",\"width\":128,\"height\":128,\"caption\":\"FuseBase\"},\"image\":{\"@id\":\"https:\/\/sales-ai-agents.com\/#\/schema\/logo\/image\/\"}}]}<\/script>\n<!-- \/ Yoast SEO plugin. -->","yoast_head_json":{"title":"Team-Planer-Vorlage - Sales AI Agents","description":"Bei der Arbeit in einer Gruppe muss jeder eine klare Vorstellung von dem haben, was geschieht. Verwenden Sie diese Vorlage, um die Pl\u00e4ne mit Ihren Mitgliedern zu koordinieren!","robots":{"index":"index","follow":"follow","max-snippet":"max-snippet:-1","max-image-preview":"max-image-preview:large","max-video-preview":"max-video-preview:-1"},"canonical":"https:\/\/sales-ai-agents.com\/de\/templates\/team-planner\/","og_locale":"de_DE","og_type":"article","og_title":"Team-Planer-Vorlage - Sales AI Agents","og_description":"Bei der Arbeit in einer Gruppe muss jeder eine klare Vorstellung von dem haben, was geschieht. Verwenden Sie diese Vorlage, um die Pl\u00e4ne mit Ihren Mitgliedern zu koordinieren!","og_url":"https:\/\/sales-ai-agents.com\/de\/templates\/team-planner\/","og_site_name":"Sales AI Agents","article_modified_time":"2023-12-26T16:15:01+00:00","og_image":[{"width":1700,"height":1100,"url":"https:\/\/sales-ai-agents.com\/wp-content\/uploads\/2022\/09\/Team-Planner-Template.png","type":"image\/png"}],"twitter_card":"summary_large_image","schema":{"@context":"https:\/\/schema.org","@graph":[{"@type":"WebPage","@id":"https:\/\/sales-ai-agents.com\/de\/templates\/team-planner\/","url":"https:\/\/sales-ai-agents.com\/de\/templates\/team-planner\/","name":"Team-Planer-Vorlage - Sales AI Agents","isPartOf":{"@id":"https:\/\/sales-ai-agents.com\/#website"},"primaryImageOfPage":{"@id":"https:\/\/sales-ai-agents.com\/de\/templates\/team-planner\/#primaryimage"},"image":{"@id":"https:\/\/sales-ai-agents.com\/de\/templates\/team-planner\/#primaryimage"},"thumbnailUrl":"https:\/\/sales-ai-agents.com\/wp-content\/uploads\/2022\/09\/Team-Planner-Template.png","datePublished":"2022-09-23T13:51:45+00:00","dateModified":"2023-12-26T16:15:01+00:00","description":"Bei der Arbeit in einer Gruppe muss jeder eine klare Vorstellung von dem haben, was geschieht. Verwenden Sie diese Vorlage, um die Pl\u00e4ne mit Ihren Mitgliedern zu koordinieren!","inLanguage":"de-DE","potentialAction":[{"@type":"ReadAction","target":["https:\/\/sales-ai-agents.com\/de\/templates\/team-planner\/"]}]},{"@type":"ImageObject","inLanguage":"de-DE","@id":"https:\/\/sales-ai-agents.com\/de\/templates\/team-planner\/#primaryimage","url":"https:\/\/sales-ai-agents.com\/wp-content\/uploads\/2022\/09\/Team-Planner-Template.png","contentUrl":"https:\/\/sales-ai-agents.com\/wp-content\/uploads\/2022\/09\/Team-Planner-Template.png","width":1700,"height":1100,"caption":"Set goals for the week and make sure everyone knows what to do. Organize your week as a team so that all members are on the same page."},{"@type":"WebSite","@id":"https:\/\/sales-ai-agents.com\/#website","url":"https:\/\/sales-ai-agents.com\/","name":"FuseBase","description":"Nimbus Platform - Free Online Collaboration Software for Remote Teams. Build your wikis, client portals and more with the Nimbus Platform collaboration tool ? A perfect space for online work","publisher":{"@id":"https:\/\/sales-ai-agents.com\/#organization"},"potentialAction":[{"@type":"SearchAction","target":{"@type":"EntryPoint","urlTemplate":"https:\/\/sales-ai-agents.com\/?s={search_term_string}"},"query-input":{"@type":"PropertyValueSpecification","valueRequired":true,"valueName":"search_term_string"}}],"inLanguage":"de-DE"},{"@type":"Organization","@id":"https:\/\/sales-ai-agents.com\/#organization","name":"FuseBase","url":"https:\/\/sales-ai-agents.com\/","logo":{"@type":"ImageObject","inLanguage":"de-DE","@id":"https:\/\/sales-ai-agents.com\/#\/schema\/logo\/image\/","url":"https:\/\/sales-ai-agents.com\/wp-content\/uploads\/2023\/11\/icon-7.svg","contentUrl":"https:\/\/sales-ai-agents.com\/wp-content\/uploads\/2023\/11\/icon-7.svg","width":128,"height":128,"caption":"FuseBase"},"image":{"@id":"https:\/\/sales-ai-agents.com\/#\/schema\/logo\/image\/"}}]}},"_links":{"self":[{"href":"https:\/\/sales-ai-agents.com\/de\/wp-json\/wp\/v2\/product\/58475","targetHints":{"allow":["GET"]}}],"collection":[{"href":"https:\/\/sales-ai-agents.com\/de\/wp-json\/wp\/v2\/product"}],"about":[{"href":"https:\/\/sales-ai-agents.com\/de\/wp-json\/wp\/v2\/types\/product"}],"wp:featuredmedia":[{"embeddable":true,"href":"https:\/\/sales-ai-agents.com\/de\/wp-json\/wp\/v2\/media\/26585"}],"wp:attachment":[{"href":"https:\/\/sales-ai-agents.com\/de\/wp-json\/wp\/v2\/media?parent=58475"}],"wp:term":[{"taxonomy":"product_brand","embeddable":true,"href":"https:\/\/sales-ai-agents.com\/de\/wp-json\/wp\/v2\/product_brand?post=58475"},{"taxonomy":"product_cat","embeddable":true,"href":"https:\/\/sales-ai-agents.com\/de\/wp-json\/wp\/v2\/product_cat?post=58475"},{"taxonomy":"product_tag","embeddable":true,"href":"https:\/\/sales-ai-agents.com\/de\/wp-json\/wp\/v2\/product_tag?post=58475"}],"curies":[{"name":"wp","href":"https:\/\/api.w.org\/{rel}","templated":true}]}}