{"id":58478,"date":"2022-09-23T13:51:40","date_gmt":"2022-09-23T13:51:40","guid":{"rendered":"https:\/\/sales-ai-agents.com\/templates\/cornell-notes\/"},"modified":"2023-12-26T20:22:18","modified_gmt":"2023-12-26T20:22:18","slug":"cornell-notes","status":"publish","type":"product","link":"https:\/\/sales-ai-agents.com\/de\/templates\/cornell-notes\/","title":{"rendered":"Cornell-Notizen"},"content":{"rendered":"<p>&nbsp;<\/p>\n<h2>Cornell Notes Vorlage<\/h2>\n<p class=\"desc-text\">Bringen Sie Ordnung in Ihre Lernstrategien, indem Sie diese Vorlage f\u00fcr Kursnotizen verwenden. Diese Vorlage enth\u00e4lt einzelne Tabellen zur Kategorisierung und Organisation von Informationen. F\u00fcgen Sie Referenzmaterial, wichtige Punkte und Fragen bei. Geben Sie alle wesentlichen Informationen an. H\u00f6ren Sie auf, Aufz\u00e4hlungspunkte in ein leeres Dokument zu schreiben, und schaffen Sie Klarheit in Ihrer Arbeit. Erstellen Sie einen Arbeitsbereich, um auf alle Ihre Notizen einfach zugreifen zu k\u00f6nnen. Wenn Sie sich effektiv Notizen machen und Online-Lehrmittel verwenden, k\u00f6nnen Sie effizient lernen und sich auf wichtige Tests und Pr\u00fcfungen vorbereiten.<\/p>\n<h5>Wie zu verwenden:<\/h5>\n<ul class=\"desc-item_list\">\n<li class=\"desc-item_list__point\">Enth\u00e4lt wichtige Kursinformationen<\/li>\n<li class=\"desc-item_list__point\">Ressourcen f\u00fcr die Lektion hinzuf\u00fcgen<\/li>\n<li class=\"desc-item_list__point\">Schreiben Sie die wichtigsten Punkte und Erkenntnisse auf<\/li>\n<li class=\"desc-item_list__point\">Fragen zum Thema auflisten<\/li>\n<li class=\"desc-item_list__point\">Erstellen Sie Aktionspunkte auf der Grundlage der Lektion<\/li>\n<li class=\"desc-item_list__point\">Machen Sie sich Notizen in dem daf\u00fcr vorgesehenen Feld<\/li>\n<\/ul>\n","protected":false},"excerpt":{"rendered":"<p>Bringen Sie Ordnung in Ihre Lernstrategien, indem Sie diese Vorlage f\u00fcr Kursnotizen verwenden. Es enth\u00e4lt einzelne Tabellen zur Kategorisierung und Organisation von Informationen.<\/p>\n","protected":false},"featured_media":28094,"template":"","meta":{"_acf_changed":false,"inline_featured_image":false},"product_brand":[],"product_cat":[198,197],"product_tag":[],"class_list":{"0":"post-58478","1":"product","2":"type-product","3":"status-publish","4":"has-post-thumbnail","6":"product_cat-teacher","7":"product_cat-student","9":"first","10":"instock","11":"virtual","12":"sold-individually","13":"product-type-simple"},"acf":[],"yoast_head":"<!-- This site is optimized with the Yoast SEO plugin v25.3.1 - https:\/\/yoast.com\/wordpress\/plugins\/seo\/ -->\n<title>Cornell Notes Vorlage - Sales AI Agents<\/title>\n<meta name=\"description\" content=\"Bringen Sie Ordnung in Ihre Lernstrategien, indem Sie diese Vorlage f\u00fcr Kursnotizen verwenden. Es enth\u00e4lt einzelne Tabellen zur Kategorisierung und Organisation von Informationen.\" \/>\n<meta name=\"robots\" content=\"index, follow, max-snippet:-1, max-image-preview:large, max-video-preview:-1\" \/>\n<link rel=\"canonical\" href=\"https:\/\/sales-ai-agents.com\/de\/templates\/cornell-notes\/\" \/>\n<meta property=\"og:locale\" content=\"de_DE\" \/>\n<meta property=\"og:type\" content=\"article\" \/>\n<meta property=\"og:title\" content=\"Cornell Notes Vorlage - Sales AI Agents\" \/>\n<meta property=\"og:description\" content=\"Bringen Sie Ordnung in Ihre Lernstrategien, indem Sie diese Vorlage f\u00fcr Kursnotizen verwenden. Es enth\u00e4lt einzelne Tabellen zur Kategorisierung und Organisation von Informationen.\" \/>\n<meta property=\"og:url\" content=\"https:\/\/sales-ai-agents.com\/de\/templates\/cornell-notes\/\" \/>\n<meta property=\"og:site_name\" content=\"Sales AI Agents\" \/>\n<meta property=\"article:modified_time\" content=\"2023-12-26T20:22:18+00:00\" \/>\n<meta property=\"og:image\" content=\"https:\/\/sales-ai-agents.com\/wp-content\/uploads\/2022\/09\/Cornell-Notes-Template.png\" \/>\n\t<meta property=\"og:image:width\" content=\"1700\" \/>\n\t<meta property=\"og:image:height\" content=\"1100\" \/>\n\t<meta property=\"og:image:type\" content=\"image\/png\" \/>\n<meta name=\"twitter:card\" content=\"summary_large_image\" \/>\n<script type=\"application\/ld+json\" class=\"yoast-schema-graph\">{\"@context\":\"https:\/\/schema.org\",\"@graph\":[{\"@type\":\"WebPage\",\"@id\":\"https:\/\/sales-ai-agents.com\/de\/templates\/cornell-notes\/\",\"url\":\"https:\/\/sales-ai-agents.com\/de\/templates\/cornell-notes\/\",\"name\":\"Cornell Notes Vorlage - Sales AI Agents\",\"isPartOf\":{\"@id\":\"https:\/\/sales-ai-agents.com\/#website\"},\"primaryImageOfPage\":{\"@id\":\"https:\/\/sales-ai-agents.com\/de\/templates\/cornell-notes\/#primaryimage\"},\"image\":{\"@id\":\"https:\/\/sales-ai-agents.com\/de\/templates\/cornell-notes\/#primaryimage\"},\"thumbnailUrl\":\"https:\/\/sales-ai-agents.com\/wp-content\/uploads\/2022\/09\/Cornell-Notes-Template.png\",\"datePublished\":\"2022-09-23T13:51:40+00:00\",\"dateModified\":\"2023-12-26T20:22:18+00:00\",\"description\":\"Bringen Sie Ordnung in Ihre Lernstrategien, indem Sie diese Vorlage f\u00fcr Kursnotizen verwenden. Es enth\u00e4lt einzelne Tabellen zur Kategorisierung und Organisation von Informationen.\",\"inLanguage\":\"de-DE\",\"potentialAction\":[{\"@type\":\"ReadAction\",\"target\":[\"https:\/\/sales-ai-agents.com\/de\/templates\/cornell-notes\/\"]}]},{\"@type\":\"ImageObject\",\"inLanguage\":\"de-DE\",\"@id\":\"https:\/\/sales-ai-agents.com\/de\/templates\/cornell-notes\/#primaryimage\",\"url\":\"https:\/\/sales-ai-agents.com\/wp-content\/uploads\/2022\/09\/Cornell-Notes-Template.png\",\"contentUrl\":\"https:\/\/sales-ai-agents.com\/wp-content\/uploads\/2022\/09\/Cornell-Notes-Template.png\",\"width\":1700,\"height\":1100,\"caption\":\"Bring order to your study strategies by using this course notes template.\"},{\"@type\":\"WebSite\",\"@id\":\"https:\/\/sales-ai-agents.com\/#website\",\"url\":\"https:\/\/sales-ai-agents.com\/\",\"name\":\"FuseBase\",\"description\":\"Nimbus Platform - Free Online Collaboration Software for Remote Teams. Build your wikis, client portals and more with the Nimbus Platform collaboration tool ? A perfect space for online work\",\"publisher\":{\"@id\":\"https:\/\/sales-ai-agents.com\/#organization\"},\"potentialAction\":[{\"@type\":\"SearchAction\",\"target\":{\"@type\":\"EntryPoint\",\"urlTemplate\":\"https:\/\/sales-ai-agents.com\/?s={search_term_string}\"},\"query-input\":{\"@type\":\"PropertyValueSpecification\",\"valueRequired\":true,\"valueName\":\"search_term_string\"}}],\"inLanguage\":\"de-DE\"},{\"@type\":\"Organization\",\"@id\":\"https:\/\/sales-ai-agents.com\/#organization\",\"name\":\"FuseBase\",\"url\":\"https:\/\/sales-ai-agents.com\/\",\"logo\":{\"@type\":\"ImageObject\",\"inLanguage\":\"de-DE\",\"@id\":\"https:\/\/sales-ai-agents.com\/#\/schema\/logo\/image\/\",\"url\":\"https:\/\/sales-ai-agents.com\/wp-content\/uploads\/2023\/11\/icon-7.svg\",\"contentUrl\":\"https:\/\/sales-ai-agents.com\/wp-content\/uploads\/2023\/11\/icon-7.svg\",\"width\":128,\"height\":128,\"caption\":\"FuseBase\"},\"image\":{\"@id\":\"https:\/\/sales-ai-agents.com\/#\/schema\/logo\/image\/\"}}]}<\/script>\n<!-- \/ Yoast SEO plugin. -->","yoast_head_json":{"title":"Cornell Notes Vorlage - Sales AI Agents","description":"Bringen Sie Ordnung in Ihre Lernstrategien, indem Sie diese Vorlage f\u00fcr Kursnotizen verwenden. Es enth\u00e4lt einzelne Tabellen zur Kategorisierung und Organisation von Informationen.","robots":{"index":"index","follow":"follow","max-snippet":"max-snippet:-1","max-image-preview":"max-image-preview:large","max-video-preview":"max-video-preview:-1"},"canonical":"https:\/\/sales-ai-agents.com\/de\/templates\/cornell-notes\/","og_locale":"de_DE","og_type":"article","og_title":"Cornell Notes Vorlage - Sales AI Agents","og_description":"Bringen Sie Ordnung in Ihre Lernstrategien, indem Sie diese Vorlage f\u00fcr Kursnotizen verwenden. Es enth\u00e4lt einzelne Tabellen zur Kategorisierung und Organisation von Informationen.","og_url":"https:\/\/sales-ai-agents.com\/de\/templates\/cornell-notes\/","og_site_name":"Sales AI Agents","article_modified_time":"2023-12-26T20:22:18+00:00","og_image":[{"width":1700,"height":1100,"url":"https:\/\/sales-ai-agents.com\/wp-content\/uploads\/2022\/09\/Cornell-Notes-Template.png","type":"image\/png"}],"twitter_card":"summary_large_image","schema":{"@context":"https:\/\/schema.org","@graph":[{"@type":"WebPage","@id":"https:\/\/sales-ai-agents.com\/de\/templates\/cornell-notes\/","url":"https:\/\/sales-ai-agents.com\/de\/templates\/cornell-notes\/","name":"Cornell Notes Vorlage - Sales AI Agents","isPartOf":{"@id":"https:\/\/sales-ai-agents.com\/#website"},"primaryImageOfPage":{"@id":"https:\/\/sales-ai-agents.com\/de\/templates\/cornell-notes\/#primaryimage"},"image":{"@id":"https:\/\/sales-ai-agents.com\/de\/templates\/cornell-notes\/#primaryimage"},"thumbnailUrl":"https:\/\/sales-ai-agents.com\/wp-content\/uploads\/2022\/09\/Cornell-Notes-Template.png","datePublished":"2022-09-23T13:51:40+00:00","dateModified":"2023-12-26T20:22:18+00:00","description":"Bringen Sie Ordnung in Ihre Lernstrategien, indem Sie diese Vorlage f\u00fcr Kursnotizen verwenden. Es enth\u00e4lt einzelne Tabellen zur Kategorisierung und Organisation von Informationen.","inLanguage":"de-DE","potentialAction":[{"@type":"ReadAction","target":["https:\/\/sales-ai-agents.com\/de\/templates\/cornell-notes\/"]}]},{"@type":"ImageObject","inLanguage":"de-DE","@id":"https:\/\/sales-ai-agents.com\/de\/templates\/cornell-notes\/#primaryimage","url":"https:\/\/sales-ai-agents.com\/wp-content\/uploads\/2022\/09\/Cornell-Notes-Template.png","contentUrl":"https:\/\/sales-ai-agents.com\/wp-content\/uploads\/2022\/09\/Cornell-Notes-Template.png","width":1700,"height":1100,"caption":"Bring order to your study strategies by using this course notes template."},{"@type":"WebSite","@id":"https:\/\/sales-ai-agents.com\/#website","url":"https:\/\/sales-ai-agents.com\/","name":"FuseBase","description":"Nimbus Platform - Free Online Collaboration Software for Remote Teams. Build your wikis, client portals and more with the Nimbus Platform collaboration tool ? A perfect space for online work","publisher":{"@id":"https:\/\/sales-ai-agents.com\/#organization"},"potentialAction":[{"@type":"SearchAction","target":{"@type":"EntryPoint","urlTemplate":"https:\/\/sales-ai-agents.com\/?s={search_term_string}"},"query-input":{"@type":"PropertyValueSpecification","valueRequired":true,"valueName":"search_term_string"}}],"inLanguage":"de-DE"},{"@type":"Organization","@id":"https:\/\/sales-ai-agents.com\/#organization","name":"FuseBase","url":"https:\/\/sales-ai-agents.com\/","logo":{"@type":"ImageObject","inLanguage":"de-DE","@id":"https:\/\/sales-ai-agents.com\/#\/schema\/logo\/image\/","url":"https:\/\/sales-ai-agents.com\/wp-content\/uploads\/2023\/11\/icon-7.svg","contentUrl":"https:\/\/sales-ai-agents.com\/wp-content\/uploads\/2023\/11\/icon-7.svg","width":128,"height":128,"caption":"FuseBase"},"image":{"@id":"https:\/\/sales-ai-agents.com\/#\/schema\/logo\/image\/"}}]}},"_links":{"self":[{"href":"https:\/\/sales-ai-agents.com\/de\/wp-json\/wp\/v2\/product\/58478","targetHints":{"allow":["GET"]}}],"collection":[{"href":"https:\/\/sales-ai-agents.com\/de\/wp-json\/wp\/v2\/product"}],"about":[{"href":"https:\/\/sales-ai-agents.com\/de\/wp-json\/wp\/v2\/types\/product"}],"wp:featuredmedia":[{"embeddable":true,"href":"https:\/\/sales-ai-agents.com\/de\/wp-json\/wp\/v2\/media\/28094"}],"wp:attachment":[{"href":"https:\/\/sales-ai-agents.com\/de\/wp-json\/wp\/v2\/media?parent=58478"}],"wp:term":[{"taxonomy":"product_brand","embeddable":true,"href":"https:\/\/sales-ai-agents.com\/de\/wp-json\/wp\/v2\/product_brand?post=58478"},{"taxonomy":"product_cat","embeddable":true,"href":"https:\/\/sales-ai-agents.com\/de\/wp-json\/wp\/v2\/product_cat?post=58478"},{"taxonomy":"product_tag","embeddable":true,"href":"https:\/\/sales-ai-agents.com\/de\/wp-json\/wp\/v2\/product_tag?post=58478"}],"curies":[{"name":"wp","href":"https:\/\/api.w.org\/{rel}","templated":true}]}}