{"id":58487,"date":"2022-09-23T13:51:33","date_gmt":"2022-09-23T13:51:33","guid":{"rendered":"https:\/\/sales-ai-agents.com\/templates\/okr-organizer\/"},"modified":"2023-12-27T15:00:55","modified_gmt":"2023-12-27T15:00:55","slug":"okr-organizer","status":"publish","type":"product","link":"https:\/\/sales-ai-agents.com\/de\/templates\/okr-organizer\/","title":{"rendered":"OKR-Veranstalter"},"content":{"rendered":"<p>&nbsp;<\/p>\n<h2>OKR-Organizer-Vorlage<\/h2>\n<p class=\"desc-text\">Verwenden Sie diesen praktischen Organizer, um mehrere Ergebnisse f\u00fcr ein Hauptziel zu planen. F\u00fchren Sie f\u00fcr jedes Ziel so viele messbare Ergebnisse wie m\u00f6glich auf und entwickeln Sie eine Strategie, um die Dinge zu erledigen. \u00dcberpr\u00fcfen Sie Ihre OKRs regelm\u00e4\u00dfig und aktualisieren Sie Ihre Fortschritte. Die Erstellung eines umsetzbaren Plans ist der erste Schritt, um Fortschritte zu erzielen.<\/p>\n<h5>Wie zu verwenden:<\/h5>\n<ul class=\"desc-item_list\">\n<li class=\"desc-item_list__point\">Ein Ziel identifizieren<\/li>\n<li class=\"desc-item_list__point\">Schl\u00fcsselergebnisse auflisten<\/li>\n<li class=\"desc-item_list__point\">Fortschritt in der Tabelle aktualisieren<\/li>\n<li class=\"desc-item_list__point\">Verfolgen Sie die Ergebnisse<\/li>\n<\/ul>\n","protected":false},"excerpt":{"rendered":"<p>Verwenden Sie diesen praktischen Organizer, um die Ergebnisse f\u00fcr ein Hauptziel zu planen. Listen Sie viele messbare Ergebnisse auf und entwickeln Sie eine funktionierende Strategie, um die Dinge zu erledigen!<\/p>\n","protected":false},"featured_media":26462,"template":"","meta":{"_acf_changed":false,"inline_featured_image":false},"product_brand":[],"product_cat":[171,176,191],"product_tag":[],"class_list":{"0":"post-58487","1":"product","2":"type-product","3":"status-publish","4":"has-post-thumbnail","6":"product_cat-marketing","7":"product_cat-marketing-strategy","8":"product_cat-project-management","10":"first","11":"instock","12":"virtual","13":"sold-individually","14":"product-type-simple"},"acf":[],"yoast_head":"<!-- This site is optimized with the Yoast SEO plugin v25.3.1 - https:\/\/yoast.com\/wordpress\/plugins\/seo\/ -->\n<title>OKR Organisator Vorlage - Sales AI Agents<\/title>\n<meta name=\"description\" content=\"Verwenden Sie diesen praktischen Organizer, um die Ergebnisse f\u00fcr ein Hauptziel zu planen. Listen Sie viele messbare Ergebnisse auf und erstellen Sie eine funktionierende Strategie, um die Dinge zu erledigen!\" \/>\n<meta name=\"robots\" content=\"index, follow, max-snippet:-1, max-image-preview:large, max-video-preview:-1\" \/>\n<link rel=\"canonical\" href=\"https:\/\/sales-ai-agents.com\/de\/templates\/okr-organizer\/\" \/>\n<meta property=\"og:locale\" content=\"de_DE\" \/>\n<meta property=\"og:type\" content=\"article\" \/>\n<meta property=\"og:title\" content=\"OKR Organisator Vorlage - Sales AI Agents\" \/>\n<meta property=\"og:description\" content=\"Verwenden Sie diesen praktischen Organizer, um die Ergebnisse f\u00fcr ein Hauptziel zu planen. Listen Sie viele messbare Ergebnisse auf und erstellen Sie eine funktionierende Strategie, um die Dinge zu erledigen!\" \/>\n<meta property=\"og:url\" content=\"https:\/\/sales-ai-agents.com\/de\/templates\/okr-organizer\/\" \/>\n<meta property=\"og:site_name\" content=\"Sales AI Agents\" \/>\n<meta property=\"article:modified_time\" content=\"2023-12-27T15:00:55+00:00\" \/>\n<meta property=\"og:image\" content=\"https:\/\/sales-ai-agents.com\/wp-content\/uploads\/2022\/09\/OKR-Organizer-Template.png\" \/>\n\t<meta property=\"og:image:width\" content=\"1700\" \/>\n\t<meta property=\"og:image:height\" content=\"1100\" \/>\n\t<meta property=\"og:image:type\" content=\"image\/png\" \/>\n<meta name=\"twitter:card\" content=\"summary_large_image\" \/>\n<script type=\"application\/ld+json\" class=\"yoast-schema-graph\">{\"@context\":\"https:\/\/schema.org\",\"@graph\":[{\"@type\":\"WebPage\",\"@id\":\"https:\/\/sales-ai-agents.com\/de\/templates\/okr-organizer\/\",\"url\":\"https:\/\/sales-ai-agents.com\/de\/templates\/okr-organizer\/\",\"name\":\"OKR Organisator Vorlage - Sales AI Agents\",\"isPartOf\":{\"@id\":\"https:\/\/sales-ai-agents.com\/#website\"},\"primaryImageOfPage\":{\"@id\":\"https:\/\/sales-ai-agents.com\/de\/templates\/okr-organizer\/#primaryimage\"},\"image\":{\"@id\":\"https:\/\/sales-ai-agents.com\/de\/templates\/okr-organizer\/#primaryimage\"},\"thumbnailUrl\":\"https:\/\/sales-ai-agents.com\/wp-content\/uploads\/2022\/09\/OKR-Organizer-Template.png\",\"datePublished\":\"2022-09-23T13:51:33+00:00\",\"dateModified\":\"2023-12-27T15:00:55+00:00\",\"description\":\"Verwenden Sie diesen praktischen Organizer, um die Ergebnisse f\u00fcr ein Hauptziel zu planen. Listen Sie viele messbare Ergebnisse auf und erstellen Sie eine funktionierende Strategie, um die Dinge zu erledigen!\",\"inLanguage\":\"de-DE\",\"potentialAction\":[{\"@type\":\"ReadAction\",\"target\":[\"https:\/\/sales-ai-agents.com\/de\/templates\/okr-organizer\/\"]}]},{\"@type\":\"ImageObject\",\"inLanguage\":\"de-DE\",\"@id\":\"https:\/\/sales-ai-agents.com\/de\/templates\/okr-organizer\/#primaryimage\",\"url\":\"https:\/\/sales-ai-agents.com\/wp-content\/uploads\/2022\/09\/OKR-Organizer-Template.png\",\"contentUrl\":\"https:\/\/sales-ai-agents.com\/wp-content\/uploads\/2022\/09\/OKR-Organizer-Template.png\",\"width\":1700,\"height\":1100,\"caption\":\"Use this practical organizer to strategize results for one key objective.\"},{\"@type\":\"WebSite\",\"@id\":\"https:\/\/sales-ai-agents.com\/#website\",\"url\":\"https:\/\/sales-ai-agents.com\/\",\"name\":\"FuseBase\",\"description\":\"Nimbus Platform - Free Online Collaboration Software for Remote Teams. Build your wikis, client portals and more with the Nimbus Platform collaboration tool ? A perfect space for online work\",\"publisher\":{\"@id\":\"https:\/\/sales-ai-agents.com\/#organization\"},\"potentialAction\":[{\"@type\":\"SearchAction\",\"target\":{\"@type\":\"EntryPoint\",\"urlTemplate\":\"https:\/\/sales-ai-agents.com\/?s={search_term_string}\"},\"query-input\":{\"@type\":\"PropertyValueSpecification\",\"valueRequired\":true,\"valueName\":\"search_term_string\"}}],\"inLanguage\":\"de-DE\"},{\"@type\":\"Organization\",\"@id\":\"https:\/\/sales-ai-agents.com\/#organization\",\"name\":\"FuseBase\",\"url\":\"https:\/\/sales-ai-agents.com\/\",\"logo\":{\"@type\":\"ImageObject\",\"inLanguage\":\"de-DE\",\"@id\":\"https:\/\/sales-ai-agents.com\/#\/schema\/logo\/image\/\",\"url\":\"https:\/\/sales-ai-agents.com\/wp-content\/uploads\/2023\/11\/icon-7.svg\",\"contentUrl\":\"https:\/\/sales-ai-agents.com\/wp-content\/uploads\/2023\/11\/icon-7.svg\",\"width\":128,\"height\":128,\"caption\":\"FuseBase\"},\"image\":{\"@id\":\"https:\/\/sales-ai-agents.com\/#\/schema\/logo\/image\/\"}}]}<\/script>\n<!-- \/ Yoast SEO plugin. -->","yoast_head_json":{"title":"OKR Organisator Vorlage - Sales AI Agents","description":"Verwenden Sie diesen praktischen Organizer, um die Ergebnisse f\u00fcr ein Hauptziel zu planen. Listen Sie viele messbare Ergebnisse auf und erstellen Sie eine funktionierende Strategie, um die Dinge zu erledigen!","robots":{"index":"index","follow":"follow","max-snippet":"max-snippet:-1","max-image-preview":"max-image-preview:large","max-video-preview":"max-video-preview:-1"},"canonical":"https:\/\/sales-ai-agents.com\/de\/templates\/okr-organizer\/","og_locale":"de_DE","og_type":"article","og_title":"OKR Organisator Vorlage - Sales AI Agents","og_description":"Verwenden Sie diesen praktischen Organizer, um die Ergebnisse f\u00fcr ein Hauptziel zu planen. Listen Sie viele messbare Ergebnisse auf und erstellen Sie eine funktionierende Strategie, um die Dinge zu erledigen!","og_url":"https:\/\/sales-ai-agents.com\/de\/templates\/okr-organizer\/","og_site_name":"Sales AI Agents","article_modified_time":"2023-12-27T15:00:55+00:00","og_image":[{"width":1700,"height":1100,"url":"https:\/\/sales-ai-agents.com\/wp-content\/uploads\/2022\/09\/OKR-Organizer-Template.png","type":"image\/png"}],"twitter_card":"summary_large_image","schema":{"@context":"https:\/\/schema.org","@graph":[{"@type":"WebPage","@id":"https:\/\/sales-ai-agents.com\/de\/templates\/okr-organizer\/","url":"https:\/\/sales-ai-agents.com\/de\/templates\/okr-organizer\/","name":"OKR Organisator Vorlage - Sales AI Agents","isPartOf":{"@id":"https:\/\/sales-ai-agents.com\/#website"},"primaryImageOfPage":{"@id":"https:\/\/sales-ai-agents.com\/de\/templates\/okr-organizer\/#primaryimage"},"image":{"@id":"https:\/\/sales-ai-agents.com\/de\/templates\/okr-organizer\/#primaryimage"},"thumbnailUrl":"https:\/\/sales-ai-agents.com\/wp-content\/uploads\/2022\/09\/OKR-Organizer-Template.png","datePublished":"2022-09-23T13:51:33+00:00","dateModified":"2023-12-27T15:00:55+00:00","description":"Verwenden Sie diesen praktischen Organizer, um die Ergebnisse f\u00fcr ein Hauptziel zu planen. Listen Sie viele messbare Ergebnisse auf und erstellen Sie eine funktionierende Strategie, um die Dinge zu erledigen!","inLanguage":"de-DE","potentialAction":[{"@type":"ReadAction","target":["https:\/\/sales-ai-agents.com\/de\/templates\/okr-organizer\/"]}]},{"@type":"ImageObject","inLanguage":"de-DE","@id":"https:\/\/sales-ai-agents.com\/de\/templates\/okr-organizer\/#primaryimage","url":"https:\/\/sales-ai-agents.com\/wp-content\/uploads\/2022\/09\/OKR-Organizer-Template.png","contentUrl":"https:\/\/sales-ai-agents.com\/wp-content\/uploads\/2022\/09\/OKR-Organizer-Template.png","width":1700,"height":1100,"caption":"Use this practical organizer to strategize results for one key objective."},{"@type":"WebSite","@id":"https:\/\/sales-ai-agents.com\/#website","url":"https:\/\/sales-ai-agents.com\/","name":"FuseBase","description":"Nimbus Platform - Free Online Collaboration Software for Remote Teams. Build your wikis, client portals and more with the Nimbus Platform collaboration tool ? A perfect space for online work","publisher":{"@id":"https:\/\/sales-ai-agents.com\/#organization"},"potentialAction":[{"@type":"SearchAction","target":{"@type":"EntryPoint","urlTemplate":"https:\/\/sales-ai-agents.com\/?s={search_term_string}"},"query-input":{"@type":"PropertyValueSpecification","valueRequired":true,"valueName":"search_term_string"}}],"inLanguage":"de-DE"},{"@type":"Organization","@id":"https:\/\/sales-ai-agents.com\/#organization","name":"FuseBase","url":"https:\/\/sales-ai-agents.com\/","logo":{"@type":"ImageObject","inLanguage":"de-DE","@id":"https:\/\/sales-ai-agents.com\/#\/schema\/logo\/image\/","url":"https:\/\/sales-ai-agents.com\/wp-content\/uploads\/2023\/11\/icon-7.svg","contentUrl":"https:\/\/sales-ai-agents.com\/wp-content\/uploads\/2023\/11\/icon-7.svg","width":128,"height":128,"caption":"FuseBase"},"image":{"@id":"https:\/\/sales-ai-agents.com\/#\/schema\/logo\/image\/"}}]}},"_links":{"self":[{"href":"https:\/\/sales-ai-agents.com\/de\/wp-json\/wp\/v2\/product\/58487","targetHints":{"allow":["GET"]}}],"collection":[{"href":"https:\/\/sales-ai-agents.com\/de\/wp-json\/wp\/v2\/product"}],"about":[{"href":"https:\/\/sales-ai-agents.com\/de\/wp-json\/wp\/v2\/types\/product"}],"wp:featuredmedia":[{"embeddable":true,"href":"https:\/\/sales-ai-agents.com\/de\/wp-json\/wp\/v2\/media\/26462"}],"wp:attachment":[{"href":"https:\/\/sales-ai-agents.com\/de\/wp-json\/wp\/v2\/media?parent=58487"}],"wp:term":[{"taxonomy":"product_brand","embeddable":true,"href":"https:\/\/sales-ai-agents.com\/de\/wp-json\/wp\/v2\/product_brand?post=58487"},{"taxonomy":"product_cat","embeddable":true,"href":"https:\/\/sales-ai-agents.com\/de\/wp-json\/wp\/v2\/product_cat?post=58487"},{"taxonomy":"product_tag","embeddable":true,"href":"https:\/\/sales-ai-agents.com\/de\/wp-json\/wp\/v2\/product_tag?post=58487"}],"curies":[{"name":"wp","href":"https:\/\/api.w.org\/{rel}","templated":true}]}}