{"id":58492,"date":"2022-09-23T13:51:31","date_gmt":"2022-09-23T13:51:31","guid":{"rendered":"https:\/\/sales-ai-agents.com\/templates\/blog-editorial-calendar\/"},"modified":"2024-01-02T11:32:44","modified_gmt":"2024-01-02T11:32:44","slug":"blog-editorial-calendar","status":"publish","type":"product","link":"https:\/\/sales-ai-agents.com\/de\/templates\/blog-editorial-calendar\/","title":{"rendered":"Blog-Redaktionskalender"},"content":{"rendered":"<p>&nbsp;<\/p>\n<h2>Blog-Redaktionskalender-Vorlage<\/h2>\n<p class=\"desc-text\">Mit Hilfe von Redaktionskalendern k\u00f6nnen Sie Ideen sammeln, Ergebnisse analysieren und die Ausgabe von Artikeln verfolgen. Diese \u00fcbersichtliche Vorlage hilft Ihnen, die Fristen im Auge zu behalten. Sie k\u00f6nnen sehen, woran Ihre Autoren arbeiten, und Sie k\u00f6nnen die Arbeit bequem zuweisen. Wenn Sie organisiert bleiben, k\u00f6nnen Sie sich auf die Erstellung der richtigen Inhalte f\u00fcr Ihre Seite konzentrieren.<\/p>\n<h5>Wie zu verwenden:<\/h5>\n<ul class=\"desc-item_list\">\n<li class=\"desc-item_list__point\">Listen Sie in jeder Zeile Ideen f\u00fcr Geschichten auf<\/li>\n<li class=\"desc-item_list__point\">Termine f\u00fcr die Ver\u00f6ffentlichung festlegen<\/li>\n<li class=\"desc-item_list__point\">Verfolgen Sie den Status der einzelnen Beitr\u00e4ge<\/li>\n<li class=\"desc-item_list__point\">Notieren Sie, in welchen Abschnitt der Artikel geh\u00f6rt<\/li>\n<li class=\"desc-item_list__point\">Redakteure und Autoren zuweisen<\/li>\n<\/ul>\n","protected":false},"excerpt":{"rendered":"<p>Mit Hilfe von Redaktionskalendern k\u00f6nnen Sie Ideen sammeln, Ergebnisse analysieren und die Ausgabe von Artikeln verfolgen. Diese \u00fcbersichtliche Vorlage hilft Ihnen, die Fristen im Auge zu behalten.<\/p>\n","protected":false},"featured_media":20391,"template":"","meta":{"_acf_changed":false,"inline_featured_image":false},"product_brand":[],"product_cat":[171,175],"product_tag":[],"class_list":{"0":"post-58492","1":"product","2":"type-product","3":"status-publish","4":"has-post-thumbnail","6":"product_cat-marketing","7":"product_cat-marketing-content","9":"first","10":"instock","11":"virtual","12":"sold-individually","13":"product-type-simple"},"acf":[],"yoast_head":"<!-- This site is optimized with the Yoast SEO plugin v25.3.1 - https:\/\/yoast.com\/wordpress\/plugins\/seo\/ -->\n<title>Blog-Redaktionskalender-Vorlage - Sales AI Agents<\/title>\n<meta name=\"description\" content=\"Mit Hilfe von Redaktionskalendern k\u00f6nnen Sie Ideen sammeln, Ergebnisse analysieren und die Ausgabe von Artikeln verfolgen. Diese \u00fcbersichtliche Vorlage hilft Ihnen, die Fristen im Auge zu behalten.\" \/>\n<meta name=\"robots\" content=\"index, follow, max-snippet:-1, max-image-preview:large, max-video-preview:-1\" \/>\n<link rel=\"canonical\" href=\"https:\/\/sales-ai-agents.com\/de\/templates\/blog-editorial-calendar\/\" \/>\n<meta property=\"og:locale\" content=\"de_DE\" \/>\n<meta property=\"og:type\" content=\"article\" \/>\n<meta property=\"og:title\" content=\"Blog-Redaktionskalender-Vorlage - Sales AI Agents\" \/>\n<meta property=\"og:description\" content=\"Mit Hilfe von Redaktionskalendern k\u00f6nnen Sie Ideen sammeln, Ergebnisse analysieren und die Ausgabe von Artikeln verfolgen. Diese \u00fcbersichtliche Vorlage hilft Ihnen, die Fristen im Auge zu behalten.\" \/>\n<meta property=\"og:url\" content=\"https:\/\/sales-ai-agents.com\/de\/templates\/blog-editorial-calendar\/\" \/>\n<meta property=\"og:site_name\" content=\"Sales AI Agents\" \/>\n<meta property=\"article:modified_time\" content=\"2024-01-02T11:32:44+00:00\" \/>\n<meta property=\"og:image\" content=\"https:\/\/sales-ai-agents.com\/wp-content\/uploads\/2023\/01\/image-preview120247.png\" \/>\n\t<meta property=\"og:image:width\" content=\"1078\" \/>\n\t<meta property=\"og:image:height\" content=\"760\" \/>\n\t<meta property=\"og:image:type\" content=\"image\/png\" \/>\n<meta name=\"twitter:card\" content=\"summary_large_image\" \/>\n<script type=\"application\/ld+json\" class=\"yoast-schema-graph\">{\"@context\":\"https:\/\/schema.org\",\"@graph\":[{\"@type\":\"WebPage\",\"@id\":\"https:\/\/sales-ai-agents.com\/de\/templates\/blog-editorial-calendar\/\",\"url\":\"https:\/\/sales-ai-agents.com\/de\/templates\/blog-editorial-calendar\/\",\"name\":\"Blog-Redaktionskalender-Vorlage - Sales AI Agents\",\"isPartOf\":{\"@id\":\"https:\/\/sales-ai-agents.com\/#website\"},\"primaryImageOfPage\":{\"@id\":\"https:\/\/sales-ai-agents.com\/de\/templates\/blog-editorial-calendar\/#primaryimage\"},\"image\":{\"@id\":\"https:\/\/sales-ai-agents.com\/de\/templates\/blog-editorial-calendar\/#primaryimage\"},\"thumbnailUrl\":\"https:\/\/sales-ai-agents.com\/wp-content\/uploads\/2023\/01\/image-preview120247.png\",\"datePublished\":\"2022-09-23T13:51:31+00:00\",\"dateModified\":\"2024-01-02T11:32:44+00:00\",\"description\":\"Mit Hilfe von Redaktionskalendern k\u00f6nnen Sie Ideen sammeln, Ergebnisse analysieren und die Ausgabe von Artikeln verfolgen. Diese \u00fcbersichtliche Vorlage hilft Ihnen, die Fristen im Auge zu behalten.\",\"inLanguage\":\"de-DE\",\"potentialAction\":[{\"@type\":\"ReadAction\",\"target\":[\"https:\/\/sales-ai-agents.com\/de\/templates\/blog-editorial-calendar\/\"]}]},{\"@type\":\"ImageObject\",\"inLanguage\":\"de-DE\",\"@id\":\"https:\/\/sales-ai-agents.com\/de\/templates\/blog-editorial-calendar\/#primaryimage\",\"url\":\"https:\/\/sales-ai-agents.com\/wp-content\/uploads\/2023\/01\/image-preview120247.png\",\"contentUrl\":\"https:\/\/sales-ai-agents.com\/wp-content\/uploads\/2023\/01\/image-preview120247.png\",\"width\":1078,\"height\":760,\"caption\":\"Blog Editorial Calendar Template\"},{\"@type\":\"WebSite\",\"@id\":\"https:\/\/sales-ai-agents.com\/#website\",\"url\":\"https:\/\/sales-ai-agents.com\/\",\"name\":\"FuseBase\",\"description\":\"Nimbus Platform - Free Online Collaboration Software for Remote Teams. Build your wikis, client portals and more with the Nimbus Platform collaboration tool ? A perfect space for online work\",\"publisher\":{\"@id\":\"https:\/\/sales-ai-agents.com\/#organization\"},\"potentialAction\":[{\"@type\":\"SearchAction\",\"target\":{\"@type\":\"EntryPoint\",\"urlTemplate\":\"https:\/\/sales-ai-agents.com\/?s={search_term_string}\"},\"query-input\":{\"@type\":\"PropertyValueSpecification\",\"valueRequired\":true,\"valueName\":\"search_term_string\"}}],\"inLanguage\":\"de-DE\"},{\"@type\":\"Organization\",\"@id\":\"https:\/\/sales-ai-agents.com\/#organization\",\"name\":\"FuseBase\",\"url\":\"https:\/\/sales-ai-agents.com\/\",\"logo\":{\"@type\":\"ImageObject\",\"inLanguage\":\"de-DE\",\"@id\":\"https:\/\/sales-ai-agents.com\/#\/schema\/logo\/image\/\",\"url\":\"https:\/\/sales-ai-agents.com\/wp-content\/uploads\/2023\/11\/icon-7.svg\",\"contentUrl\":\"https:\/\/sales-ai-agents.com\/wp-content\/uploads\/2023\/11\/icon-7.svg\",\"width\":128,\"height\":128,\"caption\":\"FuseBase\"},\"image\":{\"@id\":\"https:\/\/sales-ai-agents.com\/#\/schema\/logo\/image\/\"}}]}<\/script>\n<!-- \/ Yoast SEO plugin. -->","yoast_head_json":{"title":"Blog-Redaktionskalender-Vorlage - Sales AI Agents","description":"Mit Hilfe von Redaktionskalendern k\u00f6nnen Sie Ideen sammeln, Ergebnisse analysieren und die Ausgabe von Artikeln verfolgen. Diese \u00fcbersichtliche Vorlage hilft Ihnen, die Fristen im Auge zu behalten.","robots":{"index":"index","follow":"follow","max-snippet":"max-snippet:-1","max-image-preview":"max-image-preview:large","max-video-preview":"max-video-preview:-1"},"canonical":"https:\/\/sales-ai-agents.com\/de\/templates\/blog-editorial-calendar\/","og_locale":"de_DE","og_type":"article","og_title":"Blog-Redaktionskalender-Vorlage - Sales AI Agents","og_description":"Mit Hilfe von Redaktionskalendern k\u00f6nnen Sie Ideen sammeln, Ergebnisse analysieren und die Ausgabe von Artikeln verfolgen. Diese \u00fcbersichtliche Vorlage hilft Ihnen, die Fristen im Auge zu behalten.","og_url":"https:\/\/sales-ai-agents.com\/de\/templates\/blog-editorial-calendar\/","og_site_name":"Sales AI Agents","article_modified_time":"2024-01-02T11:32:44+00:00","og_image":[{"width":1078,"height":760,"url":"https:\/\/sales-ai-agents.com\/wp-content\/uploads\/2023\/01\/image-preview120247.png","type":"image\/png"}],"twitter_card":"summary_large_image","schema":{"@context":"https:\/\/schema.org","@graph":[{"@type":"WebPage","@id":"https:\/\/sales-ai-agents.com\/de\/templates\/blog-editorial-calendar\/","url":"https:\/\/sales-ai-agents.com\/de\/templates\/blog-editorial-calendar\/","name":"Blog-Redaktionskalender-Vorlage - Sales AI Agents","isPartOf":{"@id":"https:\/\/sales-ai-agents.com\/#website"},"primaryImageOfPage":{"@id":"https:\/\/sales-ai-agents.com\/de\/templates\/blog-editorial-calendar\/#primaryimage"},"image":{"@id":"https:\/\/sales-ai-agents.com\/de\/templates\/blog-editorial-calendar\/#primaryimage"},"thumbnailUrl":"https:\/\/sales-ai-agents.com\/wp-content\/uploads\/2023\/01\/image-preview120247.png","datePublished":"2022-09-23T13:51:31+00:00","dateModified":"2024-01-02T11:32:44+00:00","description":"Mit Hilfe von Redaktionskalendern k\u00f6nnen Sie Ideen sammeln, Ergebnisse analysieren und die Ausgabe von Artikeln verfolgen. Diese \u00fcbersichtliche Vorlage hilft Ihnen, die Fristen im Auge zu behalten.","inLanguage":"de-DE","potentialAction":[{"@type":"ReadAction","target":["https:\/\/sales-ai-agents.com\/de\/templates\/blog-editorial-calendar\/"]}]},{"@type":"ImageObject","inLanguage":"de-DE","@id":"https:\/\/sales-ai-agents.com\/de\/templates\/blog-editorial-calendar\/#primaryimage","url":"https:\/\/sales-ai-agents.com\/wp-content\/uploads\/2023\/01\/image-preview120247.png","contentUrl":"https:\/\/sales-ai-agents.com\/wp-content\/uploads\/2023\/01\/image-preview120247.png","width":1078,"height":760,"caption":"Blog Editorial Calendar Template"},{"@type":"WebSite","@id":"https:\/\/sales-ai-agents.com\/#website","url":"https:\/\/sales-ai-agents.com\/","name":"FuseBase","description":"Nimbus Platform - Free Online Collaboration Software for Remote Teams. Build your wikis, client portals and more with the Nimbus Platform collaboration tool ? A perfect space for online work","publisher":{"@id":"https:\/\/sales-ai-agents.com\/#organization"},"potentialAction":[{"@type":"SearchAction","target":{"@type":"EntryPoint","urlTemplate":"https:\/\/sales-ai-agents.com\/?s={search_term_string}"},"query-input":{"@type":"PropertyValueSpecification","valueRequired":true,"valueName":"search_term_string"}}],"inLanguage":"de-DE"},{"@type":"Organization","@id":"https:\/\/sales-ai-agents.com\/#organization","name":"FuseBase","url":"https:\/\/sales-ai-agents.com\/","logo":{"@type":"ImageObject","inLanguage":"de-DE","@id":"https:\/\/sales-ai-agents.com\/#\/schema\/logo\/image\/","url":"https:\/\/sales-ai-agents.com\/wp-content\/uploads\/2023\/11\/icon-7.svg","contentUrl":"https:\/\/sales-ai-agents.com\/wp-content\/uploads\/2023\/11\/icon-7.svg","width":128,"height":128,"caption":"FuseBase"},"image":{"@id":"https:\/\/sales-ai-agents.com\/#\/schema\/logo\/image\/"}}]}},"_links":{"self":[{"href":"https:\/\/sales-ai-agents.com\/de\/wp-json\/wp\/v2\/product\/58492","targetHints":{"allow":["GET"]}}],"collection":[{"href":"https:\/\/sales-ai-agents.com\/de\/wp-json\/wp\/v2\/product"}],"about":[{"href":"https:\/\/sales-ai-agents.com\/de\/wp-json\/wp\/v2\/types\/product"}],"wp:featuredmedia":[{"embeddable":true,"href":"https:\/\/sales-ai-agents.com\/de\/wp-json\/wp\/v2\/media\/20391"}],"wp:attachment":[{"href":"https:\/\/sales-ai-agents.com\/de\/wp-json\/wp\/v2\/media?parent=58492"}],"wp:term":[{"taxonomy":"product_brand","embeddable":true,"href":"https:\/\/sales-ai-agents.com\/de\/wp-json\/wp\/v2\/product_brand?post=58492"},{"taxonomy":"product_cat","embeddable":true,"href":"https:\/\/sales-ai-agents.com\/de\/wp-json\/wp\/v2\/product_cat?post=58492"},{"taxonomy":"product_tag","embeddable":true,"href":"https:\/\/sales-ai-agents.com\/de\/wp-json\/wp\/v2\/product_tag?post=58492"}],"curies":[{"name":"wp","href":"https:\/\/api.w.org\/{rel}","templated":true}]}}