{"id":58508,"date":"2022-09-23T13:51:20","date_gmt":"2022-09-23T13:51:20","guid":{"rendered":"https:\/\/sales-ai-agents.com\/templates\/account-plans\/"},"modified":"2023-12-27T14:42:55","modified_gmt":"2023-12-27T14:42:55","slug":"account-plans","status":"publish","type":"product","link":"https:\/\/sales-ai-agents.com\/de\/templates\/account-plans\/","title":{"rendered":"Konto-Pl\u00e4ne"},"content":{"rendered":"<p>&nbsp;<\/p>\n<h2>Kontopl\u00e4ne Vorlage<\/h2>\n<p class=\"desc-text\">Geben Sie diese Vorlage an Ihr Team weiter, um alle \u00fcber die Kontopl\u00e4ne zu informieren. Durch die Bearbeitung und Aktualisierung in Echtzeit kann jeder in Ihrem Team auf dem Laufenden bleiben. Integrieren Sie Daten, die Ihr Team einsehen und nutzen kann. Durch die Pflege einer umfassenden Datenbank f\u00fcr Kontoinformationen k\u00f6nnen Sie die Beziehung zu Ihrem Kunden aufrechterhalten und effektive Pl\u00e4ne erstellen.<\/p>\n<h5>Wie zu verwenden:<\/h5>\n<ul class=\"desc-item_list\">\n<li class=\"desc-item_list__point\">F\u00fcgen Sie eine Zusammenfassung Ihres Kunden ein<\/li>\n<li class=\"desc-item_list__point\">F\u00fcgen Sie wichtige Informationen \u00fcber Ihr Unternehmen hinzu<\/li>\n<li class=\"desc-item_list__point\">Namen der Sponsoren auflisten<\/li>\n<li class=\"desc-item_list__point\">Fotos zur Identifizierung der Sponsoren beif\u00fcgen<\/li>\n<li class=\"desc-item_list__point\">Wichtige Notizen zur Erinnerung hinzuf\u00fcgen<\/li>\n<\/ul>\n","protected":false},"excerpt":{"rendered":"<p>Geben Sie diese Vorlage an Ihr Team weiter, um alle \u00fcber die Kontopl\u00e4ne zu informieren. Mit der Echtzeit-Bearbeitung und -Aktualisierung sind Sie immer auf dem Laufenden.<\/p>\n","protected":false},"featured_media":26513,"template":"","meta":{"_acf_changed":false,"inline_featured_image":false},"product_brand":[],"product_cat":[171,174,193,194],"product_tag":[],"class_list":{"0":"post-58508","1":"product","2":"type-product","3":"status-publish","4":"has-post-thumbnail","6":"product_cat-marketing","7":"product_cat-marketing-clients","8":"product_cat-sales","9":"product_cat-sales-account","10":"collections-client","12":"first","13":"instock","14":"virtual","15":"sold-individually","16":"product-type-simple"},"acf":[],"yoast_head":"<!-- This site is optimized with the Yoast SEO plugin v25.3.1 - https:\/\/yoast.com\/wordpress\/plugins\/seo\/ -->\n<title>Kontopl\u00e4ne Vorlage - Sales AI Agents<\/title>\n<meta name=\"description\" content=\"Geben Sie diese Vorlage an Ihr Team weiter, um alle \u00fcber die Kontopl\u00e4ne zu informieren. Mit der Echtzeit-Bearbeitung und -Aktualisierung sind Sie immer auf dem Laufenden.\" \/>\n<meta name=\"robots\" content=\"index, follow, max-snippet:-1, max-image-preview:large, max-video-preview:-1\" \/>\n<link rel=\"canonical\" href=\"https:\/\/sales-ai-agents.com\/de\/templates\/account-plans\/\" \/>\n<meta property=\"og:locale\" content=\"de_DE\" \/>\n<meta property=\"og:type\" content=\"article\" \/>\n<meta property=\"og:title\" content=\"Kontopl\u00e4ne Vorlage - Sales AI Agents\" \/>\n<meta property=\"og:description\" content=\"Geben Sie diese Vorlage an Ihr Team weiter, um alle \u00fcber die Kontopl\u00e4ne zu informieren. Mit der Echtzeit-Bearbeitung und -Aktualisierung sind Sie immer auf dem Laufenden.\" \/>\n<meta property=\"og:url\" content=\"https:\/\/sales-ai-agents.com\/de\/templates\/account-plans\/\" \/>\n<meta property=\"og:site_name\" content=\"Sales AI Agents\" \/>\n<meta property=\"article:modified_time\" content=\"2023-12-27T14:42:55+00:00\" \/>\n<meta property=\"og:image\" content=\"https:\/\/sales-ai-agents.com\/wp-content\/uploads\/2022\/09\/Account-Plans-Template.png\" \/>\n\t<meta property=\"og:image:width\" content=\"1700\" \/>\n\t<meta property=\"og:image:height\" content=\"1100\" \/>\n\t<meta property=\"og:image:type\" content=\"image\/png\" \/>\n<meta name=\"twitter:card\" content=\"summary_large_image\" \/>\n<script type=\"application\/ld+json\" class=\"yoast-schema-graph\">{\"@context\":\"https:\/\/schema.org\",\"@graph\":[{\"@type\":\"WebPage\",\"@id\":\"https:\/\/sales-ai-agents.com\/de\/templates\/account-plans\/\",\"url\":\"https:\/\/sales-ai-agents.com\/de\/templates\/account-plans\/\",\"name\":\"Kontopl\u00e4ne Vorlage - Sales AI Agents\",\"isPartOf\":{\"@id\":\"https:\/\/sales-ai-agents.com\/#website\"},\"primaryImageOfPage\":{\"@id\":\"https:\/\/sales-ai-agents.com\/de\/templates\/account-plans\/#primaryimage\"},\"image\":{\"@id\":\"https:\/\/sales-ai-agents.com\/de\/templates\/account-plans\/#primaryimage\"},\"thumbnailUrl\":\"https:\/\/sales-ai-agents.com\/wp-content\/uploads\/2022\/09\/Account-Plans-Template.png\",\"datePublished\":\"2022-09-23T13:51:20+00:00\",\"dateModified\":\"2023-12-27T14:42:55+00:00\",\"description\":\"Geben Sie diese Vorlage an Ihr Team weiter, um alle \u00fcber die Kontopl\u00e4ne zu informieren. Mit der Echtzeit-Bearbeitung und -Aktualisierung sind Sie immer auf dem Laufenden.\",\"inLanguage\":\"de-DE\",\"potentialAction\":[{\"@type\":\"ReadAction\",\"target\":[\"https:\/\/sales-ai-agents.com\/de\/templates\/account-plans\/\"]}]},{\"@type\":\"ImageObject\",\"inLanguage\":\"de-DE\",\"@id\":\"https:\/\/sales-ai-agents.com\/de\/templates\/account-plans\/#primaryimage\",\"url\":\"https:\/\/sales-ai-agents.com\/wp-content\/uploads\/2022\/09\/Account-Plans-Template.png\",\"contentUrl\":\"https:\/\/sales-ai-agents.com\/wp-content\/uploads\/2022\/09\/Account-Plans-Template.png\",\"width\":1700,\"height\":1100,\"caption\":\"Share this template with your team to update everyone on account plans.\"},{\"@type\":\"WebSite\",\"@id\":\"https:\/\/sales-ai-agents.com\/#website\",\"url\":\"https:\/\/sales-ai-agents.com\/\",\"name\":\"FuseBase\",\"description\":\"Nimbus Platform - Free Online Collaboration Software for Remote Teams. Build your wikis, client portals and more with the Nimbus Platform collaboration tool ? A perfect space for online work\",\"publisher\":{\"@id\":\"https:\/\/sales-ai-agents.com\/#organization\"},\"potentialAction\":[{\"@type\":\"SearchAction\",\"target\":{\"@type\":\"EntryPoint\",\"urlTemplate\":\"https:\/\/sales-ai-agents.com\/?s={search_term_string}\"},\"query-input\":{\"@type\":\"PropertyValueSpecification\",\"valueRequired\":true,\"valueName\":\"search_term_string\"}}],\"inLanguage\":\"de-DE\"},{\"@type\":\"Organization\",\"@id\":\"https:\/\/sales-ai-agents.com\/#organization\",\"name\":\"FuseBase\",\"url\":\"https:\/\/sales-ai-agents.com\/\",\"logo\":{\"@type\":\"ImageObject\",\"inLanguage\":\"de-DE\",\"@id\":\"https:\/\/sales-ai-agents.com\/#\/schema\/logo\/image\/\",\"url\":\"https:\/\/sales-ai-agents.com\/wp-content\/uploads\/2023\/11\/icon-7.svg\",\"contentUrl\":\"https:\/\/sales-ai-agents.com\/wp-content\/uploads\/2023\/11\/icon-7.svg\",\"width\":128,\"height\":128,\"caption\":\"FuseBase\"},\"image\":{\"@id\":\"https:\/\/sales-ai-agents.com\/#\/schema\/logo\/image\/\"}}]}<\/script>\n<!-- \/ Yoast SEO plugin. -->","yoast_head_json":{"title":"Kontopl\u00e4ne Vorlage - Sales AI Agents","description":"Geben Sie diese Vorlage an Ihr Team weiter, um alle \u00fcber die Kontopl\u00e4ne zu informieren. Mit der Echtzeit-Bearbeitung und -Aktualisierung sind Sie immer auf dem Laufenden.","robots":{"index":"index","follow":"follow","max-snippet":"max-snippet:-1","max-image-preview":"max-image-preview:large","max-video-preview":"max-video-preview:-1"},"canonical":"https:\/\/sales-ai-agents.com\/de\/templates\/account-plans\/","og_locale":"de_DE","og_type":"article","og_title":"Kontopl\u00e4ne Vorlage - Sales AI Agents","og_description":"Geben Sie diese Vorlage an Ihr Team weiter, um alle \u00fcber die Kontopl\u00e4ne zu informieren. Mit der Echtzeit-Bearbeitung und -Aktualisierung sind Sie immer auf dem Laufenden.","og_url":"https:\/\/sales-ai-agents.com\/de\/templates\/account-plans\/","og_site_name":"Sales AI Agents","article_modified_time":"2023-12-27T14:42:55+00:00","og_image":[{"width":1700,"height":1100,"url":"https:\/\/sales-ai-agents.com\/wp-content\/uploads\/2022\/09\/Account-Plans-Template.png","type":"image\/png"}],"twitter_card":"summary_large_image","schema":{"@context":"https:\/\/schema.org","@graph":[{"@type":"WebPage","@id":"https:\/\/sales-ai-agents.com\/de\/templates\/account-plans\/","url":"https:\/\/sales-ai-agents.com\/de\/templates\/account-plans\/","name":"Kontopl\u00e4ne Vorlage - Sales AI Agents","isPartOf":{"@id":"https:\/\/sales-ai-agents.com\/#website"},"primaryImageOfPage":{"@id":"https:\/\/sales-ai-agents.com\/de\/templates\/account-plans\/#primaryimage"},"image":{"@id":"https:\/\/sales-ai-agents.com\/de\/templates\/account-plans\/#primaryimage"},"thumbnailUrl":"https:\/\/sales-ai-agents.com\/wp-content\/uploads\/2022\/09\/Account-Plans-Template.png","datePublished":"2022-09-23T13:51:20+00:00","dateModified":"2023-12-27T14:42:55+00:00","description":"Geben Sie diese Vorlage an Ihr Team weiter, um alle \u00fcber die Kontopl\u00e4ne zu informieren. Mit der Echtzeit-Bearbeitung und -Aktualisierung sind Sie immer auf dem Laufenden.","inLanguage":"de-DE","potentialAction":[{"@type":"ReadAction","target":["https:\/\/sales-ai-agents.com\/de\/templates\/account-plans\/"]}]},{"@type":"ImageObject","inLanguage":"de-DE","@id":"https:\/\/sales-ai-agents.com\/de\/templates\/account-plans\/#primaryimage","url":"https:\/\/sales-ai-agents.com\/wp-content\/uploads\/2022\/09\/Account-Plans-Template.png","contentUrl":"https:\/\/sales-ai-agents.com\/wp-content\/uploads\/2022\/09\/Account-Plans-Template.png","width":1700,"height":1100,"caption":"Share this template with your team to update everyone on account plans."},{"@type":"WebSite","@id":"https:\/\/sales-ai-agents.com\/#website","url":"https:\/\/sales-ai-agents.com\/","name":"FuseBase","description":"Nimbus Platform - Free Online Collaboration Software for Remote Teams. Build your wikis, client portals and more with the Nimbus Platform collaboration tool ? A perfect space for online work","publisher":{"@id":"https:\/\/sales-ai-agents.com\/#organization"},"potentialAction":[{"@type":"SearchAction","target":{"@type":"EntryPoint","urlTemplate":"https:\/\/sales-ai-agents.com\/?s={search_term_string}"},"query-input":{"@type":"PropertyValueSpecification","valueRequired":true,"valueName":"search_term_string"}}],"inLanguage":"de-DE"},{"@type":"Organization","@id":"https:\/\/sales-ai-agents.com\/#organization","name":"FuseBase","url":"https:\/\/sales-ai-agents.com\/","logo":{"@type":"ImageObject","inLanguage":"de-DE","@id":"https:\/\/sales-ai-agents.com\/#\/schema\/logo\/image\/","url":"https:\/\/sales-ai-agents.com\/wp-content\/uploads\/2023\/11\/icon-7.svg","contentUrl":"https:\/\/sales-ai-agents.com\/wp-content\/uploads\/2023\/11\/icon-7.svg","width":128,"height":128,"caption":"FuseBase"},"image":{"@id":"https:\/\/sales-ai-agents.com\/#\/schema\/logo\/image\/"}}]}},"_links":{"self":[{"href":"https:\/\/sales-ai-agents.com\/de\/wp-json\/wp\/v2\/product\/58508","targetHints":{"allow":["GET"]}}],"collection":[{"href":"https:\/\/sales-ai-agents.com\/de\/wp-json\/wp\/v2\/product"}],"about":[{"href":"https:\/\/sales-ai-agents.com\/de\/wp-json\/wp\/v2\/types\/product"}],"wp:featuredmedia":[{"embeddable":true,"href":"https:\/\/sales-ai-agents.com\/de\/wp-json\/wp\/v2\/media\/26513"}],"wp:attachment":[{"href":"https:\/\/sales-ai-agents.com\/de\/wp-json\/wp\/v2\/media?parent=58508"}],"wp:term":[{"taxonomy":"product_brand","embeddable":true,"href":"https:\/\/sales-ai-agents.com\/de\/wp-json\/wp\/v2\/product_brand?post=58508"},{"taxonomy":"product_cat","embeddable":true,"href":"https:\/\/sales-ai-agents.com\/de\/wp-json\/wp\/v2\/product_cat?post=58508"},{"taxonomy":"product_tag","embeddable":true,"href":"https:\/\/sales-ai-agents.com\/de\/wp-json\/wp\/v2\/product_tag?post=58508"}],"curies":[{"name":"wp","href":"https:\/\/api.w.org\/{rel}","templated":true}]}}