{"id":58511,"date":"2022-09-23T13:51:17","date_gmt":"2022-09-23T13:51:17","guid":{"rendered":"https:\/\/sales-ai-agents.com\/templates\/habit-tracker\/"},"modified":"2023-12-27T14:07:55","modified_gmt":"2023-12-27T14:07:55","slug":"habit-tracker","status":"publish","type":"product","link":"https:\/\/sales-ai-agents.com\/de\/templates\/habit-tracker\/","title":{"rendered":"Einfacher Gewohnheits-Tracker"},"content":{"rendered":"<p>&nbsp;<\/p>\n<h2>Einfache Gewohnheits-Tracker-Vorlage<\/h2>\n<p class=\"desc-text\">Neue, gesunde Gewohnheiten zu entwickeln, braucht Zeit. Ganz gleich, ob Sie mehr Sport treiben, fr\u00fcher schlafen oder Ihr Telefon weniger benutzen m\u00f6chten &#8211; dieser Habit-Tracker ist ideal, um neue Aktivit\u00e4ten oder Muster zu verfolgen. Verwenden Sie die Tabelle, um Ihre Gewohnheiten f\u00fcr jeden Tag des Monats zu \u00fcberpr\u00fcfen. \u00dcbernehmen Sie Verantwortung und konzentrieren Sie sich auf Ihre Ziele. Verwenden Sie diese Vorlage, um Ihre Fortschritte zu visualisieren und alle neuen Gewohnheiten, die Sie annehmen m\u00f6chten, zu beschreiben. Wenn Sie gut planen, werden Sie Ihre Ziele in k\u00fcrzester Zeit erreichen.<\/p>\n<h5>Wie zu verwenden:<\/h5>\n<ul class=\"desc-item_list\">\n<li class=\"desc-item_list__point\">Geben Sie den Monat an, den Sie verfolgen<\/li>\n<li class=\"desc-item_list__point\">Gewohnheiten in der Tabelle auflisten<\/li>\n<li class=\"desc-item_list__point\">Verfolgen Sie Ihre Gewohnheiten jeden Tag des Monats<\/li>\n<li class=\"desc-item_list__point\">Geben Sie an, ob die Gewohnheit an diesem Tag angenommen wurde oder nicht<\/li>\n<li class=\"desc-item_list__point\">Sehen Sie Ihre Fortschritte am Ende des Monats<\/li>\n<li class=\"desc-item_list__point\">Bewerten Sie Ihre Fortschritte und setzen Sie sich neue Ziele<\/li>\n<\/ul>\n","protected":false},"excerpt":{"rendered":"<p>Mehr Sport treiben, fr\u00fcher ins Bett gehen oder weniger telefonieren &#8211; dieser Habit-Tracker ist perfekt f\u00fcr neue Aktivit\u00e4ten. Verwenden Sie die Tabelle, um Ihre Gewohnheiten jeden Tag zu \u00fcberpr\u00fcfen.<\/p>\n","protected":false},"featured_media":33978,"template":"","meta":{"_acf_changed":false,"inline_featured_image":false},"product_brand":[],"product_cat":[180],"product_tag":[],"class_list":{"0":"post-58511","1":"product","2":"type-product","3":"status-publish","4":"has-post-thumbnail","6":"product_cat-personal","8":"first","9":"instock","10":"virtual","11":"sold-individually","12":"product-type-simple"},"acf":[],"yoast_head":"<!-- This site is optimized with the Yoast SEO plugin v25.3.1 - https:\/\/yoast.com\/wordpress\/plugins\/seo\/ -->\n<title>Einfache Gewohnheits-Tracker-Vorlage - Sales AI Agents<\/title>\n<meta name=\"description\" content=\"Mehr Sport treiben, fr\u00fcher ins Bett gehen oder weniger telefonieren - dieser Habit-Tracker ist perfekt f\u00fcr neue Aktivit\u00e4ten. Verwenden Sie die Tabelle, um Ihre Gewohnheiten jeden Tag zu \u00fcberpr\u00fcfen.\" \/>\n<meta name=\"robots\" content=\"index, follow, max-snippet:-1, max-image-preview:large, max-video-preview:-1\" \/>\n<link rel=\"canonical\" href=\"https:\/\/sales-ai-agents.com\/de\/templates\/habit-tracker\/\" \/>\n<meta property=\"og:locale\" content=\"de_DE\" \/>\n<meta property=\"og:type\" content=\"article\" \/>\n<meta property=\"og:title\" content=\"Einfache Gewohnheits-Tracker-Vorlage - Sales AI Agents\" \/>\n<meta property=\"og:description\" content=\"Mehr Sport treiben, fr\u00fcher ins Bett gehen oder weniger telefonieren - dieser Habit-Tracker ist perfekt f\u00fcr neue Aktivit\u00e4ten. Verwenden Sie die Tabelle, um Ihre Gewohnheiten jeden Tag zu \u00fcberpr\u00fcfen.\" \/>\n<meta property=\"og:url\" content=\"https:\/\/sales-ai-agents.com\/de\/templates\/habit-tracker\/\" \/>\n<meta property=\"og:site_name\" content=\"Sales AI Agents\" \/>\n<meta property=\"article:modified_time\" content=\"2023-12-27T14:07:55+00:00\" \/>\n<meta property=\"og:image\" content=\"https:\/\/sales-ai-agents.com\/wp-content\/uploads\/2022\/09\/Simple-Habit-Tracker-Template.png\" \/>\n\t<meta property=\"og:image:width\" content=\"1700\" \/>\n\t<meta property=\"og:image:height\" content=\"1100\" \/>\n\t<meta property=\"og:image:type\" content=\"image\/png\" \/>\n<meta name=\"twitter:card\" content=\"summary_large_image\" \/>\n<script type=\"application\/ld+json\" class=\"yoast-schema-graph\">{\"@context\":\"https:\/\/schema.org\",\"@graph\":[{\"@type\":\"WebPage\",\"@id\":\"https:\/\/sales-ai-agents.com\/de\/templates\/habit-tracker\/\",\"url\":\"https:\/\/sales-ai-agents.com\/de\/templates\/habit-tracker\/\",\"name\":\"Einfache Gewohnheits-Tracker-Vorlage - Sales AI Agents\",\"isPartOf\":{\"@id\":\"https:\/\/sales-ai-agents.com\/#website\"},\"primaryImageOfPage\":{\"@id\":\"https:\/\/sales-ai-agents.com\/de\/templates\/habit-tracker\/#primaryimage\"},\"image\":{\"@id\":\"https:\/\/sales-ai-agents.com\/de\/templates\/habit-tracker\/#primaryimage\"},\"thumbnailUrl\":\"https:\/\/sales-ai-agents.com\/wp-content\/uploads\/2022\/09\/Simple-Habit-Tracker-Template.png\",\"datePublished\":\"2022-09-23T13:51:17+00:00\",\"dateModified\":\"2023-12-27T14:07:55+00:00\",\"description\":\"Mehr Sport treiben, fr\u00fcher ins Bett gehen oder weniger telefonieren - dieser Habit-Tracker ist perfekt f\u00fcr neue Aktivit\u00e4ten. Verwenden Sie die Tabelle, um Ihre Gewohnheiten jeden Tag zu \u00fcberpr\u00fcfen.\",\"inLanguage\":\"de-DE\",\"potentialAction\":[{\"@type\":\"ReadAction\",\"target\":[\"https:\/\/sales-ai-agents.com\/de\/templates\/habit-tracker\/\"]}]},{\"@type\":\"ImageObject\",\"inLanguage\":\"de-DE\",\"@id\":\"https:\/\/sales-ai-agents.com\/de\/templates\/habit-tracker\/#primaryimage\",\"url\":\"https:\/\/sales-ai-agents.com\/wp-content\/uploads\/2022\/09\/Simple-Habit-Tracker-Template.png\",\"contentUrl\":\"https:\/\/sales-ai-agents.com\/wp-content\/uploads\/2022\/09\/Simple-Habit-Tracker-Template.png\",\"width\":1700,\"height\":1100,\"caption\":\"Simple Habit Tracker Template - Nimbus Platform\"},{\"@type\":\"WebSite\",\"@id\":\"https:\/\/sales-ai-agents.com\/#website\",\"url\":\"https:\/\/sales-ai-agents.com\/\",\"name\":\"FuseBase\",\"description\":\"Nimbus Platform - Free Online Collaboration Software for Remote Teams. Build your wikis, client portals and more with the Nimbus Platform collaboration tool ? A perfect space for online work\",\"publisher\":{\"@id\":\"https:\/\/sales-ai-agents.com\/#organization\"},\"potentialAction\":[{\"@type\":\"SearchAction\",\"target\":{\"@type\":\"EntryPoint\",\"urlTemplate\":\"https:\/\/sales-ai-agents.com\/?s={search_term_string}\"},\"query-input\":{\"@type\":\"PropertyValueSpecification\",\"valueRequired\":true,\"valueName\":\"search_term_string\"}}],\"inLanguage\":\"de-DE\"},{\"@type\":\"Organization\",\"@id\":\"https:\/\/sales-ai-agents.com\/#organization\",\"name\":\"FuseBase\",\"url\":\"https:\/\/sales-ai-agents.com\/\",\"logo\":{\"@type\":\"ImageObject\",\"inLanguage\":\"de-DE\",\"@id\":\"https:\/\/sales-ai-agents.com\/#\/schema\/logo\/image\/\",\"url\":\"https:\/\/sales-ai-agents.com\/wp-content\/uploads\/2023\/11\/icon-7.svg\",\"contentUrl\":\"https:\/\/sales-ai-agents.com\/wp-content\/uploads\/2023\/11\/icon-7.svg\",\"width\":128,\"height\":128,\"caption\":\"FuseBase\"},\"image\":{\"@id\":\"https:\/\/sales-ai-agents.com\/#\/schema\/logo\/image\/\"}}]}<\/script>\n<!-- \/ Yoast SEO plugin. -->","yoast_head_json":{"title":"Einfache Gewohnheits-Tracker-Vorlage - Sales AI Agents","description":"Mehr Sport treiben, fr\u00fcher ins Bett gehen oder weniger telefonieren - dieser Habit-Tracker ist perfekt f\u00fcr neue Aktivit\u00e4ten. Verwenden Sie die Tabelle, um Ihre Gewohnheiten jeden Tag zu \u00fcberpr\u00fcfen.","robots":{"index":"index","follow":"follow","max-snippet":"max-snippet:-1","max-image-preview":"max-image-preview:large","max-video-preview":"max-video-preview:-1"},"canonical":"https:\/\/sales-ai-agents.com\/de\/templates\/habit-tracker\/","og_locale":"de_DE","og_type":"article","og_title":"Einfache Gewohnheits-Tracker-Vorlage - Sales AI Agents","og_description":"Mehr Sport treiben, fr\u00fcher ins Bett gehen oder weniger telefonieren - dieser Habit-Tracker ist perfekt f\u00fcr neue Aktivit\u00e4ten. Verwenden Sie die Tabelle, um Ihre Gewohnheiten jeden Tag zu \u00fcberpr\u00fcfen.","og_url":"https:\/\/sales-ai-agents.com\/de\/templates\/habit-tracker\/","og_site_name":"Sales AI Agents","article_modified_time":"2023-12-27T14:07:55+00:00","og_image":[{"width":1700,"height":1100,"url":"https:\/\/sales-ai-agents.com\/wp-content\/uploads\/2022\/09\/Simple-Habit-Tracker-Template.png","type":"image\/png"}],"twitter_card":"summary_large_image","schema":{"@context":"https:\/\/schema.org","@graph":[{"@type":"WebPage","@id":"https:\/\/sales-ai-agents.com\/de\/templates\/habit-tracker\/","url":"https:\/\/sales-ai-agents.com\/de\/templates\/habit-tracker\/","name":"Einfache Gewohnheits-Tracker-Vorlage - Sales AI Agents","isPartOf":{"@id":"https:\/\/sales-ai-agents.com\/#website"},"primaryImageOfPage":{"@id":"https:\/\/sales-ai-agents.com\/de\/templates\/habit-tracker\/#primaryimage"},"image":{"@id":"https:\/\/sales-ai-agents.com\/de\/templates\/habit-tracker\/#primaryimage"},"thumbnailUrl":"https:\/\/sales-ai-agents.com\/wp-content\/uploads\/2022\/09\/Simple-Habit-Tracker-Template.png","datePublished":"2022-09-23T13:51:17+00:00","dateModified":"2023-12-27T14:07:55+00:00","description":"Mehr Sport treiben, fr\u00fcher ins Bett gehen oder weniger telefonieren - dieser Habit-Tracker ist perfekt f\u00fcr neue Aktivit\u00e4ten. Verwenden Sie die Tabelle, um Ihre Gewohnheiten jeden Tag zu \u00fcberpr\u00fcfen.","inLanguage":"de-DE","potentialAction":[{"@type":"ReadAction","target":["https:\/\/sales-ai-agents.com\/de\/templates\/habit-tracker\/"]}]},{"@type":"ImageObject","inLanguage":"de-DE","@id":"https:\/\/sales-ai-agents.com\/de\/templates\/habit-tracker\/#primaryimage","url":"https:\/\/sales-ai-agents.com\/wp-content\/uploads\/2022\/09\/Simple-Habit-Tracker-Template.png","contentUrl":"https:\/\/sales-ai-agents.com\/wp-content\/uploads\/2022\/09\/Simple-Habit-Tracker-Template.png","width":1700,"height":1100,"caption":"Simple Habit Tracker Template - Nimbus Platform"},{"@type":"WebSite","@id":"https:\/\/sales-ai-agents.com\/#website","url":"https:\/\/sales-ai-agents.com\/","name":"FuseBase","description":"Nimbus Platform - Free Online Collaboration Software for Remote Teams. Build your wikis, client portals and more with the Nimbus Platform collaboration tool ? A perfect space for online work","publisher":{"@id":"https:\/\/sales-ai-agents.com\/#organization"},"potentialAction":[{"@type":"SearchAction","target":{"@type":"EntryPoint","urlTemplate":"https:\/\/sales-ai-agents.com\/?s={search_term_string}"},"query-input":{"@type":"PropertyValueSpecification","valueRequired":true,"valueName":"search_term_string"}}],"inLanguage":"de-DE"},{"@type":"Organization","@id":"https:\/\/sales-ai-agents.com\/#organization","name":"FuseBase","url":"https:\/\/sales-ai-agents.com\/","logo":{"@type":"ImageObject","inLanguage":"de-DE","@id":"https:\/\/sales-ai-agents.com\/#\/schema\/logo\/image\/","url":"https:\/\/sales-ai-agents.com\/wp-content\/uploads\/2023\/11\/icon-7.svg","contentUrl":"https:\/\/sales-ai-agents.com\/wp-content\/uploads\/2023\/11\/icon-7.svg","width":128,"height":128,"caption":"FuseBase"},"image":{"@id":"https:\/\/sales-ai-agents.com\/#\/schema\/logo\/image\/"}}]}},"_links":{"self":[{"href":"https:\/\/sales-ai-agents.com\/de\/wp-json\/wp\/v2\/product\/58511","targetHints":{"allow":["GET"]}}],"collection":[{"href":"https:\/\/sales-ai-agents.com\/de\/wp-json\/wp\/v2\/product"}],"about":[{"href":"https:\/\/sales-ai-agents.com\/de\/wp-json\/wp\/v2\/types\/product"}],"wp:featuredmedia":[{"embeddable":true,"href":"https:\/\/sales-ai-agents.com\/de\/wp-json\/wp\/v2\/media\/33978"}],"wp:attachment":[{"href":"https:\/\/sales-ai-agents.com\/de\/wp-json\/wp\/v2\/media?parent=58511"}],"wp:term":[{"taxonomy":"product_brand","embeddable":true,"href":"https:\/\/sales-ai-agents.com\/de\/wp-json\/wp\/v2\/product_brand?post=58511"},{"taxonomy":"product_cat","embeddable":true,"href":"https:\/\/sales-ai-agents.com\/de\/wp-json\/wp\/v2\/product_cat?post=58511"},{"taxonomy":"product_tag","embeddable":true,"href":"https:\/\/sales-ai-agents.com\/de\/wp-json\/wp\/v2\/product_tag?post=58511"}],"curies":[{"name":"wp","href":"https:\/\/api.w.org\/{rel}","templated":true}]}}