{"id":58514,"date":"2022-09-23T13:51:01","date_gmt":"2022-09-23T13:51:01","guid":{"rendered":"https:\/\/sales-ai-agents.com\/templates\/course-notes-database\/"},"modified":"2023-12-26T21:10:31","modified_gmt":"2023-12-26T21:10:31","slug":"course-notes-database","status":"publish","type":"product","link":"https:\/\/sales-ai-agents.com\/de\/templates\/course-notes-database\/","title":{"rendered":"Datenbank f\u00fcr Kursnotizen"},"content":{"rendered":"<p>&nbsp;<\/p>\n<h2>Datenbankvorlage f\u00fcr Kursnotizen<\/h2>\n<p class=\"desc-text\">Die Erstellung von Kursnotizen im Vorfeld kann Ihren Unterricht zielgerichteter und informativer gestalten. Anstatt sich durch ein Meer von Dokumenten auf dem Schreibtisch zu w\u00fchlen, k\u00f6nnen Sie diese Datenbank als spezielles technisches Hilfsmittel im Klassenzimmer nutzen, um alle Ihre Dateien zu verwalten. F\u00fcgen Sie Kursdokumente f\u00fcr jede Klasse ein, organisieren Sie Ihr Online-Whiteboard f\u00fcr den Unterricht und verwenden Sie farbcodierte Etiketten zur Kategorisierung von Daten. Sparen Sie Zeit beim Ablegen und Suchen von Notizen, indem Sie sie an einem Ort leicht zug\u00e4nglich machen.<\/p>\n<p>&nbsp;<\/p>\n<h5>Wie zu verwenden:<\/h5>\n<ul class=\"desc-item_list\">\n<li class=\"desc-item_list__point\">Geben Sie den Titel Ihrer Notizen an<\/li>\n<li class=\"desc-item_list__point\">Farbige Etiketten f\u00fcr jeden Kurs verwenden<\/li>\n<li class=\"desc-item_list__point\">Kategorisieren Sie nach der Art des Unterrichts<\/li>\n<li class=\"desc-item_list__point\">F\u00fcgen Sie Ihre Notizen, Dokumente und Schulungsunterlagen bei<\/li>\n<li class=\"desc-item_list__point\">Datum der Stunde hinzuf\u00fcgen<\/li>\n<\/ul>\n","protected":false},"excerpt":{"rendered":"<p>Erstellen Sie Kursnotizen, um Ihren Unterricht gezielter und informativer zu gestalten. Verwenden Sie diese kostenlose Datenbankvorlage, um alle Ihre Dateien zu verwalten und jederzeit darauf zugreifen zu k\u00f6nnen.<\/p>\n","protected":false},"featured_media":20353,"template":"","meta":{"_acf_changed":false,"inline_featured_image":false},"product_brand":[],"product_cat":[198,197],"product_tag":[],"class_list":{"0":"post-58514","1":"product","2":"type-product","3":"status-publish","4":"has-post-thumbnail","6":"product_cat-teacher","7":"product_cat-student","9":"first","10":"instock","11":"virtual","12":"sold-individually","13":"product-type-simple"},"acf":[],"yoast_head":"<!-- This site is optimized with the Yoast SEO plugin v25.3.1 - https:\/\/yoast.com\/wordpress\/plugins\/seo\/ -->\n<title>Datenbankvorlage f\u00fcr Kursnotizen - Sales AI Agents<\/title>\n<meta name=\"description\" content=\"Erstellen Sie Kursnotizen, um Ihren Unterricht gezielter und informativer zu gestalten. Verwenden Sie diese kostenlose Datenbankvorlage, um alle Ihre Dateien zu verwalten und jederzeit darauf zugreifen zu k\u00f6nnen.\" \/>\n<meta name=\"robots\" content=\"index, follow, max-snippet:-1, max-image-preview:large, max-video-preview:-1\" \/>\n<link rel=\"canonical\" href=\"https:\/\/sales-ai-agents.com\/de\/templates\/course-notes-database\/\" \/>\n<meta property=\"og:locale\" content=\"de_DE\" \/>\n<meta property=\"og:type\" content=\"article\" \/>\n<meta property=\"og:title\" content=\"Datenbankvorlage f\u00fcr Kursnotizen - Sales AI Agents\" \/>\n<meta property=\"og:description\" content=\"Erstellen Sie Kursnotizen, um Ihren Unterricht gezielter und informativer zu gestalten. Verwenden Sie diese kostenlose Datenbankvorlage, um alle Ihre Dateien zu verwalten und jederzeit darauf zugreifen zu k\u00f6nnen.\" \/>\n<meta property=\"og:url\" content=\"https:\/\/sales-ai-agents.com\/de\/templates\/course-notes-database\/\" \/>\n<meta property=\"og:site_name\" content=\"Sales AI Agents\" \/>\n<meta property=\"article:modified_time\" content=\"2023-12-26T21:10:31+00:00\" \/>\n<meta property=\"og:image\" content=\"https:\/\/sales-ai-agents.com\/wp-content\/uploads\/2023\/01\/image-preview115828.png\" \/>\n\t<meta property=\"og:image:width\" content=\"1078\" \/>\n\t<meta property=\"og:image:height\" content=\"760\" \/>\n\t<meta property=\"og:image:type\" content=\"image\/png\" \/>\n<meta name=\"twitter:card\" content=\"summary_large_image\" \/>\n<script type=\"application\/ld+json\" class=\"yoast-schema-graph\">{\"@context\":\"https:\/\/schema.org\",\"@graph\":[{\"@type\":\"WebPage\",\"@id\":\"https:\/\/sales-ai-agents.com\/de\/templates\/course-notes-database\/\",\"url\":\"https:\/\/sales-ai-agents.com\/de\/templates\/course-notes-database\/\",\"name\":\"Datenbankvorlage f\u00fcr Kursnotizen - Sales AI Agents\",\"isPartOf\":{\"@id\":\"https:\/\/sales-ai-agents.com\/#website\"},\"primaryImageOfPage\":{\"@id\":\"https:\/\/sales-ai-agents.com\/de\/templates\/course-notes-database\/#primaryimage\"},\"image\":{\"@id\":\"https:\/\/sales-ai-agents.com\/de\/templates\/course-notes-database\/#primaryimage\"},\"thumbnailUrl\":\"https:\/\/sales-ai-agents.com\/wp-content\/uploads\/2023\/01\/image-preview115828.png\",\"datePublished\":\"2022-09-23T13:51:01+00:00\",\"dateModified\":\"2023-12-26T21:10:31+00:00\",\"description\":\"Erstellen Sie Kursnotizen, um Ihren Unterricht gezielter und informativer zu gestalten. Verwenden Sie diese kostenlose Datenbankvorlage, um alle Ihre Dateien zu verwalten und jederzeit darauf zugreifen zu k\u00f6nnen.\",\"inLanguage\":\"de-DE\",\"potentialAction\":[{\"@type\":\"ReadAction\",\"target\":[\"https:\/\/sales-ai-agents.com\/de\/templates\/course-notes-database\/\"]}]},{\"@type\":\"ImageObject\",\"inLanguage\":\"de-DE\",\"@id\":\"https:\/\/sales-ai-agents.com\/de\/templates\/course-notes-database\/#primaryimage\",\"url\":\"https:\/\/sales-ai-agents.com\/wp-content\/uploads\/2023\/01\/image-preview115828.png\",\"contentUrl\":\"https:\/\/sales-ai-agents.com\/wp-content\/uploads\/2023\/01\/image-preview115828.png\",\"width\":1078,\"height\":760,\"caption\":\"Course Notes Database Template - Nimbus Platform\"},{\"@type\":\"WebSite\",\"@id\":\"https:\/\/sales-ai-agents.com\/#website\",\"url\":\"https:\/\/sales-ai-agents.com\/\",\"name\":\"FuseBase\",\"description\":\"Nimbus Platform - Free Online Collaboration Software for Remote Teams. Build your wikis, client portals and more with the Nimbus Platform collaboration tool ? A perfect space for online work\",\"publisher\":{\"@id\":\"https:\/\/sales-ai-agents.com\/#organization\"},\"potentialAction\":[{\"@type\":\"SearchAction\",\"target\":{\"@type\":\"EntryPoint\",\"urlTemplate\":\"https:\/\/sales-ai-agents.com\/?s={search_term_string}\"},\"query-input\":{\"@type\":\"PropertyValueSpecification\",\"valueRequired\":true,\"valueName\":\"search_term_string\"}}],\"inLanguage\":\"de-DE\"},{\"@type\":\"Organization\",\"@id\":\"https:\/\/sales-ai-agents.com\/#organization\",\"name\":\"FuseBase\",\"url\":\"https:\/\/sales-ai-agents.com\/\",\"logo\":{\"@type\":\"ImageObject\",\"inLanguage\":\"de-DE\",\"@id\":\"https:\/\/sales-ai-agents.com\/#\/schema\/logo\/image\/\",\"url\":\"https:\/\/sales-ai-agents.com\/wp-content\/uploads\/2023\/11\/icon-7.svg\",\"contentUrl\":\"https:\/\/sales-ai-agents.com\/wp-content\/uploads\/2023\/11\/icon-7.svg\",\"width\":128,\"height\":128,\"caption\":\"FuseBase\"},\"image\":{\"@id\":\"https:\/\/sales-ai-agents.com\/#\/schema\/logo\/image\/\"}}]}<\/script>\n<!-- \/ Yoast SEO plugin. -->","yoast_head_json":{"title":"Datenbankvorlage f\u00fcr Kursnotizen - Sales AI Agents","description":"Erstellen Sie Kursnotizen, um Ihren Unterricht gezielter und informativer zu gestalten. Verwenden Sie diese kostenlose Datenbankvorlage, um alle Ihre Dateien zu verwalten und jederzeit darauf zugreifen zu k\u00f6nnen.","robots":{"index":"index","follow":"follow","max-snippet":"max-snippet:-1","max-image-preview":"max-image-preview:large","max-video-preview":"max-video-preview:-1"},"canonical":"https:\/\/sales-ai-agents.com\/de\/templates\/course-notes-database\/","og_locale":"de_DE","og_type":"article","og_title":"Datenbankvorlage f\u00fcr Kursnotizen - Sales AI Agents","og_description":"Erstellen Sie Kursnotizen, um Ihren Unterricht gezielter und informativer zu gestalten. Verwenden Sie diese kostenlose Datenbankvorlage, um alle Ihre Dateien zu verwalten und jederzeit darauf zugreifen zu k\u00f6nnen.","og_url":"https:\/\/sales-ai-agents.com\/de\/templates\/course-notes-database\/","og_site_name":"Sales AI Agents","article_modified_time":"2023-12-26T21:10:31+00:00","og_image":[{"width":1078,"height":760,"url":"https:\/\/sales-ai-agents.com\/wp-content\/uploads\/2023\/01\/image-preview115828.png","type":"image\/png"}],"twitter_card":"summary_large_image","schema":{"@context":"https:\/\/schema.org","@graph":[{"@type":"WebPage","@id":"https:\/\/sales-ai-agents.com\/de\/templates\/course-notes-database\/","url":"https:\/\/sales-ai-agents.com\/de\/templates\/course-notes-database\/","name":"Datenbankvorlage f\u00fcr Kursnotizen - Sales AI Agents","isPartOf":{"@id":"https:\/\/sales-ai-agents.com\/#website"},"primaryImageOfPage":{"@id":"https:\/\/sales-ai-agents.com\/de\/templates\/course-notes-database\/#primaryimage"},"image":{"@id":"https:\/\/sales-ai-agents.com\/de\/templates\/course-notes-database\/#primaryimage"},"thumbnailUrl":"https:\/\/sales-ai-agents.com\/wp-content\/uploads\/2023\/01\/image-preview115828.png","datePublished":"2022-09-23T13:51:01+00:00","dateModified":"2023-12-26T21:10:31+00:00","description":"Erstellen Sie Kursnotizen, um Ihren Unterricht gezielter und informativer zu gestalten. Verwenden Sie diese kostenlose Datenbankvorlage, um alle Ihre Dateien zu verwalten und jederzeit darauf zugreifen zu k\u00f6nnen.","inLanguage":"de-DE","potentialAction":[{"@type":"ReadAction","target":["https:\/\/sales-ai-agents.com\/de\/templates\/course-notes-database\/"]}]},{"@type":"ImageObject","inLanguage":"de-DE","@id":"https:\/\/sales-ai-agents.com\/de\/templates\/course-notes-database\/#primaryimage","url":"https:\/\/sales-ai-agents.com\/wp-content\/uploads\/2023\/01\/image-preview115828.png","contentUrl":"https:\/\/sales-ai-agents.com\/wp-content\/uploads\/2023\/01\/image-preview115828.png","width":1078,"height":760,"caption":"Course Notes Database Template - Nimbus Platform"},{"@type":"WebSite","@id":"https:\/\/sales-ai-agents.com\/#website","url":"https:\/\/sales-ai-agents.com\/","name":"FuseBase","description":"Nimbus Platform - Free Online Collaboration Software for Remote Teams. Build your wikis, client portals and more with the Nimbus Platform collaboration tool ? A perfect space for online work","publisher":{"@id":"https:\/\/sales-ai-agents.com\/#organization"},"potentialAction":[{"@type":"SearchAction","target":{"@type":"EntryPoint","urlTemplate":"https:\/\/sales-ai-agents.com\/?s={search_term_string}"},"query-input":{"@type":"PropertyValueSpecification","valueRequired":true,"valueName":"search_term_string"}}],"inLanguage":"de-DE"},{"@type":"Organization","@id":"https:\/\/sales-ai-agents.com\/#organization","name":"FuseBase","url":"https:\/\/sales-ai-agents.com\/","logo":{"@type":"ImageObject","inLanguage":"de-DE","@id":"https:\/\/sales-ai-agents.com\/#\/schema\/logo\/image\/","url":"https:\/\/sales-ai-agents.com\/wp-content\/uploads\/2023\/11\/icon-7.svg","contentUrl":"https:\/\/sales-ai-agents.com\/wp-content\/uploads\/2023\/11\/icon-7.svg","width":128,"height":128,"caption":"FuseBase"},"image":{"@id":"https:\/\/sales-ai-agents.com\/#\/schema\/logo\/image\/"}}]}},"_links":{"self":[{"href":"https:\/\/sales-ai-agents.com\/de\/wp-json\/wp\/v2\/product\/58514","targetHints":{"allow":["GET"]}}],"collection":[{"href":"https:\/\/sales-ai-agents.com\/de\/wp-json\/wp\/v2\/product"}],"about":[{"href":"https:\/\/sales-ai-agents.com\/de\/wp-json\/wp\/v2\/types\/product"}],"wp:featuredmedia":[{"embeddable":true,"href":"https:\/\/sales-ai-agents.com\/de\/wp-json\/wp\/v2\/media\/20353"}],"wp:attachment":[{"href":"https:\/\/sales-ai-agents.com\/de\/wp-json\/wp\/v2\/media?parent=58514"}],"wp:term":[{"taxonomy":"product_brand","embeddable":true,"href":"https:\/\/sales-ai-agents.com\/de\/wp-json\/wp\/v2\/product_brand?post=58514"},{"taxonomy":"product_cat","embeddable":true,"href":"https:\/\/sales-ai-agents.com\/de\/wp-json\/wp\/v2\/product_cat?post=58514"},{"taxonomy":"product_tag","embeddable":true,"href":"https:\/\/sales-ai-agents.com\/de\/wp-json\/wp\/v2\/product_tag?post=58514"}],"curies":[{"name":"wp","href":"https:\/\/api.w.org\/{rel}","templated":true}]}}